{"id":119043,"date":"2023-11-22T07:34:12","date_gmt":"2023-11-22T07:34:12","guid":{"rendered":"https:\/\/ultimateplayerhq.com\/quadro-de-taticas-ao-vivo\/"},"modified":"2024-01-03T12:05:53","modified_gmt":"2024-01-03T12:05:53","slug":"quadro-de-taticas-ao-vivo","status":"publish","type":"page","link":"https:\/\/ultimateplayerhq.com\/es\/quadro-de-taticas-ao-vivo\/","title":{"rendered":"Quadro de t\u00e1ticas ao vivo"},"content":{"rendered":"\t\t<div data-elementor-type=\"wp-page\" data-elementor-id=\"119043\" class=\"elementor elementor-119043 elementor-117955\" data-elementor-post-type=\"page\">\n\t\t\t\t\t\t<section class=\"elementor-section elementor-top-section elementor-element elementor-element-20505578 elementor-section-height-min-height elementor-section-boxed elementor-section-height-default elementor-section-items-middle\" data-id=\"20505578\" data-element_type=\"section\" data-e-type=\"section\" data-settings=\"{&quot;background_background&quot;:&quot;classic&quot;}\">\n\t\t\t\t\t\t\t<div class=\"elementor-background-overlay\"><\/div>\n\t\t\t\t\t\t\t<div class=\"elementor-container elementor-column-gap-default\">\n\t\t\t\t\t<div class=\"elementor-column elementor-col-100 elementor-top-column elementor-element elementor-element-4f70aea7\" data-id=\"4f70aea7\" data-element_type=\"column\" data-e-type=\"column\">\n\t\t\t<div class=\"elementor-widget-wrap elementor-element-populated\">\n\t\t\t\t\t\t<div class=\"elementor-element elementor-element-6cccd4f1 elementor-widget elementor-widget-image\" data-id=\"6cccd4f1\" data-element_type=\"widget\" data-e-type=\"widget\" data-widget_type=\"image.default\">\n\t\t\t\t<div class=\"elementor-widget-container\">\n\t\t\t\t\t\t\t\t\t\t\t\t\t\t\t<img decoding=\"async\" src=\"https:\/\/ultimateplayerhq.com\/wp-content\/uploads\/2023\/11\/Tactics-Board-Logo.svg\" class=\"attachment-full size-full wp-image-117946\" alt=\"\" \/>\t\t\t\t\t\t\t\t\t\t\t\t\t\t\t<\/div>\n\t\t\t\t<\/div>\n\t\t\t\t<div class=\"elementor-element elementor-element-26849515 elementor-widget__width-initial elementor-widget-mobile__width-inherit elementor-widget elementor-widget-text-editor\" data-id=\"26849515\" data-element_type=\"widget\" data-e-type=\"widget\" data-widget_type=\"text-editor.default\">\n\t\t\t\t<div class=\"elementor-widget-container\">\n\t\t\t\t\t\t\t\t\t<p>As t\u00e1ticas de futebol utilizadas pelos principais dirigentes de futebol hoje s\u00e3o cada vez mais complexas. Os pontos fortes de sua equipe junto com os pontos fracos do advers\u00e1rio que foram pesquisados \u200b\u200bcom anteced\u00eancia e explorados por meio de estrat\u00e9gia t\u00e1tica. Um t\u00e9cnico deve equilibrar os jogadores de seu time de futebol de acordo com seus atributos, tendo em mente os pontos fortes e fracos do inimigo. Fornecemos aqui sess\u00f5es do Live Tactics Board de alguns dos principais gerentes.<\/p>\n\t\t\t\t\t\t\t\t<\/div>\n\t\t\t\t<\/div>\n\t\t\t\t\t<\/div>\n\t\t<\/div>\n\t\t\t\t\t<\/div>\n\t\t<\/section>\n\t\t\t\t<section class=\"elementor-section elementor-top-section elementor-element elementor-element-b7e87e5 elementor-section-boxed elementor-section-height-default elementor-section-height-default\" data-id=\"b7e87e5\" data-element_type=\"section\" data-e-type=\"section\" data-settings=\"{&quot;background_background&quot;:&quot;gradient&quot;}\">\n\t\t\t\t\t\t<div class=\"elementor-container elementor-column-gap-default\">\n\t\t\t\t\t<div class=\"elementor-column elementor-col-50 elementor-top-column elementor-element elementor-element-702dbc2\" data-id=\"702dbc2\" data-element_type=\"column\" data-e-type=\"column\" data-settings=\"{&quot;background_background&quot;:&quot;classic&quot;}\">\n\t\t\t<div class=\"elementor-widget-wrap elementor-element-populated\">\n\t\t\t\t\t\t<section class=\"elementor-section elementor-inner-section elementor-element elementor-element-1cfb91b elementor-section-content-middle elementor-section-boxed elementor-section-height-default elementor-section-height-default\" data-id=\"1cfb91b\" data-element_type=\"section\" data-e-type=\"section\">\n\t\t\t\t\t\t<div class=\"elementor-container elementor-column-gap-default\">\n\t\t\t\t\t<div class=\"elementor-column elementor-col-50 elementor-inner-column elementor-element elementor-element-954695f\" data-id=\"954695f\" data-element_type=\"column\" data-e-type=\"column\">\n\t\t\t<div class=\"elementor-widget-wrap elementor-element-populated\">\n\t\t\t\t\t\t<div class=\"elementor-element elementor-element-4528839 elementor-widget elementor-widget-image\" data-id=\"4528839\" data-element_type=\"widget\" data-e-type=\"widget\" data-widget_type=\"image.default\">\n\t\t\t\t<div class=\"elementor-widget-container\">\n\t\t\t\t\t\t\t\t\t\t\t\t\t\t\t<img fetchpriority=\"high\" decoding=\"async\" width=\"1060\" height=\"1380\" src=\"https:\/\/ultimatehq.fra1.digitaloceanspaces.com\/wp-content\/uploads\/2024\/01\/monthly-plan.png\" class=\"attachment-full size-full wp-image-122992\" alt=\"\" srcset=\"https:\/\/ultimatehq.fra1.digitaloceanspaces.com\/wp-content\/uploads\/2024\/01\/monthly-plan.png 1060w, https:\/\/ultimatehq.fra1.digitaloceanspaces.com\/wp-content\/uploads\/2024\/01\/monthly-plan.png 700w, https:\/\/ultimatehq.fra1.digitaloceanspaces.com\/wp-content\/uploads\/2024\/01\/monthly-plan.png 800w, https:\/\/ultimatehq.fra1.digitaloceanspaces.com\/wp-content\/uploads\/2024\/01\/monthly-plan-230x300.png 230w, https:\/\/ultimatehq.fra1.digitaloceanspaces.com\/wp-content\/uploads\/2024\/01\/monthly-plan-787x1024.png 787w, https:\/\/ultimatehq.fra1.digitaloceanspaces.com\/wp-content\/uploads\/2024\/01\/monthly-plan-768x1000.png 768w\" sizes=\"(max-width: 1060px) 100vw, 1060px\" \/>\t\t\t\t\t\t\t\t\t\t\t\t\t\t\t<\/div>\n\t\t\t\t<\/div>\n\t\t\t\t\t<\/div>\n\t\t<\/div>\n\t\t\t\t<div class=\"elementor-column elementor-col-50 elementor-inner-column elementor-element elementor-element-d2b7f00\" data-id=\"d2b7f00\" data-element_type=\"column\" data-e-type=\"column\">\n\t\t\t<div class=\"elementor-widget-wrap elementor-element-populated\">\n\t\t\t\t\t\t<div class=\"elementor-element elementor-element-e61fd2e elementor-widget-mobile__width-inherit head-1 elementor-widget elementor-widget-heading\" data-id=\"e61fd2e\" data-element_type=\"widget\" data-e-type=\"widget\" data-widget_type=\"heading.default\">\n\t\t\t\t<div class=\"elementor-widget-container\">\n\t\t\t\t\t<h5 class=\"elementor-heading-title elementor-size-default\">PLAN MENSUAL<\/h5>\t\t\t\t<\/div>\n\t\t\t\t<\/div>\n\t\t\t\t<div class=\"elementor-element elementor-element-5c9184d elementor-widget elementor-widget-text-editor\" data-id=\"5c9184d\" data-element_type=\"widget\" data-e-type=\"widget\" data-widget_type=\"text-editor.default\">\n\t\t\t\t<div class=\"elementor-widget-container\">\n\t\t\t\t\t\t\t\t\t<p><span class=\"woocommerce-Price-amount amount\"><bdi><span class=\"woocommerce-Price-currencySymbol\">&euro;<\/span>8.01<\/bdi><\/span> <span class=\"subscription-details\"> \/ mes<\/span><\/p>\t\t\t\t\t\t\t\t<\/div>\n\t\t\t\t<\/div>\n\t\t\t\t<div class=\"elementor-element elementor-element-43b675f elementor-widget elementor-widget-text-editor\" data-id=\"43b675f\" data-element_type=\"widget\" data-e-type=\"widget\" data-widget_type=\"text-editor.default\">\n\t\t\t\t<div class=\"elementor-widget-container\">\n\t\t\t\t\t\t\t\t\t<p>Acceso a m\u00e1s de 1000 sesiones de capacitaci\u00f3n categorizadas, animadas y en vivo<\/p>\n\t\t\t\t\t\t\t\t<\/div>\n\t\t\t\t<\/div>\n\t\t\t\t<div class=\"elementor-element elementor-element-579d9a9 elementor-widget__width-initial elementor-widget elementor-widget-button\" data-id=\"579d9a9\" data-element_type=\"widget\" data-e-type=\"widget\" data-widget_type=\"button.default\">\n\t\t\t\t<div class=\"elementor-widget-container\">\n\t\t\t\t\t\t\t\t\t<div class=\"elementor-button-wrapper\">\n\t\t\t\t\t<a class=\"elementor-button elementor-button-link elementor-size-sm\" href=\"#elementor-action%3Aaction%3Dpopup%3Aopen%26settings%3DeyJpZCI6MTE3NzA3LCJ0b2dnbGUiOmZhbHNlfQ%3D%3D\">\n\t\t\t\t\t\t<span class=\"elementor-button-content-wrapper\">\n\t\t\t\t\t\t\t\t\t<span class=\"elementor-button-text\">Ver detalles<\/span>\n\t\t\t\t\t<\/span>\n\t\t\t\t\t<\/a>\n\t\t\t\t<\/div>\n\t\t\t\t\t\t\t\t<\/div>\n\t\t\t\t<\/div>\n\t\t\t\t<div class=\"elementor-element elementor-element-3e2b145 plan_select_btn elementor-widget__width-initial elementor-widget elementor-widget-text-editor\" data-id=\"3e2b145\" data-element_type=\"widget\" data-e-type=\"widget\" data-widget_type=\"text-editor.default\">\n\t\t\t\t<div class=\"elementor-widget-container\">\n\t\t\t\t\t\t\t\t\t<form class=\"cart\" action=\"\/shop\/monthly-individual-plan\" enctype=\"multipart\/form-data\" m\u00e9todo=\"post\"><button class=\"single_add_to_cart_button button alt\" name=\"add-to- carrito\" type=\"submit\" value=\"35502\">Seleccione plan<\/button><\/form>\n\t\t\t\t\t\t\t\t<\/div>\n\t\t\t\t<\/div>\n\t\t\t\t\t<\/div>\n\t\t<\/div>\n\t\t\t\t\t<\/div>\n\t\t<\/section>\n\t\t\t\t\t<\/div>\n\t\t<\/div>\n\t\t\t\t<div class=\"elementor-column elementor-col-50 elementor-top-column elementor-element elementor-element-93c1c9f\" data-id=\"93c1c9f\" data-element_type=\"column\" data-e-type=\"column\" data-settings=\"{&quot;background_background&quot;:&quot;classic&quot;}\">\n\t\t\t<div class=\"elementor-widget-wrap elementor-element-populated\">\n\t\t\t\t\t\t<section class=\"elementor-section elementor-inner-section elementor-element elementor-element-c87eecc elementor-section-content-middle elementor-section-boxed elementor-section-height-default elementor-section-height-default\" data-id=\"c87eecc\" data-element_type=\"section\" data-e-type=\"section\">\n\t\t\t\t\t\t<div class=\"elementor-container elementor-column-gap-default\">\n\t\t\t\t\t<div class=\"elementor-column elementor-col-50 elementor-inner-column elementor-element elementor-element-9a03358\" data-id=\"9a03358\" data-element_type=\"column\" data-e-type=\"column\">\n\t\t\t<div class=\"elementor-widget-wrap elementor-element-populated\">\n\t\t\t\t\t\t<div class=\"elementor-element elementor-element-52ff980 elementor-widget elementor-widget-image\" data-id=\"52ff980\" data-element_type=\"widget\" data-e-type=\"widget\" data-widget_type=\"image.default\">\n\t\t\t\t<div class=\"elementor-widget-container\">\n\t\t\t\t\t\t\t\t\t\t\t\t\t\t\t<img decoding=\"async\" width=\"1060\" height=\"1380\" src=\"https:\/\/ultimatehq.fra1.digitaloceanspaces.com\/wp-content\/uploads\/2024\/01\/annual-plan.png\" class=\"attachment-full size-full wp-image-122997\" alt=\"\" srcset=\"https:\/\/ultimatehq.fra1.digitaloceanspaces.com\/wp-content\/uploads\/2024\/01\/annual-plan.png 1060w, https:\/\/ultimatehq.fra1.digitaloceanspaces.com\/wp-content\/uploads\/2024\/01\/annual-plan.png 700w, https:\/\/ultimatehq.fra1.digitaloceanspaces.com\/wp-content\/uploads\/2024\/01\/annual-plan.png 800w, https:\/\/ultimatehq.fra1.digitaloceanspaces.com\/wp-content\/uploads\/2024\/01\/annual-plan-230x300.png 230w, https:\/\/ultimatehq.fra1.digitaloceanspaces.com\/wp-content\/uploads\/2024\/01\/annual-plan-787x1024.png 787w, https:\/\/ultimatehq.fra1.digitaloceanspaces.com\/wp-content\/uploads\/2024\/01\/annual-plan-768x1000.png 768w\" sizes=\"(max-width: 1060px) 100vw, 1060px\" \/>\t\t\t\t\t\t\t\t\t\t\t\t\t\t\t<\/div>\n\t\t\t\t<\/div>\n\t\t\t\t\t<\/div>\n\t\t<\/div>\n\t\t\t\t<div class=\"elementor-column elementor-col-50 elementor-inner-column elementor-element elementor-element-284cd5c\" data-id=\"284cd5c\" data-element_type=\"column\" data-e-type=\"column\">\n\t\t\t<div class=\"elementor-widget-wrap elementor-element-populated\">\n\t\t\t\t\t\t<div class=\"elementor-element elementor-element-2ac5baa elementor-widget__width-initial elementor-absolute elementor-widget elementor-widget-heading\" data-id=\"2ac5baa\" data-element_type=\"widget\" data-e-type=\"widget\" data-settings=\"{&quot;_position&quot;:&quot;absolute&quot;}\" data-widget_type=\"heading.default\">\n\t\t\t\t<div class=\"elementor-widget-container\">\n\t\t\t\t\t<h5 class=\"elementor-heading-title elementor-size-default\">AHORRE 30%<\/h5>\t\t\t\t<\/div>\n\t\t\t\t<\/div>\n\t\t\t\t<div class=\"elementor-element elementor-element-434a048 elementor-widget-mobile__width-inherit head-1 elementor-widget elementor-widget-heading\" data-id=\"434a048\" data-element_type=\"widget\" data-e-type=\"widget\" data-widget_type=\"heading.default\">\n\t\t\t\t<div class=\"elementor-widget-container\">\n\t\t\t\t\t<h5 class=\"elementor-heading-title elementor-size-default\">PLAN ANUAL<\/h5>\t\t\t\t<\/div>\n\t\t\t\t<\/div>\n\t\t\t\t<div class=\"elementor-element elementor-element-9b8957e elementor-widget elementor-widget-text-editor\" data-id=\"9b8957e\" data-element_type=\"widget\" data-e-type=\"widget\" data-widget_type=\"text-editor.default\">\n\t\t\t\t<div class=\"elementor-widget-container\">\n\t\t\t\t\t\t\t\t\t<p><span class=\"woocommerce-Price-amount amount\"><bdi><span class=\"woocommerce-Price-currencySymbol\">&euro;<\/span>57.32<\/bdi><\/span> <span class=\"subscription-details\"> \/ a\u00f1o<\/span> (30% Savings!)<\/p>\t\t\t\t\t\t\t\t<\/div>\n\t\t\t\t<\/div>\n\t\t\t\t<div class=\"elementor-element elementor-element-f613ea5 elementor-widget elementor-widget-text-editor\" data-id=\"f613ea5\" data-element_type=\"widget\" data-e-type=\"widget\" data-widget_type=\"text-editor.default\">\n\t\t\t\t<div class=\"elementor-widget-container\">\n\t\t\t\t\t\t\t\t\tAcceso a m\u00e1s de 1000 sesiones de capacitaci\u00f3n categorizadas, animadas y en vivo\t\t\t\t\t\t\t\t<\/div>\n\t\t\t\t<\/div>\n\t\t\t\t<div class=\"elementor-element elementor-element-77ccec3 elementor-widget__width-initial elementor-widget elementor-widget-button\" data-id=\"77ccec3\" data-element_type=\"widget\" data-e-type=\"widget\" data-widget_type=\"button.default\">\n\t\t\t\t<div class=\"elementor-widget-container\">\n\t\t\t\t\t\t\t\t\t<div class=\"elementor-button-wrapper\">\n\t\t\t\t\t<a class=\"elementor-button elementor-button-link elementor-size-sm\" href=\"#elementor-action%3Aaction%3Dpopup%3Aopen%26settings%3DeyJpZCI6MTE3Njk1LCJ0b2dnbGUiOmZhbHNlfQ%3D%3D\">\n\t\t\t\t\t\t<span class=\"elementor-button-content-wrapper\">\n\t\t\t\t\t\t\t\t\t<span class=\"elementor-button-text\">Ver detalles<\/span>\n\t\t\t\t\t<\/span>\n\t\t\t\t\t<\/a>\n\t\t\t\t<\/div>\n\t\t\t\t\t\t\t\t<\/div>\n\t\t\t\t<\/div>\n\t\t\t\t<div class=\"elementor-element elementor-element-64d20fc plan_select_btn elementor-widget__width-initial elementor-widget elementor-widget-text-editor\" data-id=\"64d20fc\" data-element_type=\"widget\" data-e-type=\"widget\" data-widget_type=\"text-editor.default\">\n\t\t\t\t<div class=\"elementor-widget-container\">\n\t\t\t\t\t\t\t\t\t<form class=\"cart\" action=\"\/shop\/annual-individual-plan\" enctype=\"multipart\/form-data\" m\u00e9todo=\"post\"><button class=\"single_add_to_cart_button button alt\" name=\"add-to- carrito\" type=\"submit\" value=\"35496\">Seleccione plan<\/button><\/form>\n\t\t\t\t\t\t\t\t<\/div>\n\t\t\t\t<\/div>\n\t\t\t\t\t<\/div>\n\t\t<\/div>\n\t\t\t\t\t<\/div>\n\t\t<\/section>\n\t\t\t\t\t<\/div>\n\t\t<\/div>\n\t\t\t\t\t<\/div>\n\t\t<\/section>\n\t\t\t\t<\/div>\n\t\t<div style=\"margin: 20px 0;\"><div class=\"qrcswholewtapper\" style=\"text-align:left;\"><div class=\"qrcprowrapper\"  id=\"qrcwraa2leds\"><div class=\"qrc_canvass\" id=\"qrc_cuttenpages_2\" style=\"display:inline-block\" data-text=\"https:\/\/ultimateplayerhq.com\/es\/drill-library\/jordan-haskell-pasando-la-actividad-rondo\/\"><\/div><\/div><\/div><\/div>","protected":false},"excerpt":{"rendered":"<p>As t\u00e1ticas de futebol utilizadas pelos principais dirigentes de futebol hoje s\u00e3o cada vez mais complexas. Os pontos fortes de sua equipe junto com os pontos fracos do advers\u00e1rio que foram pesquisados \u200b\u200bcom anteced\u00eancia e explorados por meio de estrat\u00e9gia t\u00e1tica. Um t\u00e9cnico deve equilibrar os jogadores de seu time de futebol de acordo com [&hellip;]<\/p>\n","protected":false},"author":1,"featured_media":0,"parent":0,"menu_order":0,"comment_status":"closed","ping_status":"closed","template":"","meta":{"_acf_changed":false,"pmpro_default_level":"","footnotes":""},"class_list":["post-119043","page","type-page","status-publish","hentry","pmpro-has-access"],"acf":[],"yoast_head":"<!-- This site is optimized with the Yoast SEO plugin v27.3 - https:\/\/yoast.com\/product\/yoast-seo-wordpress\/ -->\n<title>Quadro de t\u00e1ticas ao vivo - UltimatePlayerHQ<\/title>\n<meta name=\"robots\" content=\"index, follow, max-snippet:-1, max-image-preview:large, max-video-preview:-1\" \/>\n<link rel=\"canonical\" href=\"https:\/\/ultimateplayerhq.com\/es\/quadro-de-taticas-ao-vivo\/\" \/>\n<meta property=\"og:locale\" content=\"es_ES\" \/>\n<meta property=\"og:type\" content=\"article\" \/>\n<meta property=\"og:title\" content=\"Quadro de t\u00e1ticas ao vivo - UltimatePlayerHQ\" \/>\n<meta property=\"og:description\" content=\"As t\u00e1ticas de futebol utilizadas pelos principais dirigentes de futebol hoje s\u00e3o cada vez mais complexas. Os pontos fortes de sua equipe junto com os pontos fracos do advers\u00e1rio que foram pesquisados \u200b\u200bcom anteced\u00eancia e explorados por meio de estrat\u00e9gia t\u00e1tica. Um t\u00e9cnico deve equilibrar os jogadores de seu time de futebol de acordo com [&hellip;]\" \/>\n<meta property=\"og:url\" content=\"https:\/\/ultimateplayerhq.com\/es\/quadro-de-taticas-ao-vivo\/\" \/>\n<meta property=\"og:site_name\" content=\"UltimatePlayerHQ\" \/>\n<meta property=\"article:publisher\" content=\"https:\/\/www.facebook.com\/UltimatePlayerHQ\/\" \/>\n<meta property=\"article:modified_time\" content=\"2024-01-03T12:05:53+00:00\" \/>\n<meta property=\"og:image\" content=\"https:\/\/ultimateplayerhq.com\/wp-content\/uploads\/2023\/11\/Tactics-Board-Logo.svg\" \/>\n<meta name=\"twitter:label1\" content=\"Tiempo de lectura\" \/>\n\t<meta name=\"twitter:data1\" content=\"8 minutos\" \/>\n<script type=\"application\/ld+json\" class=\"yoast-schema-graph\">{\"@context\":\"https:\\\/\\\/schema.org\",\"@graph\":[{\"@type\":\"WebPage\",\"@id\":\"https:\\\/\\\/ultimateplayerhq.com\\\/es\\\/quadro-de-taticas-ao-vivo\\\/\",\"url\":\"https:\\\/\\\/ultimateplayerhq.com\\\/es\\\/quadro-de-taticas-ao-vivo\\\/\",\"name\":\"Quadro de t\u00e1ticas ao vivo - UltimatePlayerHQ\",\"isPartOf\":{\"@id\":\"https:\\\/\\\/ultimateplayerhq.com\\\/es\\\/#website\"},\"primaryImageOfPage\":{\"@id\":\"https:\\\/\\\/ultimateplayerhq.com\\\/es\\\/quadro-de-taticas-ao-vivo\\\/#primaryimage\"},\"image\":{\"@id\":\"https:\\\/\\\/ultimateplayerhq.com\\\/es\\\/quadro-de-taticas-ao-vivo\\\/#primaryimage\"},\"thumbnailUrl\":\"https:\\\/\\\/ultimateplayerhq.com\\\/wp-content\\\/uploads\\\/2023\\\/11\\\/Tactics-Board-Logo.svg\",\"datePublished\":\"2023-11-22T07:34:12+00:00\",\"dateModified\":\"2024-01-03T12:05:53+00:00\",\"breadcrumb\":{\"@id\":\"https:\\\/\\\/ultimateplayerhq.com\\\/es\\\/quadro-de-taticas-ao-vivo\\\/#breadcrumb\"},\"inLanguage\":\"es\",\"potentialAction\":[{\"@type\":\"ReadAction\",\"target\":[\"https:\\\/\\\/ultimateplayerhq.com\\\/es\\\/quadro-de-taticas-ao-vivo\\\/\"]}]},{\"@type\":\"ImageObject\",\"inLanguage\":\"es\",\"@id\":\"https:\\\/\\\/ultimateplayerhq.com\\\/es\\\/quadro-de-taticas-ao-vivo\\\/#primaryimage\",\"url\":\"https:\\\/\\\/ultimateplayerhq.com\\\/wp-content\\\/uploads\\\/2023\\\/11\\\/Tactics-Board-Logo.svg\",\"contentUrl\":\"https:\\\/\\\/ultimateplayerhq.com\\\/wp-content\\\/uploads\\\/2023\\\/11\\\/Tactics-Board-Logo.svg\"},{\"@type\":\"BreadcrumbList\",\"@id\":\"https:\\\/\\\/ultimateplayerhq.com\\\/es\\\/quadro-de-taticas-ao-vivo\\\/#breadcrumb\",\"itemListElement\":[{\"@type\":\"ListItem\",\"position\":1,\"name\":\"Home\",\"item\":\"https:\\\/\\\/ultimateplayerhq.com\\\/es\\\/\"},{\"@type\":\"ListItem\",\"position\":2,\"name\":\"Quadro de t\u00e1ticas ao vivo\"}]},{\"@type\":\"WebSite\",\"@id\":\"https:\\\/\\\/ultimateplayerhq.com\\\/es\\\/#website\",\"url\":\"https:\\\/\\\/ultimateplayerhq.com\\\/es\\\/\",\"name\":\"UltimatePlayerHQ\",\"description\":\"\",\"publisher\":{\"@id\":\"https:\\\/\\\/ultimateplayerhq.com\\\/es\\\/#organization\"},\"potentialAction\":[{\"@type\":\"SearchAction\",\"target\":{\"@type\":\"EntryPoint\",\"urlTemplate\":\"https:\\\/\\\/ultimateplayerhq.com\\\/es\\\/?s={search_term_string}\"},\"query-input\":{\"@type\":\"PropertyValueSpecification\",\"valueRequired\":true,\"valueName\":\"search_term_string\"}}],\"inLanguage\":\"es\"},{\"@type\":\"Organization\",\"@id\":\"https:\\\/\\\/ultimateplayerhq.com\\\/es\\\/#organization\",\"name\":\"Ultimate PlayerHQ\",\"url\":\"https:\\\/\\\/ultimateplayerhq.com\\\/es\\\/\",\"logo\":{\"@type\":\"ImageObject\",\"inLanguage\":\"es\",\"@id\":\"https:\\\/\\\/ultimateplayerhq.com\\\/es\\\/#\\\/schema\\\/logo\\\/image\\\/\",\"url\":\"https:\\\/\\\/ultimatehq.fra1.digitaloceanspaces.com\\\/wp-content\\\/uploads\\\/2023\\\/11\\\/footer_logo-1.svg\",\"contentUrl\":\"https:\\\/\\\/ultimatehq.fra1.digitaloceanspaces.com\\\/wp-content\\\/uploads\\\/2023\\\/11\\\/footer_logo-1.svg\",\"caption\":\"Ultimate PlayerHQ\"},\"image\":{\"@id\":\"https:\\\/\\\/ultimateplayerhq.com\\\/es\\\/#\\\/schema\\\/logo\\\/image\\\/\"},\"sameAs\":[\"https:\\\/\\\/www.facebook.com\\\/UltimatePlayerHQ\\\/\",\"https:\\\/\\\/x.com\\\/playersessionhq\"]}]}<\/script>\n<!-- \/ Yoast SEO plugin. -->","yoast_head_json":{"title":"Quadro de t\u00e1ticas ao vivo - UltimatePlayerHQ","robots":{"index":"index","follow":"follow","max-snippet":"max-snippet:-1","max-image-preview":"max-image-preview:large","max-video-preview":"max-video-preview:-1"},"canonical":"https:\/\/ultimateplayerhq.com\/es\/quadro-de-taticas-ao-vivo\/","og_locale":"es_ES","og_type":"article","og_title":"Quadro de t\u00e1ticas ao vivo - UltimatePlayerHQ","og_description":"As t\u00e1ticas de futebol utilizadas pelos principais dirigentes de futebol hoje s\u00e3o cada vez mais complexas. Os pontos fortes de sua equipe junto com os pontos fracos do advers\u00e1rio que foram pesquisados \u200b\u200bcom anteced\u00eancia e explorados por meio de estrat\u00e9gia t\u00e1tica. Um t\u00e9cnico deve equilibrar os jogadores de seu time de futebol de acordo com [&hellip;]","og_url":"https:\/\/ultimateplayerhq.com\/es\/quadro-de-taticas-ao-vivo\/","og_site_name":"UltimatePlayerHQ","article_publisher":"https:\/\/www.facebook.com\/UltimatePlayerHQ\/","article_modified_time":"2024-01-03T12:05:53+00:00","og_image":[{"url":"https:\/\/ultimateplayerhq.com\/wp-content\/uploads\/2023\/11\/Tactics-Board-Logo.svg","type":"","width":"","height":""}],"twitter_misc":{"Tiempo de lectura":"8 minutos"},"schema":{"@context":"https:\/\/schema.org","@graph":[{"@type":"WebPage","@id":"https:\/\/ultimateplayerhq.com\/es\/quadro-de-taticas-ao-vivo\/","url":"https:\/\/ultimateplayerhq.com\/es\/quadro-de-taticas-ao-vivo\/","name":"Quadro de t\u00e1ticas ao vivo - UltimatePlayerHQ","isPartOf":{"@id":"https:\/\/ultimateplayerhq.com\/es\/#website"},"primaryImageOfPage":{"@id":"https:\/\/ultimateplayerhq.com\/es\/quadro-de-taticas-ao-vivo\/#primaryimage"},"image":{"@id":"https:\/\/ultimateplayerhq.com\/es\/quadro-de-taticas-ao-vivo\/#primaryimage"},"thumbnailUrl":"https:\/\/ultimateplayerhq.com\/wp-content\/uploads\/2023\/11\/Tactics-Board-Logo.svg","datePublished":"2023-11-22T07:34:12+00:00","dateModified":"2024-01-03T12:05:53+00:00","breadcrumb":{"@id":"https:\/\/ultimateplayerhq.com\/es\/quadro-de-taticas-ao-vivo\/#breadcrumb"},"inLanguage":"es","potentialAction":[{"@type":"ReadAction","target":["https:\/\/ultimateplayerhq.com\/es\/quadro-de-taticas-ao-vivo\/"]}]},{"@type":"ImageObject","inLanguage":"es","@id":"https:\/\/ultimateplayerhq.com\/es\/quadro-de-taticas-ao-vivo\/#primaryimage","url":"https:\/\/ultimateplayerhq.com\/wp-content\/uploads\/2023\/11\/Tactics-Board-Logo.svg","contentUrl":"https:\/\/ultimateplayerhq.com\/wp-content\/uploads\/2023\/11\/Tactics-Board-Logo.svg"},{"@type":"BreadcrumbList","@id":"https:\/\/ultimateplayerhq.com\/es\/quadro-de-taticas-ao-vivo\/#breadcrumb","itemListElement":[{"@type":"ListItem","position":1,"name":"Home","item":"https:\/\/ultimateplayerhq.com\/es\/"},{"@type":"ListItem","position":2,"name":"Quadro de t\u00e1ticas ao vivo"}]},{"@type":"WebSite","@id":"https:\/\/ultimateplayerhq.com\/es\/#website","url":"https:\/\/ultimateplayerhq.com\/es\/","name":"UltimatePlayerHQ","description":"","publisher":{"@id":"https:\/\/ultimateplayerhq.com\/es\/#organization"},"potentialAction":[{"@type":"SearchAction","target":{"@type":"EntryPoint","urlTemplate":"https:\/\/ultimateplayerhq.com\/es\/?s={search_term_string}"},"query-input":{"@type":"PropertyValueSpecification","valueRequired":true,"valueName":"search_term_string"}}],"inLanguage":"es"},{"@type":"Organization","@id":"https:\/\/ultimateplayerhq.com\/es\/#organization","name":"Ultimate PlayerHQ","url":"https:\/\/ultimateplayerhq.com\/es\/","logo":{"@type":"ImageObject","inLanguage":"es","@id":"https:\/\/ultimateplayerhq.com\/es\/#\/schema\/logo\/image\/","url":"https:\/\/ultimatehq.fra1.digitaloceanspaces.com\/wp-content\/uploads\/2023\/11\/footer_logo-1.svg","contentUrl":"https:\/\/ultimatehq.fra1.digitaloceanspaces.com\/wp-content\/uploads\/2023\/11\/footer_logo-1.svg","caption":"Ultimate PlayerHQ"},"image":{"@id":"https:\/\/ultimateplayerhq.com\/es\/#\/schema\/logo\/image\/"},"sameAs":["https:\/\/www.facebook.com\/UltimatePlayerHQ\/","https:\/\/x.com\/playersessionhq"]}]}},"_links":{"self":[{"href":"https:\/\/ultimateplayerhq.com\/es\/wp-json\/wp\/v2\/pages\/119043","targetHints":{"allow":["GET"]}}],"collection":[{"href":"https:\/\/ultimateplayerhq.com\/es\/wp-json\/wp\/v2\/pages"}],"about":[{"href":"https:\/\/ultimateplayerhq.com\/es\/wp-json\/wp\/v2\/types\/page"}],"author":[{"embeddable":true,"href":"https:\/\/ultimateplayerhq.com\/es\/wp-json\/wp\/v2\/users\/1"}],"replies":[{"embeddable":true,"href":"https:\/\/ultimateplayerhq.com\/es\/wp-json\/wp\/v2\/comments?post=119043"}],"version-history":[{"count":0,"href":"https:\/\/ultimateplayerhq.com\/es\/wp-json\/wp\/v2\/pages\/119043\/revisions"}],"wp:attachment":[{"href":"https:\/\/ultimateplayerhq.com\/es\/wp-json\/wp\/v2\/media?parent=119043"}],"curies":[{"name":"wp","href":"https:\/\/api.w.org\/{rel}","templated":true}]}}