{"id":71709,"date":"2023-01-16T05:56:04","date_gmt":"2023-01-16T05:56:04","guid":{"rendered":"https:\/\/ultimateplayerhq.com\/crear-sesion\/"},"modified":"2025-07-14T07:48:40","modified_gmt":"2025-07-14T07:48:40","slug":"crear-sesion","status":"publish","type":"page","link":"https:\/\/ultimateplayerhq.com\/es\/crear-sesion\/","title":{"rendered":"Generador de sesiones"},"content":{"rendered":"\t\t<div data-elementor-type=\"wp-page\" data-elementor-id=\"71709\" class=\"elementor elementor-71709 elementor-36687\" data-elementor-post-type=\"page\">\n\t\t\t\t\t\t<section class=\"elementor-section elementor-top-section elementor-element elementor-element-bfea20f elementor-section-full_width elementor-section-height-default elementor-section-height-default\" data-id=\"bfea20f\" data-element_type=\"section\" data-e-type=\"section\" data-settings=\"{&quot;background_background&quot;:&quot;classic&quot;}\">\n\t\t\t\t\t\t<div class=\"elementor-container elementor-column-gap-default\">\n\t\t\t\t\t<div class=\"elementor-column elementor-col-100 elementor-top-column elementor-element elementor-element-82f14d1\" data-id=\"82f14d1\" data-element_type=\"column\" data-e-type=\"column\">\n\t\t\t<div class=\"elementor-widget-wrap elementor-element-populated\">\n\t\t\t\t\t\t\t<\/div>\n\t\t<\/div>\n\t\t\t\t\t<\/div>\n\t\t<\/section>\n\t\t\t\t<section class=\"elementor-section elementor-top-section elementor-element elementor-element-1bd24fd stax-condition-yes stax-user_role_enabled-yes elementor-section-boxed elementor-section-height-default elementor-section-height-default\" data-id=\"1bd24fd\" data-element_type=\"section\" data-e-type=\"section\">\n\t\t\t\t\t\t<div class=\"elementor-container elementor-column-gap-default\">\n\t\t\t\t\t<div class=\"elementor-column elementor-col-100 elementor-top-column elementor-element elementor-element-c22f704\" data-id=\"c22f704\" data-element_type=\"column\" data-e-type=\"column\">\n\t\t\t<div class=\"elementor-widget-wrap elementor-element-populated\">\n\t\t\t\t\t\t<div class=\"elementor-element elementor-element-47c1232 elementor-widget elementor-widget-template\" data-id=\"47c1232\" data-element_type=\"widget\" data-e-type=\"widget\" data-widget_type=\"template.default\">\n\t\t\t\t<div class=\"elementor-widget-container\">\n\t\t\t\t\t\t\t<div class=\"elementor-template\">\n\t\t\t\t\t<div data-elementor-type=\"section\" data-elementor-id=\"85158\" class=\"elementor elementor-85158 elementor-1619 elementor-1619\" data-elementor-post-type=\"elementor_library\">\n\t\t\t\t\t<section class=\"elementor-section elementor-top-section elementor-element elementor-element-f20d55a elementor-hidden-desktop elementor-hidden-tablet elementor-hidden-mobile elementor-section-boxed elementor-section-height-default elementor-section-height-default\" data-id=\"f20d55a\" data-element_type=\"section\" data-e-type=\"section\">\n\t\t\t\t\t\t<div class=\"elementor-container elementor-column-gap-default\">\n\t\t\t\t\t<div class=\"elementor-column elementor-col-100 elementor-top-column elementor-element elementor-element-64b717c\" data-id=\"64b717c\" data-element_type=\"column\" data-e-type=\"column\">\n\t\t\t<div class=\"elementor-widget-wrap elementor-element-populated\">\n\t\t\t\t\t\t<div class=\"elementor-element elementor-element-c5a9782 elementor-widget elementor-widget-heading\" data-id=\"c5a9782\" data-element_type=\"widget\" data-e-type=\"widget\" data-widget_type=\"heading.default\">\n\t\t\t\t<div class=\"elementor-widget-container\">\n\t\t\t\t\t<h2 class=\"elementor-heading-title elementor-size-default\">Opciones de membres\u00eda<\/h2>\t\t\t\t<\/div>\n\t\t\t\t<\/div>\n\t\t\t\t\t<\/div>\n\t\t<\/div>\n\t\t\t\t\t<\/div>\n\t\t<\/section>\n\t\t\t\t<section class=\"elementor-section elementor-top-section elementor-element elementor-element-64a272c elementor-section-boxed elementor-section-height-default elementor-section-height-default\" data-id=\"64a272c\" data-element_type=\"section\" data-e-type=\"section\" data-settings=\"{&quot;background_background&quot;:&quot;gradient&quot;}\">\n\t\t\t\t\t\t<div class=\"elementor-container elementor-column-gap-default\">\n\t\t\t\t\t<div class=\"elementor-column elementor-col-50 elementor-top-column elementor-element elementor-element-21d3a00 monthly-plan-sec\" data-id=\"21d3a00\" data-element_type=\"column\" data-e-type=\"column\" data-settings=\"{&quot;background_background&quot;:&quot;classic&quot;}\">\n\t\t\t<div class=\"elementor-widget-wrap elementor-element-populated\">\n\t\t\t\t\t\t<section class=\"elementor-section elementor-inner-section elementor-element elementor-element-96894ba elementor-section-content-middle elementor-section-full_width elementor-section-height-default elementor-section-height-default\" data-id=\"96894ba\" data-element_type=\"section\" data-e-type=\"section\">\n\t\t\t\t\t\t<div class=\"elementor-container elementor-column-gap-default\">\n\t\t\t\t\t<div class=\"elementor-column elementor-col-100 elementor-inner-column elementor-element elementor-element-9df2ba9\" data-id=\"9df2ba9\" data-element_type=\"column\" data-e-type=\"column\">\n\t\t\t<div class=\"elementor-widget-wrap elementor-element-populated\">\n\t\t\t\t\t\t<div class=\"elementor-element elementor-element-cda27f3 elementor-widget-mobile__width-inherit head-1 elementor-widget elementor-widget-heading\" data-id=\"cda27f3\" data-element_type=\"widget\" data-e-type=\"widget\" data-widget_type=\"heading.default\">\n\t\t\t\t<div class=\"elementor-widget-container\">\n\t\t\t\t\t<h5 class=\"elementor-heading-title elementor-size-default\">PLAN MENSUAL<\/h5>\t\t\t\t<\/div>\n\t\t\t\t<\/div>\n\t\t\t\t<div class=\"elementor-element elementor-element-343c00c elementor-widget elementor-widget-text-editor\" data-id=\"343c00c\" data-element_type=\"widget\" data-e-type=\"widget\" data-widget_type=\"text-editor.default\">\n\t\t\t\t<div class=\"elementor-widget-container\">\n\t\t\t\t\t\t\t\t\t<p><span class=\"woocommerce-Price-amount amount\"><bdi><span class=\"woocommerce-Price-currencySymbol\">&euro;<\/span>8.02<\/bdi><\/span> <span class=\"subscription-details\"> \/ mes<\/span><\/p>\n\t\t\t\t\t\t\t\t<\/div>\n\t\t\t\t<\/div>\n\t\t\t\t<div class=\"elementor-element elementor-element-6251fb3 elementor-widget elementor-widget-text-editor\" data-id=\"6251fb3\" data-element_type=\"widget\" data-e-type=\"widget\" data-widget_type=\"text-editor.default\">\n\t\t\t\t<div class=\"elementor-widget-container\">\n\t\t\t\t\t\t\t\t\t<p><strong>\u00a1Desbloquea todo tu potencial con UltimatePlayerHQ!<\/strong><\/p>\n<p>Al registrarte con nosotros, tendr\u00e1s acceso instant\u00e1neo a un mundo de recursos de entrenamiento dise\u00f1ados para mejorar tu juego de f\u00fatbol. Esto es lo que disfrutar\u00e1s como miembro:<\/p>\n<ul>\n<li><b>Crea y crea tus propias sesiones de animaci\u00f3n personalizadas<\/b>: dise\u00f1a ejercicios a tu medida con nuestro planificador de animaci\u00f3n f\u00e1cil de usar.<\/li>\n<p><\/p>\n<li><strong>Acceso a miles de sesiones animadas categorizadas<\/strong>: desde principiantes hasta profesionales, tenemos ejercicios para todos los niveles.<\/li>\n<p><\/p>\n<li><strong>Acceso a la app m\u00f3vil<\/strong>: entrena donde quieras con nuestra app m\u00f3vil, disponible tanto en la App Store de Apple como en Google Play.<\/li>\n<p><\/p>\n<li><strong>Descuentos exclusivos para miembros<\/strong>: ahorra a lo grande con ofertas especiales de socios destacados como BazookaGoal, FootballCareers y muchos m\u00e1s.<\/li>\n<p><\/p>\n<li><strong>Todas las funciones de UPHQ<\/strong>: obt\u00e9n acceso completo a nuestra pizarra t\u00e1ctica en vivo, ejercicios de nivel profesional y una gran variedad de herramientas de entrenamiento para ayudarte a alcanzar el \u00e9xito.<\/li>\n<p><\/ul>\n<p>No te lo pierdas: \u00fanete hoy y lleva tu entrenamiento al siguiente nivel. \u00a1con UltimatePlayerHQ!<\/p>\n\t\t\t\t\t\t\t\t<\/div>\n\t\t\t\t<\/div>\n\t\t\t\t<div class=\"elementor-element elementor-element-749d5a0 elementor-widget__width-initial elementor-hidden-desktop elementor-hidden-tablet elementor-hidden-mobile elementor-widget elementor-widget-button\" data-id=\"749d5a0\" data-element_type=\"widget\" data-e-type=\"widget\" data-widget_type=\"button.default\">\n\t\t\t\t<div class=\"elementor-widget-container\">\n\t\t\t\t\t\t\t\t\t<div class=\"elementor-button-wrapper\">\n\t\t\t\t\t<a class=\"elementor-button elementor-button-link elementor-size-sm\" href=\"\/es\/product\/plan-individual-anual\/\">\n\t\t\t\t\t\t<span class=\"elementor-button-content-wrapper\">\n\t\t\t\t\t\t\t\t\t<span class=\"elementor-button-text\">Ver detalles<\/span>\n\t\t\t\t\t<\/span>\n\t\t\t\t\t<\/a>\n\t\t\t\t<\/div>\n\t\t\t\t\t\t\t\t<\/div>\n\t\t\t\t<\/div>\n\t\t\t\t<div class=\"elementor-element elementor-element-e41a050 plan_select_btn elementor-widget__width-initial elementor-widget elementor-widget-text-editor\" data-id=\"e41a050\" data-element_type=\"widget\" data-e-type=\"widget\" data-widget_type=\"text-editor.default\">\n\t\t\t\t<div class=\"elementor-widget-container\">\n\t\t\t\t\t\t\t\t\t<form class=\"cart\" action=\"\/shop\/monthly-individual-plan\" enctype=\"multipart\/form-data\" method=\"post\"><button class=\"single_add_to_cart_button button alt\" name=\"add-to-cart\" type=\"submit\" value=\"35502\">Select Plan<\/button><\/form>\n\t\t\t\t\t\t\t\t<\/div>\n\t\t\t\t<\/div>\n\t\t\t\t\t<\/div>\n\t\t<\/div>\n\t\t\t\t\t<\/div>\n\t\t<\/section>\n\t\t\t\t\t<\/div>\n\t\t<\/div>\n\t\t\t\t<div class=\"elementor-column elementor-col-50 elementor-top-column elementor-element elementor-element-9e2d225\" data-id=\"9e2d225\" data-element_type=\"column\" data-e-type=\"column\" data-settings=\"{&quot;background_background&quot;:&quot;classic&quot;}\">\n\t\t\t<div class=\"elementor-widget-wrap elementor-element-populated\">\n\t\t\t\t\t\t<section class=\"elementor-section elementor-inner-section elementor-element elementor-element-ca6405b elementor-section-content-middle elementor-section-boxed elementor-section-height-default elementor-section-height-default\" data-id=\"ca6405b\" data-element_type=\"section\" data-e-type=\"section\">\n\t\t\t\t\t\t<div class=\"elementor-container elementor-column-gap-default\">\n\t\t\t\t\t<div class=\"elementor-column elementor-col-100 elementor-inner-column elementor-element elementor-element-1ff2ce6\" data-id=\"1ff2ce6\" data-element_type=\"column\" data-e-type=\"column\">\n\t\t\t<div class=\"elementor-widget-wrap elementor-element-populated\">\n\t\t\t\t\t\t<div class=\"elementor-element elementor-element-0290654 elementor-widget__width-initial elementor-absolute elementor-widget elementor-widget-heading\" data-id=\"0290654\" data-element_type=\"widget\" data-e-type=\"widget\" data-settings=\"{&quot;_position&quot;:&quot;absolute&quot;}\" data-widget_type=\"heading.default\">\n\t\t\t\t<div class=\"elementor-widget-container\">\n\t\t\t\t\t<h5 class=\"elementor-heading-title elementor-size-default\">AHORRE 30%<\/h5>\t\t\t\t<\/div>\n\t\t\t\t<\/div>\n\t\t\t\t<div class=\"elementor-element elementor-element-92ca5d1 elementor-widget-mobile__width-inherit head-1 elementor-widget elementor-widget-heading\" data-id=\"92ca5d1\" data-element_type=\"widget\" data-e-type=\"widget\" data-widget_type=\"heading.default\">\n\t\t\t\t<div class=\"elementor-widget-container\">\n\t\t\t\t\t<h5 class=\"elementor-heading-title elementor-size-default\">PLAN ANUAL<\/h5>\t\t\t\t<\/div>\n\t\t\t\t<\/div>\n\t\t\t\t<div class=\"elementor-element elementor-element-24edf36 elementor-widget elementor-widget-text-editor\" data-id=\"24edf36\" data-element_type=\"widget\" data-e-type=\"widget\" data-widget_type=\"text-editor.default\">\n\t\t\t\t<div class=\"elementor-widget-container\">\n\t\t\t\t\t\t\t\t\t<p><span class=\"woocommerce-Price-amount amount\"><bdi><span class=\"woocommerce-Price-currencySymbol\">&euro;<\/span>57.34<\/bdi><\/span> <span class=\"subscription-details\"> \/ a\u00f1o<\/span> (30% Savings!)<\/p>\n\t\t\t\t\t\t\t\t<\/div>\n\t\t\t\t<\/div>\n\t\t\t\t<div class=\"elementor-element elementor-element-766ceb8 elementor-widget elementor-widget-text-editor\" data-id=\"766ceb8\" data-element_type=\"widget\" data-e-type=\"widget\" data-widget_type=\"text-editor.default\">\n\t\t\t\t<div class=\"elementor-widget-container\">\n\t\t\t\t\t\t\t\t\t<p><strong>\u00a1Desbloquea todo tu potencial con UltimatePlayerHQ!<\/strong><\/p>\n<p>Al registrarte con nosotros, tendr\u00e1s acceso instant\u00e1neo a un mundo de recursos de entrenamiento dise\u00f1ados para mejorar tu juego de f\u00fatbol. Esto es lo que disfrutar\u00e1s como miembro:<\/p>\n<ul>\n<li><b>Crea y crea tus propias sesiones de animaci\u00f3n personalizadas<\/b>: dise\u00f1a ejercicios a tu medida con nuestro planificador de animaci\u00f3n f\u00e1cil de usar.<\/li>\n<p><\/p>\n<li><strong>Acceso a miles de sesiones animadas categorizadas<\/strong>: desde principiantes hasta profesionales, tenemos ejercicios para todos los niveles.<\/li>\n<p><\/p>\n<li><strong>Acceso a la app m\u00f3vil<\/strong>: entrena donde quieras con nuestra app m\u00f3vil, disponible tanto en la App Store de Apple como en Google Play.<\/li>\n<p><\/p>\n<li><strong>Descuentos exclusivos para miembros<\/strong>: ahorra a lo grande con ofertas especiales de socios destacados como BazookaGoal, FootballCareers y muchos m\u00e1s.<\/li>\n<p><\/p>\n<li><strong>Todas las funciones de UPHQ<\/strong>: obt\u00e9n acceso completo a nuestra pizarra t\u00e1ctica en vivo, ejercicios de nivel profesional y una gran variedad de herramientas de entrenamiento para ayudarte a alcanzar el \u00e9xito.<\/li>\n<p><\/ul>\n<p>No te lo pierdas: \u00fanete hoy y lleva tu entrenamiento al siguiente nivel. \u00a1con UltimatePlayerHQ!<\/p>\n\t\t\t\t\t\t\t\t<\/div>\n\t\t\t\t<\/div>\n\t\t\t\t<div class=\"elementor-element elementor-element-f1e2d18 elementor-widget__width-initial elementor-hidden-desktop elementor-hidden-tablet elementor-hidden-mobile elementor-widget elementor-widget-button\" data-id=\"f1e2d18\" data-element_type=\"widget\" data-e-type=\"widget\" data-widget_type=\"button.default\">\n\t\t\t\t<div class=\"elementor-widget-container\">\n\t\t\t\t\t\t\t\t\t<div class=\"elementor-button-wrapper\">\n\t\t\t\t\t<a class=\"elementor-button elementor-button-link elementor-size-sm\" href=\"\/es\/product\/plan-individual-anual\/\">\n\t\t\t\t\t\t<span class=\"elementor-button-content-wrapper\">\n\t\t\t\t\t\t\t\t\t<span class=\"elementor-button-text\">Ver detalles<\/span>\n\t\t\t\t\t<\/span>\n\t\t\t\t\t<\/a>\n\t\t\t\t<\/div>\n\t\t\t\t\t\t\t\t<\/div>\n\t\t\t\t<\/div>\n\t\t\t\t<div class=\"elementor-element elementor-element-398dbb1 plan_select_btn elementor-widget__width-initial elementor-widget elementor-widget-text-editor\" data-id=\"398dbb1\" data-element_type=\"widget\" data-e-type=\"widget\" data-widget_type=\"text-editor.default\">\n\t\t\t\t<div class=\"elementor-widget-container\">\n\t\t\t\t\t\t\t\t\t<form class=\"cart\" action=\"\/shop\/annual-individual-plan\" enctype=\"multipart\/form-data\" method=\"post\"><button class=\"single_add_to_cart_button button alt\" name=\"add-to-cart\" type=\"submit\" value=\"35496\">Select Plan<\/button><\/form>\n\t\t\t\t\t\t\t\t<\/div>\n\t\t\t\t<\/div>\n\t\t\t\t\t<\/div>\n\t\t<\/div>\n\t\t\t\t\t<\/div>\n\t\t<\/section>\n\t\t\t\t\t<\/div>\n\t\t<\/div>\n\t\t\t\t\t<\/div>\n\t\t<\/section>\n\t\t\t\t<\/div>\n\t\t\t\t<\/div>\n\t\t\t\t\t\t<\/div>\n\t\t\t\t<\/div>\n\t\t\t\t\t<\/div>\n\t\t<\/div>\n\t\t\t\t\t<\/div>\n\t\t<\/section>\n\t\t\t\t<\/div>\n\t\t<div style=\"margin: 20px 0;\"><div class=\"qrcswholewtapper\" style=\"text-align:left;\"><div class=\"qrcprowrapper\"  id=\"qrcwraa2leds\"><div class=\"qrc_canvass\" id=\"qrc_cuttenpages_2\" style=\"display:inline-block\" data-text=\"https:\/\/ultimateplayerhq.com\/es\/crear-sesion\/\"><\/div><\/div><\/div><\/div>","protected":false},"excerpt":{"rendered":"","protected":false},"author":1,"featured_media":243093,"parent":0,"menu_order":0,"comment_status":"closed","ping_status":"closed","template":"create_new_session.php","meta":{"_acf_changed":false,"pmpro_default_level":"","footnotes":""},"class_list":["post-71709","page","type-page","status-publish","has-post-thumbnail","hentry","pmpro-has-access"],"acf":[],"yoast_head":"<!-- This site is optimized with the Yoast SEO plugin v27.3 - https:\/\/yoast.com\/product\/yoast-seo-wordpress\/ -->\n<title>Crea sesiones de entrenamiento de f\u00fatbol online \u2013 Ultimate Player HQ<\/title>\n<meta name=\"description\" content=\"Dise\u00f1a sesiones de entrenamiento de f\u00fatbol personalizadas en minutos. Usa el intuitivo planificador de sesiones de Ultimate Player HQ para ejercicios, t\u00e1cticas y estrategias de equipo.\" \/>\n<meta name=\"robots\" content=\"index, follow, max-snippet:-1, max-image-preview:large, max-video-preview:-1\" \/>\n<link rel=\"canonical\" href=\"https:\/\/ultimateplayerhq.com\/es\/crear-sesion\/\" \/>\n<meta property=\"og:locale\" content=\"es_ES\" \/>\n<meta property=\"og:type\" content=\"article\" \/>\n<meta property=\"og:title\" content=\"Crea sesiones de entrenamiento de f\u00fatbol online \u2013 Ultimate Player HQ\" \/>\n<meta property=\"og:description\" content=\"Dise\u00f1a sesiones de entrenamiento de f\u00fatbol personalizadas en minutos. Usa el intuitivo planificador de sesiones de Ultimate Player HQ para ejercicios, t\u00e1cticas y estrategias de equipo.\" \/>\n<meta property=\"og:url\" content=\"https:\/\/ultimateplayerhq.com\/es\/crear-sesion\/\" \/>\n<meta property=\"og:site_name\" content=\"UltimatePlayerHQ\" \/>\n<meta property=\"article:publisher\" content=\"https:\/\/www.facebook.com\/UltimatePlayerHQ\/\" \/>\n<meta property=\"article:modified_time\" content=\"2025-07-14T07:48:40+00:00\" \/>\n<meta property=\"og:image\" content=\"https:\/\/ultimatehq.fra1.digitaloceanspaces.com\/wp-content\/uploads\/2020\/11\/UltimatePlayerHQlogo.jpg\" \/>\n\t<meta property=\"og:image:width\" content=\"390\" \/>\n\t<meta property=\"og:image:height\" content=\"206\" \/>\n\t<meta property=\"og:image:type\" content=\"image\/jpeg\" \/>\n<script type=\"application\/ld+json\" class=\"yoast-schema-graph\">{\"@context\":\"https:\\\/\\\/schema.org\",\"@graph\":[{\"@type\":\"WebPage\",\"@id\":\"https:\\\/\\\/ultimateplayerhq.com\\\/es\\\/crear-sesion\\\/\",\"url\":\"https:\\\/\\\/ultimateplayerhq.com\\\/es\\\/crear-sesion\\\/\",\"name\":\"Crea sesiones de entrenamiento de f\u00fatbol online \u2013 Ultimate Player HQ\",\"isPartOf\":{\"@id\":\"https:\\\/\\\/ultimateplayerhq.com\\\/es\\\/#website\"},\"primaryImageOfPage\":{\"@id\":\"https:\\\/\\\/ultimateplayerhq.com\\\/es\\\/crear-sesion\\\/#primaryimage\"},\"image\":{\"@id\":\"https:\\\/\\\/ultimateplayerhq.com\\\/es\\\/crear-sesion\\\/#primaryimage\"},\"thumbnailUrl\":\"https:\\\/\\\/ultimatehq.fra1.digitaloceanspaces.com\\\/wp-content\\\/uploads\\\/2025\\\/07\\\/banner.png\",\"datePublished\":\"2023-01-16T05:56:04+00:00\",\"dateModified\":\"2025-07-14T07:48:40+00:00\",\"description\":\"Dise\u00f1a sesiones de entrenamiento de f\u00fatbol personalizadas en minutos. Usa el intuitivo planificador de sesiones de Ultimate Player HQ para ejercicios, t\u00e1cticas y estrategias de equipo.\",\"breadcrumb\":{\"@id\":\"https:\\\/\\\/ultimateplayerhq.com\\\/es\\\/crear-sesion\\\/#breadcrumb\"},\"inLanguage\":\"es\",\"potentialAction\":[{\"@type\":\"ReadAction\",\"target\":[\"https:\\\/\\\/ultimateplayerhq.com\\\/es\\\/crear-sesion\\\/\"]}]},{\"@type\":\"ImageObject\",\"inLanguage\":\"es\",\"@id\":\"https:\\\/\\\/ultimateplayerhq.com\\\/es\\\/crear-sesion\\\/#primaryimage\",\"url\":\"https:\\\/\\\/ultimatehq.fra1.digitaloceanspaces.com\\\/wp-content\\\/uploads\\\/2025\\\/07\\\/banner.png\",\"contentUrl\":\"https:\\\/\\\/ultimatehq.fra1.digitaloceanspaces.com\\\/wp-content\\\/uploads\\\/2025\\\/07\\\/banner.png\",\"width\":1920,\"height\":533},{\"@type\":\"BreadcrumbList\",\"@id\":\"https:\\\/\\\/ultimateplayerhq.com\\\/es\\\/crear-sesion\\\/#breadcrumb\",\"itemListElement\":[{\"@type\":\"ListItem\",\"position\":1,\"name\":\"Home\",\"item\":\"https:\\\/\\\/ultimateplayerhq.com\\\/es\\\/\"},{\"@type\":\"ListItem\",\"position\":2,\"name\":\"Generador de sesiones\"}]},{\"@type\":\"WebSite\",\"@id\":\"https:\\\/\\\/ultimateplayerhq.com\\\/es\\\/#website\",\"url\":\"https:\\\/\\\/ultimateplayerhq.com\\\/es\\\/\",\"name\":\"UltimatePlayerHQ\",\"description\":\"\",\"publisher\":{\"@id\":\"https:\\\/\\\/ultimateplayerhq.com\\\/es\\\/#organization\"},\"potentialAction\":[{\"@type\":\"SearchAction\",\"target\":{\"@type\":\"EntryPoint\",\"urlTemplate\":\"https:\\\/\\\/ultimateplayerhq.com\\\/es\\\/?s={search_term_string}\"},\"query-input\":{\"@type\":\"PropertyValueSpecification\",\"valueRequired\":true,\"valueName\":\"search_term_string\"}}],\"inLanguage\":\"es\"},{\"@type\":\"Organization\",\"@id\":\"https:\\\/\\\/ultimateplayerhq.com\\\/es\\\/#organization\",\"name\":\"Ultimate PlayerHQ\",\"url\":\"https:\\\/\\\/ultimateplayerhq.com\\\/es\\\/\",\"logo\":{\"@type\":\"ImageObject\",\"inLanguage\":\"es\",\"@id\":\"https:\\\/\\\/ultimateplayerhq.com\\\/es\\\/#\\\/schema\\\/logo\\\/image\\\/\",\"url\":\"https:\\\/\\\/ultimatehq.fra1.digitaloceanspaces.com\\\/wp-content\\\/uploads\\\/2023\\\/11\\\/footer_logo-1.svg\",\"contentUrl\":\"https:\\\/\\\/ultimatehq.fra1.digitaloceanspaces.com\\\/wp-content\\\/uploads\\\/2023\\\/11\\\/footer_logo-1.svg\",\"caption\":\"Ultimate PlayerHQ\"},\"image\":{\"@id\":\"https:\\\/\\\/ultimateplayerhq.com\\\/es\\\/#\\\/schema\\\/logo\\\/image\\\/\"},\"sameAs\":[\"https:\\\/\\\/www.facebook.com\\\/UltimatePlayerHQ\\\/\",\"https:\\\/\\\/x.com\\\/playersessionhq\"]}]}<\/script>\n<!-- \/ Yoast SEO plugin. -->","yoast_head_json":{"title":"Crea sesiones de entrenamiento de f\u00fatbol online \u2013 Ultimate Player HQ","description":"Dise\u00f1a sesiones de entrenamiento de f\u00fatbol personalizadas en minutos. Usa el intuitivo planificador de sesiones de Ultimate Player HQ para ejercicios, t\u00e1cticas y estrategias de equipo.","robots":{"index":"index","follow":"follow","max-snippet":"max-snippet:-1","max-image-preview":"max-image-preview:large","max-video-preview":"max-video-preview:-1"},"canonical":"https:\/\/ultimateplayerhq.com\/es\/crear-sesion\/","og_locale":"es_ES","og_type":"article","og_title":"Crea sesiones de entrenamiento de f\u00fatbol online \u2013 Ultimate Player HQ","og_description":"Dise\u00f1a sesiones de entrenamiento de f\u00fatbol personalizadas en minutos. Usa el intuitivo planificador de sesiones de Ultimate Player HQ para ejercicios, t\u00e1cticas y estrategias de equipo.","og_url":"https:\/\/ultimateplayerhq.com\/es\/crear-sesion\/","og_site_name":"UltimatePlayerHQ","article_publisher":"https:\/\/www.facebook.com\/UltimatePlayerHQ\/","article_modified_time":"2025-07-14T07:48:40+00:00","og_image":[{"width":390,"height":206,"url":"https:\/\/ultimatehq.fra1.digitaloceanspaces.com\/wp-content\/uploads\/2020\/11\/UltimatePlayerHQlogo.jpg","type":"image\/jpeg"}],"schema":{"@context":"https:\/\/schema.org","@graph":[{"@type":"WebPage","@id":"https:\/\/ultimateplayerhq.com\/es\/crear-sesion\/","url":"https:\/\/ultimateplayerhq.com\/es\/crear-sesion\/","name":"Crea sesiones de entrenamiento de f\u00fatbol online \u2013 Ultimate Player HQ","isPartOf":{"@id":"https:\/\/ultimateplayerhq.com\/es\/#website"},"primaryImageOfPage":{"@id":"https:\/\/ultimateplayerhq.com\/es\/crear-sesion\/#primaryimage"},"image":{"@id":"https:\/\/ultimateplayerhq.com\/es\/crear-sesion\/#primaryimage"},"thumbnailUrl":"https:\/\/ultimatehq.fra1.digitaloceanspaces.com\/wp-content\/uploads\/2025\/07\/banner.png","datePublished":"2023-01-16T05:56:04+00:00","dateModified":"2025-07-14T07:48:40+00:00","description":"Dise\u00f1a sesiones de entrenamiento de f\u00fatbol personalizadas en minutos. Usa el intuitivo planificador de sesiones de Ultimate Player HQ para ejercicios, t\u00e1cticas y estrategias de equipo.","breadcrumb":{"@id":"https:\/\/ultimateplayerhq.com\/es\/crear-sesion\/#breadcrumb"},"inLanguage":"es","potentialAction":[{"@type":"ReadAction","target":["https:\/\/ultimateplayerhq.com\/es\/crear-sesion\/"]}]},{"@type":"ImageObject","inLanguage":"es","@id":"https:\/\/ultimateplayerhq.com\/es\/crear-sesion\/#primaryimage","url":"https:\/\/ultimatehq.fra1.digitaloceanspaces.com\/wp-content\/uploads\/2025\/07\/banner.png","contentUrl":"https:\/\/ultimatehq.fra1.digitaloceanspaces.com\/wp-content\/uploads\/2025\/07\/banner.png","width":1920,"height":533},{"@type":"BreadcrumbList","@id":"https:\/\/ultimateplayerhq.com\/es\/crear-sesion\/#breadcrumb","itemListElement":[{"@type":"ListItem","position":1,"name":"Home","item":"https:\/\/ultimateplayerhq.com\/es\/"},{"@type":"ListItem","position":2,"name":"Generador de sesiones"}]},{"@type":"WebSite","@id":"https:\/\/ultimateplayerhq.com\/es\/#website","url":"https:\/\/ultimateplayerhq.com\/es\/","name":"UltimatePlayerHQ","description":"","publisher":{"@id":"https:\/\/ultimateplayerhq.com\/es\/#organization"},"potentialAction":[{"@type":"SearchAction","target":{"@type":"EntryPoint","urlTemplate":"https:\/\/ultimateplayerhq.com\/es\/?s={search_term_string}"},"query-input":{"@type":"PropertyValueSpecification","valueRequired":true,"valueName":"search_term_string"}}],"inLanguage":"es"},{"@type":"Organization","@id":"https:\/\/ultimateplayerhq.com\/es\/#organization","name":"Ultimate PlayerHQ","url":"https:\/\/ultimateplayerhq.com\/es\/","logo":{"@type":"ImageObject","inLanguage":"es","@id":"https:\/\/ultimateplayerhq.com\/es\/#\/schema\/logo\/image\/","url":"https:\/\/ultimatehq.fra1.digitaloceanspaces.com\/wp-content\/uploads\/2023\/11\/footer_logo-1.svg","contentUrl":"https:\/\/ultimatehq.fra1.digitaloceanspaces.com\/wp-content\/uploads\/2023\/11\/footer_logo-1.svg","caption":"Ultimate PlayerHQ"},"image":{"@id":"https:\/\/ultimateplayerhq.com\/es\/#\/schema\/logo\/image\/"},"sameAs":["https:\/\/www.facebook.com\/UltimatePlayerHQ\/","https:\/\/x.com\/playersessionhq"]}]}},"_links":{"self":[{"href":"https:\/\/ultimateplayerhq.com\/es\/wp-json\/wp\/v2\/pages\/71709","targetHints":{"allow":["GET"]}}],"collection":[{"href":"https:\/\/ultimateplayerhq.com\/es\/wp-json\/wp\/v2\/pages"}],"about":[{"href":"https:\/\/ultimateplayerhq.com\/es\/wp-json\/wp\/v2\/types\/page"}],"author":[{"embeddable":true,"href":"https:\/\/ultimateplayerhq.com\/es\/wp-json\/wp\/v2\/users\/1"}],"replies":[{"embeddable":true,"href":"https:\/\/ultimateplayerhq.com\/es\/wp-json\/wp\/v2\/comments?post=71709"}],"version-history":[{"count":1,"href":"https:\/\/ultimateplayerhq.com\/es\/wp-json\/wp\/v2\/pages\/71709\/revisions"}],"predecessor-version":[{"id":243108,"href":"https:\/\/ultimateplayerhq.com\/es\/wp-json\/wp\/v2\/pages\/71709\/revisions\/243108"}],"wp:featuredmedia":[{"embeddable":true,"href":"https:\/\/ultimateplayerhq.com\/es\/wp-json\/wp\/v2\/media\/243093"}],"wp:attachment":[{"href":"https:\/\/ultimateplayerhq.com\/es\/wp-json\/wp\/v2\/media?parent=71709"}],"curies":[{"name":"wp","href":"https:\/\/api.w.org\/{rel}","templated":true}]}}