{"id":72783,"date":"2020-09-23T07:30:21","date_gmt":"2020-09-23T07:30:21","guid":{"rendered":"https:\/\/ultimateplayerhq.com\/ejemplo-de-inicio-de-membresia-del-club\/"},"modified":"2023-03-23T11:04:39","modified_gmt":"2023-03-23T11:04:39","slug":"ejemplo-de-inicio-de-membresia-del-club","status":"publish","type":"page","link":"https:\/\/ultimateplayerhq.com\/es\/ejemplo-de-inicio-de-membresia-del-club\/","title":{"rendered":"Ejemplo de inicio de membres\u00eda del club"},"content":{"rendered":"<p class=\"\" style=\"white-space:pre-wrap;\">Un paquete de membres\u00eda del club es una colecci\u00f3n de miembros entrenadores que est\u00e1n vinculados y administrados por uno de sus miembros: el administrador del paquete. Los miembros del paquete comparten la misma fecha de renovaci\u00f3n, estado y nivel de acceso. A todo el paquete de membres\u00eda se le cobra una tarifa de membres\u00eda \u00fanica, que paga el administrador del paquete.\n<\/p>\n<p class=\"\" style=\"white-space:pre-wrap;\"><strong>Proporcione membres\u00edas a sus entrenadores para:  <\/strong><\/p>\n<div class=\"\n          image-block-outer-wrapper\n          layout-caption-below\n          design-layout-inline\n          combination-animation-none\n          individual-animation-none\n          individual-text-animation-none\n        \" data-test=\"image-block-inline-outer-wrapper\"><\/p>\n<figure class=\"\n              sqs-block-image-figure\n              intrinsic\n            \" style=\"max-width:390.0px;\"><\/p>\n<div style=\"padding-bottom:52.82051467895508%;\" class=\"\n                image-block-wrapper\n\n                has-aspect-ratio\n              \" data-animation-role=\"image\"><br \/>\n<noscript><img decoding=\"async\" src=\"https:\/\/images.squarespace-cdn.com\/content\/v1\/5a1c3d008fd4d2029e749ea4\/1595080590227-X8N4U7O2CUH8VRG7X81T\/ke17ZwdGBToddI8pDm48kK1EqSyxA8JUkt-6LPf9_7lZw-zPPgdn4jUwVcJE1ZvWEtT5uBSRWt4vQZAgTJucoTqqXjS3CfNDSuuf31e0tVHGuj3Xu5VXLkM_VG6YVNuyhgkXgHHBlwMEr3KSse3lZAoAoyhhjT2KWMI_uLxqnuw\/Ultimate+Player+HQ+logo.jpg\" alt=\"Ultimate Player HQ logo.jpg\"><\/noscript><img class=\"thumb-image\" data-src=\"https:\/\/images.squarespace-cdn.com\/content\/v1\/5a1c3d008fd4d2029e749ea4\/1595080590227-X8N4U7O2CUH8VRG7X81T\/ke17ZwdGBToddI8pDm48kK1EqSyxA8JUkt-6LPf9_7lZw-zPPgdn4jUwVcJE1ZvWEtT5uBSRWt4vQZAgTJucoTqqXjS3CfNDSuuf31e0tVHGuj3Xu5VXLkM_VG6YVNuyhgkXgHHBlwMEr3KSse3lZAoAoyhhjT2KWMI_uLxqnuw\/Ultimate+Player+HQ+logo.jpg\" data-image=\"https:\/\/images.squarespace-cdn.com\/content\/v1\/5a1c3d008fd4d2029e749ea4\/1595080590227-X8N4U7O2CUH8VRG7X81T\/ke17ZwdGBToddI8pDm48kK1EqSyxA8JUkt-6LPf9_7lZw-zPPgdn4jUwVcJE1ZvWEtT5uBSRWt4vQZAgTJucoTqqXjS3CfNDSuuf31e0tVHGuj3Xu5VXLkM_VG6YVNuyhgkXgHHBlwMEr3KSse3lZAoAoyhhjT2KWMI_uLxqnuw\/Ultimate+Player+HQ+logo.jpg\" data-image-dimensions=\"390x206\" data-image-focal-point=\"0.5,0.5\" alt=\"Ultimate Player HQ logo.jpg\" data-load=\"false\" data-image-id=\"5f12ff8e049f73378fd9f648\" data-type=\"image\"><\/div>\n<\/figure>\n<\/div>\n<ul data-rte-list=\"default\">\n<li>\n<p class=\"\" style=\"white-space:pre-wrap;\">Aumente la satisfacci\u00f3n laboral del entrenador y mejore la retenci\u00f3n<\/p>\n<\/li>\n<li>\n<p class=\"\" style=\"white-space:pre-wrap;\">Aporta nuevos enfoques e ideas a tus formaciones<\/p>\n<\/li>\n<li>\n<p class=\"\" style=\"white-space:pre-wrap;\">Aumentar la productividad del club<\/p>\n<\/li>\n<\/ul>\n<p class=\"\" style=\"white-space:pre-wrap;\"><strong>PRIMO:<\/strong> Los clubes que se unan a diez o m\u00e1s entrenadores pueden tener una p\u00e1gina de inicio personalizada en UltimateplayerHQ para su club. La p\u00e1gina del club incluir\u00e1 el logotipo del club, el enlace del sitio web, sus sesiones favoritas que desea que vean sus entrenadores (se puede cambiar mensualmente) y cualquier texto adicional que desee agregar.<\/p>\n<p class=\"\" style=\"white-space:pre-wrap;\"><strong>El precio se basa en la cantidad de membres\u00edas necesarias:<\/strong><\/p>\n<ul data-rte-list=\"default\">\n<li>\n<p class=\"\" style=\"white-space:pre-wrap;\">5 membres\u00edas = \u00a3 160 (Ahorro de \u00a3 40)<\/p>\n<\/li>\n<li>\n<p class=\"\" style=\"white-space:pre-wrap;\">10 membres\u00edas = \u00a3 320 (Ahorro de \u00a3 80)<\/p>\n<\/li>\n<li>\n<p class=\"\" style=\"white-space:pre-wrap;\">15 membres\u00edas = \u00a3 480 (Ahorro de \u00a3 120)<\/p>\n<\/li>\n<li>\n<p class=\"\" style=\"white-space:pre-wrap;\">20 membres\u00edas = \u00a3 640 (Ahorro de \u00a3 160)<\/p>\n<\/li>\n<li>\n<p class=\"\" style=\"white-space:pre-wrap;\">Necesitar m\u00e1s? <a href=\"http:\/\/ultimateplayerhq.com\/connect\">Contacta con nosotros<\/a> para precios personalizados<\/p>\n<\/li>\n<\/ul>\n<p class=\"\" style=\"white-space:pre-wrap;\">Actualice sus membres\u00edas en cualquier momento. La rotaci\u00f3n en un club ocurre para que podamos cambiar qui\u00e9n obtiene una membres\u00eda cuando lo necesite. Nota: Solo los administradores de paquetes tienen la capacidad de agregar o quitar miembros.<\/p>\n<div style=\"margin: 20px 0;\"><div class=\"qrcswholewtapper\" style=\"text-align:left;\"><div class=\"qrcprowrapper\"  id=\"qrcwraa2leds\"><div class=\"qrc_canvass\" id=\"qrc_cuttenpages_2\" style=\"display:inline-block\" data-text=\"https:\/\/ultimateplayerhq.com\/es\/ejemplo-de-inicio-de-membresia-del-club\/\"><\/div><\/div><\/div><\/div>","protected":false},"excerpt":{"rendered":"<p>Un paquete de membres\u00eda del club es una colecci\u00f3n de miembros entrenadores que est\u00e1n vinculados y administrados por uno de sus miembros: el administrador del paquete. Los miembros del paquete comparten la misma fecha de renovaci\u00f3n, estado y nivel de acceso. A todo el paquete de membres\u00eda se le cobra una tarifa de membres\u00eda \u00fanica, [&hellip;]<\/p>\n","protected":false},"author":1,"featured_media":0,"parent":0,"menu_order":0,"comment_status":"closed","ping_status":"closed","template":"","meta":{"_acf_changed":false,"pmpro_default_level":"","footnotes":""},"class_list":["post-72783","page","type-page","status-publish","hentry","pmpro-has-access"],"acf":[],"yoast_head":"<!-- This site is optimized with the Yoast SEO plugin v27.4 - https:\/\/yoast.com\/product\/yoast-seo-wordpress\/ -->\n<title>Ejemplo de inicio de membres\u00eda del club - UltimatePlayerHQ<\/title>\n<meta name=\"robots\" content=\"index, follow, max-snippet:-1, max-image-preview:large, max-video-preview:-1\" \/>\n<link rel=\"canonical\" href=\"https:\/\/ultimateplayerhq.com\/es\/ejemplo-de-inicio-de-membresia-del-club\/\" \/>\n<meta property=\"og:locale\" content=\"es_ES\" \/>\n<meta property=\"og:type\" content=\"article\" \/>\n<meta property=\"og:title\" content=\"Ejemplo de inicio de membres\u00eda del club - UltimatePlayerHQ\" \/>\n<meta property=\"og:description\" content=\"Un paquete de membres\u00eda del club es una colecci\u00f3n de miembros entrenadores que est\u00e1n vinculados y administrados por uno de sus miembros: el administrador del paquete. Los miembros del paquete comparten la misma fecha de renovaci\u00f3n, estado y nivel de acceso. A todo el paquete de membres\u00eda se le cobra una tarifa de membres\u00eda \u00fanica, [&hellip;]\" \/>\n<meta property=\"og:url\" content=\"https:\/\/ultimateplayerhq.com\/es\/ejemplo-de-inicio-de-membresia-del-club\/\" \/>\n<meta property=\"og:site_name\" content=\"UltimatePlayerHQ\" \/>\n<meta property=\"article:publisher\" content=\"https:\/\/www.facebook.com\/UltimatePlayerHQ\/\" \/>\n<meta property=\"article:modified_time\" content=\"2023-03-23T11:04:39+00:00\" \/>\n<meta property=\"og:image\" content=\"https:\/\/images.squarespace-cdn.com\/content\/v1\/5a1c3d008fd4d2029e749ea4\/1595080590227-X8N4U7O2CUH8VRG7X81T\/ke17ZwdGBToddI8pDm48kK1EqSyxA8JUkt-6LPf9_7lZw-zPPgdn4jUwVcJE1ZvWEtT5uBSRWt4vQZAgTJucoTqqXjS3CfNDSuuf31e0tVHGuj3Xu5VXLkM_VG6YVNuyhgkXgHHBlwMEr3KSse3lZAoAoyhhjT2KWMI_uLxqnuw\/Ultimate+Player+HQ+logo.jpg\" \/>\n<meta name=\"twitter:label1\" content=\"Tiempo de lectura\" \/>\n\t<meta name=\"twitter:data1\" content=\"1 minuto\" \/>\n<script type=\"application\/ld+json\" class=\"yoast-schema-graph\">{\"@context\":\"https:\\\/\\\/schema.org\",\"@graph\":[{\"@type\":\"WebPage\",\"@id\":\"https:\\\/\\\/ultimateplayerhq.com\\\/es\\\/ejemplo-de-inicio-de-membresia-del-club\\\/\",\"url\":\"https:\\\/\\\/ultimateplayerhq.com\\\/es\\\/ejemplo-de-inicio-de-membresia-del-club\\\/\",\"name\":\"Ejemplo de inicio de membres\u00eda del club - UltimatePlayerHQ\",\"isPartOf\":{\"@id\":\"https:\\\/\\\/ultimateplayerhq.com\\\/es\\\/#website\"},\"primaryImageOfPage\":{\"@id\":\"https:\\\/\\\/ultimateplayerhq.com\\\/es\\\/ejemplo-de-inicio-de-membresia-del-club\\\/#primaryimage\"},\"image\":{\"@id\":\"https:\\\/\\\/ultimateplayerhq.com\\\/es\\\/ejemplo-de-inicio-de-membresia-del-club\\\/#primaryimage\"},\"thumbnailUrl\":\"https:\\\/\\\/images.squarespace-cdn.com\\\/content\\\/v1\\\/5a1c3d008fd4d2029e749ea4\\\/1595080590227-X8N4U7O2CUH8VRG7X81T\\\/ke17ZwdGBToddI8pDm48kK1EqSyxA8JUkt-6LPf9_7lZw-zPPgdn4jUwVcJE1ZvWEtT5uBSRWt4vQZAgTJucoTqqXjS3CfNDSuuf31e0tVHGuj3Xu5VXLkM_VG6YVNuyhgkXgHHBlwMEr3KSse3lZAoAoyhhjT2KWMI_uLxqnuw\\\/Ultimate+Player+HQ+logo.jpg\",\"datePublished\":\"2020-09-23T07:30:21+00:00\",\"dateModified\":\"2023-03-23T11:04:39+00:00\",\"breadcrumb\":{\"@id\":\"https:\\\/\\\/ultimateplayerhq.com\\\/es\\\/ejemplo-de-inicio-de-membresia-del-club\\\/#breadcrumb\"},\"inLanguage\":\"es\",\"potentialAction\":[{\"@type\":\"ReadAction\",\"target\":[\"https:\\\/\\\/ultimateplayerhq.com\\\/es\\\/ejemplo-de-inicio-de-membresia-del-club\\\/\"]}]},{\"@type\":\"ImageObject\",\"inLanguage\":\"es\",\"@id\":\"https:\\\/\\\/ultimateplayerhq.com\\\/es\\\/ejemplo-de-inicio-de-membresia-del-club\\\/#primaryimage\",\"url\":\"https:\\\/\\\/images.squarespace-cdn.com\\\/content\\\/v1\\\/5a1c3d008fd4d2029e749ea4\\\/1595080590227-X8N4U7O2CUH8VRG7X81T\\\/ke17ZwdGBToddI8pDm48kK1EqSyxA8JUkt-6LPf9_7lZw-zPPgdn4jUwVcJE1ZvWEtT5uBSRWt4vQZAgTJucoTqqXjS3CfNDSuuf31e0tVHGuj3Xu5VXLkM_VG6YVNuyhgkXgHHBlwMEr3KSse3lZAoAoyhhjT2KWMI_uLxqnuw\\\/Ultimate+Player+HQ+logo.jpg\",\"contentUrl\":\"https:\\\/\\\/images.squarespace-cdn.com\\\/content\\\/v1\\\/5a1c3d008fd4d2029e749ea4\\\/1595080590227-X8N4U7O2CUH8VRG7X81T\\\/ke17ZwdGBToddI8pDm48kK1EqSyxA8JUkt-6LPf9_7lZw-zPPgdn4jUwVcJE1ZvWEtT5uBSRWt4vQZAgTJucoTqqXjS3CfNDSuuf31e0tVHGuj3Xu5VXLkM_VG6YVNuyhgkXgHHBlwMEr3KSse3lZAoAoyhhjT2KWMI_uLxqnuw\\\/Ultimate+Player+HQ+logo.jpg\"},{\"@type\":\"BreadcrumbList\",\"@id\":\"https:\\\/\\\/ultimateplayerhq.com\\\/es\\\/ejemplo-de-inicio-de-membresia-del-club\\\/#breadcrumb\",\"itemListElement\":[{\"@type\":\"ListItem\",\"position\":1,\"name\":\"Home\",\"item\":\"https:\\\/\\\/ultimateplayerhq.com\\\/es\\\/\"},{\"@type\":\"ListItem\",\"position\":2,\"name\":\"Ejemplo de inicio de membres\u00eda del club\"}]},{\"@type\":\"WebSite\",\"@id\":\"https:\\\/\\\/ultimateplayerhq.com\\\/es\\\/#website\",\"url\":\"https:\\\/\\\/ultimateplayerhq.com\\\/es\\\/\",\"name\":\"UltimatePlayerHQ\",\"description\":\"\",\"publisher\":{\"@id\":\"https:\\\/\\\/ultimateplayerhq.com\\\/es\\\/#organization\"},\"potentialAction\":[{\"@type\":\"SearchAction\",\"target\":{\"@type\":\"EntryPoint\",\"urlTemplate\":\"https:\\\/\\\/ultimateplayerhq.com\\\/es\\\/?s={search_term_string}\"},\"query-input\":{\"@type\":\"PropertyValueSpecification\",\"valueRequired\":true,\"valueName\":\"search_term_string\"}}],\"inLanguage\":\"es\"},{\"@type\":\"Organization\",\"@id\":\"https:\\\/\\\/ultimateplayerhq.com\\\/es\\\/#organization\",\"name\":\"Ultimate PlayerHQ\",\"url\":\"https:\\\/\\\/ultimateplayerhq.com\\\/es\\\/\",\"logo\":{\"@type\":\"ImageObject\",\"inLanguage\":\"es\",\"@id\":\"https:\\\/\\\/ultimateplayerhq.com\\\/es\\\/#\\\/schema\\\/logo\\\/image\\\/\",\"url\":\"https:\\\/\\\/ultimatehq.fra1.digitaloceanspaces.com\\\/wp-content\\\/uploads\\\/2023\\\/11\\\/footer_logo-1.svg\",\"contentUrl\":\"https:\\\/\\\/ultimatehq.fra1.digitaloceanspaces.com\\\/wp-content\\\/uploads\\\/2023\\\/11\\\/footer_logo-1.svg\",\"caption\":\"Ultimate PlayerHQ\"},\"image\":{\"@id\":\"https:\\\/\\\/ultimateplayerhq.com\\\/es\\\/#\\\/schema\\\/logo\\\/image\\\/\"},\"sameAs\":[\"https:\\\/\\\/www.facebook.com\\\/UltimatePlayerHQ\\\/\",\"https:\\\/\\\/x.com\\\/playersessionhq\"]}]}<\/script>\n<!-- \/ Yoast SEO plugin. -->","yoast_head_json":{"title":"Ejemplo de inicio de membres\u00eda del club - UltimatePlayerHQ","robots":{"index":"index","follow":"follow","max-snippet":"max-snippet:-1","max-image-preview":"max-image-preview:large","max-video-preview":"max-video-preview:-1"},"canonical":"https:\/\/ultimateplayerhq.com\/es\/ejemplo-de-inicio-de-membresia-del-club\/","og_locale":"es_ES","og_type":"article","og_title":"Ejemplo de inicio de membres\u00eda del club - UltimatePlayerHQ","og_description":"Un paquete de membres\u00eda del club es una colecci\u00f3n de miembros entrenadores que est\u00e1n vinculados y administrados por uno de sus miembros: el administrador del paquete. Los miembros del paquete comparten la misma fecha de renovaci\u00f3n, estado y nivel de acceso. A todo el paquete de membres\u00eda se le cobra una tarifa de membres\u00eda \u00fanica, [&hellip;]","og_url":"https:\/\/ultimateplayerhq.com\/es\/ejemplo-de-inicio-de-membresia-del-club\/","og_site_name":"UltimatePlayerHQ","article_publisher":"https:\/\/www.facebook.com\/UltimatePlayerHQ\/","article_modified_time":"2023-03-23T11:04:39+00:00","og_image":[{"url":"https:\/\/images.squarespace-cdn.com\/content\/v1\/5a1c3d008fd4d2029e749ea4\/1595080590227-X8N4U7O2CUH8VRG7X81T\/ke17ZwdGBToddI8pDm48kK1EqSyxA8JUkt-6LPf9_7lZw-zPPgdn4jUwVcJE1ZvWEtT5uBSRWt4vQZAgTJucoTqqXjS3CfNDSuuf31e0tVHGuj3Xu5VXLkM_VG6YVNuyhgkXgHHBlwMEr3KSse3lZAoAoyhhjT2KWMI_uLxqnuw\/Ultimate+Player+HQ+logo.jpg","type":"","width":"","height":""}],"twitter_misc":{"Tiempo de lectura":"1 minuto"},"schema":{"@context":"https:\/\/schema.org","@graph":[{"@type":"WebPage","@id":"https:\/\/ultimateplayerhq.com\/es\/ejemplo-de-inicio-de-membresia-del-club\/","url":"https:\/\/ultimateplayerhq.com\/es\/ejemplo-de-inicio-de-membresia-del-club\/","name":"Ejemplo de inicio de membres\u00eda del club - UltimatePlayerHQ","isPartOf":{"@id":"https:\/\/ultimateplayerhq.com\/es\/#website"},"primaryImageOfPage":{"@id":"https:\/\/ultimateplayerhq.com\/es\/ejemplo-de-inicio-de-membresia-del-club\/#primaryimage"},"image":{"@id":"https:\/\/ultimateplayerhq.com\/es\/ejemplo-de-inicio-de-membresia-del-club\/#primaryimage"},"thumbnailUrl":"https:\/\/images.squarespace-cdn.com\/content\/v1\/5a1c3d008fd4d2029e749ea4\/1595080590227-X8N4U7O2CUH8VRG7X81T\/ke17ZwdGBToddI8pDm48kK1EqSyxA8JUkt-6LPf9_7lZw-zPPgdn4jUwVcJE1ZvWEtT5uBSRWt4vQZAgTJucoTqqXjS3CfNDSuuf31e0tVHGuj3Xu5VXLkM_VG6YVNuyhgkXgHHBlwMEr3KSse3lZAoAoyhhjT2KWMI_uLxqnuw\/Ultimate+Player+HQ+logo.jpg","datePublished":"2020-09-23T07:30:21+00:00","dateModified":"2023-03-23T11:04:39+00:00","breadcrumb":{"@id":"https:\/\/ultimateplayerhq.com\/es\/ejemplo-de-inicio-de-membresia-del-club\/#breadcrumb"},"inLanguage":"es","potentialAction":[{"@type":"ReadAction","target":["https:\/\/ultimateplayerhq.com\/es\/ejemplo-de-inicio-de-membresia-del-club\/"]}]},{"@type":"ImageObject","inLanguage":"es","@id":"https:\/\/ultimateplayerhq.com\/es\/ejemplo-de-inicio-de-membresia-del-club\/#primaryimage","url":"https:\/\/images.squarespace-cdn.com\/content\/v1\/5a1c3d008fd4d2029e749ea4\/1595080590227-X8N4U7O2CUH8VRG7X81T\/ke17ZwdGBToddI8pDm48kK1EqSyxA8JUkt-6LPf9_7lZw-zPPgdn4jUwVcJE1ZvWEtT5uBSRWt4vQZAgTJucoTqqXjS3CfNDSuuf31e0tVHGuj3Xu5VXLkM_VG6YVNuyhgkXgHHBlwMEr3KSse3lZAoAoyhhjT2KWMI_uLxqnuw\/Ultimate+Player+HQ+logo.jpg","contentUrl":"https:\/\/images.squarespace-cdn.com\/content\/v1\/5a1c3d008fd4d2029e749ea4\/1595080590227-X8N4U7O2CUH8VRG7X81T\/ke17ZwdGBToddI8pDm48kK1EqSyxA8JUkt-6LPf9_7lZw-zPPgdn4jUwVcJE1ZvWEtT5uBSRWt4vQZAgTJucoTqqXjS3CfNDSuuf31e0tVHGuj3Xu5VXLkM_VG6YVNuyhgkXgHHBlwMEr3KSse3lZAoAoyhhjT2KWMI_uLxqnuw\/Ultimate+Player+HQ+logo.jpg"},{"@type":"BreadcrumbList","@id":"https:\/\/ultimateplayerhq.com\/es\/ejemplo-de-inicio-de-membresia-del-club\/#breadcrumb","itemListElement":[{"@type":"ListItem","position":1,"name":"Home","item":"https:\/\/ultimateplayerhq.com\/es\/"},{"@type":"ListItem","position":2,"name":"Ejemplo de inicio de membres\u00eda del club"}]},{"@type":"WebSite","@id":"https:\/\/ultimateplayerhq.com\/es\/#website","url":"https:\/\/ultimateplayerhq.com\/es\/","name":"UltimatePlayerHQ","description":"","publisher":{"@id":"https:\/\/ultimateplayerhq.com\/es\/#organization"},"potentialAction":[{"@type":"SearchAction","target":{"@type":"EntryPoint","urlTemplate":"https:\/\/ultimateplayerhq.com\/es\/?s={search_term_string}"},"query-input":{"@type":"PropertyValueSpecification","valueRequired":true,"valueName":"search_term_string"}}],"inLanguage":"es"},{"@type":"Organization","@id":"https:\/\/ultimateplayerhq.com\/es\/#organization","name":"Ultimate PlayerHQ","url":"https:\/\/ultimateplayerhq.com\/es\/","logo":{"@type":"ImageObject","inLanguage":"es","@id":"https:\/\/ultimateplayerhq.com\/es\/#\/schema\/logo\/image\/","url":"https:\/\/ultimatehq.fra1.digitaloceanspaces.com\/wp-content\/uploads\/2023\/11\/footer_logo-1.svg","contentUrl":"https:\/\/ultimatehq.fra1.digitaloceanspaces.com\/wp-content\/uploads\/2023\/11\/footer_logo-1.svg","caption":"Ultimate PlayerHQ"},"image":{"@id":"https:\/\/ultimateplayerhq.com\/es\/#\/schema\/logo\/image\/"},"sameAs":["https:\/\/www.facebook.com\/UltimatePlayerHQ\/","https:\/\/x.com\/playersessionhq"]}]}},"_links":{"self":[{"href":"https:\/\/ultimateplayerhq.com\/es\/wp-json\/wp\/v2\/pages\/72783","targetHints":{"allow":["GET"]}}],"collection":[{"href":"https:\/\/ultimateplayerhq.com\/es\/wp-json\/wp\/v2\/pages"}],"about":[{"href":"https:\/\/ultimateplayerhq.com\/es\/wp-json\/wp\/v2\/types\/page"}],"author":[{"embeddable":true,"href":"https:\/\/ultimateplayerhq.com\/es\/wp-json\/wp\/v2\/users\/1"}],"replies":[{"embeddable":true,"href":"https:\/\/ultimateplayerhq.com\/es\/wp-json\/wp\/v2\/comments?post=72783"}],"version-history":[{"count":0,"href":"https:\/\/ultimateplayerhq.com\/es\/wp-json\/wp\/v2\/pages\/72783\/revisions"}],"wp:attachment":[{"href":"https:\/\/ultimateplayerhq.com\/es\/wp-json\/wp\/v2\/media?parent=72783"}],"curies":[{"name":"wp","href":"https:\/\/api.w.org\/{rel}","templated":true}]}}