{"id":120251,"date":"2023-12-05T11:24:07","date_gmt":"2023-12-05T11:24:07","guid":{"rendered":"https:\/\/ultimateplayerhq.com\/?post_type=product&#038;p=120251"},"modified":"2024-01-18T06:14:22","modified_gmt":"2024-01-18T06:14:22","slug":"plan-individual-mensual","status":"publish","type":"product","link":"https:\/\/ultimateplayerhq.com\/es\/product\/plan-individual-mensual\/","title":{"rendered":"Plan Individual Mensual"},"content":{"rendered":"<p>Incluye membres\u00edas para <span style=\"text-decoration: underline;\">hasta 100 entrenadores<\/span> por a\u00f1o, lo que les proporciona acceso a m\u00e1s de miles sesiones de entrenamiento animadas, plantillas de discursos de entrenamiento descargables, vestuario de entrenadores individuales y m\u00e1s. !<\/p>\n<p>Recibir\u00e1s un c\u00f3digo de descuento especial para entreg\u00e1rselo a tus entrenadores para crear su membres\u00eda.<\/p>\n<p>Centro de contacto del administrador para soporte y cambiar qui\u00e9n recibe membres\u00edas.<\/p>\n<p><strong>M\u00c1S<\/strong>: p\u00e1gina de inicio personalizada del club en UltimateplayerHQ con la marca del club destacada y sesiones favoritas<\/p>\n<p><strong>M\u00c1S<\/strong>: Copia digital del Manual de sesiones 1 y 2 de UltimateplayerHQ para todos los entrenadores<\/p>\n<p><strong>M\u00c1S<\/strong>: 5 copias f\u00edsicas de cada libro de UltimateplayerHQ<\/p>\n<div style=\"margin: 20px 0;\"><div class=\"qrcswholewtapper\" style=\"text-align:left;\"><div class=\"qrcprowrapper\"  id=\"qrcwraa2leds\"><div class=\"qrc_canvass\" id=\"qrc_cuttenpages_2\" style=\"display:inline-block\" data-text=\"https:\/\/ultimateplayerhq.com\/es\/product\/plan-individual-mensual\/\"><\/div><\/div><\/div><\/div>","protected":false},"excerpt":{"rendered":"<p>Incluye membres\u00edas para hasta 100 entrenadores por a\u00f1o, lo que les proporciona acceso a m\u00e1s de miles sesiones de entrenamiento animadas, plantillas de discursos de entrenamiento descargables, vestuario de entrenadores individuales y m\u00e1s. ! Recibir\u00e1s un c\u00f3digo de descuento especial para entreg\u00e1rselo a tus entrenadores para crear su membres\u00eda. Centro de contacto del administrador para [&hellip;]<\/p>\n","protected":false},"featured_media":252597,"comment_status":"closed","ping_status":"closed","template":"","meta":{"_acf_changed":false,"pmpro_default_level":""},"product_brand":[],"product_cat":[2655],"product_tag":[],"class_list":{"0":"post-120251","1":"product","2":"type-product","3":"status-publish","4":"has-post-thumbnail","6":"product_cat-afiliacion","7":"pmpro-has-access","9":"first","10":"instock","11":"virtual","12":"sold-individually","13":"purchasable","14":"product-type-subscription"},"acf":[],"yoast_head":"<!-- This site is optimized with the Yoast SEO plugin v27.3 - https:\/\/yoast.com\/product\/yoast-seo-wordpress\/ -->\n<title>Plan Individual Mensual - UltimatePlayerHQ<\/title>\n<meta name=\"robots\" content=\"index, follow, max-snippet:-1, max-image-preview:large, max-video-preview:-1\" \/>\n<link rel=\"canonical\" href=\"https:\/\/ultimateplayerhq.com\/es\/product\/plan-individual-mensual\/\" \/>\n<meta property=\"og:locale\" content=\"es_ES\" \/>\n<meta property=\"og:type\" content=\"article\" \/>\n<meta property=\"og:title\" content=\"Plan Individual Mensual - UltimatePlayerHQ\" \/>\n<meta property=\"og:description\" content=\"Incluye membres\u00edas para hasta 100 entrenadores por a\u00f1o, lo que les proporciona acceso a m\u00e1s de miles sesiones de entrenamiento animadas, plantillas de discursos de entrenamiento descargables, vestuario de entrenadores individuales y m\u00e1s. ! Recibir\u00e1s un c\u00f3digo de descuento especial para entreg\u00e1rselo a tus entrenadores para crear su membres\u00eda. Centro de contacto del administrador para [&hellip;]\" \/>\n<meta property=\"og:url\" content=\"https:\/\/ultimateplayerhq.com\/es\/product\/plan-individual-mensual\/\" \/>\n<meta property=\"og:site_name\" content=\"UltimatePlayerHQ\" \/>\n<meta property=\"article:publisher\" content=\"https:\/\/www.facebook.com\/UltimatePlayerHQ\/\" \/>\n<meta property=\"article:modified_time\" content=\"2024-01-18T06:14:22+00:00\" \/>\n<meta property=\"og:image\" content=\"https:\/\/ultimatehq.fra1.digitaloceanspaces.com\/wp-content\/uploads\/2021\/04\/Club-Membership-Logo-01.png\" \/>\n\t<meta property=\"og:image:width\" content=\"1743\" \/>\n\t<meta property=\"og:image:height\" content=\"1098\" \/>\n\t<meta property=\"og:image:type\" content=\"image\/png\" \/>\n<meta name=\"twitter:label1\" content=\"Tiempo de lectura\" \/>\n\t<meta name=\"twitter:data1\" content=\"1 minuto\" \/>\n<script type=\"application\/ld+json\" class=\"yoast-schema-graph\">{\"@context\":\"https:\\\/\\\/schema.org\",\"@graph\":[{\"@type\":\"WebPage\",\"@id\":\"https:\\\/\\\/ultimateplayerhq.com\\\/es\\\/product\\\/plan-individual-mensual\\\/\",\"url\":\"https:\\\/\\\/ultimateplayerhq.com\\\/es\\\/product\\\/plan-individual-mensual\\\/\",\"name\":\"Plan Individual Mensual - UltimatePlayerHQ\",\"isPartOf\":{\"@id\":\"https:\\\/\\\/ultimateplayerhq.com\\\/es\\\/#website\"},\"primaryImageOfPage\":{\"@id\":\"https:\\\/\\\/ultimateplayerhq.com\\\/es\\\/product\\\/plan-individual-mensual\\\/#primaryimage\"},\"image\":{\"@id\":\"https:\\\/\\\/ultimateplayerhq.com\\\/es\\\/product\\\/plan-individual-mensual\\\/#primaryimage\"},\"thumbnailUrl\":\"https:\\\/\\\/ultimatehq.fra1.digitaloceanspaces.com\\\/wp-content\\\/uploads\\\/2023\\\/12\\\/large-bundle.png\",\"datePublished\":\"2023-12-05T11:24:07+00:00\",\"dateModified\":\"2024-01-18T06:14:22+00:00\",\"breadcrumb\":{\"@id\":\"https:\\\/\\\/ultimateplayerhq.com\\\/es\\\/product\\\/plan-individual-mensual\\\/#breadcrumb\"},\"inLanguage\":\"es\",\"potentialAction\":[{\"@type\":\"ReadAction\",\"target\":[\"https:\\\/\\\/ultimateplayerhq.com\\\/es\\\/product\\\/plan-individual-mensual\\\/\"]}]},{\"@type\":\"ImageObject\",\"inLanguage\":\"es\",\"@id\":\"https:\\\/\\\/ultimateplayerhq.com\\\/es\\\/product\\\/plan-individual-mensual\\\/#primaryimage\",\"url\":\"https:\\\/\\\/ultimatehq.fra1.digitaloceanspaces.com\\\/wp-content\\\/uploads\\\/2023\\\/12\\\/large-bundle.png\",\"contentUrl\":\"https:\\\/\\\/ultimatehq.fra1.digitaloceanspaces.com\\\/wp-content\\\/uploads\\\/2023\\\/12\\\/large-bundle.png\",\"width\":321,\"height\":265},{\"@type\":\"BreadcrumbList\",\"@id\":\"https:\\\/\\\/ultimateplayerhq.com\\\/es\\\/product\\\/plan-individual-mensual\\\/#breadcrumb\",\"itemListElement\":[{\"@type\":\"ListItem\",\"position\":1,\"name\":\"Home\",\"item\":\"https:\\\/\\\/ultimateplayerhq.com\\\/es\\\/\"},{\"@type\":\"ListItem\",\"position\":2,\"name\":\"Comercio\",\"item\":\"https:\\\/\\\/ultimateplayerhq.com\\\/es\\\/comercio\\\/\"},{\"@type\":\"ListItem\",\"position\":3,\"name\":\"Plan Individual Mensual\"}]},{\"@type\":\"WebSite\",\"@id\":\"https:\\\/\\\/ultimateplayerhq.com\\\/es\\\/#website\",\"url\":\"https:\\\/\\\/ultimateplayerhq.com\\\/es\\\/\",\"name\":\"UltimatePlayerHQ\",\"description\":\"\",\"publisher\":{\"@id\":\"https:\\\/\\\/ultimateplayerhq.com\\\/es\\\/#organization\"},\"potentialAction\":[{\"@type\":\"SearchAction\",\"target\":{\"@type\":\"EntryPoint\",\"urlTemplate\":\"https:\\\/\\\/ultimateplayerhq.com\\\/es\\\/?s={search_term_string}\"},\"query-input\":{\"@type\":\"PropertyValueSpecification\",\"valueRequired\":true,\"valueName\":\"search_term_string\"}}],\"inLanguage\":\"es\"},{\"@type\":\"Organization\",\"@id\":\"https:\\\/\\\/ultimateplayerhq.com\\\/es\\\/#organization\",\"name\":\"Ultimate PlayerHQ\",\"url\":\"https:\\\/\\\/ultimateplayerhq.com\\\/es\\\/\",\"logo\":{\"@type\":\"ImageObject\",\"inLanguage\":\"es\",\"@id\":\"https:\\\/\\\/ultimateplayerhq.com\\\/es\\\/#\\\/schema\\\/logo\\\/image\\\/\",\"url\":\"https:\\\/\\\/ultimatehq.fra1.digitaloceanspaces.com\\\/wp-content\\\/uploads\\\/2023\\\/11\\\/footer_logo-1.svg\",\"contentUrl\":\"https:\\\/\\\/ultimatehq.fra1.digitaloceanspaces.com\\\/wp-content\\\/uploads\\\/2023\\\/11\\\/footer_logo-1.svg\",\"caption\":\"Ultimate PlayerHQ\"},\"image\":{\"@id\":\"https:\\\/\\\/ultimateplayerhq.com\\\/es\\\/#\\\/schema\\\/logo\\\/image\\\/\"},\"sameAs\":[\"https:\\\/\\\/www.facebook.com\\\/UltimatePlayerHQ\\\/\",\"https:\\\/\\\/x.com\\\/playersessionhq\"]}]}<\/script>\n<!-- \/ Yoast SEO plugin. -->","yoast_head_json":{"title":"Plan Individual Mensual - UltimatePlayerHQ","robots":{"index":"index","follow":"follow","max-snippet":"max-snippet:-1","max-image-preview":"max-image-preview:large","max-video-preview":"max-video-preview:-1"},"canonical":"https:\/\/ultimateplayerhq.com\/es\/product\/plan-individual-mensual\/","og_locale":"es_ES","og_type":"article","og_title":"Plan Individual Mensual - UltimatePlayerHQ","og_description":"Incluye membres\u00edas para hasta 100 entrenadores por a\u00f1o, lo que les proporciona acceso a m\u00e1s de miles sesiones de entrenamiento animadas, plantillas de discursos de entrenamiento descargables, vestuario de entrenadores individuales y m\u00e1s. ! Recibir\u00e1s un c\u00f3digo de descuento especial para entreg\u00e1rselo a tus entrenadores para crear su membres\u00eda. Centro de contacto del administrador para [&hellip;]","og_url":"https:\/\/ultimateplayerhq.com\/es\/product\/plan-individual-mensual\/","og_site_name":"UltimatePlayerHQ","article_publisher":"https:\/\/www.facebook.com\/UltimatePlayerHQ\/","article_modified_time":"2024-01-18T06:14:22+00:00","og_image":[{"width":1743,"height":1098,"url":"https:\/\/ultimatehq.fra1.digitaloceanspaces.com\/wp-content\/uploads\/2021\/04\/Club-Membership-Logo-01.png","type":"image\/png"}],"twitter_misc":{"Tiempo de lectura":"1 minuto"},"schema":{"@context":"https:\/\/schema.org","@graph":[{"@type":"WebPage","@id":"https:\/\/ultimateplayerhq.com\/es\/product\/plan-individual-mensual\/","url":"https:\/\/ultimateplayerhq.com\/es\/product\/plan-individual-mensual\/","name":"Plan Individual Mensual - UltimatePlayerHQ","isPartOf":{"@id":"https:\/\/ultimateplayerhq.com\/es\/#website"},"primaryImageOfPage":{"@id":"https:\/\/ultimateplayerhq.com\/es\/product\/plan-individual-mensual\/#primaryimage"},"image":{"@id":"https:\/\/ultimateplayerhq.com\/es\/product\/plan-individual-mensual\/#primaryimage"},"thumbnailUrl":"https:\/\/ultimatehq.fra1.digitaloceanspaces.com\/wp-content\/uploads\/2023\/12\/large-bundle.png","datePublished":"2023-12-05T11:24:07+00:00","dateModified":"2024-01-18T06:14:22+00:00","breadcrumb":{"@id":"https:\/\/ultimateplayerhq.com\/es\/product\/plan-individual-mensual\/#breadcrumb"},"inLanguage":"es","potentialAction":[{"@type":"ReadAction","target":["https:\/\/ultimateplayerhq.com\/es\/product\/plan-individual-mensual\/"]}]},{"@type":"ImageObject","inLanguage":"es","@id":"https:\/\/ultimateplayerhq.com\/es\/product\/plan-individual-mensual\/#primaryimage","url":"https:\/\/ultimatehq.fra1.digitaloceanspaces.com\/wp-content\/uploads\/2023\/12\/large-bundle.png","contentUrl":"https:\/\/ultimatehq.fra1.digitaloceanspaces.com\/wp-content\/uploads\/2023\/12\/large-bundle.png","width":321,"height":265},{"@type":"BreadcrumbList","@id":"https:\/\/ultimateplayerhq.com\/es\/product\/plan-individual-mensual\/#breadcrumb","itemListElement":[{"@type":"ListItem","position":1,"name":"Home","item":"https:\/\/ultimateplayerhq.com\/es\/"},{"@type":"ListItem","position":2,"name":"Comercio","item":"https:\/\/ultimateplayerhq.com\/es\/comercio\/"},{"@type":"ListItem","position":3,"name":"Plan Individual Mensual"}]},{"@type":"WebSite","@id":"https:\/\/ultimateplayerhq.com\/es\/#website","url":"https:\/\/ultimateplayerhq.com\/es\/","name":"UltimatePlayerHQ","description":"","publisher":{"@id":"https:\/\/ultimateplayerhq.com\/es\/#organization"},"potentialAction":[{"@type":"SearchAction","target":{"@type":"EntryPoint","urlTemplate":"https:\/\/ultimateplayerhq.com\/es\/?s={search_term_string}"},"query-input":{"@type":"PropertyValueSpecification","valueRequired":true,"valueName":"search_term_string"}}],"inLanguage":"es"},{"@type":"Organization","@id":"https:\/\/ultimateplayerhq.com\/es\/#organization","name":"Ultimate PlayerHQ","url":"https:\/\/ultimateplayerhq.com\/es\/","logo":{"@type":"ImageObject","inLanguage":"es","@id":"https:\/\/ultimateplayerhq.com\/es\/#\/schema\/logo\/image\/","url":"https:\/\/ultimatehq.fra1.digitaloceanspaces.com\/wp-content\/uploads\/2023\/11\/footer_logo-1.svg","contentUrl":"https:\/\/ultimatehq.fra1.digitaloceanspaces.com\/wp-content\/uploads\/2023\/11\/footer_logo-1.svg","caption":"Ultimate PlayerHQ"},"image":{"@id":"https:\/\/ultimateplayerhq.com\/es\/#\/schema\/logo\/image\/"},"sameAs":["https:\/\/www.facebook.com\/UltimatePlayerHQ\/","https:\/\/x.com\/playersessionhq"]}]}},"_links":{"self":[{"href":"https:\/\/ultimateplayerhq.com\/es\/wp-json\/wp\/v2\/product\/120251","targetHints":{"allow":["GET"]}}],"collection":[{"href":"https:\/\/ultimateplayerhq.com\/es\/wp-json\/wp\/v2\/product"}],"about":[{"href":"https:\/\/ultimateplayerhq.com\/es\/wp-json\/wp\/v2\/types\/product"}],"replies":[{"embeddable":true,"href":"https:\/\/ultimateplayerhq.com\/es\/wp-json\/wp\/v2\/comments?post=120251"}],"wp:featuredmedia":[{"embeddable":true,"href":"https:\/\/ultimateplayerhq.com\/es\/wp-json\/wp\/v2\/media\/252597"}],"wp:attachment":[{"href":"https:\/\/ultimateplayerhq.com\/es\/wp-json\/wp\/v2\/media?parent=120251"}],"wp:term":[{"taxonomy":"product_brand","embeddable":true,"href":"https:\/\/ultimateplayerhq.com\/es\/wp-json\/wp\/v2\/product_brand?post=120251"},{"taxonomy":"product_cat","embeddable":true,"href":"https:\/\/ultimateplayerhq.com\/es\/wp-json\/wp\/v2\/product_cat?post=120251"},{"taxonomy":"product_tag","embeddable":true,"href":"https:\/\/ultimateplayerhq.com\/es\/wp-json\/wp\/v2\/product_tag?post=120251"}],"curies":[{"name":"wp","href":"https:\/\/api.w.org\/{rel}","templated":true}]}}