{"id":243989,"date":"2025-07-29T07:54:58","date_gmt":"2025-07-29T07:54:58","guid":{"rendered":"https:\/\/ultimateplayerhq.com\/?post_type=product&#038;p=243989"},"modified":"2025-07-29T07:58:33","modified_gmt":"2025-07-29T07:58:33","slug":"prueba-gratuita-de-7-dias-plan-individual-anual","status":"publish","type":"product","link":"https:\/\/ultimateplayerhq.com\/es\/product\/prueba-gratuita-de-7-dias-plan-individual-anual\/","title":{"rendered":"Prueba gratuita de 7 d\u00edas &#8211; Plan Individual Anual"},"content":{"rendered":"<p class=\"\">Acceso a miles de sesiones de capacitaci\u00f3n categorizadas, animadas y en vivo<\/p>\n<p class=\"\">Acceso a la aplicaci\u00f3n m\u00f3vil disponible en Apple App Store y Google Play<\/p>\n<p class=\"\">Nuevas sesiones a\u00f1adidas semanalmente<\/p>\n<p class=\"\">Descuentos solo para miembros de un n\u00famero creciente de socios, incluidos TacticalPad y QuickplaySport<\/p>\n<p class=\"\"><strong>Novedad: <\/strong>Campo de entrenamiento con desaf\u00edos de entrenadores profesionales, sesiones 3D y actividades en vivo para hacer en casa<\/p>\n<p class=\"\"><strong>Nuevo: <\/strong>Sesiones de distanciamiento social<\/p>\n<p class=\"\"><strong>M\u00c1S:<\/strong> <strong>Los miembros anuales pueden descargar sesiones para verlas sin conexi\u00f3n<\/strong><\/p>\n<div style=\"margin: 20px 0;\"><div class=\"qrcswholewtapper\" style=\"text-align:left;\"><div class=\"qrcprowrapper\"  id=\"qrcwraa2leds\"><div class=\"qrc_canvass\" id=\"qrc_cuttenpages_2\" style=\"display:inline-block\" data-text=\"https:\/\/ultimateplayerhq.com\/es\/product\/prueba-gratuita-de-7-dias-plan-individual-anual\/\"><\/div><\/div><\/div><\/div>","protected":false},"excerpt":{"rendered":"<p>Acceso a miles de sesiones de capacitaci\u00f3n categorizadas, animadas y en vivo Acceso a la aplicaci\u00f3n m\u00f3vil disponible en Apple App Store y Google Play Nuevas sesiones a\u00f1adidas semanalmente Descuentos solo para miembros de un n\u00famero creciente de socios, incluidos TacticalPad y QuickplaySport Novedad: Campo de entrenamiento con desaf\u00edos de entrenadores profesionales, sesiones 3D y [&hellip;]<\/p>\n","protected":false},"featured_media":243996,"comment_status":"closed","ping_status":"closed","template":"","meta":{"_acf_changed":false,"pmpro_default_level":""},"product_brand":[],"product_cat":[2655],"product_tag":[],"class_list":{"0":"post-243989","1":"product","2":"type-product","3":"status-publish","4":"has-post-thumbnail","6":"product_cat-afiliacion","7":"pmpro-has-access","9":"first","10":"instock","11":"virtual","12":"sold-individually","13":"purchasable","14":"product-type-subscription"},"acf":[],"yoast_head":"<!-- This site is optimized with the Yoast SEO plugin v27.3 - https:\/\/yoast.com\/product\/yoast-seo-wordpress\/ -->\n<title>Prueba gratuita de 7 d\u00edas - Plan Individual Anual - UltimatePlayerHQ<\/title>\n<meta name=\"robots\" content=\"index, follow, max-snippet:-1, max-image-preview:large, max-video-preview:-1\" \/>\n<link rel=\"canonical\" href=\"https:\/\/ultimateplayerhq.com\/es\/product\/prueba-gratuita-de-7-dias-plan-individual-anual\/\" \/>\n<meta property=\"og:locale\" content=\"es_ES\" \/>\n<meta property=\"og:type\" content=\"article\" \/>\n<meta property=\"og:title\" content=\"Prueba gratuita de 7 d\u00edas - Plan Individual Anual - UltimatePlayerHQ\" \/>\n<meta property=\"og:description\" content=\"Acceso a miles de sesiones de capacitaci\u00f3n categorizadas, animadas y en vivo Acceso a la aplicaci\u00f3n m\u00f3vil disponible en Apple App Store y Google Play Nuevas sesiones a\u00f1adidas semanalmente Descuentos solo para miembros de un n\u00famero creciente de socios, incluidos TacticalPad y QuickplaySport Novedad: Campo de entrenamiento con desaf\u00edos de entrenadores profesionales, sesiones 3D y [&hellip;]\" \/>\n<meta property=\"og:url\" content=\"https:\/\/ultimateplayerhq.com\/es\/product\/prueba-gratuita-de-7-dias-plan-individual-anual\/\" \/>\n<meta property=\"og:site_name\" content=\"UltimatePlayerHQ\" \/>\n<meta property=\"article:publisher\" content=\"https:\/\/www.facebook.com\/UltimatePlayerHQ\/\" \/>\n<meta property=\"article:modified_time\" content=\"2025-07-29T07:58:33+00:00\" \/>\n<meta property=\"og:image\" content=\"https:\/\/ultimatehq.fra1.digitaloceanspaces.com\/wp-content\/uploads\/2025\/07\/UPHQ-Plan.jpg\" \/>\n\t<meta property=\"og:image:width\" content=\"1097\" \/>\n\t<meta property=\"og:image:height\" content=\"652\" \/>\n\t<meta property=\"og:image:type\" content=\"image\/jpeg\" \/>\n<meta name=\"twitter:label1\" content=\"Tiempo de lectura\" \/>\n\t<meta name=\"twitter:data1\" content=\"1 minuto\" \/>\n<script type=\"application\/ld+json\" class=\"yoast-schema-graph\">{\"@context\":\"https:\\\/\\\/schema.org\",\"@graph\":[{\"@type\":\"WebPage\",\"@id\":\"https:\\\/\\\/ultimateplayerhq.com\\\/es\\\/product\\\/prueba-gratuita-de-7-dias-plan-individual-anual\\\/\",\"url\":\"https:\\\/\\\/ultimateplayerhq.com\\\/es\\\/product\\\/prueba-gratuita-de-7-dias-plan-individual-anual\\\/\",\"name\":\"Prueba gratuita de 7 d\u00edas - Plan Individual Anual - UltimatePlayerHQ\",\"isPartOf\":{\"@id\":\"https:\\\/\\\/ultimateplayerhq.com\\\/es\\\/#website\"},\"primaryImageOfPage\":{\"@id\":\"https:\\\/\\\/ultimateplayerhq.com\\\/es\\\/product\\\/prueba-gratuita-de-7-dias-plan-individual-anual\\\/#primaryimage\"},\"image\":{\"@id\":\"https:\\\/\\\/ultimateplayerhq.com\\\/es\\\/product\\\/prueba-gratuita-de-7-dias-plan-individual-anual\\\/#primaryimage\"},\"thumbnailUrl\":\"https:\\\/\\\/ultimatehq.fra1.digitaloceanspaces.com\\\/wp-content\\\/uploads\\\/2025\\\/07\\\/UPHQ-Plan.jpg\",\"datePublished\":\"2025-07-29T07:54:58+00:00\",\"dateModified\":\"2025-07-29T07:58:33+00:00\",\"breadcrumb\":{\"@id\":\"https:\\\/\\\/ultimateplayerhq.com\\\/es\\\/product\\\/prueba-gratuita-de-7-dias-plan-individual-anual\\\/#breadcrumb\"},\"inLanguage\":\"es\",\"potentialAction\":[{\"@type\":\"ReadAction\",\"target\":[\"https:\\\/\\\/ultimateplayerhq.com\\\/es\\\/product\\\/prueba-gratuita-de-7-dias-plan-individual-anual\\\/\"]}]},{\"@type\":\"ImageObject\",\"inLanguage\":\"es\",\"@id\":\"https:\\\/\\\/ultimateplayerhq.com\\\/es\\\/product\\\/prueba-gratuita-de-7-dias-plan-individual-anual\\\/#primaryimage\",\"url\":\"https:\\\/\\\/ultimatehq.fra1.digitaloceanspaces.com\\\/wp-content\\\/uploads\\\/2025\\\/07\\\/UPHQ-Plan.jpg\",\"contentUrl\":\"https:\\\/\\\/ultimatehq.fra1.digitaloceanspaces.com\\\/wp-content\\\/uploads\\\/2025\\\/07\\\/UPHQ-Plan.jpg\",\"width\":1097,\"height\":652},{\"@type\":\"BreadcrumbList\",\"@id\":\"https:\\\/\\\/ultimateplayerhq.com\\\/es\\\/product\\\/prueba-gratuita-de-7-dias-plan-individual-anual\\\/#breadcrumb\",\"itemListElement\":[{\"@type\":\"ListItem\",\"position\":1,\"name\":\"Home\",\"item\":\"https:\\\/\\\/ultimateplayerhq.com\\\/es\\\/\"},{\"@type\":\"ListItem\",\"position\":2,\"name\":\"Comercio\",\"item\":\"https:\\\/\\\/ultimateplayerhq.com\\\/es\\\/comercio\\\/\"},{\"@type\":\"ListItem\",\"position\":3,\"name\":\"Prueba gratuita de 7 d\u00edas &#8211; Plan Individual Anual\"}]},{\"@type\":\"WebSite\",\"@id\":\"https:\\\/\\\/ultimateplayerhq.com\\\/es\\\/#website\",\"url\":\"https:\\\/\\\/ultimateplayerhq.com\\\/es\\\/\",\"name\":\"UltimatePlayerHQ\",\"description\":\"\",\"publisher\":{\"@id\":\"https:\\\/\\\/ultimateplayerhq.com\\\/es\\\/#organization\"},\"potentialAction\":[{\"@type\":\"SearchAction\",\"target\":{\"@type\":\"EntryPoint\",\"urlTemplate\":\"https:\\\/\\\/ultimateplayerhq.com\\\/es\\\/?s={search_term_string}\"},\"query-input\":{\"@type\":\"PropertyValueSpecification\",\"valueRequired\":true,\"valueName\":\"search_term_string\"}}],\"inLanguage\":\"es\"},{\"@type\":\"Organization\",\"@id\":\"https:\\\/\\\/ultimateplayerhq.com\\\/es\\\/#organization\",\"name\":\"Ultimate PlayerHQ\",\"url\":\"https:\\\/\\\/ultimateplayerhq.com\\\/es\\\/\",\"logo\":{\"@type\":\"ImageObject\",\"inLanguage\":\"es\",\"@id\":\"https:\\\/\\\/ultimateplayerhq.com\\\/es\\\/#\\\/schema\\\/logo\\\/image\\\/\",\"url\":\"https:\\\/\\\/ultimatehq.fra1.digitaloceanspaces.com\\\/wp-content\\\/uploads\\\/2023\\\/11\\\/footer_logo-1.svg\",\"contentUrl\":\"https:\\\/\\\/ultimatehq.fra1.digitaloceanspaces.com\\\/wp-content\\\/uploads\\\/2023\\\/11\\\/footer_logo-1.svg\",\"caption\":\"Ultimate PlayerHQ\"},\"image\":{\"@id\":\"https:\\\/\\\/ultimateplayerhq.com\\\/es\\\/#\\\/schema\\\/logo\\\/image\\\/\"},\"sameAs\":[\"https:\\\/\\\/www.facebook.com\\\/UltimatePlayerHQ\\\/\",\"https:\\\/\\\/x.com\\\/playersessionhq\"]}]}<\/script>\n<!-- \/ Yoast SEO plugin. -->","yoast_head_json":{"title":"Prueba gratuita de 7 d\u00edas - Plan Individual Anual - UltimatePlayerHQ","robots":{"index":"index","follow":"follow","max-snippet":"max-snippet:-1","max-image-preview":"max-image-preview:large","max-video-preview":"max-video-preview:-1"},"canonical":"https:\/\/ultimateplayerhq.com\/es\/product\/prueba-gratuita-de-7-dias-plan-individual-anual\/","og_locale":"es_ES","og_type":"article","og_title":"Prueba gratuita de 7 d\u00edas - Plan Individual Anual - UltimatePlayerHQ","og_description":"Acceso a miles de sesiones de capacitaci\u00f3n categorizadas, animadas y en vivo Acceso a la aplicaci\u00f3n m\u00f3vil disponible en Apple App Store y Google Play Nuevas sesiones a\u00f1adidas semanalmente Descuentos solo para miembros de un n\u00famero creciente de socios, incluidos TacticalPad y QuickplaySport Novedad: Campo de entrenamiento con desaf\u00edos de entrenadores profesionales, sesiones 3D y [&hellip;]","og_url":"https:\/\/ultimateplayerhq.com\/es\/product\/prueba-gratuita-de-7-dias-plan-individual-anual\/","og_site_name":"UltimatePlayerHQ","article_publisher":"https:\/\/www.facebook.com\/UltimatePlayerHQ\/","article_modified_time":"2025-07-29T07:58:33+00:00","og_image":[{"width":1097,"height":652,"url":"https:\/\/ultimatehq.fra1.digitaloceanspaces.com\/wp-content\/uploads\/2025\/07\/UPHQ-Plan.jpg","type":"image\/jpeg"}],"twitter_misc":{"Tiempo de lectura":"1 minuto"},"schema":{"@context":"https:\/\/schema.org","@graph":[{"@type":"WebPage","@id":"https:\/\/ultimateplayerhq.com\/es\/product\/prueba-gratuita-de-7-dias-plan-individual-anual\/","url":"https:\/\/ultimateplayerhq.com\/es\/product\/prueba-gratuita-de-7-dias-plan-individual-anual\/","name":"Prueba gratuita de 7 d\u00edas - Plan Individual Anual - UltimatePlayerHQ","isPartOf":{"@id":"https:\/\/ultimateplayerhq.com\/es\/#website"},"primaryImageOfPage":{"@id":"https:\/\/ultimateplayerhq.com\/es\/product\/prueba-gratuita-de-7-dias-plan-individual-anual\/#primaryimage"},"image":{"@id":"https:\/\/ultimateplayerhq.com\/es\/product\/prueba-gratuita-de-7-dias-plan-individual-anual\/#primaryimage"},"thumbnailUrl":"https:\/\/ultimatehq.fra1.digitaloceanspaces.com\/wp-content\/uploads\/2025\/07\/UPHQ-Plan.jpg","datePublished":"2025-07-29T07:54:58+00:00","dateModified":"2025-07-29T07:58:33+00:00","breadcrumb":{"@id":"https:\/\/ultimateplayerhq.com\/es\/product\/prueba-gratuita-de-7-dias-plan-individual-anual\/#breadcrumb"},"inLanguage":"es","potentialAction":[{"@type":"ReadAction","target":["https:\/\/ultimateplayerhq.com\/es\/product\/prueba-gratuita-de-7-dias-plan-individual-anual\/"]}]},{"@type":"ImageObject","inLanguage":"es","@id":"https:\/\/ultimateplayerhq.com\/es\/product\/prueba-gratuita-de-7-dias-plan-individual-anual\/#primaryimage","url":"https:\/\/ultimatehq.fra1.digitaloceanspaces.com\/wp-content\/uploads\/2025\/07\/UPHQ-Plan.jpg","contentUrl":"https:\/\/ultimatehq.fra1.digitaloceanspaces.com\/wp-content\/uploads\/2025\/07\/UPHQ-Plan.jpg","width":1097,"height":652},{"@type":"BreadcrumbList","@id":"https:\/\/ultimateplayerhq.com\/es\/product\/prueba-gratuita-de-7-dias-plan-individual-anual\/#breadcrumb","itemListElement":[{"@type":"ListItem","position":1,"name":"Home","item":"https:\/\/ultimateplayerhq.com\/es\/"},{"@type":"ListItem","position":2,"name":"Comercio","item":"https:\/\/ultimateplayerhq.com\/es\/comercio\/"},{"@type":"ListItem","position":3,"name":"Prueba gratuita de 7 d\u00edas &#8211; Plan Individual Anual"}]},{"@type":"WebSite","@id":"https:\/\/ultimateplayerhq.com\/es\/#website","url":"https:\/\/ultimateplayerhq.com\/es\/","name":"UltimatePlayerHQ","description":"","publisher":{"@id":"https:\/\/ultimateplayerhq.com\/es\/#organization"},"potentialAction":[{"@type":"SearchAction","target":{"@type":"EntryPoint","urlTemplate":"https:\/\/ultimateplayerhq.com\/es\/?s={search_term_string}"},"query-input":{"@type":"PropertyValueSpecification","valueRequired":true,"valueName":"search_term_string"}}],"inLanguage":"es"},{"@type":"Organization","@id":"https:\/\/ultimateplayerhq.com\/es\/#organization","name":"Ultimate PlayerHQ","url":"https:\/\/ultimateplayerhq.com\/es\/","logo":{"@type":"ImageObject","inLanguage":"es","@id":"https:\/\/ultimateplayerhq.com\/es\/#\/schema\/logo\/image\/","url":"https:\/\/ultimatehq.fra1.digitaloceanspaces.com\/wp-content\/uploads\/2023\/11\/footer_logo-1.svg","contentUrl":"https:\/\/ultimatehq.fra1.digitaloceanspaces.com\/wp-content\/uploads\/2023\/11\/footer_logo-1.svg","caption":"Ultimate PlayerHQ"},"image":{"@id":"https:\/\/ultimateplayerhq.com\/es\/#\/schema\/logo\/image\/"},"sameAs":["https:\/\/www.facebook.com\/UltimatePlayerHQ\/","https:\/\/x.com\/playersessionhq"]}]}},"_links":{"self":[{"href":"https:\/\/ultimateplayerhq.com\/es\/wp-json\/wp\/v2\/product\/243989","targetHints":{"allow":["GET"]}}],"collection":[{"href":"https:\/\/ultimateplayerhq.com\/es\/wp-json\/wp\/v2\/product"}],"about":[{"href":"https:\/\/ultimateplayerhq.com\/es\/wp-json\/wp\/v2\/types\/product"}],"replies":[{"embeddable":true,"href":"https:\/\/ultimateplayerhq.com\/es\/wp-json\/wp\/v2\/comments?post=243989"}],"wp:featuredmedia":[{"embeddable":true,"href":"https:\/\/ultimateplayerhq.com\/es\/wp-json\/wp\/v2\/media\/243996"}],"wp:attachment":[{"href":"https:\/\/ultimateplayerhq.com\/es\/wp-json\/wp\/v2\/media?parent=243989"}],"wp:term":[{"taxonomy":"product_brand","embeddable":true,"href":"https:\/\/ultimateplayerhq.com\/es\/wp-json\/wp\/v2\/product_brand?post=243989"},{"taxonomy":"product_cat","embeddable":true,"href":"https:\/\/ultimateplayerhq.com\/es\/wp-json\/wp\/v2\/product_cat?post=243989"},{"taxonomy":"product_tag","embeddable":true,"href":"https:\/\/ultimateplayerhq.com\/es\/wp-json\/wp\/v2\/product_tag?post=243989"}],"curies":[{"name":"wp","href":"https:\/\/api.w.org\/{rel}","templated":true}]}}