{"id":83613,"date":"2020-11-02T14:14:58","date_gmt":"2020-11-02T14:14:58","guid":{"rendered":"https:\/\/ultimateplayerhq.com\/shop\/membresia-del-club\/"},"modified":"2025-08-26T06:51:22","modified_gmt":"2025-08-26T06:51:22","slug":"membresia-del-club","status":"publish","type":"product","link":"https:\/\/ultimateplayerhq.com\/es\/product\/membresia-del-club\/","title":{"rendered":"Membres\u00eda del club"},"content":{"rendered":"<div class=\"main_club_member_description\">\n<div class=\"club_member_description\">Un paquete de membres\u00eda del club es una colecci\u00f3n de miembros entrenadores que est\u00e1n vinculados y administrados por uno de sus miembros: el administrador del paquete. Los miembros del paquete comparten la misma fecha de renovaci\u00f3n, estado y nivel de acceso. A todo el paquete de membres\u00eda se le cobra una tarifa de membres\u00eda \u00fanica, que paga el administrador del paquete.<\/div>\n<p><strong>Proporcione membres\u00edas a sus entrenadores para:<\/strong><\/p>\n<ul>\n<li>Aumentar la satisfacci\u00f3n laboral del entrenador y mejorar la retenci\u00f3n<\/li>\n<li>Aporta nuevos enfoques e ideas a tus formaciones<\/li>\n<li>Aumentar la productividad del club<\/li>\n<\/ul>\n<p><strong>BONUS:<\/strong>Los clubes que se unen a diez o m\u00e1s entrenadores pueden tener una p\u00e1gina de destino personalizada en UltimateplayerHQ para su club. La p\u00e1gina del club incluir\u00e1 el logotipo del club, el enlace del sitio web, sus sesiones favoritas que desea que vean sus entrenadores (se puede cambiar mensualmente) y cualquier texto adicional que desee agregar.<\/p>\n<p>Actualice sus membres\u00edas en cualquier momento. La rotaci\u00f3n en un club ocurre para que podamos cambiar qui\u00e9n obtiene una membres\u00eda cuando lo necesite. Nota: Solo los administradores de paquetes tienen la capacidad de agregar o quitar miembros.<\/p>\n<\/div>\n<div style=\"margin: 20px 0;\"><div class=\"qrcswholewtapper\" style=\"text-align:left;\"><div class=\"qrcprowrapper\"  id=\"qrcwraa2leds\"><div class=\"qrc_canvass\" id=\"qrc_cuttenpages_2\" style=\"display:inline-block\" data-text=\"https:\/\/ultimateplayerhq.com\/es\/product\/membresia-del-club\/\"><\/div><\/div><\/div><\/div>","protected":false},"excerpt":{"rendered":"<p class=\"\" style=\"white-space: pre-wrap;\">La membres\u00eda grupal de UltimatePlayerHQ permite a los clubes y organizaciones ofrecer todos los beneficios de UltimatePlayerHQ a sus entrenadores durante un a\u00f1o a un precio reducido.<\/p>\n<p class=\"\" style=\"white-space: pre-wrap;\"><strong>\u00a1GUARDAR!<\/strong><\/p>\n<p class=\"\" style=\"white-space: pre-wrap;\">5 membres\u00edas = \u00a3 160 (ahorro de \u00a3 40)<\/p>\n<p class=\"\" style=\"white-space: pre-wrap;\">10 membres\u00edas = \u00a3 320 (ahorro de \u00a3 80)<\/p>\n<p class=\"\" style=\"white-space: pre-wrap;\">15 membres\u00edas = \u00a3480 (Ahorro de \u00a3120)<\/p>\n<p class=\"\" style=\"white-space: pre-wrap;\">20 membres\u00edas=\u00a3640 (Ahorro de \u00a3160)<\/p>\n<p class=\"\" style=\"white-space: pre-wrap;\">\u00bfNecesita m\u00e1s? Cont\u00e1ctenos para precios personalizados<\/p>\n<p class=\"\" style=\"white-space: pre-wrap;\">Al recibir el pago, un representante se comunicar\u00e1 con usted para obtener los nombres y correos electr\u00f3nicos de todas las membres\u00edas individuales en su paquete del club.<\/p>\n<p class=\"\" style=\"white-space: pre-wrap;\">FLEXIBLE: Todas las membres\u00edas son v\u00e1lidas por un a\u00f1o. \u00bfNecesita cambiar qui\u00e9n tiene acceso? Ning\u00fan problema. Solo h\u00e1ganoslo saber y podemos hacer el cambio en cualquier momento.<\/p>\n<p class=\"\" style=\"white-space: pre-wrap;\">Elija su n\u00famero de membres\u00edas a continuaci\u00f3n (establezca la cantidad en 1).<\/p>\n","protected":false},"featured_media":44169,"comment_status":"open","ping_status":"closed","template":"","meta":{"_acf_changed":false,"pmpro_default_level":""},"product_brand":[],"product_cat":[2655,2778],"product_tag":[2784],"class_list":{"0":"post-83613","1":"product","2":"type-product","3":"status-publish","4":"has-post-thumbnail","6":"product_cat-afiliacion","7":"product_cat-planificador","8":"product_tag-membresia-del-club","9":"pmpro-has-access","11":"first","12":"instock","13":"sale","14":"purchasable","15":"product-type-variable"},"acf":[],"yoast_head":"<!-- This site is optimized with the Yoast SEO plugin v27.4 - https:\/\/yoast.com\/product\/yoast-seo-wordpress\/ -->\n<title>Membres\u00eda del club - UltimatePlayerHQ<\/title>\n<meta name=\"robots\" content=\"index, follow, max-snippet:-1, max-image-preview:large, max-video-preview:-1\" \/>\n<link rel=\"canonical\" href=\"https:\/\/ultimateplayerhq.com\/es\/product\/membresia-del-club\/\" \/>\n<meta property=\"og:locale\" content=\"es_ES\" \/>\n<meta property=\"og:type\" content=\"article\" \/>\n<meta property=\"og:title\" content=\"Membres\u00eda del club - UltimatePlayerHQ\" \/>\n<meta property=\"og:description\" content=\"La membres\u00eda grupal de UltimatePlayerHQ permite a los clubes y organizaciones ofrecer todos los beneficios de UltimatePlayerHQ a sus entrenadores durante un a\u00f1o a un precio reducido. \u00a1GUARDAR! 5 membres\u00edas = \u00a3 160 (ahorro de \u00a3 40) 10 membres\u00edas = \u00a3 320 (ahorro de \u00a3 80) 15 membres\u00edas = \u00a3480 (Ahorro de \u00a3120) 20 membres\u00edas=\u00a3640 (Ahorro de \u00a3160) \u00bfNecesita m\u00e1s? Cont\u00e1ctenos para precios personalizados Al recibir el pago, un representante se comunicar\u00e1 con usted para obtener los nombres y correos electr\u00f3nicos de todas las membres\u00edas individuales en su paquete del club. FLEXIBLE: Todas las membres\u00edas son v\u00e1lidas por un a\u00f1o. \u00bfNecesita cambiar qui\u00e9n tiene acceso? Ning\u00fan problema. Solo h\u00e1ganoslo saber y podemos hacer el cambio en cualquier momento. Elija su n\u00famero de membres\u00edas a continuaci\u00f3n (establezca la cantidad en 1).\" \/>\n<meta property=\"og:url\" content=\"https:\/\/ultimateplayerhq.com\/es\/product\/membresia-del-club\/\" \/>\n<meta property=\"og:site_name\" content=\"UltimatePlayerHQ\" \/>\n<meta property=\"article:publisher\" content=\"https:\/\/www.facebook.com\/UltimatePlayerHQ\/\" \/>\n<meta property=\"article:modified_time\" content=\"2025-08-26T06:51:22+00:00\" \/>\n<meta property=\"og:image\" content=\"https:\/\/ultimatehq.fra1.digitaloceanspaces.com\/wp-content\/uploads\/2020\/11\/UltimatePlayerHQlogo_2nd.jpg\" \/>\n\t<meta property=\"og:image:width\" content=\"390\" \/>\n\t<meta property=\"og:image:height\" content=\"206\" \/>\n\t<meta property=\"og:image:type\" content=\"image\/jpeg\" \/>\n<meta name=\"twitter:label1\" content=\"Tiempo de lectura\" \/>\n\t<meta name=\"twitter:data1\" content=\"1 minuto\" \/>\n<script type=\"application\/ld+json\" class=\"yoast-schema-graph\">{\"@context\":\"https:\\\/\\\/schema.org\",\"@graph\":[{\"@type\":\"WebPage\",\"@id\":\"https:\\\/\\\/ultimateplayerhq.com\\\/es\\\/product\\\/membresia-del-club\\\/\",\"url\":\"https:\\\/\\\/ultimateplayerhq.com\\\/es\\\/product\\\/membresia-del-club\\\/\",\"name\":\"Membres\u00eda del club - UltimatePlayerHQ\",\"isPartOf\":{\"@id\":\"https:\\\/\\\/ultimateplayerhq.com\\\/es\\\/#website\"},\"primaryImageOfPage\":{\"@id\":\"https:\\\/\\\/ultimateplayerhq.com\\\/es\\\/product\\\/membresia-del-club\\\/#primaryimage\"},\"image\":{\"@id\":\"https:\\\/\\\/ultimateplayerhq.com\\\/es\\\/product\\\/membresia-del-club\\\/#primaryimage\"},\"thumbnailUrl\":\"https:\\\/\\\/ultimatehq.fra1.digitaloceanspaces.com\\\/wp-content\\\/uploads\\\/2020\\\/11\\\/UltimatePlayerHQlogo_2nd.jpg\",\"datePublished\":\"2020-11-02T14:14:58+00:00\",\"dateModified\":\"2025-08-26T06:51:22+00:00\",\"breadcrumb\":{\"@id\":\"https:\\\/\\\/ultimateplayerhq.com\\\/es\\\/product\\\/membresia-del-club\\\/#breadcrumb\"},\"inLanguage\":\"es\",\"potentialAction\":[{\"@type\":\"ReadAction\",\"target\":[\"https:\\\/\\\/ultimateplayerhq.com\\\/es\\\/product\\\/membresia-del-club\\\/\"]}]},{\"@type\":\"ImageObject\",\"inLanguage\":\"es\",\"@id\":\"https:\\\/\\\/ultimateplayerhq.com\\\/es\\\/product\\\/membresia-del-club\\\/#primaryimage\",\"url\":\"https:\\\/\\\/ultimatehq.fra1.digitaloceanspaces.com\\\/wp-content\\\/uploads\\\/2020\\\/11\\\/UltimatePlayerHQlogo_2nd.jpg\",\"contentUrl\":\"https:\\\/\\\/ultimatehq.fra1.digitaloceanspaces.com\\\/wp-content\\\/uploads\\\/2020\\\/11\\\/UltimatePlayerHQlogo_2nd.jpg\",\"width\":390,\"height\":206},{\"@type\":\"BreadcrumbList\",\"@id\":\"https:\\\/\\\/ultimateplayerhq.com\\\/es\\\/product\\\/membresia-del-club\\\/#breadcrumb\",\"itemListElement\":[{\"@type\":\"ListItem\",\"position\":1,\"name\":\"Home\",\"item\":\"https:\\\/\\\/ultimateplayerhq.com\\\/es\\\/\"},{\"@type\":\"ListItem\",\"position\":2,\"name\":\"Comercio\",\"item\":\"https:\\\/\\\/ultimateplayerhq.com\\\/es\\\/comercio\\\/\"},{\"@type\":\"ListItem\",\"position\":3,\"name\":\"Membres\u00eda del club\"}]},{\"@type\":\"WebSite\",\"@id\":\"https:\\\/\\\/ultimateplayerhq.com\\\/es\\\/#website\",\"url\":\"https:\\\/\\\/ultimateplayerhq.com\\\/es\\\/\",\"name\":\"UltimatePlayerHQ\",\"description\":\"\",\"publisher\":{\"@id\":\"https:\\\/\\\/ultimateplayerhq.com\\\/es\\\/#organization\"},\"potentialAction\":[{\"@type\":\"SearchAction\",\"target\":{\"@type\":\"EntryPoint\",\"urlTemplate\":\"https:\\\/\\\/ultimateplayerhq.com\\\/es\\\/?s={search_term_string}\"},\"query-input\":{\"@type\":\"PropertyValueSpecification\",\"valueRequired\":true,\"valueName\":\"search_term_string\"}}],\"inLanguage\":\"es\"},{\"@type\":\"Organization\",\"@id\":\"https:\\\/\\\/ultimateplayerhq.com\\\/es\\\/#organization\",\"name\":\"Ultimate PlayerHQ\",\"url\":\"https:\\\/\\\/ultimateplayerhq.com\\\/es\\\/\",\"logo\":{\"@type\":\"ImageObject\",\"inLanguage\":\"es\",\"@id\":\"https:\\\/\\\/ultimateplayerhq.com\\\/es\\\/#\\\/schema\\\/logo\\\/image\\\/\",\"url\":\"https:\\\/\\\/ultimatehq.fra1.digitaloceanspaces.com\\\/wp-content\\\/uploads\\\/2023\\\/11\\\/footer_logo-1.svg\",\"contentUrl\":\"https:\\\/\\\/ultimatehq.fra1.digitaloceanspaces.com\\\/wp-content\\\/uploads\\\/2023\\\/11\\\/footer_logo-1.svg\",\"caption\":\"Ultimate PlayerHQ\"},\"image\":{\"@id\":\"https:\\\/\\\/ultimateplayerhq.com\\\/es\\\/#\\\/schema\\\/logo\\\/image\\\/\"},\"sameAs\":[\"https:\\\/\\\/www.facebook.com\\\/UltimatePlayerHQ\\\/\",\"https:\\\/\\\/x.com\\\/playersessionhq\"]}]}<\/script>\n<!-- \/ Yoast SEO plugin. -->","yoast_head_json":{"title":"Membres\u00eda del club - UltimatePlayerHQ","robots":{"index":"index","follow":"follow","max-snippet":"max-snippet:-1","max-image-preview":"max-image-preview:large","max-video-preview":"max-video-preview:-1"},"canonical":"https:\/\/ultimateplayerhq.com\/es\/product\/membresia-del-club\/","og_locale":"es_ES","og_type":"article","og_title":"Membres\u00eda del club - UltimatePlayerHQ","og_description":"La membres\u00eda grupal de UltimatePlayerHQ permite a los clubes y organizaciones ofrecer todos los beneficios de UltimatePlayerHQ a sus entrenadores durante un a\u00f1o a un precio reducido. \u00a1GUARDAR! 5 membres\u00edas = \u00a3 160 (ahorro de \u00a3 40) 10 membres\u00edas = \u00a3 320 (ahorro de \u00a3 80) 15 membres\u00edas = \u00a3480 (Ahorro de \u00a3120) 20 membres\u00edas=\u00a3640 (Ahorro de \u00a3160) \u00bfNecesita m\u00e1s? Cont\u00e1ctenos para precios personalizados Al recibir el pago, un representante se comunicar\u00e1 con usted para obtener los nombres y correos electr\u00f3nicos de todas las membres\u00edas individuales en su paquete del club. FLEXIBLE: Todas las membres\u00edas son v\u00e1lidas por un a\u00f1o. \u00bfNecesita cambiar qui\u00e9n tiene acceso? Ning\u00fan problema. Solo h\u00e1ganoslo saber y podemos hacer el cambio en cualquier momento. Elija su n\u00famero de membres\u00edas a continuaci\u00f3n (establezca la cantidad en 1).","og_url":"https:\/\/ultimateplayerhq.com\/es\/product\/membresia-del-club\/","og_site_name":"UltimatePlayerHQ","article_publisher":"https:\/\/www.facebook.com\/UltimatePlayerHQ\/","article_modified_time":"2025-08-26T06:51:22+00:00","og_image":[{"width":390,"height":206,"url":"https:\/\/ultimatehq.fra1.digitaloceanspaces.com\/wp-content\/uploads\/2020\/11\/UltimatePlayerHQlogo_2nd.jpg","type":"image\/jpeg"}],"twitter_misc":{"Tiempo de lectura":"1 minuto"},"schema":{"@context":"https:\/\/schema.org","@graph":[{"@type":"WebPage","@id":"https:\/\/ultimateplayerhq.com\/es\/product\/membresia-del-club\/","url":"https:\/\/ultimateplayerhq.com\/es\/product\/membresia-del-club\/","name":"Membres\u00eda del club - UltimatePlayerHQ","isPartOf":{"@id":"https:\/\/ultimateplayerhq.com\/es\/#website"},"primaryImageOfPage":{"@id":"https:\/\/ultimateplayerhq.com\/es\/product\/membresia-del-club\/#primaryimage"},"image":{"@id":"https:\/\/ultimateplayerhq.com\/es\/product\/membresia-del-club\/#primaryimage"},"thumbnailUrl":"https:\/\/ultimatehq.fra1.digitaloceanspaces.com\/wp-content\/uploads\/2020\/11\/UltimatePlayerHQlogo_2nd.jpg","datePublished":"2020-11-02T14:14:58+00:00","dateModified":"2025-08-26T06:51:22+00:00","breadcrumb":{"@id":"https:\/\/ultimateplayerhq.com\/es\/product\/membresia-del-club\/#breadcrumb"},"inLanguage":"es","potentialAction":[{"@type":"ReadAction","target":["https:\/\/ultimateplayerhq.com\/es\/product\/membresia-del-club\/"]}]},{"@type":"ImageObject","inLanguage":"es","@id":"https:\/\/ultimateplayerhq.com\/es\/product\/membresia-del-club\/#primaryimage","url":"https:\/\/ultimatehq.fra1.digitaloceanspaces.com\/wp-content\/uploads\/2020\/11\/UltimatePlayerHQlogo_2nd.jpg","contentUrl":"https:\/\/ultimatehq.fra1.digitaloceanspaces.com\/wp-content\/uploads\/2020\/11\/UltimatePlayerHQlogo_2nd.jpg","width":390,"height":206},{"@type":"BreadcrumbList","@id":"https:\/\/ultimateplayerhq.com\/es\/product\/membresia-del-club\/#breadcrumb","itemListElement":[{"@type":"ListItem","position":1,"name":"Home","item":"https:\/\/ultimateplayerhq.com\/es\/"},{"@type":"ListItem","position":2,"name":"Comercio","item":"https:\/\/ultimateplayerhq.com\/es\/comercio\/"},{"@type":"ListItem","position":3,"name":"Membres\u00eda del club"}]},{"@type":"WebSite","@id":"https:\/\/ultimateplayerhq.com\/es\/#website","url":"https:\/\/ultimateplayerhq.com\/es\/","name":"UltimatePlayerHQ","description":"","publisher":{"@id":"https:\/\/ultimateplayerhq.com\/es\/#organization"},"potentialAction":[{"@type":"SearchAction","target":{"@type":"EntryPoint","urlTemplate":"https:\/\/ultimateplayerhq.com\/es\/?s={search_term_string}"},"query-input":{"@type":"PropertyValueSpecification","valueRequired":true,"valueName":"search_term_string"}}],"inLanguage":"es"},{"@type":"Organization","@id":"https:\/\/ultimateplayerhq.com\/es\/#organization","name":"Ultimate PlayerHQ","url":"https:\/\/ultimateplayerhq.com\/es\/","logo":{"@type":"ImageObject","inLanguage":"es","@id":"https:\/\/ultimateplayerhq.com\/es\/#\/schema\/logo\/image\/","url":"https:\/\/ultimatehq.fra1.digitaloceanspaces.com\/wp-content\/uploads\/2023\/11\/footer_logo-1.svg","contentUrl":"https:\/\/ultimatehq.fra1.digitaloceanspaces.com\/wp-content\/uploads\/2023\/11\/footer_logo-1.svg","caption":"Ultimate PlayerHQ"},"image":{"@id":"https:\/\/ultimateplayerhq.com\/es\/#\/schema\/logo\/image\/"},"sameAs":["https:\/\/www.facebook.com\/UltimatePlayerHQ\/","https:\/\/x.com\/playersessionhq"]}]}},"_links":{"self":[{"href":"https:\/\/ultimateplayerhq.com\/es\/wp-json\/wp\/v2\/product\/83613","targetHints":{"allow":["GET"]}}],"collection":[{"href":"https:\/\/ultimateplayerhq.com\/es\/wp-json\/wp\/v2\/product"}],"about":[{"href":"https:\/\/ultimateplayerhq.com\/es\/wp-json\/wp\/v2\/types\/product"}],"replies":[{"embeddable":true,"href":"https:\/\/ultimateplayerhq.com\/es\/wp-json\/wp\/v2\/comments?post=83613"}],"wp:featuredmedia":[{"embeddable":true,"href":"https:\/\/ultimateplayerhq.com\/es\/wp-json\/wp\/v2\/media\/44169"}],"wp:attachment":[{"href":"https:\/\/ultimateplayerhq.com\/es\/wp-json\/wp\/v2\/media?parent=83613"}],"wp:term":[{"taxonomy":"product_brand","embeddable":true,"href":"https:\/\/ultimateplayerhq.com\/es\/wp-json\/wp\/v2\/product_brand?post=83613"},{"taxonomy":"product_cat","embeddable":true,"href":"https:\/\/ultimateplayerhq.com\/es\/wp-json\/wp\/v2\/product_cat?post=83613"},{"taxonomy":"product_tag","embeddable":true,"href":"https:\/\/ultimateplayerhq.com\/es\/wp-json\/wp\/v2\/product_tag?post=83613"}],"curies":[{"name":"wp","href":"https:\/\/api.w.org\/{rel}","templated":true}]}}