{"id":92256,"date":"2022-11-15T08:55:48","date_gmt":"2022-11-15T08:55:48","guid":{"rendered":"https:\/\/ultimateplayerhq.com\/shop\/plan-individual-mensual-2\/"},"modified":"2024-01-17T11:55:48","modified_gmt":"2024-01-17T11:55:48","slug":"plan-individual-mensual-2","status":"publish","type":"product","link":"https:\/\/ultimateplayerhq.com\/es\/product\/plan-individual-mensual-2\/","title":{"rendered":"Plan Individual Mensual"},"content":{"rendered":"<p class=\"\">Acceso a miles de sesiones de capacitaci\u00f3n categorizadas, animadas y en vivo<\/p>\n<p class=\"\">Acceso a la aplicaci\u00f3n m\u00f3vil disponible en Apple App Store y Google Play<\/p>\n<p class=\"\">Nuevas sesiones a\u00f1adidas semanalmente<\/p>\n<p class=\"\">Descuentos solo para miembros de un n\u00famero creciente de socios, incluidos TacticalPad y QuickplaySport<\/p>\n<p class=\"\"><strong>Novedad:\u00a0<\/strong>Campo de entrenamiento con desaf\u00edos de entrenadores profesionales, sesiones 3D y actividades en vivo para hacer en casa<\/p>\n<p class=\"\"><strong>Nuevo:\u00a0<\/strong>Sesiones de distanciamiento social<\/p>\n<div style=\"margin: 20px 0;\"><div class=\"qrcswholewtapper\" style=\"text-align:left;\"><div class=\"qrcprowrapper\"  id=\"qrcwraa2leds\"><div class=\"qrc_canvass\" id=\"qrc_cuttenpages_2\" style=\"display:inline-block\" data-text=\"https:\/\/ultimateplayerhq.com\/es\/product\/plan-individual-mensual-2\/\"><\/div><\/div><\/div><\/div>","protected":false},"excerpt":{"rendered":"<p>Acceso a miles de sesiones de capacitaci\u00f3n categorizadas, animadas y en vivo Acceso a la aplicaci\u00f3n m\u00f3vil disponible en Apple App Store y Google Play Nuevas sesiones a\u00f1adidas semanalmente Descuentos solo para miembros de un n\u00famero creciente de socios, incluidos TacticalPad y QuickplaySport Novedad:\u00a0Campo de entrenamiento con desaf\u00edos de entrenadores profesionales, sesiones 3D y actividades [&hellip;]<\/p>\n","protected":false},"featured_media":252618,"comment_status":"closed","ping_status":"closed","template":"","meta":{"_acf_changed":false,"pmpro_default_level":""},"product_brand":[],"product_cat":[2655],"product_tag":[],"class_list":{"0":"post-92256","1":"product","2":"type-product","3":"status-publish","4":"has-post-thumbnail","6":"product_cat-afiliacion","7":"pmpro-has-access","9":"first","10":"instock","11":"virtual","12":"sold-individually","13":"purchasable","14":"product-type-subscription"},"acf":[],"yoast_head":"<!-- This site is optimized with the Yoast SEO plugin v27.3 - https:\/\/yoast.com\/product\/yoast-seo-wordpress\/ -->\n<title>Plan Individual Mensual - UltimatePlayerHQ<\/title>\n<meta name=\"robots\" content=\"index, follow, max-snippet:-1, max-image-preview:large, max-video-preview:-1\" \/>\n<link rel=\"canonical\" href=\"https:\/\/ultimateplayerhq.com\/es\/product\/plan-individual-mensual-2\/\" \/>\n<meta property=\"og:locale\" content=\"es_ES\" \/>\n<meta property=\"og:type\" content=\"article\" \/>\n<meta property=\"og:title\" content=\"Plan Individual Mensual - UltimatePlayerHQ\" \/>\n<meta property=\"og:description\" content=\"Acceso a miles de sesiones de capacitaci\u00f3n categorizadas, animadas y en vivo Acceso a la aplicaci\u00f3n m\u00f3vil disponible en Apple App Store y Google Play Nuevas sesiones a\u00f1adidas semanalmente Descuentos solo para miembros de un n\u00famero creciente de socios, incluidos TacticalPad y QuickplaySport Novedad:\u00a0Campo de entrenamiento con desaf\u00edos de entrenadores profesionales, sesiones 3D y actividades [&hellip;]\" \/>\n<meta property=\"og:url\" content=\"https:\/\/ultimateplayerhq.com\/es\/product\/plan-individual-mensual-2\/\" \/>\n<meta property=\"og:site_name\" content=\"UltimatePlayerHQ\" \/>\n<meta property=\"article:publisher\" content=\"https:\/\/www.facebook.com\/UltimatePlayerHQ\/\" \/>\n<meta property=\"article:modified_time\" content=\"2024-01-17T11:55:48+00:00\" \/>\n<meta property=\"og:image\" content=\"https:\/\/ultimateplayerhq.com\/wp-content\/uploads\/2022\/03\/home_banner_new.png\" \/>\n\t<meta property=\"og:image:width\" content=\"1586\" \/>\n\t<meta property=\"og:image:height\" content=\"900\" \/>\n\t<meta property=\"og:image:type\" content=\"image\/png\" \/>\n<meta name=\"twitter:label1\" content=\"Tiempo de lectura\" \/>\n\t<meta name=\"twitter:data1\" content=\"1 minuto\" \/>\n<script type=\"application\/ld+json\" class=\"yoast-schema-graph\">{\"@context\":\"https:\\\/\\\/schema.org\",\"@graph\":[{\"@type\":\"WebPage\",\"@id\":\"https:\\\/\\\/ultimateplayerhq.com\\\/es\\\/product\\\/plan-individual-mensual-2\\\/\",\"url\":\"https:\\\/\\\/ultimateplayerhq.com\\\/es\\\/product\\\/plan-individual-mensual-2\\\/\",\"name\":\"Plan Individual Mensual - UltimatePlayerHQ\",\"isPartOf\":{\"@id\":\"https:\\\/\\\/ultimateplayerhq.com\\\/es\\\/#website\"},\"primaryImageOfPage\":{\"@id\":\"https:\\\/\\\/ultimateplayerhq.com\\\/es\\\/product\\\/plan-individual-mensual-2\\\/#primaryimage\"},\"image\":{\"@id\":\"https:\\\/\\\/ultimateplayerhq.com\\\/es\\\/product\\\/plan-individual-mensual-2\\\/#primaryimage\"},\"thumbnailUrl\":\"https:\\\/\\\/ultimatehq.fra1.digitaloceanspaces.com\\\/wp-content\\\/uploads\\\/2022\\\/11\\\/home_banner_new.png\",\"datePublished\":\"2022-11-15T08:55:48+00:00\",\"dateModified\":\"2024-01-17T11:55:48+00:00\",\"breadcrumb\":{\"@id\":\"https:\\\/\\\/ultimateplayerhq.com\\\/es\\\/product\\\/plan-individual-mensual-2\\\/#breadcrumb\"},\"inLanguage\":\"es\",\"potentialAction\":[{\"@type\":\"ReadAction\",\"target\":[\"https:\\\/\\\/ultimateplayerhq.com\\\/es\\\/product\\\/plan-individual-mensual-2\\\/\"]}]},{\"@type\":\"ImageObject\",\"inLanguage\":\"es\",\"@id\":\"https:\\\/\\\/ultimateplayerhq.com\\\/es\\\/product\\\/plan-individual-mensual-2\\\/#primaryimage\",\"url\":\"https:\\\/\\\/ultimatehq.fra1.digitaloceanspaces.com\\\/wp-content\\\/uploads\\\/2022\\\/11\\\/home_banner_new.png\",\"contentUrl\":\"https:\\\/\\\/ultimatehq.fra1.digitaloceanspaces.com\\\/wp-content\\\/uploads\\\/2022\\\/11\\\/home_banner_new.png\",\"width\":600,\"height\":340},{\"@type\":\"BreadcrumbList\",\"@id\":\"https:\\\/\\\/ultimateplayerhq.com\\\/es\\\/product\\\/plan-individual-mensual-2\\\/#breadcrumb\",\"itemListElement\":[{\"@type\":\"ListItem\",\"position\":1,\"name\":\"Home\",\"item\":\"https:\\\/\\\/ultimateplayerhq.com\\\/es\\\/\"},{\"@type\":\"ListItem\",\"position\":2,\"name\":\"Comercio\",\"item\":\"https:\\\/\\\/ultimateplayerhq.com\\\/es\\\/comercio\\\/\"},{\"@type\":\"ListItem\",\"position\":3,\"name\":\"Plan Individual Mensual\"}]},{\"@type\":\"WebSite\",\"@id\":\"https:\\\/\\\/ultimateplayerhq.com\\\/es\\\/#website\",\"url\":\"https:\\\/\\\/ultimateplayerhq.com\\\/es\\\/\",\"name\":\"UltimatePlayerHQ\",\"description\":\"\",\"publisher\":{\"@id\":\"https:\\\/\\\/ultimateplayerhq.com\\\/es\\\/#organization\"},\"potentialAction\":[{\"@type\":\"SearchAction\",\"target\":{\"@type\":\"EntryPoint\",\"urlTemplate\":\"https:\\\/\\\/ultimateplayerhq.com\\\/es\\\/?s={search_term_string}\"},\"query-input\":{\"@type\":\"PropertyValueSpecification\",\"valueRequired\":true,\"valueName\":\"search_term_string\"}}],\"inLanguage\":\"es\"},{\"@type\":\"Organization\",\"@id\":\"https:\\\/\\\/ultimateplayerhq.com\\\/es\\\/#organization\",\"name\":\"Ultimate PlayerHQ\",\"url\":\"https:\\\/\\\/ultimateplayerhq.com\\\/es\\\/\",\"logo\":{\"@type\":\"ImageObject\",\"inLanguage\":\"es\",\"@id\":\"https:\\\/\\\/ultimateplayerhq.com\\\/es\\\/#\\\/schema\\\/logo\\\/image\\\/\",\"url\":\"https:\\\/\\\/ultimatehq.fra1.digitaloceanspaces.com\\\/wp-content\\\/uploads\\\/2023\\\/11\\\/footer_logo-1.svg\",\"contentUrl\":\"https:\\\/\\\/ultimatehq.fra1.digitaloceanspaces.com\\\/wp-content\\\/uploads\\\/2023\\\/11\\\/footer_logo-1.svg\",\"caption\":\"Ultimate PlayerHQ\"},\"image\":{\"@id\":\"https:\\\/\\\/ultimateplayerhq.com\\\/es\\\/#\\\/schema\\\/logo\\\/image\\\/\"},\"sameAs\":[\"https:\\\/\\\/www.facebook.com\\\/UltimatePlayerHQ\\\/\",\"https:\\\/\\\/x.com\\\/playersessionhq\"]}]}<\/script>\n<!-- \/ Yoast SEO plugin. -->","yoast_head_json":{"title":"Plan Individual Mensual - UltimatePlayerHQ","robots":{"index":"index","follow":"follow","max-snippet":"max-snippet:-1","max-image-preview":"max-image-preview:large","max-video-preview":"max-video-preview:-1"},"canonical":"https:\/\/ultimateplayerhq.com\/es\/product\/plan-individual-mensual-2\/","og_locale":"es_ES","og_type":"article","og_title":"Plan Individual Mensual - UltimatePlayerHQ","og_description":"Acceso a miles de sesiones de capacitaci\u00f3n categorizadas, animadas y en vivo Acceso a la aplicaci\u00f3n m\u00f3vil disponible en Apple App Store y Google Play Nuevas sesiones a\u00f1adidas semanalmente Descuentos solo para miembros de un n\u00famero creciente de socios, incluidos TacticalPad y QuickplaySport Novedad:\u00a0Campo de entrenamiento con desaf\u00edos de entrenadores profesionales, sesiones 3D y actividades [&hellip;]","og_url":"https:\/\/ultimateplayerhq.com\/es\/product\/plan-individual-mensual-2\/","og_site_name":"UltimatePlayerHQ","article_publisher":"https:\/\/www.facebook.com\/UltimatePlayerHQ\/","article_modified_time":"2024-01-17T11:55:48+00:00","og_image":[{"width":1586,"height":900,"url":"https:\/\/ultimateplayerhq.com\/wp-content\/uploads\/2022\/03\/home_banner_new.png","type":"image\/png"}],"twitter_misc":{"Tiempo de lectura":"1 minuto"},"schema":{"@context":"https:\/\/schema.org","@graph":[{"@type":"WebPage","@id":"https:\/\/ultimateplayerhq.com\/es\/product\/plan-individual-mensual-2\/","url":"https:\/\/ultimateplayerhq.com\/es\/product\/plan-individual-mensual-2\/","name":"Plan Individual Mensual - UltimatePlayerHQ","isPartOf":{"@id":"https:\/\/ultimateplayerhq.com\/es\/#website"},"primaryImageOfPage":{"@id":"https:\/\/ultimateplayerhq.com\/es\/product\/plan-individual-mensual-2\/#primaryimage"},"image":{"@id":"https:\/\/ultimateplayerhq.com\/es\/product\/plan-individual-mensual-2\/#primaryimage"},"thumbnailUrl":"https:\/\/ultimatehq.fra1.digitaloceanspaces.com\/wp-content\/uploads\/2022\/11\/home_banner_new.png","datePublished":"2022-11-15T08:55:48+00:00","dateModified":"2024-01-17T11:55:48+00:00","breadcrumb":{"@id":"https:\/\/ultimateplayerhq.com\/es\/product\/plan-individual-mensual-2\/#breadcrumb"},"inLanguage":"es","potentialAction":[{"@type":"ReadAction","target":["https:\/\/ultimateplayerhq.com\/es\/product\/plan-individual-mensual-2\/"]}]},{"@type":"ImageObject","inLanguage":"es","@id":"https:\/\/ultimateplayerhq.com\/es\/product\/plan-individual-mensual-2\/#primaryimage","url":"https:\/\/ultimatehq.fra1.digitaloceanspaces.com\/wp-content\/uploads\/2022\/11\/home_banner_new.png","contentUrl":"https:\/\/ultimatehq.fra1.digitaloceanspaces.com\/wp-content\/uploads\/2022\/11\/home_banner_new.png","width":600,"height":340},{"@type":"BreadcrumbList","@id":"https:\/\/ultimateplayerhq.com\/es\/product\/plan-individual-mensual-2\/#breadcrumb","itemListElement":[{"@type":"ListItem","position":1,"name":"Home","item":"https:\/\/ultimateplayerhq.com\/es\/"},{"@type":"ListItem","position":2,"name":"Comercio","item":"https:\/\/ultimateplayerhq.com\/es\/comercio\/"},{"@type":"ListItem","position":3,"name":"Plan Individual Mensual"}]},{"@type":"WebSite","@id":"https:\/\/ultimateplayerhq.com\/es\/#website","url":"https:\/\/ultimateplayerhq.com\/es\/","name":"UltimatePlayerHQ","description":"","publisher":{"@id":"https:\/\/ultimateplayerhq.com\/es\/#organization"},"potentialAction":[{"@type":"SearchAction","target":{"@type":"EntryPoint","urlTemplate":"https:\/\/ultimateplayerhq.com\/es\/?s={search_term_string}"},"query-input":{"@type":"PropertyValueSpecification","valueRequired":true,"valueName":"search_term_string"}}],"inLanguage":"es"},{"@type":"Organization","@id":"https:\/\/ultimateplayerhq.com\/es\/#organization","name":"Ultimate PlayerHQ","url":"https:\/\/ultimateplayerhq.com\/es\/","logo":{"@type":"ImageObject","inLanguage":"es","@id":"https:\/\/ultimateplayerhq.com\/es\/#\/schema\/logo\/image\/","url":"https:\/\/ultimatehq.fra1.digitaloceanspaces.com\/wp-content\/uploads\/2023\/11\/footer_logo-1.svg","contentUrl":"https:\/\/ultimatehq.fra1.digitaloceanspaces.com\/wp-content\/uploads\/2023\/11\/footer_logo-1.svg","caption":"Ultimate PlayerHQ"},"image":{"@id":"https:\/\/ultimateplayerhq.com\/es\/#\/schema\/logo\/image\/"},"sameAs":["https:\/\/www.facebook.com\/UltimatePlayerHQ\/","https:\/\/x.com\/playersessionhq"]}]}},"_links":{"self":[{"href":"https:\/\/ultimateplayerhq.com\/es\/wp-json\/wp\/v2\/product\/92256","targetHints":{"allow":["GET"]}}],"collection":[{"href":"https:\/\/ultimateplayerhq.com\/es\/wp-json\/wp\/v2\/product"}],"about":[{"href":"https:\/\/ultimateplayerhq.com\/es\/wp-json\/wp\/v2\/types\/product"}],"replies":[{"embeddable":true,"href":"https:\/\/ultimateplayerhq.com\/es\/wp-json\/wp\/v2\/comments?post=92256"}],"wp:featuredmedia":[{"embeddable":true,"href":"https:\/\/ultimateplayerhq.com\/es\/wp-json\/wp\/v2\/media\/252618"}],"wp:attachment":[{"href":"https:\/\/ultimateplayerhq.com\/es\/wp-json\/wp\/v2\/media?parent=92256"}],"wp:term":[{"taxonomy":"product_brand","embeddable":true,"href":"https:\/\/ultimateplayerhq.com\/es\/wp-json\/wp\/v2\/product_brand?post=92256"},{"taxonomy":"product_cat","embeddable":true,"href":"https:\/\/ultimateplayerhq.com\/es\/wp-json\/wp\/v2\/product_cat?post=92256"},{"taxonomy":"product_tag","embeddable":true,"href":"https:\/\/ultimateplayerhq.com\/es\/wp-json\/wp\/v2\/product_tag?post=92256"}],"curies":[{"name":"wp","href":"https:\/\/api.w.org\/{rel}","templated":true}]}}