{"id":69831,"date":"2022-01-31T19:27:04","date_gmt":"2022-01-31T19:27:04","guid":{"rendered":"https:\/\/ultimateplayerhq.com\/hikmet-karaman\/"},"modified":"2026-04-14T12:14:22","modified_gmt":"2026-04-14T12:14:22","slug":"hikmet-karaman","status":"publish","type":"page","link":"https:\/\/ultimateplayerhq.com\/fr\/hikmet-karaman\/","title":{"rendered":"Hikmet Karaman"},"content":{"rendered":"\t\t<div data-elementor-type=\"wp-page\" data-elementor-id=\"69831\" class=\"elementor elementor-69831 elementor-26199\" data-elementor-post-type=\"page\">\n\t\t\t\t\t\t<section class=\"elementor-section elementor-top-section elementor-element elementor-element-32662fc elementor-section-boxed elementor-section-height-default elementor-section-height-default\" data-id=\"32662fc\" data-element_type=\"section\" data-e-type=\"section\">\n\t\t\t\t\t\t<div class=\"elementor-container elementor-column-gap-default\">\n\t\t\t\t\t<div class=\"elementor-column elementor-col-100 elementor-top-column elementor-element elementor-element-e2f238b\" data-id=\"e2f238b\" data-element_type=\"column\" data-e-type=\"column\">\n\t\t\t<div class=\"elementor-widget-wrap elementor-element-populated\">\n\t\t\t\t\t\t<div class=\"elementor-element elementor-element-eef9207 elementor-widget elementor-widget-template\" data-id=\"eef9207\" data-element_type=\"widget\" data-e-type=\"widget\" data-widget_type=\"template.default\">\n\t\t\t\t<div class=\"elementor-widget-container\">\n\t\t\t\t\t\t\t<div class=\"elementor-template\">\n\t\t\t\t\t<div data-elementor-type=\"section\" data-elementor-id=\"85134\" class=\"elementor elementor-85134 elementor-1619 elementor-1619\" data-elementor-post-type=\"elementor_library\">\n\t\t\t\t\t<section class=\"elementor-section elementor-top-section elementor-element elementor-element-f20d55a elementor-hidden-desktop elementor-hidden-tablet elementor-hidden-mobile elementor-section-boxed elementor-section-height-default elementor-section-height-default\" data-id=\"f20d55a\" data-element_type=\"section\" data-e-type=\"section\">\n\t\t\t\t\t\t<div class=\"elementor-container elementor-column-gap-default\">\n\t\t\t\t\t<div class=\"elementor-column elementor-col-100 elementor-top-column elementor-element elementor-element-64b717c\" data-id=\"64b717c\" data-element_type=\"column\" data-e-type=\"column\">\n\t\t\t<div class=\"elementor-widget-wrap elementor-element-populated\">\n\t\t\t\t\t\t<div class=\"elementor-element elementor-element-c5a9782 elementor-widget elementor-widget-heading\" data-id=\"c5a9782\" data-element_type=\"widget\" data-e-type=\"widget\" data-widget_type=\"heading.default\">\n\t\t\t\t<div class=\"elementor-widget-container\">\n\t\t\t\t\t<h2 class=\"elementor-heading-title elementor-size-default\">Options d'adh\u00e9sion<\/h2>\t\t\t\t<\/div>\n\t\t\t\t<\/div>\n\t\t\t\t\t<\/div>\n\t\t<\/div>\n\t\t\t\t\t<\/div>\n\t\t<\/section>\n\t\t\t\t<section class=\"elementor-section elementor-top-section elementor-element elementor-element-64a272c elementor-section-boxed elementor-section-height-default elementor-section-height-default\" data-id=\"64a272c\" data-element_type=\"section\" data-e-type=\"section\" data-settings=\"{&quot;background_background&quot;:&quot;gradient&quot;}\">\n\t\t\t\t\t\t<div class=\"elementor-container elementor-column-gap-default\">\n\t\t\t\t\t<div class=\"elementor-column elementor-col-50 elementor-top-column elementor-element elementor-element-21d3a00 monthly-plan-sec\" data-id=\"21d3a00\" data-element_type=\"column\" data-e-type=\"column\" data-settings=\"{&quot;background_background&quot;:&quot;classic&quot;}\">\n\t\t\t<div class=\"elementor-widget-wrap elementor-element-populated\">\n\t\t\t\t\t\t<section class=\"elementor-section elementor-inner-section elementor-element elementor-element-96894ba elementor-section-content-middle elementor-section-full_width elementor-section-height-default elementor-section-height-default\" data-id=\"96894ba\" data-element_type=\"section\" data-e-type=\"section\">\n\t\t\t\t\t\t<div class=\"elementor-container elementor-column-gap-default\">\n\t\t\t\t\t<div class=\"elementor-column elementor-col-100 elementor-inner-column elementor-element elementor-element-9df2ba9\" data-id=\"9df2ba9\" data-element_type=\"column\" data-e-type=\"column\">\n\t\t\t<div class=\"elementor-widget-wrap elementor-element-populated\">\n\t\t\t\t\t\t<div class=\"elementor-element elementor-element-cda27f3 elementor-widget-mobile__width-inherit head-1 elementor-widget elementor-widget-heading\" data-id=\"cda27f3\" data-element_type=\"widget\" data-e-type=\"widget\" data-widget_type=\"heading.default\">\n\t\t\t\t<div class=\"elementor-widget-container\">\n\t\t\t\t\t<h5 class=\"elementor-heading-title elementor-size-default\">FORFAIT MENSUEL<\/h5>\t\t\t\t<\/div>\n\t\t\t\t<\/div>\n\t\t\t\t<div class=\"elementor-element elementor-element-343c00c elementor-widget elementor-widget-text-editor\" data-id=\"343c00c\" data-element_type=\"widget\" data-e-type=\"widget\" data-widget_type=\"text-editor.default\">\n\t\t\t\t<div class=\"elementor-widget-container\">\n\t\t\t\t\t\t\t\t\t<p><span class=\"woocommerce-Price-amount amount\"><bdi><span class=\"woocommerce-Price-currencySymbol\">&euro;<\/span>8.03<\/bdi><\/span> <span class=\"subscription-details\"> \/ mois<\/span><\/p>\n\t\t\t\t\t\t\t\t<\/div>\n\t\t\t\t<\/div>\n\t\t\t\t<div class=\"elementor-element elementor-element-6251fb3 elementor-widget elementor-widget-text-editor\" data-id=\"6251fb3\" data-element_type=\"widget\" data-e-type=\"widget\" data-widget_type=\"text-editor.default\">\n\t\t\t\t<div class=\"elementor-widget-container\">\n\t\t\t\t\t\t\t\t\t<p><strong>Lib\u00e9rez tout votre potentiel avec UltimatePlayerHQ\u00a0!<\/strong><\/p>\n<p>En vous inscrivant, vous aurez instantan\u00e9ment acc\u00e8s \u00e0 un univers de ressources d&#8217;entra\u00eenement con\u00e7ues pour am\u00e9liorer votre jeu de football. Voici ce dont vous b\u00e9n\u00e9ficierez en tant que membre\u00a0:<\/p>\n<ul>\n<li><b>Cr\u00e9ez et construisez vos propres s\u00e9ances d&#8217;animation personnalis\u00e9es<\/b> \u2013 Concevez des exercices sur mesure gr\u00e2ce \u00e0 notre planificateur d&#8217;animation facile \u00e0 utiliser.<\/li>\n<p> \t<\/p>\n<li><strong>Acc\u00e8s \u00e0 des milliers de s\u00e9ances anim\u00e9es cat\u00e9goris\u00e9es<\/strong> \u2013 Du d\u00e9butant au professionnel, nous proposons des exercices adapt\u00e9s \u00e0 tous les niveaux.<\/li>\n<p> \t<\/p>\n<li><strong>Acc\u00e8s \u00e0 l&#8217;application mobile<\/strong> \u2013 Entra\u00eenez-vous o\u00f9 que vous soyez gr\u00e2ce \u00e0 notre application mobile disponible sur l&#8217;App Store d&#8217;Apple et Google Play.<\/li>\n<p> \t<\/p>\n<li><strong>R\u00e9ductions exclusives pour les membres<\/strong> \u2013 Faites de grosses \u00e9conomies gr\u00e2ce aux offres sp\u00e9ciales de partenaires de premier plan comme BazookaGoal, FootballCareers et bien d&#8217;autres.<\/li>\n<p> \t<\/p>\n<li><strong>Toutes les fonctionnalit\u00e9s UPHQ<\/strong> \u2013 Acc\u00e9dez \u00e0 notre tableau tactique en direct, \u00e0 des exercices de niveau professionnel et \u00e0 une multitude d&#8217;outils de coaching pour vous aider \u00e0 r\u00e9ussir.<\/li>\n<p><\/ul>\n<p>Ne ratez pas cette occasion\u00a0! Inscrivez-vous d\u00e8s aujourd&#8217;hui et passez au niveau sup\u00e9rieur en mati\u00e8re de coaching avec UltimatePlayerHQ\u00a0!<\/p>\n\t\t\t\t\t\t\t\t<\/div>\n\t\t\t\t<\/div>\n\t\t\t\t<div class=\"elementor-element elementor-element-749d5a0 elementor-widget__width-initial elementor-hidden-desktop elementor-hidden-tablet elementor-hidden-mobile elementor-widget elementor-widget-button\" data-id=\"749d5a0\" data-element_type=\"widget\" data-e-type=\"widget\" data-widget_type=\"button.default\">\n\t\t\t\t<div class=\"elementor-widget-container\">\n\t\t\t\t\t\t\t\t\t<div class=\"elementor-button-wrapper\">\n\t\t\t\t\t<a class=\"elementor-button elementor-button-link elementor-size-sm\" href=\"\/fr\/product\/plan-individuel-mensuel\/\">\n\t\t\t\t\t\t<span class=\"elementor-button-content-wrapper\">\n\t\t\t\t\t\t\t\t\t<span class=\"elementor-button-text\">Afficher les d\u00e9tails<\/span>\n\t\t\t\t\t<\/span>\n\t\t\t\t\t<\/a>\n\t\t\t\t<\/div>\n\t\t\t\t\t\t\t\t<\/div>\n\t\t\t\t<\/div>\n\t\t\t\t<div class=\"elementor-element elementor-element-e41a050 plan_select_btn elementor-widget__width-initial elementor-widget elementor-widget-text-editor\" data-id=\"e41a050\" data-element_type=\"widget\" data-e-type=\"widget\" data-widget_type=\"text-editor.default\">\n\t\t\t\t<div class=\"elementor-widget-container\">\n\t\t\t\t\t\t\t\t\t<form class=\"cart\" action=\"\/shop\/monthly-individual-plan\" enctype=\"multipart\/form-data\" method=\"post\"><button class=\"single_add_to_cart_button button alt\" name=\"add-to-cart\" type=\"submit\" value=\"35502\">Select Plan<\/button><\/form>\n\t\t\t\t\t\t\t\t<\/div>\n\t\t\t\t<\/div>\n\t\t\t\t\t<\/div>\n\t\t<\/div>\n\t\t\t\t\t<\/div>\n\t\t<\/section>\n\t\t\t\t\t<\/div>\n\t\t<\/div>\n\t\t\t\t<div class=\"elementor-column elementor-col-50 elementor-top-column elementor-element elementor-element-9e2d225\" data-id=\"9e2d225\" data-element_type=\"column\" data-e-type=\"column\" data-settings=\"{&quot;background_background&quot;:&quot;classic&quot;}\">\n\t\t\t<div class=\"elementor-widget-wrap elementor-element-populated\">\n\t\t\t\t\t\t<section class=\"elementor-section elementor-inner-section elementor-element elementor-element-ca6405b elementor-section-content-middle elementor-section-boxed elementor-section-height-default elementor-section-height-default\" data-id=\"ca6405b\" data-element_type=\"section\" data-e-type=\"section\">\n\t\t\t\t\t\t<div class=\"elementor-container elementor-column-gap-default\">\n\t\t\t\t\t<div class=\"elementor-column elementor-col-100 elementor-inner-column elementor-element elementor-element-1ff2ce6\" data-id=\"1ff2ce6\" data-element_type=\"column\" data-e-type=\"column\">\n\t\t\t<div class=\"elementor-widget-wrap elementor-element-populated\">\n\t\t\t\t\t\t<div class=\"elementor-element elementor-element-0290654 elementor-widget__width-initial elementor-absolute elementor-widget elementor-widget-heading\" data-id=\"0290654\" data-element_type=\"widget\" data-e-type=\"widget\" data-settings=\"{&quot;_position&quot;:&quot;absolute&quot;}\" data-widget_type=\"heading.default\">\n\t\t\t\t<div class=\"elementor-widget-container\">\n\t\t\t\t\t<h5 class=\"elementor-heading-title elementor-size-default\">\u00c9CONOMISEZ 30%<\/h5>\t\t\t\t<\/div>\n\t\t\t\t<\/div>\n\t\t\t\t<div class=\"elementor-element elementor-element-92ca5d1 elementor-widget-mobile__width-inherit head-1 elementor-widget elementor-widget-heading\" data-id=\"92ca5d1\" data-element_type=\"widget\" data-e-type=\"widget\" data-widget_type=\"heading.default\">\n\t\t\t\t<div class=\"elementor-widget-container\">\n\t\t\t\t\t<h5 class=\"elementor-heading-title elementor-size-default\">PLAN ANNUEL<\/h5>\t\t\t\t<\/div>\n\t\t\t\t<\/div>\n\t\t\t\t<div class=\"elementor-element elementor-element-24edf36 elementor-widget elementor-widget-text-editor\" data-id=\"24edf36\" data-element_type=\"widget\" data-e-type=\"widget\" data-widget_type=\"text-editor.default\">\n\t\t\t\t<div class=\"elementor-widget-container\">\n\t\t\t\t\t\t\t\t\t<p><span class=\"woocommerce-Price-amount amount\"><bdi><span class=\"woocommerce-Price-currencySymbol\">&euro;<\/span>57.41<\/bdi><\/span> <span class=\"subscription-details\"> \/ ann\u00e9e<\/span> (30% d&#8217;\u00e9conomies !)<\/p>\n\t\t\t\t\t\t\t\t<\/div>\n\t\t\t\t<\/div>\n\t\t\t\t<div class=\"elementor-element elementor-element-766ceb8 elementor-widget elementor-widget-text-editor\" data-id=\"766ceb8\" data-element_type=\"widget\" data-e-type=\"widget\" data-widget_type=\"text-editor.default\">\n\t\t\t\t<div class=\"elementor-widget-container\">\n\t\t\t\t\t\t\t\t\t<p><strong>Lib\u00e9rez tout votre potentiel avec UltimatePlayerHQ\u00a0!<\/strong><\/p>\n<p>En vous inscrivant, vous aurez instantan\u00e9ment acc\u00e8s \u00e0 un univers de ressources d&#8217;entra\u00eenement con\u00e7ues pour am\u00e9liorer votre jeu de football. Voici ce dont vous b\u00e9n\u00e9ficierez en tant que membre\u00a0:<\/p>\n<ul>\n<li><b>Cr\u00e9ez et construisez vos propres s\u00e9ances d&#8217;animation personnalis\u00e9es<\/b> \u2013 Concevez des exercices sur mesure gr\u00e2ce \u00e0 notre planificateur d&#8217;animation facile \u00e0 utiliser.<\/li>\n<p> \t<\/p>\n<li><strong>Acc\u00e8s \u00e0 des milliers de s\u00e9ances anim\u00e9es cat\u00e9goris\u00e9es<\/strong> \u2013 Du d\u00e9butant au professionnel, nous proposons des exercices adapt\u00e9s \u00e0 tous les niveaux.<\/li>\n<p> \t<\/p>\n<li><strong>Acc\u00e8s \u00e0 l&#8217;application mobile<\/strong> \u2013 Entra\u00eenez-vous o\u00f9 que vous soyez gr\u00e2ce \u00e0 notre application mobile disponible sur l&#8217;App Store d&#8217;Apple et Google Play.<\/li>\n<p> \t<\/p>\n<li><strong>R\u00e9ductions exclusives pour les membres<\/strong> \u2013 Faites de grosses \u00e9conomies gr\u00e2ce aux offres sp\u00e9ciales de partenaires de premier plan comme BazookaGoal, FootballCareers et bien d&#8217;autres.<\/li>\n<p> \t<\/p>\n<li><strong>Toutes les fonctionnalit\u00e9s UPHQ<\/strong> \u2013 Acc\u00e9dez \u00e0 notre tableau tactique en direct, \u00e0 des exercices de niveau professionnel et \u00e0 une multitude d&#8217;outils de coaching pour vous aider \u00e0 r\u00e9ussir.<\/li>\n<p><\/ul>\n<p>Ne ratez pas cette occasion\u00a0! Inscrivez-vous d\u00e8s aujourd&#8217;hui et passez au niveau sup\u00e9rieur en mati\u00e8re de coaching avec UltimatePlayerHQ\u00a0!<\/p>\n\t\t\t\t\t\t\t\t<\/div>\n\t\t\t\t<\/div>\n\t\t\t\t<div class=\"elementor-element elementor-element-f1e2d18 elementor-widget__width-initial elementor-hidden-desktop elementor-hidden-tablet elementor-hidden-mobile elementor-widget elementor-widget-button\" data-id=\"f1e2d18\" data-element_type=\"widget\" data-e-type=\"widget\" data-widget_type=\"button.default\">\n\t\t\t\t<div class=\"elementor-widget-container\">\n\t\t\t\t\t\t\t\t\t<div class=\"elementor-button-wrapper\">\n\t\t\t\t\t<a class=\"elementor-button elementor-button-link elementor-size-sm\" href=\"\/fr\/product\/plan-individuel-annuel\/\">\n\t\t\t\t\t\t<span class=\"elementor-button-content-wrapper\">\n\t\t\t\t\t\t\t\t\t<span class=\"elementor-button-text\">Afficher les d\u00e9tails<\/span>\n\t\t\t\t\t<\/span>\n\t\t\t\t\t<\/a>\n\t\t\t\t<\/div>\n\t\t\t\t\t\t\t\t<\/div>\n\t\t\t\t<\/div>\n\t\t\t\t<div class=\"elementor-element elementor-element-398dbb1 plan_select_btn elementor-widget__width-initial elementor-widget elementor-widget-text-editor\" data-id=\"398dbb1\" data-element_type=\"widget\" data-e-type=\"widget\" data-widget_type=\"text-editor.default\">\n\t\t\t\t<div class=\"elementor-widget-container\">\n\t\t\t\t\t\t\t\t\t<form class=\"cart\" action=\"\/shop\/annual-individual-plan\" enctype=\"multipart\/form-data\" method=\"post\"><button class=\"single_add_to_cart_button button alt\" name=\"add-to-cart\" type=\"submit\" value=\"35496\">Select Plan<\/button><\/form>\n\t\t\t\t\t\t\t\t<\/div>\n\t\t\t\t<\/div>\n\t\t\t\t\t<\/div>\n\t\t<\/div>\n\t\t\t\t\t<\/div>\n\t\t<\/section>\n\t\t\t\t\t<\/div>\n\t\t<\/div>\n\t\t\t\t\t<\/div>\n\t\t<\/section>\n\t\t\t\t<\/div>\n\t\t\t\t<\/div>\n\t\t\t\t\t\t<\/div>\n\t\t\t\t<\/div>\n\t\t\t\t\t<\/div>\n\t\t<\/div>\n\t\t\t\t\t<\/div>\n\t\t<\/section>\n\t\t\t\t<\/div>\n\t\t<div style=\"margin: 20px 0;\"><div class=\"qrcswholewtapper\" style=\"text-align:left;\"><div class=\"qrcprowrapper\"  id=\"qrcwraa2leds\"><div class=\"qrc_canvass\" id=\"qrc_cuttenpages_2\" style=\"display:inline-block\" data-text=\"https:\/\/ultimateplayerhq.com\/fr\/hikmet-karaman\/\"><\/div><\/div><\/div><\/div>","protected":false},"excerpt":{"rendered":"<p>Liste de lecture 32 Videos Activit\u00e9 de la cha\u00eene Activit\u00e9 SAQ Activit\u00e9 du gardien de but Activit\u00e9 de possession Activit\u00e9 de combinaison de passes Activit\u00e9 de finition du Link Up Jouer depuis l&#8217;arri\u00e8re Activit\u00e9 5v3 Plus 1 Activit\u00e9 neutre Activit\u00e9 football SSG Passer pour finir Activit\u00e9 Activit\u00e9 physique de r\u00e9flexion rapide et de r\u00e9action Activit\u00e9 [&hellip;]<\/p>\n","protected":false},"author":1,"featured_media":54945,"parent":0,"menu_order":0,"comment_status":"closed","ping_status":"closed","template":"","meta":{"_acf_changed":false,"pmpro_default_level":"","footnotes":""},"class_list":["post-69831","page","type-page","status-publish","has-post-thumbnail","hentry","pmpro-has-access"],"acf":[],"yoast_head":"<!-- This site is optimized with the Yoast SEO plugin v27.4 - https:\/\/yoast.com\/product\/yoast-seo-wordpress\/ -->\n<title>Hikmet Karaman - Entra\u00eeneur international de football | Ultimate Player HQ<\/title>\n<meta name=\"description\" content=\"D\u00e9couvrez la longue carri\u00e8re d&#039;entra\u00eeneur de Hikmet Karaman et sa philosophie du football. Obtenez les commentaires de l&#039;entra\u00eeneur exp\u00e9riment\u00e9 \u00e0 Ultimate Player HQ.\" \/>\n<meta name=\"robots\" content=\"index, follow, max-snippet:-1, max-image-preview:large, max-video-preview:-1\" \/>\n<link rel=\"canonical\" href=\"https:\/\/ultimateplayerhq.com\/fr\/hikmet-karaman\/\" \/>\n<meta property=\"og:locale\" content=\"fr_FR\" \/>\n<meta property=\"og:type\" content=\"article\" \/>\n<meta property=\"og:title\" content=\"Hikmet Karaman - Entra\u00eeneur international de football | Ultimate Player HQ\" \/>\n<meta property=\"og:description\" content=\"D\u00e9couvrez la longue carri\u00e8re d&#039;entra\u00eeneur de Hikmet Karaman et sa philosophie du football. Obtenez les commentaires de l&#039;entra\u00eeneur exp\u00e9riment\u00e9 \u00e0 Ultimate Player HQ.\" \/>\n<meta property=\"og:url\" content=\"https:\/\/ultimateplayerhq.com\/fr\/hikmet-karaman\/\" \/>\n<meta property=\"og:site_name\" content=\"UltimatePlayerHQ\" \/>\n<meta property=\"article:publisher\" content=\"https:\/\/www.facebook.com\/UltimatePlayerHQ\/\" \/>\n<meta property=\"article:modified_time\" content=\"2026-04-14T12:14:22+00:00\" \/>\n<meta property=\"og:image\" content=\"https:\/\/ultimatehq.fra1.digitaloceanspaces.com\/wp-content\/uploads\/2022\/02\/main-banner.jpg\" \/>\n\t<meta property=\"og:image:width\" content=\"1920\" \/>\n\t<meta property=\"og:image:height\" content=\"519\" \/>\n\t<meta property=\"og:image:type\" content=\"image\/jpeg\" \/>\n<meta name=\"twitter:label1\" content=\"Dur\u00e9e de lecture estim\u00e9e\" \/>\n\t<meta name=\"twitter:data1\" content=\"7 minutes\" \/>\n<script type=\"application\/ld+json\" class=\"yoast-schema-graph\">{\"@context\":\"https:\\\/\\\/schema.org\",\"@graph\":[{\"@type\":\"WebPage\",\"@id\":\"https:\\\/\\\/ultimateplayerhq.com\\\/fr\\\/hikmet-karaman\\\/\",\"url\":\"https:\\\/\\\/ultimateplayerhq.com\\\/fr\\\/hikmet-karaman\\\/\",\"name\":\"Hikmet Karaman - Entra\u00eeneur international de football | Ultimate Player HQ\",\"isPartOf\":{\"@id\":\"https:\\\/\\\/ultimateplayerhq.com\\\/fr\\\/#website\"},\"primaryImageOfPage\":{\"@id\":\"https:\\\/\\\/ultimateplayerhq.com\\\/fr\\\/hikmet-karaman\\\/#primaryimage\"},\"image\":{\"@id\":\"https:\\\/\\\/ultimateplayerhq.com\\\/fr\\\/hikmet-karaman\\\/#primaryimage\"},\"thumbnailUrl\":\"https:\\\/\\\/ultimatehq.fra1.digitaloceanspaces.com\\\/wp-content\\\/uploads\\\/2022\\\/02\\\/main-banner.jpg\",\"datePublished\":\"2022-01-31T19:27:04+00:00\",\"dateModified\":\"2026-04-14T12:14:22+00:00\",\"description\":\"D\u00e9couvrez la longue carri\u00e8re d'entra\u00eeneur de Hikmet Karaman et sa philosophie du football. Obtenez les commentaires de l'entra\u00eeneur exp\u00e9riment\u00e9 \u00e0 Ultimate Player HQ.\",\"breadcrumb\":{\"@id\":\"https:\\\/\\\/ultimateplayerhq.com\\\/fr\\\/hikmet-karaman\\\/#breadcrumb\"},\"inLanguage\":\"fr-FR\",\"potentialAction\":[{\"@type\":\"ReadAction\",\"target\":[\"https:\\\/\\\/ultimateplayerhq.com\\\/fr\\\/hikmet-karaman\\\/\"]}]},{\"@type\":\"ImageObject\",\"inLanguage\":\"fr-FR\",\"@id\":\"https:\\\/\\\/ultimateplayerhq.com\\\/fr\\\/hikmet-karaman\\\/#primaryimage\",\"url\":\"https:\\\/\\\/ultimatehq.fra1.digitaloceanspaces.com\\\/wp-content\\\/uploads\\\/2022\\\/02\\\/main-banner.jpg\",\"contentUrl\":\"https:\\\/\\\/ultimatehq.fra1.digitaloceanspaces.com\\\/wp-content\\\/uploads\\\/2022\\\/02\\\/main-banner.jpg\",\"width\":1920,\"height\":519},{\"@type\":\"BreadcrumbList\",\"@id\":\"https:\\\/\\\/ultimateplayerhq.com\\\/fr\\\/hikmet-karaman\\\/#breadcrumb\",\"itemListElement\":[{\"@type\":\"ListItem\",\"position\":1,\"name\":\"Home\",\"item\":\"https:\\\/\\\/ultimateplayerhq.com\\\/fr\\\/\"},{\"@type\":\"ListItem\",\"position\":2,\"name\":\"Hikmet Karaman\"}]},{\"@type\":\"WebSite\",\"@id\":\"https:\\\/\\\/ultimateplayerhq.com\\\/fr\\\/#website\",\"url\":\"https:\\\/\\\/ultimateplayerhq.com\\\/fr\\\/\",\"name\":\"UltimatePlayerHQ\",\"description\":\"\",\"publisher\":{\"@id\":\"https:\\\/\\\/ultimateplayerhq.com\\\/fr\\\/#organization\"},\"potentialAction\":[{\"@type\":\"SearchAction\",\"target\":{\"@type\":\"EntryPoint\",\"urlTemplate\":\"https:\\\/\\\/ultimateplayerhq.com\\\/fr\\\/?s={search_term_string}\"},\"query-input\":{\"@type\":\"PropertyValueSpecification\",\"valueRequired\":true,\"valueName\":\"search_term_string\"}}],\"inLanguage\":\"fr-FR\"},{\"@type\":\"Organization\",\"@id\":\"https:\\\/\\\/ultimateplayerhq.com\\\/fr\\\/#organization\",\"name\":\"Ultimate PlayerHQ\",\"url\":\"https:\\\/\\\/ultimateplayerhq.com\\\/fr\\\/\",\"logo\":{\"@type\":\"ImageObject\",\"inLanguage\":\"fr-FR\",\"@id\":\"https:\\\/\\\/ultimateplayerhq.com\\\/fr\\\/#\\\/schema\\\/logo\\\/image\\\/\",\"url\":\"https:\\\/\\\/ultimatehq.fra1.digitaloceanspaces.com\\\/wp-content\\\/uploads\\\/2023\\\/11\\\/footer_logo-1.svg\",\"contentUrl\":\"https:\\\/\\\/ultimatehq.fra1.digitaloceanspaces.com\\\/wp-content\\\/uploads\\\/2023\\\/11\\\/footer_logo-1.svg\",\"caption\":\"Ultimate PlayerHQ\"},\"image\":{\"@id\":\"https:\\\/\\\/ultimateplayerhq.com\\\/fr\\\/#\\\/schema\\\/logo\\\/image\\\/\"},\"sameAs\":[\"https:\\\/\\\/www.facebook.com\\\/UltimatePlayerHQ\\\/\",\"https:\\\/\\\/x.com\\\/playersessionhq\"]}]}<\/script>\n<!-- \/ Yoast SEO plugin. -->","yoast_head_json":{"title":"Hikmet Karaman - Entra\u00eeneur international de football | Ultimate Player HQ","description":"D\u00e9couvrez la longue carri\u00e8re d'entra\u00eeneur de Hikmet Karaman et sa philosophie du football. Obtenez les commentaires de l'entra\u00eeneur exp\u00e9riment\u00e9 \u00e0 Ultimate Player HQ.","robots":{"index":"index","follow":"follow","max-snippet":"max-snippet:-1","max-image-preview":"max-image-preview:large","max-video-preview":"max-video-preview:-1"},"canonical":"https:\/\/ultimateplayerhq.com\/fr\/hikmet-karaman\/","og_locale":"fr_FR","og_type":"article","og_title":"Hikmet Karaman - Entra\u00eeneur international de football | Ultimate Player HQ","og_description":"D\u00e9couvrez la longue carri\u00e8re d'entra\u00eeneur de Hikmet Karaman et sa philosophie du football. Obtenez les commentaires de l'entra\u00eeneur exp\u00e9riment\u00e9 \u00e0 Ultimate Player HQ.","og_url":"https:\/\/ultimateplayerhq.com\/fr\/hikmet-karaman\/","og_site_name":"UltimatePlayerHQ","article_publisher":"https:\/\/www.facebook.com\/UltimatePlayerHQ\/","article_modified_time":"2026-04-14T12:14:22+00:00","og_image":[{"width":1920,"height":519,"url":"https:\/\/ultimatehq.fra1.digitaloceanspaces.com\/wp-content\/uploads\/2022\/02\/main-banner.jpg","type":"image\/jpeg"}],"twitter_misc":{"Dur\u00e9e de lecture estim\u00e9e":"7 minutes"},"schema":{"@context":"https:\/\/schema.org","@graph":[{"@type":"WebPage","@id":"https:\/\/ultimateplayerhq.com\/fr\/hikmet-karaman\/","url":"https:\/\/ultimateplayerhq.com\/fr\/hikmet-karaman\/","name":"Hikmet Karaman - Entra\u00eeneur international de football | Ultimate Player HQ","isPartOf":{"@id":"https:\/\/ultimateplayerhq.com\/fr\/#website"},"primaryImageOfPage":{"@id":"https:\/\/ultimateplayerhq.com\/fr\/hikmet-karaman\/#primaryimage"},"image":{"@id":"https:\/\/ultimateplayerhq.com\/fr\/hikmet-karaman\/#primaryimage"},"thumbnailUrl":"https:\/\/ultimatehq.fra1.digitaloceanspaces.com\/wp-content\/uploads\/2022\/02\/main-banner.jpg","datePublished":"2022-01-31T19:27:04+00:00","dateModified":"2026-04-14T12:14:22+00:00","description":"D\u00e9couvrez la longue carri\u00e8re d'entra\u00eeneur de Hikmet Karaman et sa philosophie du football. Obtenez les commentaires de l'entra\u00eeneur exp\u00e9riment\u00e9 \u00e0 Ultimate Player HQ.","breadcrumb":{"@id":"https:\/\/ultimateplayerhq.com\/fr\/hikmet-karaman\/#breadcrumb"},"inLanguage":"fr-FR","potentialAction":[{"@type":"ReadAction","target":["https:\/\/ultimateplayerhq.com\/fr\/hikmet-karaman\/"]}]},{"@type":"ImageObject","inLanguage":"fr-FR","@id":"https:\/\/ultimateplayerhq.com\/fr\/hikmet-karaman\/#primaryimage","url":"https:\/\/ultimatehq.fra1.digitaloceanspaces.com\/wp-content\/uploads\/2022\/02\/main-banner.jpg","contentUrl":"https:\/\/ultimatehq.fra1.digitaloceanspaces.com\/wp-content\/uploads\/2022\/02\/main-banner.jpg","width":1920,"height":519},{"@type":"BreadcrumbList","@id":"https:\/\/ultimateplayerhq.com\/fr\/hikmet-karaman\/#breadcrumb","itemListElement":[{"@type":"ListItem","position":1,"name":"Home","item":"https:\/\/ultimateplayerhq.com\/fr\/"},{"@type":"ListItem","position":2,"name":"Hikmet Karaman"}]},{"@type":"WebSite","@id":"https:\/\/ultimateplayerhq.com\/fr\/#website","url":"https:\/\/ultimateplayerhq.com\/fr\/","name":"UltimatePlayerHQ","description":"","publisher":{"@id":"https:\/\/ultimateplayerhq.com\/fr\/#organization"},"potentialAction":[{"@type":"SearchAction","target":{"@type":"EntryPoint","urlTemplate":"https:\/\/ultimateplayerhq.com\/fr\/?s={search_term_string}"},"query-input":{"@type":"PropertyValueSpecification","valueRequired":true,"valueName":"search_term_string"}}],"inLanguage":"fr-FR"},{"@type":"Organization","@id":"https:\/\/ultimateplayerhq.com\/fr\/#organization","name":"Ultimate PlayerHQ","url":"https:\/\/ultimateplayerhq.com\/fr\/","logo":{"@type":"ImageObject","inLanguage":"fr-FR","@id":"https:\/\/ultimateplayerhq.com\/fr\/#\/schema\/logo\/image\/","url":"https:\/\/ultimatehq.fra1.digitaloceanspaces.com\/wp-content\/uploads\/2023\/11\/footer_logo-1.svg","contentUrl":"https:\/\/ultimatehq.fra1.digitaloceanspaces.com\/wp-content\/uploads\/2023\/11\/footer_logo-1.svg","caption":"Ultimate PlayerHQ"},"image":{"@id":"https:\/\/ultimateplayerhq.com\/fr\/#\/schema\/logo\/image\/"},"sameAs":["https:\/\/www.facebook.com\/UltimatePlayerHQ\/","https:\/\/x.com\/playersessionhq"]}]}},"_links":{"self":[{"href":"https:\/\/ultimateplayerhq.com\/fr\/wp-json\/wp\/v2\/pages\/69831","targetHints":{"allow":["GET"]}}],"collection":[{"href":"https:\/\/ultimateplayerhq.com\/fr\/wp-json\/wp\/v2\/pages"}],"about":[{"href":"https:\/\/ultimateplayerhq.com\/fr\/wp-json\/wp\/v2\/types\/page"}],"author":[{"embeddable":true,"href":"https:\/\/ultimateplayerhq.com\/fr\/wp-json\/wp\/v2\/users\/1"}],"replies":[{"embeddable":true,"href":"https:\/\/ultimateplayerhq.com\/fr\/wp-json\/wp\/v2\/comments?post=69831"}],"version-history":[{"count":2,"href":"https:\/\/ultimateplayerhq.com\/fr\/wp-json\/wp\/v2\/pages\/69831\/revisions"}],"predecessor-version":[{"id":255947,"href":"https:\/\/ultimateplayerhq.com\/fr\/wp-json\/wp\/v2\/pages\/69831\/revisions\/255947"}],"wp:featuredmedia":[{"embeddable":true,"href":"https:\/\/ultimateplayerhq.com\/fr\/wp-json\/wp\/v2\/media\/54945"}],"wp:attachment":[{"href":"https:\/\/ultimateplayerhq.com\/fr\/wp-json\/wp\/v2\/media?parent=69831"}],"curies":[{"name":"wp","href":"https:\/\/api.w.org\/{rel}","templated":true}]}}