{"id":70377,"date":"2020-09-23T07:30:21","date_gmt":"2020-09-23T07:30:21","guid":{"rendered":"https:\/\/ultimateplayerhq.com\/exemple-dadhesion-au-club-accueil\/"},"modified":"2023-03-22T10:20:21","modified_gmt":"2023-03-22T10:20:21","slug":"exemple-dadhesion-au-club-accueil","status":"publish","type":"page","link":"https:\/\/ultimateplayerhq.com\/fr\/exemple-dadhesion-au-club-accueil\/","title":{"rendered":"Exemple d&rsquo;adh\u00e9sion au club Accueil"},"content":{"rendered":"<p class=\"\" style=\"white-space:pre-wrap;\">Un forfait d&rsquo;adh\u00e9sion au club est un ensemble de membres coachs qui sont li\u00e9s entre eux et g\u00e9r\u00e9s par l&rsquo;un de leurs membres &#8211; l&rsquo;administrateur du forfait. Les membres du bundle partagent la m\u00eame date de renouvellement, le m\u00eame statut et le m\u00eame niveau d&rsquo;acc\u00e8s. L&rsquo;ensemble du forfait d&rsquo;adh\u00e9sion est factur\u00e9 une seule cotisation, qui est pay\u00e9e par l&rsquo;administrateur du forfait.<\/p>\n<p class=\"\" style=\"white-space:pre-wrap;\"><strong>Fournissez des abonnements \u00e0 vos entra\u00eeneurs pour :  <\/strong><\/p>\n<div class=\"\n          image-block-outer-wrapper\n          layout-caption-below\n          design-layout-inline\n          combination-animation-none\n          individual-animation-none\n          individual-text-animation-none\n        \" data-test=\"image-block-inline-outer-wrapper\"><\/p>\n<figure class=\"\n              sqs-block-image-figure\n              intrinsic\n            \" style=\"max-width:390.0px;\"><\/p>\n<div style=\"padding-bottom:52.82051467895508%;\" class=\"\n                image-block-wrapper\n\n                has-aspect-ratio\n              \" data-animation-role=\"image\"><br \/>\n<noscript><img decoding=\"async\" src=\"https:\/\/images.squarespace-cdn.com\/content\/v1\/5a1c3d008fd4d2029e749ea4\/1595080590227-X8N4U7O2CUH8VRG7X81T\/ke17ZwdGBToddI8pDm48kK1EqSyxA8JUkt-6LPf9_7lZw-zPPgdn4jUwVcJE1ZvWEtT5uBSRWt4vQZAgTJucoTqqXjS3CfNDSuuf31e0tVHGuj3Xu5VXLkM_VG6YVNuyhgkXgHHBlwMEr3KSse3lZAoAoyhhjT2KWMI_uLxqnuw\/Ultimate+Player+HQ+logo.jpg\" alt=\"Ultimate Player HQ logo.jpg\"><\/noscript><img class=\"thumb-image\" data-src=\"https:\/\/images.squarespace-cdn.com\/content\/v1\/5a1c3d008fd4d2029e749ea4\/1595080590227-X8N4U7O2CUH8VRG7X81T\/ke17ZwdGBToddI8pDm48kK1EqSyxA8JUkt-6LPf9_7lZw-zPPgdn4jUwVcJE1ZvWEtT5uBSRWt4vQZAgTJucoTqqXjS3CfNDSuuf31e0tVHGuj3Xu5VXLkM_VG6YVNuyhgkXgHHBlwMEr3KSse3lZAoAoyhhjT2KWMI_uLxqnuw\/Ultimate+Player+HQ+logo.jpg\" data-image=\"https:\/\/images.squarespace-cdn.com\/content\/v1\/5a1c3d008fd4d2029e749ea4\/1595080590227-X8N4U7O2CUH8VRG7X81T\/ke17ZwdGBToddI8pDm48kK1EqSyxA8JUkt-6LPf9_7lZw-zPPgdn4jUwVcJE1ZvWEtT5uBSRWt4vQZAgTJucoTqqXjS3CfNDSuuf31e0tVHGuj3Xu5VXLkM_VG6YVNuyhgkXgHHBlwMEr3KSse3lZAoAoyhhjT2KWMI_uLxqnuw\/Ultimate+Player+HQ+logo.jpg\" data-image-dimensions=\"390x206\" data-image-focal-point=\"0.5,0.5\" alt=\"Ultimate Player HQ logo.jpg\" data-load=\"false\" data-image-id=\"5f12ff8e049f73378fd9f648\" data-type=\"image\"><\/div>\n<\/figure>\n<\/div>\n<ul data-rte-list=\"default\">\n<li>\n<p class=\"\" style=\"white-space:pre-wrap;\">Augmenter la satisfaction au travail des entra\u00eeneurs et am\u00e9liorer la r\u00e9tention<\/p>\n<\/li>\n<li>\n<p class=\"\" style=\"white-space:pre-wrap;\">Apportez de nouvelles approches et id\u00e9es \u00e0 vos formations<\/p>\n<\/li>\n<li>\n<p class=\"\" style=\"white-space:pre-wrap;\">Augmenter la productivit\u00e9 du club<\/p>\n<\/li>\n<\/ul>\n<p class=\"\" style=\"white-space:pre-wrap;\"><strong>PRIME:<\/strong>Les clubs rejoignant dix entra\u00eeneurs ou plus peuvent avoir une page de destination personnalis\u00e9e sur UltimateplayerHQ pour leur club. La page du club comprendra le logo du club, un lien vers le site Web, vos s\u00e9ances pr\u00e9f\u00e9r\u00e9es que vous souhaitez que vos entra\u00eeneurs voient (peut \u00eatre modifi\u00e9 tous les mois) et tout texte suppl\u00e9mentaire que vous souhaitez ajouter.<\/p>\n<p class=\"\" style=\"white-space:pre-wrap;\"><strong>Le prix est bas\u00e9 sur le nombre d&rsquo;adh\u00e9sions n\u00e9cessaires:<\/strong><\/p>\n<ul data-rte-list=\"default\">\n<li>\n<p class=\"\" style=\"white-space:pre-wrap;\">5 abonnements = 160 \u00a3 (\u00e9conomisez 40 \u00a3)<\/p>\n<\/li>\n<li>\n<p class=\"\" style=\"white-space:pre-wrap;\">10 abonnements = 320 \u00a3 (\u00e9conomisez 80 \u00a3)<\/p>\n<\/li>\n<li>\n<p class=\"\" style=\"white-space:pre-wrap;\">15 abonnements = 480 \u00a3 (\u00e9conomisez 120 \u00a3)<\/p>\n<\/li>\n<li>\n<p class=\"\" style=\"white-space:pre-wrap;\">20 adh\u00e9sions = 640 \u00a3 (\u00e9conomisez 160 \u00a3)<\/p>\n<\/li>\n<li>\n<p class=\"\" style=\"white-space:pre-wrap;\">Besoin de plus?<a href=\"http:\/\/ultimateplayerhq.com\/connect\">Contactez-nous<\/a> pour une tarification personnalis\u00e9e<\/p>\n<\/li>\n<\/ul>\n<p class=\"\" style=\"white-space:pre-wrap;\">Mettez \u00e0 jour vos adh\u00e9sions \u00e0 tout moment. Le roulement dans un club se produit afin que nous puissions changer qui obtient une adh\u00e9sion chaque fois que vous en avez besoin. Remarque : Seuls les administrateurs de bundle ont la possibilit\u00e9 d&rsquo;ajouter ou de supprimer des membres.<\/p>\n<div style=\"margin: 20px 0;\"><div class=\"qrcswholewtapper\" style=\"text-align:left;\"><div class=\"qrcprowrapper\"  id=\"qrcwraa2leds\"><div class=\"qrc_canvass\" id=\"qrc_cuttenpages_2\" style=\"display:inline-block\" data-text=\"https:\/\/ultimateplayerhq.com\/fr\/exemple-dadhesion-au-club-accueil\/\"><\/div><\/div><\/div><\/div>","protected":false},"excerpt":{"rendered":"<p>Un forfait d&rsquo;adh\u00e9sion au club est un ensemble de membres coachs qui sont li\u00e9s entre eux et g\u00e9r\u00e9s par l&rsquo;un de leurs membres &#8211; l&rsquo;administrateur du forfait. Les membres du bundle partagent la m\u00eame date de renouvellement, le m\u00eame statut et le m\u00eame niveau d&rsquo;acc\u00e8s. L&rsquo;ensemble du forfait d&rsquo;adh\u00e9sion est factur\u00e9 une seule cotisation, qui [&hellip;]<\/p>\n","protected":false},"author":1,"featured_media":0,"parent":0,"menu_order":0,"comment_status":"closed","ping_status":"closed","template":"","meta":{"_acf_changed":false,"pmpro_default_level":"","footnotes":""},"class_list":["post-70377","page","type-page","status-publish","hentry","pmpro-has-access"],"acf":[],"yoast_head":"<!-- This site is optimized with the Yoast SEO plugin v27.4 - https:\/\/yoast.com\/product\/yoast-seo-wordpress\/ -->\n<title>Exemple d&#039;adh\u00e9sion au club Accueil - UltimatePlayerHQ<\/title>\n<meta name=\"robots\" content=\"index, follow, max-snippet:-1, max-image-preview:large, max-video-preview:-1\" \/>\n<link rel=\"canonical\" href=\"https:\/\/ultimateplayerhq.com\/fr\/exemple-dadhesion-au-club-accueil\/\" \/>\n<meta property=\"og:locale\" content=\"fr_FR\" \/>\n<meta property=\"og:type\" content=\"article\" \/>\n<meta property=\"og:title\" content=\"Exemple d&#039;adh\u00e9sion au club Accueil - UltimatePlayerHQ\" \/>\n<meta property=\"og:description\" content=\"Un forfait d&rsquo;adh\u00e9sion au club est un ensemble de membres coachs qui sont li\u00e9s entre eux et g\u00e9r\u00e9s par l&rsquo;un de leurs membres &#8211; l&rsquo;administrateur du forfait. Les membres du bundle partagent la m\u00eame date de renouvellement, le m\u00eame statut et le m\u00eame niveau d&rsquo;acc\u00e8s. L&rsquo;ensemble du forfait d&rsquo;adh\u00e9sion est factur\u00e9 une seule cotisation, qui [&hellip;]\" \/>\n<meta property=\"og:url\" content=\"https:\/\/ultimateplayerhq.com\/fr\/exemple-dadhesion-au-club-accueil\/\" \/>\n<meta property=\"og:site_name\" content=\"UltimatePlayerHQ\" \/>\n<meta property=\"article:publisher\" content=\"https:\/\/www.facebook.com\/UltimatePlayerHQ\/\" \/>\n<meta property=\"article:modified_time\" content=\"2023-03-22T10:20:21+00:00\" \/>\n<meta property=\"og:image\" content=\"https:\/\/images.squarespace-cdn.com\/content\/v1\/5a1c3d008fd4d2029e749ea4\/1595080590227-X8N4U7O2CUH8VRG7X81T\/ke17ZwdGBToddI8pDm48kK1EqSyxA8JUkt-6LPf9_7lZw-zPPgdn4jUwVcJE1ZvWEtT5uBSRWt4vQZAgTJucoTqqXjS3CfNDSuuf31e0tVHGuj3Xu5VXLkM_VG6YVNuyhgkXgHHBlwMEr3KSse3lZAoAoyhhjT2KWMI_uLxqnuw\/Ultimate+Player+HQ+logo.jpg\" \/>\n<meta name=\"twitter:label1\" content=\"Dur\u00e9e de lecture estim\u00e9e\" \/>\n\t<meta name=\"twitter:data1\" content=\"1 minute\" \/>\n<script type=\"application\/ld+json\" class=\"yoast-schema-graph\">{\"@context\":\"https:\\\/\\\/schema.org\",\"@graph\":[{\"@type\":\"WebPage\",\"@id\":\"https:\\\/\\\/ultimateplayerhq.com\\\/fr\\\/exemple-dadhesion-au-club-accueil\\\/\",\"url\":\"https:\\\/\\\/ultimateplayerhq.com\\\/fr\\\/exemple-dadhesion-au-club-accueil\\\/\",\"name\":\"Exemple d'adh\u00e9sion au club Accueil - UltimatePlayerHQ\",\"isPartOf\":{\"@id\":\"https:\\\/\\\/ultimateplayerhq.com\\\/fr\\\/#website\"},\"primaryImageOfPage\":{\"@id\":\"https:\\\/\\\/ultimateplayerhq.com\\\/fr\\\/exemple-dadhesion-au-club-accueil\\\/#primaryimage\"},\"image\":{\"@id\":\"https:\\\/\\\/ultimateplayerhq.com\\\/fr\\\/exemple-dadhesion-au-club-accueil\\\/#primaryimage\"},\"thumbnailUrl\":\"https:\\\/\\\/images.squarespace-cdn.com\\\/content\\\/v1\\\/5a1c3d008fd4d2029e749ea4\\\/1595080590227-X8N4U7O2CUH8VRG7X81T\\\/ke17ZwdGBToddI8pDm48kK1EqSyxA8JUkt-6LPf9_7lZw-zPPgdn4jUwVcJE1ZvWEtT5uBSRWt4vQZAgTJucoTqqXjS3CfNDSuuf31e0tVHGuj3Xu5VXLkM_VG6YVNuyhgkXgHHBlwMEr3KSse3lZAoAoyhhjT2KWMI_uLxqnuw\\\/Ultimate+Player+HQ+logo.jpg\",\"datePublished\":\"2020-09-23T07:30:21+00:00\",\"dateModified\":\"2023-03-22T10:20:21+00:00\",\"breadcrumb\":{\"@id\":\"https:\\\/\\\/ultimateplayerhq.com\\\/fr\\\/exemple-dadhesion-au-club-accueil\\\/#breadcrumb\"},\"inLanguage\":\"fr-FR\",\"potentialAction\":[{\"@type\":\"ReadAction\",\"target\":[\"https:\\\/\\\/ultimateplayerhq.com\\\/fr\\\/exemple-dadhesion-au-club-accueil\\\/\"]}]},{\"@type\":\"ImageObject\",\"inLanguage\":\"fr-FR\",\"@id\":\"https:\\\/\\\/ultimateplayerhq.com\\\/fr\\\/exemple-dadhesion-au-club-accueil\\\/#primaryimage\",\"url\":\"https:\\\/\\\/images.squarespace-cdn.com\\\/content\\\/v1\\\/5a1c3d008fd4d2029e749ea4\\\/1595080590227-X8N4U7O2CUH8VRG7X81T\\\/ke17ZwdGBToddI8pDm48kK1EqSyxA8JUkt-6LPf9_7lZw-zPPgdn4jUwVcJE1ZvWEtT5uBSRWt4vQZAgTJucoTqqXjS3CfNDSuuf31e0tVHGuj3Xu5VXLkM_VG6YVNuyhgkXgHHBlwMEr3KSse3lZAoAoyhhjT2KWMI_uLxqnuw\\\/Ultimate+Player+HQ+logo.jpg\",\"contentUrl\":\"https:\\\/\\\/images.squarespace-cdn.com\\\/content\\\/v1\\\/5a1c3d008fd4d2029e749ea4\\\/1595080590227-X8N4U7O2CUH8VRG7X81T\\\/ke17ZwdGBToddI8pDm48kK1EqSyxA8JUkt-6LPf9_7lZw-zPPgdn4jUwVcJE1ZvWEtT5uBSRWt4vQZAgTJucoTqqXjS3CfNDSuuf31e0tVHGuj3Xu5VXLkM_VG6YVNuyhgkXgHHBlwMEr3KSse3lZAoAoyhhjT2KWMI_uLxqnuw\\\/Ultimate+Player+HQ+logo.jpg\"},{\"@type\":\"BreadcrumbList\",\"@id\":\"https:\\\/\\\/ultimateplayerhq.com\\\/fr\\\/exemple-dadhesion-au-club-accueil\\\/#breadcrumb\",\"itemListElement\":[{\"@type\":\"ListItem\",\"position\":1,\"name\":\"Home\",\"item\":\"https:\\\/\\\/ultimateplayerhq.com\\\/fr\\\/\"},{\"@type\":\"ListItem\",\"position\":2,\"name\":\"Exemple d&#8217;adh\u00e9sion au club Accueil\"}]},{\"@type\":\"WebSite\",\"@id\":\"https:\\\/\\\/ultimateplayerhq.com\\\/fr\\\/#website\",\"url\":\"https:\\\/\\\/ultimateplayerhq.com\\\/fr\\\/\",\"name\":\"UltimatePlayerHQ\",\"description\":\"\",\"publisher\":{\"@id\":\"https:\\\/\\\/ultimateplayerhq.com\\\/fr\\\/#organization\"},\"potentialAction\":[{\"@type\":\"SearchAction\",\"target\":{\"@type\":\"EntryPoint\",\"urlTemplate\":\"https:\\\/\\\/ultimateplayerhq.com\\\/fr\\\/?s={search_term_string}\"},\"query-input\":{\"@type\":\"PropertyValueSpecification\",\"valueRequired\":true,\"valueName\":\"search_term_string\"}}],\"inLanguage\":\"fr-FR\"},{\"@type\":\"Organization\",\"@id\":\"https:\\\/\\\/ultimateplayerhq.com\\\/fr\\\/#organization\",\"name\":\"Ultimate PlayerHQ\",\"url\":\"https:\\\/\\\/ultimateplayerhq.com\\\/fr\\\/\",\"logo\":{\"@type\":\"ImageObject\",\"inLanguage\":\"fr-FR\",\"@id\":\"https:\\\/\\\/ultimateplayerhq.com\\\/fr\\\/#\\\/schema\\\/logo\\\/image\\\/\",\"url\":\"https:\\\/\\\/ultimatehq.fra1.digitaloceanspaces.com\\\/wp-content\\\/uploads\\\/2023\\\/11\\\/footer_logo-1.svg\",\"contentUrl\":\"https:\\\/\\\/ultimatehq.fra1.digitaloceanspaces.com\\\/wp-content\\\/uploads\\\/2023\\\/11\\\/footer_logo-1.svg\",\"caption\":\"Ultimate PlayerHQ\"},\"image\":{\"@id\":\"https:\\\/\\\/ultimateplayerhq.com\\\/fr\\\/#\\\/schema\\\/logo\\\/image\\\/\"},\"sameAs\":[\"https:\\\/\\\/www.facebook.com\\\/UltimatePlayerHQ\\\/\",\"https:\\\/\\\/x.com\\\/playersessionhq\"]}]}<\/script>\n<!-- \/ Yoast SEO plugin. -->","yoast_head_json":{"title":"Exemple d'adh\u00e9sion au club Accueil - UltimatePlayerHQ","robots":{"index":"index","follow":"follow","max-snippet":"max-snippet:-1","max-image-preview":"max-image-preview:large","max-video-preview":"max-video-preview:-1"},"canonical":"https:\/\/ultimateplayerhq.com\/fr\/exemple-dadhesion-au-club-accueil\/","og_locale":"fr_FR","og_type":"article","og_title":"Exemple d'adh\u00e9sion au club Accueil - UltimatePlayerHQ","og_description":"Un forfait d&rsquo;adh\u00e9sion au club est un ensemble de membres coachs qui sont li\u00e9s entre eux et g\u00e9r\u00e9s par l&rsquo;un de leurs membres &#8211; l&rsquo;administrateur du forfait. Les membres du bundle partagent la m\u00eame date de renouvellement, le m\u00eame statut et le m\u00eame niveau d&rsquo;acc\u00e8s. L&rsquo;ensemble du forfait d&rsquo;adh\u00e9sion est factur\u00e9 une seule cotisation, qui [&hellip;]","og_url":"https:\/\/ultimateplayerhq.com\/fr\/exemple-dadhesion-au-club-accueil\/","og_site_name":"UltimatePlayerHQ","article_publisher":"https:\/\/www.facebook.com\/UltimatePlayerHQ\/","article_modified_time":"2023-03-22T10:20:21+00:00","og_image":[{"url":"https:\/\/images.squarespace-cdn.com\/content\/v1\/5a1c3d008fd4d2029e749ea4\/1595080590227-X8N4U7O2CUH8VRG7X81T\/ke17ZwdGBToddI8pDm48kK1EqSyxA8JUkt-6LPf9_7lZw-zPPgdn4jUwVcJE1ZvWEtT5uBSRWt4vQZAgTJucoTqqXjS3CfNDSuuf31e0tVHGuj3Xu5VXLkM_VG6YVNuyhgkXgHHBlwMEr3KSse3lZAoAoyhhjT2KWMI_uLxqnuw\/Ultimate+Player+HQ+logo.jpg","type":"","width":"","height":""}],"twitter_misc":{"Dur\u00e9e de lecture estim\u00e9e":"1 minute"},"schema":{"@context":"https:\/\/schema.org","@graph":[{"@type":"WebPage","@id":"https:\/\/ultimateplayerhq.com\/fr\/exemple-dadhesion-au-club-accueil\/","url":"https:\/\/ultimateplayerhq.com\/fr\/exemple-dadhesion-au-club-accueil\/","name":"Exemple d'adh\u00e9sion au club Accueil - UltimatePlayerHQ","isPartOf":{"@id":"https:\/\/ultimateplayerhq.com\/fr\/#website"},"primaryImageOfPage":{"@id":"https:\/\/ultimateplayerhq.com\/fr\/exemple-dadhesion-au-club-accueil\/#primaryimage"},"image":{"@id":"https:\/\/ultimateplayerhq.com\/fr\/exemple-dadhesion-au-club-accueil\/#primaryimage"},"thumbnailUrl":"https:\/\/images.squarespace-cdn.com\/content\/v1\/5a1c3d008fd4d2029e749ea4\/1595080590227-X8N4U7O2CUH8VRG7X81T\/ke17ZwdGBToddI8pDm48kK1EqSyxA8JUkt-6LPf9_7lZw-zPPgdn4jUwVcJE1ZvWEtT5uBSRWt4vQZAgTJucoTqqXjS3CfNDSuuf31e0tVHGuj3Xu5VXLkM_VG6YVNuyhgkXgHHBlwMEr3KSse3lZAoAoyhhjT2KWMI_uLxqnuw\/Ultimate+Player+HQ+logo.jpg","datePublished":"2020-09-23T07:30:21+00:00","dateModified":"2023-03-22T10:20:21+00:00","breadcrumb":{"@id":"https:\/\/ultimateplayerhq.com\/fr\/exemple-dadhesion-au-club-accueil\/#breadcrumb"},"inLanguage":"fr-FR","potentialAction":[{"@type":"ReadAction","target":["https:\/\/ultimateplayerhq.com\/fr\/exemple-dadhesion-au-club-accueil\/"]}]},{"@type":"ImageObject","inLanguage":"fr-FR","@id":"https:\/\/ultimateplayerhq.com\/fr\/exemple-dadhesion-au-club-accueil\/#primaryimage","url":"https:\/\/images.squarespace-cdn.com\/content\/v1\/5a1c3d008fd4d2029e749ea4\/1595080590227-X8N4U7O2CUH8VRG7X81T\/ke17ZwdGBToddI8pDm48kK1EqSyxA8JUkt-6LPf9_7lZw-zPPgdn4jUwVcJE1ZvWEtT5uBSRWt4vQZAgTJucoTqqXjS3CfNDSuuf31e0tVHGuj3Xu5VXLkM_VG6YVNuyhgkXgHHBlwMEr3KSse3lZAoAoyhhjT2KWMI_uLxqnuw\/Ultimate+Player+HQ+logo.jpg","contentUrl":"https:\/\/images.squarespace-cdn.com\/content\/v1\/5a1c3d008fd4d2029e749ea4\/1595080590227-X8N4U7O2CUH8VRG7X81T\/ke17ZwdGBToddI8pDm48kK1EqSyxA8JUkt-6LPf9_7lZw-zPPgdn4jUwVcJE1ZvWEtT5uBSRWt4vQZAgTJucoTqqXjS3CfNDSuuf31e0tVHGuj3Xu5VXLkM_VG6YVNuyhgkXgHHBlwMEr3KSse3lZAoAoyhhjT2KWMI_uLxqnuw\/Ultimate+Player+HQ+logo.jpg"},{"@type":"BreadcrumbList","@id":"https:\/\/ultimateplayerhq.com\/fr\/exemple-dadhesion-au-club-accueil\/#breadcrumb","itemListElement":[{"@type":"ListItem","position":1,"name":"Home","item":"https:\/\/ultimateplayerhq.com\/fr\/"},{"@type":"ListItem","position":2,"name":"Exemple d&#8217;adh\u00e9sion au club Accueil"}]},{"@type":"WebSite","@id":"https:\/\/ultimateplayerhq.com\/fr\/#website","url":"https:\/\/ultimateplayerhq.com\/fr\/","name":"UltimatePlayerHQ","description":"","publisher":{"@id":"https:\/\/ultimateplayerhq.com\/fr\/#organization"},"potentialAction":[{"@type":"SearchAction","target":{"@type":"EntryPoint","urlTemplate":"https:\/\/ultimateplayerhq.com\/fr\/?s={search_term_string}"},"query-input":{"@type":"PropertyValueSpecification","valueRequired":true,"valueName":"search_term_string"}}],"inLanguage":"fr-FR"},{"@type":"Organization","@id":"https:\/\/ultimateplayerhq.com\/fr\/#organization","name":"Ultimate PlayerHQ","url":"https:\/\/ultimateplayerhq.com\/fr\/","logo":{"@type":"ImageObject","inLanguage":"fr-FR","@id":"https:\/\/ultimateplayerhq.com\/fr\/#\/schema\/logo\/image\/","url":"https:\/\/ultimatehq.fra1.digitaloceanspaces.com\/wp-content\/uploads\/2023\/11\/footer_logo-1.svg","contentUrl":"https:\/\/ultimatehq.fra1.digitaloceanspaces.com\/wp-content\/uploads\/2023\/11\/footer_logo-1.svg","caption":"Ultimate PlayerHQ"},"image":{"@id":"https:\/\/ultimateplayerhq.com\/fr\/#\/schema\/logo\/image\/"},"sameAs":["https:\/\/www.facebook.com\/UltimatePlayerHQ\/","https:\/\/x.com\/playersessionhq"]}]}},"_links":{"self":[{"href":"https:\/\/ultimateplayerhq.com\/fr\/wp-json\/wp\/v2\/pages\/70377","targetHints":{"allow":["GET"]}}],"collection":[{"href":"https:\/\/ultimateplayerhq.com\/fr\/wp-json\/wp\/v2\/pages"}],"about":[{"href":"https:\/\/ultimateplayerhq.com\/fr\/wp-json\/wp\/v2\/types\/page"}],"author":[{"embeddable":true,"href":"https:\/\/ultimateplayerhq.com\/fr\/wp-json\/wp\/v2\/users\/1"}],"replies":[{"embeddable":true,"href":"https:\/\/ultimateplayerhq.com\/fr\/wp-json\/wp\/v2\/comments?post=70377"}],"version-history":[{"count":0,"href":"https:\/\/ultimateplayerhq.com\/fr\/wp-json\/wp\/v2\/pages\/70377\/revisions"}],"wp:attachment":[{"href":"https:\/\/ultimateplayerhq.com\/fr\/wp-json\/wp\/v2\/media?parent=70377"}],"curies":[{"name":"wp","href":"https:\/\/api.w.org\/{rel}","templated":true}]}}