{"id":120239,"date":"2023-12-05T11:24:02","date_gmt":"2023-12-05T11:24:02","guid":{"rendered":"https:\/\/ultimateplayerhq.com\/?post_type=product&#038;p=120239"},"modified":"2024-01-18T06:13:15","modified_gmt":"2024-01-18T06:13:15","slug":"forfait-petit-club","status":"publish","type":"product","link":"https:\/\/ultimateplayerhq.com\/fr\/product\/forfait-petit-club\/","title":{"rendered":"FORFAIT PETIT CLUB"},"content":{"rendered":"<p>Comprend des abonnements pour <span style=\"text-decoration: underline;\">jusqu&#8217;\u00e0 20 entra\u00eeneurs<\/span> par an qui leur donnent acc\u00e8s \u00e0 plus de milliers s\u00e9ances d&#8217;entra\u00eenement anim\u00e9es, des mod\u00e8les de pitch d&#8217;entra\u00eenement t\u00e9l\u00e9chargeables, un vestiaire individuel pour entra\u00eeneur et bien plus encore. !<\/p>\n<p>Vous recevrez un code de r\u00e9duction sp\u00e9cial \u00e0 fournir \u00e0 vos coachs pour cr\u00e9er leur adh\u00e9sion.<\/p>\n<p>Centre de contact administratif pour l\u2019assistance et le changement des destinataires des adh\u00e9sions.<\/p>\n<p><strong>PLUS<\/strong> : copie num\u00e9rique du manuel de session UltimateplayerHQ 1 pour tous les entra\u00eeneurs<\/p>\n<div style=\"margin: 20px 0;\"><div class=\"qrcswholewtapper\" style=\"text-align:left;\"><div class=\"qrcprowrapper\"  id=\"qrcwraa2leds\"><div class=\"qrc_canvass\" id=\"qrc_cuttenpages_2\" style=\"display:inline-block\" data-text=\"https:\/\/ultimateplayerhq.com\/fr\/product\/forfait-petit-club\/\"><\/div><\/div><\/div><\/div>","protected":false},"excerpt":{"rendered":"<p>Comprend des abonnements pour jusqu&#8217;\u00e0 20 entra\u00eeneurs par an qui leur donnent acc\u00e8s \u00e0 plus de milliers s\u00e9ances d&#8217;entra\u00eenement anim\u00e9es, des mod\u00e8les de pitch d&#8217;entra\u00eenement t\u00e9l\u00e9chargeables, un vestiaire individuel pour entra\u00eeneur et bien plus encore. ! Vous recevrez un code de r\u00e9duction sp\u00e9cial \u00e0 fournir \u00e0 vos coachs pour cr\u00e9er leur adh\u00e9sion. Centre de contact [&hellip;]<\/p>\n","protected":false},"featured_media":252605,"comment_status":"closed","ping_status":"closed","template":"","meta":{"_acf_changed":false,"pmpro_default_level":""},"product_brand":[],"product_cat":[2667],"product_tag":[],"class_list":{"0":"post-120239","1":"product","2":"type-product","3":"status-publish","4":"has-post-thumbnail","6":"product_cat-adhesion","7":"pmpro-has-access","9":"first","10":"instock","11":"virtual","12":"sold-individually","13":"purchasable","14":"product-type-subscription"},"acf":[],"yoast_head":"<!-- This site is optimized with the Yoast SEO plugin v27.4 - https:\/\/yoast.com\/product\/yoast-seo-wordpress\/ -->\n<title>FORFAIT PETIT CLUB - UltimatePlayerHQ<\/title>\n<meta name=\"robots\" content=\"index, follow, max-snippet:-1, max-image-preview:large, max-video-preview:-1\" \/>\n<link rel=\"canonical\" href=\"https:\/\/ultimateplayerhq.com\/fr\/product\/forfait-petit-club\/\" \/>\n<meta property=\"og:locale\" content=\"fr_FR\" \/>\n<meta property=\"og:type\" content=\"article\" \/>\n<meta property=\"og:title\" content=\"FORFAIT PETIT CLUB - UltimatePlayerHQ\" \/>\n<meta property=\"og:description\" content=\"Comprend des abonnements pour jusqu&#8217;\u00e0 20 entra\u00eeneurs par an qui leur donnent acc\u00e8s \u00e0 plus de milliers s\u00e9ances d&#8217;entra\u00eenement anim\u00e9es, des mod\u00e8les de pitch d&#8217;entra\u00eenement t\u00e9l\u00e9chargeables, un vestiaire individuel pour entra\u00eeneur et bien plus encore. ! Vous recevrez un code de r\u00e9duction sp\u00e9cial \u00e0 fournir \u00e0 vos coachs pour cr\u00e9er leur adh\u00e9sion. Centre de contact [&hellip;]\" \/>\n<meta property=\"og:url\" content=\"https:\/\/ultimateplayerhq.com\/fr\/product\/forfait-petit-club\/\" \/>\n<meta property=\"og:site_name\" content=\"UltimatePlayerHQ\" \/>\n<meta property=\"article:publisher\" content=\"https:\/\/www.facebook.com\/UltimatePlayerHQ\/\" \/>\n<meta property=\"article:modified_time\" content=\"2024-01-18T06:13:15+00:00\" \/>\n<meta property=\"og:image\" content=\"https:\/\/ultimatehq.fra1.digitaloceanspaces.com\/wp-content\/uploads\/2023\/12\/small_club_bundle.png\" \/>\n\t<meta property=\"og:image:width\" content=\"960\" \/>\n\t<meta property=\"og:image:height\" content=\"798\" \/>\n\t<meta property=\"og:image:type\" content=\"image\/png\" \/>\n<meta name=\"twitter:label1\" content=\"Dur\u00e9e de lecture estim\u00e9e\" \/>\n\t<meta name=\"twitter:data1\" content=\"1 minute\" \/>\n<script type=\"application\/ld+json\" class=\"yoast-schema-graph\">{\"@context\":\"https:\\\/\\\/schema.org\",\"@graph\":[{\"@type\":\"WebPage\",\"@id\":\"https:\\\/\\\/ultimateplayerhq.com\\\/fr\\\/product\\\/forfait-petit-club\\\/\",\"url\":\"https:\\\/\\\/ultimateplayerhq.com\\\/fr\\\/product\\\/forfait-petit-club\\\/\",\"name\":\"FORFAIT PETIT CLUB - UltimatePlayerHQ\",\"isPartOf\":{\"@id\":\"https:\\\/\\\/ultimateplayerhq.com\\\/fr\\\/#website\"},\"primaryImageOfPage\":{\"@id\":\"https:\\\/\\\/ultimateplayerhq.com\\\/fr\\\/product\\\/forfait-petit-club\\\/#primaryimage\"},\"image\":{\"@id\":\"https:\\\/\\\/ultimateplayerhq.com\\\/fr\\\/product\\\/forfait-petit-club\\\/#primaryimage\"},\"thumbnailUrl\":\"https:\\\/\\\/ultimatehq.fra1.digitaloceanspaces.com\\\/wp-content\\\/uploads\\\/2023\\\/12\\\/small_club_bundle-1.png\",\"datePublished\":\"2023-12-05T11:24:02+00:00\",\"dateModified\":\"2024-01-18T06:13:15+00:00\",\"breadcrumb\":{\"@id\":\"https:\\\/\\\/ultimateplayerhq.com\\\/fr\\\/product\\\/forfait-petit-club\\\/#breadcrumb\"},\"inLanguage\":\"fr-FR\",\"potentialAction\":[{\"@type\":\"ReadAction\",\"target\":[\"https:\\\/\\\/ultimateplayerhq.com\\\/fr\\\/product\\\/forfait-petit-club\\\/\"]}]},{\"@type\":\"ImageObject\",\"inLanguage\":\"fr-FR\",\"@id\":\"https:\\\/\\\/ultimateplayerhq.com\\\/fr\\\/product\\\/forfait-petit-club\\\/#primaryimage\",\"url\":\"https:\\\/\\\/ultimatehq.fra1.digitaloceanspaces.com\\\/wp-content\\\/uploads\\\/2023\\\/12\\\/small_club_bundle-1.png\",\"contentUrl\":\"https:\\\/\\\/ultimatehq.fra1.digitaloceanspaces.com\\\/wp-content\\\/uploads\\\/2023\\\/12\\\/small_club_bundle-1.png\",\"width\":321,\"height\":265},{\"@type\":\"BreadcrumbList\",\"@id\":\"https:\\\/\\\/ultimateplayerhq.com\\\/fr\\\/product\\\/forfait-petit-club\\\/#breadcrumb\",\"itemListElement\":[{\"@type\":\"ListItem\",\"position\":1,\"name\":\"Home\",\"item\":\"https:\\\/\\\/ultimateplayerhq.com\\\/fr\\\/\"},{\"@type\":\"ListItem\",\"position\":2,\"name\":\"Boutique\",\"item\":\"https:\\\/\\\/ultimateplayerhq.com\\\/fr\\\/boutique\\\/\"},{\"@type\":\"ListItem\",\"position\":3,\"name\":\"FORFAIT PETIT CLUB\"}]},{\"@type\":\"WebSite\",\"@id\":\"https:\\\/\\\/ultimateplayerhq.com\\\/fr\\\/#website\",\"url\":\"https:\\\/\\\/ultimateplayerhq.com\\\/fr\\\/\",\"name\":\"UltimatePlayerHQ\",\"description\":\"\",\"publisher\":{\"@id\":\"https:\\\/\\\/ultimateplayerhq.com\\\/fr\\\/#organization\"},\"potentialAction\":[{\"@type\":\"SearchAction\",\"target\":{\"@type\":\"EntryPoint\",\"urlTemplate\":\"https:\\\/\\\/ultimateplayerhq.com\\\/fr\\\/?s={search_term_string}\"},\"query-input\":{\"@type\":\"PropertyValueSpecification\",\"valueRequired\":true,\"valueName\":\"search_term_string\"}}],\"inLanguage\":\"fr-FR\"},{\"@type\":\"Organization\",\"@id\":\"https:\\\/\\\/ultimateplayerhq.com\\\/fr\\\/#organization\",\"name\":\"Ultimate PlayerHQ\",\"url\":\"https:\\\/\\\/ultimateplayerhq.com\\\/fr\\\/\",\"logo\":{\"@type\":\"ImageObject\",\"inLanguage\":\"fr-FR\",\"@id\":\"https:\\\/\\\/ultimateplayerhq.com\\\/fr\\\/#\\\/schema\\\/logo\\\/image\\\/\",\"url\":\"https:\\\/\\\/ultimatehq.fra1.digitaloceanspaces.com\\\/wp-content\\\/uploads\\\/2023\\\/11\\\/footer_logo-1.svg\",\"contentUrl\":\"https:\\\/\\\/ultimatehq.fra1.digitaloceanspaces.com\\\/wp-content\\\/uploads\\\/2023\\\/11\\\/footer_logo-1.svg\",\"caption\":\"Ultimate PlayerHQ\"},\"image\":{\"@id\":\"https:\\\/\\\/ultimateplayerhq.com\\\/fr\\\/#\\\/schema\\\/logo\\\/image\\\/\"},\"sameAs\":[\"https:\\\/\\\/www.facebook.com\\\/UltimatePlayerHQ\\\/\",\"https:\\\/\\\/x.com\\\/playersessionhq\"]}]}<\/script>\n<!-- \/ Yoast SEO plugin. -->","yoast_head_json":{"title":"FORFAIT PETIT CLUB - UltimatePlayerHQ","robots":{"index":"index","follow":"follow","max-snippet":"max-snippet:-1","max-image-preview":"max-image-preview:large","max-video-preview":"max-video-preview:-1"},"canonical":"https:\/\/ultimateplayerhq.com\/fr\/product\/forfait-petit-club\/","og_locale":"fr_FR","og_type":"article","og_title":"FORFAIT PETIT CLUB - UltimatePlayerHQ","og_description":"Comprend des abonnements pour jusqu&#8217;\u00e0 20 entra\u00eeneurs par an qui leur donnent acc\u00e8s \u00e0 plus de milliers s\u00e9ances d&#8217;entra\u00eenement anim\u00e9es, des mod\u00e8les de pitch d&#8217;entra\u00eenement t\u00e9l\u00e9chargeables, un vestiaire individuel pour entra\u00eeneur et bien plus encore. ! Vous recevrez un code de r\u00e9duction sp\u00e9cial \u00e0 fournir \u00e0 vos coachs pour cr\u00e9er leur adh\u00e9sion. Centre de contact [&hellip;]","og_url":"https:\/\/ultimateplayerhq.com\/fr\/product\/forfait-petit-club\/","og_site_name":"UltimatePlayerHQ","article_publisher":"https:\/\/www.facebook.com\/UltimatePlayerHQ\/","article_modified_time":"2024-01-18T06:13:15+00:00","og_image":[{"width":960,"height":798,"url":"https:\/\/ultimatehq.fra1.digitaloceanspaces.com\/wp-content\/uploads\/2023\/12\/small_club_bundle.png","type":"image\/png"}],"twitter_misc":{"Dur\u00e9e de lecture estim\u00e9e":"1 minute"},"schema":{"@context":"https:\/\/schema.org","@graph":[{"@type":"WebPage","@id":"https:\/\/ultimateplayerhq.com\/fr\/product\/forfait-petit-club\/","url":"https:\/\/ultimateplayerhq.com\/fr\/product\/forfait-petit-club\/","name":"FORFAIT PETIT CLUB - UltimatePlayerHQ","isPartOf":{"@id":"https:\/\/ultimateplayerhq.com\/fr\/#website"},"primaryImageOfPage":{"@id":"https:\/\/ultimateplayerhq.com\/fr\/product\/forfait-petit-club\/#primaryimage"},"image":{"@id":"https:\/\/ultimateplayerhq.com\/fr\/product\/forfait-petit-club\/#primaryimage"},"thumbnailUrl":"https:\/\/ultimatehq.fra1.digitaloceanspaces.com\/wp-content\/uploads\/2023\/12\/small_club_bundle-1.png","datePublished":"2023-12-05T11:24:02+00:00","dateModified":"2024-01-18T06:13:15+00:00","breadcrumb":{"@id":"https:\/\/ultimateplayerhq.com\/fr\/product\/forfait-petit-club\/#breadcrumb"},"inLanguage":"fr-FR","potentialAction":[{"@type":"ReadAction","target":["https:\/\/ultimateplayerhq.com\/fr\/product\/forfait-petit-club\/"]}]},{"@type":"ImageObject","inLanguage":"fr-FR","@id":"https:\/\/ultimateplayerhq.com\/fr\/product\/forfait-petit-club\/#primaryimage","url":"https:\/\/ultimatehq.fra1.digitaloceanspaces.com\/wp-content\/uploads\/2023\/12\/small_club_bundle-1.png","contentUrl":"https:\/\/ultimatehq.fra1.digitaloceanspaces.com\/wp-content\/uploads\/2023\/12\/small_club_bundle-1.png","width":321,"height":265},{"@type":"BreadcrumbList","@id":"https:\/\/ultimateplayerhq.com\/fr\/product\/forfait-petit-club\/#breadcrumb","itemListElement":[{"@type":"ListItem","position":1,"name":"Home","item":"https:\/\/ultimateplayerhq.com\/fr\/"},{"@type":"ListItem","position":2,"name":"Boutique","item":"https:\/\/ultimateplayerhq.com\/fr\/boutique\/"},{"@type":"ListItem","position":3,"name":"FORFAIT PETIT CLUB"}]},{"@type":"WebSite","@id":"https:\/\/ultimateplayerhq.com\/fr\/#website","url":"https:\/\/ultimateplayerhq.com\/fr\/","name":"UltimatePlayerHQ","description":"","publisher":{"@id":"https:\/\/ultimateplayerhq.com\/fr\/#organization"},"potentialAction":[{"@type":"SearchAction","target":{"@type":"EntryPoint","urlTemplate":"https:\/\/ultimateplayerhq.com\/fr\/?s={search_term_string}"},"query-input":{"@type":"PropertyValueSpecification","valueRequired":true,"valueName":"search_term_string"}}],"inLanguage":"fr-FR"},{"@type":"Organization","@id":"https:\/\/ultimateplayerhq.com\/fr\/#organization","name":"Ultimate PlayerHQ","url":"https:\/\/ultimateplayerhq.com\/fr\/","logo":{"@type":"ImageObject","inLanguage":"fr-FR","@id":"https:\/\/ultimateplayerhq.com\/fr\/#\/schema\/logo\/image\/","url":"https:\/\/ultimatehq.fra1.digitaloceanspaces.com\/wp-content\/uploads\/2023\/11\/footer_logo-1.svg","contentUrl":"https:\/\/ultimatehq.fra1.digitaloceanspaces.com\/wp-content\/uploads\/2023\/11\/footer_logo-1.svg","caption":"Ultimate PlayerHQ"},"image":{"@id":"https:\/\/ultimateplayerhq.com\/fr\/#\/schema\/logo\/image\/"},"sameAs":["https:\/\/www.facebook.com\/UltimatePlayerHQ\/","https:\/\/x.com\/playersessionhq"]}]}},"_links":{"self":[{"href":"https:\/\/ultimateplayerhq.com\/fr\/wp-json\/wp\/v2\/product\/120239","targetHints":{"allow":["GET"]}}],"collection":[{"href":"https:\/\/ultimateplayerhq.com\/fr\/wp-json\/wp\/v2\/product"}],"about":[{"href":"https:\/\/ultimateplayerhq.com\/fr\/wp-json\/wp\/v2\/types\/product"}],"replies":[{"embeddable":true,"href":"https:\/\/ultimateplayerhq.com\/fr\/wp-json\/wp\/v2\/comments?post=120239"}],"wp:featuredmedia":[{"embeddable":true,"href":"https:\/\/ultimateplayerhq.com\/fr\/wp-json\/wp\/v2\/media\/252605"}],"wp:attachment":[{"href":"https:\/\/ultimateplayerhq.com\/fr\/wp-json\/wp\/v2\/media?parent=120239"}],"wp:term":[{"taxonomy":"product_brand","embeddable":true,"href":"https:\/\/ultimateplayerhq.com\/fr\/wp-json\/wp\/v2\/product_brand?post=120239"},{"taxonomy":"product_cat","embeddable":true,"href":"https:\/\/ultimateplayerhq.com\/fr\/wp-json\/wp\/v2\/product_cat?post=120239"},{"taxonomy":"product_tag","embeddable":true,"href":"https:\/\/ultimateplayerhq.com\/fr\/wp-json\/wp\/v2\/product_tag?post=120239"}],"curies":[{"name":"wp","href":"https:\/\/api.w.org\/{rel}","templated":true}]}}