{"id":128595,"date":"2024-02-15T04:40:00","date_gmt":"2024-02-15T04:40:00","guid":{"rendered":"https:\/\/ultimateplayerhq.com\/?post_type=product&#038;p=128595"},"modified":"2026-03-10T06:56:31","modified_gmt":"2026-03-10T06:56:31","slug":"7-day-free-trial","status":"publish","type":"product","link":"https:\/\/ultimateplayerhq.com\/fr\/product\/7-day-free-trial\/","title":{"rendered":"7 day free trial"},"content":{"rendered":"<p class=\"\">Acc\u00e8s \u00e0 des milliers de sessions de formation anim\u00e9es et en direct cat\u00e9goris\u00e9es<\/p>\n<p class=\"\">Acc\u00e8s \u00e0 l&rsquo;application mobile disponible dans l&rsquo;App Store d&rsquo;Apple et Google Play<\/p>\n<p class=\"\">Nouvelles sessions ajout\u00e9es chaque semaine<\/p>\n<p class=\"\">R\u00e9ductions r\u00e9serv\u00e9es aux membres aupr\u00e8s d&rsquo;un nombre croissant de partenaires, dont TacticalPad et QuickplaySport<\/p>\n<p class=\"\"><strong>Nouveau\u00a0: <\/strong>Ar\u00e8ne d&rsquo;entra\u00eenement avec des d\u00e9fis de coachs professionnels, des sessions 3D et des activit\u00e9s en direct \u00e0 faire \u00e0 la maison<\/p>\n<p class=\"\"><strong>Nouveau\u00a0: <\/strong>S\u00e9ances de distanciation sociale<\/p>\n<div style=\"margin: 20px 0;\"><div class=\"qrcswholewtapper\" style=\"text-align:left;\"><div class=\"qrcprowrapper\"  id=\"qrcwraa2leds\"><div class=\"qrc_canvass\" id=\"qrc_cuttenpages_2\" style=\"display:inline-block\" data-text=\"https:\/\/ultimateplayerhq.com\/fr\/product\/7-day-free-trial\/\"><\/div><\/div><\/div><\/div>","protected":false},"excerpt":{"rendered":"<p>Acc\u00e8s \u00e0 des milliers de sessions de formation anim\u00e9es et en direct cat\u00e9goris\u00e9es Acc\u00e8s \u00e0 l&rsquo;application mobile disponible dans l&rsquo;App Store d&rsquo;Apple et Google Play Nouvelles sessions ajout\u00e9es chaque semaine R\u00e9ductions r\u00e9serv\u00e9es aux membres aupr\u00e8s d&rsquo;un nombre croissant de partenaires, dont TacticalPad et QuickplaySport Nouveau\u00a0: Ar\u00e8ne d&rsquo;entra\u00eenement avec des d\u00e9fis de coachs professionnels, des sessions [&hellip;]<\/p>\n","protected":false},"featured_media":252616,"comment_status":"closed","ping_status":"closed","template":"","meta":{"_acf_changed":false,"pmpro_default_level":""},"product_brand":[],"product_cat":[2667],"product_tag":[],"class_list":{"0":"post-128595","1":"product","2":"type-product","3":"status-publish","4":"has-post-thumbnail","6":"product_cat-adhesion","7":"pmpro-has-access","9":"first","10":"instock","11":"virtual","12":"sold-individually","13":"purchasable","14":"product-type-subscription"},"acf":[],"yoast_head":"<!-- This site is optimized with the Yoast SEO plugin v27.3 - https:\/\/yoast.com\/product\/yoast-seo-wordpress\/ -->\n<title>7 day free trial - UltimatePlayerHQ<\/title>\n<meta name=\"robots\" content=\"index, follow, max-snippet:-1, max-image-preview:large, max-video-preview:-1\" \/>\n<link rel=\"canonical\" href=\"https:\/\/ultimateplayerhq.com\/fr\/product\/7-day-free-trial\/\" \/>\n<meta property=\"og:locale\" content=\"fr_FR\" \/>\n<meta property=\"og:type\" content=\"article\" \/>\n<meta property=\"og:title\" content=\"7 day free trial - UltimatePlayerHQ\" \/>\n<meta property=\"og:description\" content=\"Acc\u00e8s \u00e0 des milliers de sessions de formation anim\u00e9es et en direct cat\u00e9goris\u00e9es Acc\u00e8s \u00e0 l&rsquo;application mobile disponible dans l&rsquo;App Store d&rsquo;Apple et Google Play Nouvelles sessions ajout\u00e9es chaque semaine R\u00e9ductions r\u00e9serv\u00e9es aux membres aupr\u00e8s d&rsquo;un nombre croissant de partenaires, dont TacticalPad et QuickplaySport Nouveau\u00a0: Ar\u00e8ne d&rsquo;entra\u00eenement avec des d\u00e9fis de coachs professionnels, des sessions [&hellip;]\" \/>\n<meta property=\"og:url\" content=\"https:\/\/ultimateplayerhq.com\/fr\/product\/7-day-free-trial\/\" \/>\n<meta property=\"og:site_name\" content=\"UltimatePlayerHQ\" \/>\n<meta property=\"article:publisher\" content=\"https:\/\/www.facebook.com\/UltimatePlayerHQ\/\" \/>\n<meta property=\"article:modified_time\" content=\"2026-03-10T06:56:31+00:00\" \/>\n<meta property=\"og:image\" content=\"https:\/\/ultimatehq.fra1.digitaloceanspaces.com\/wp-content\/uploads\/2022\/11\/home_banner_new.png\" \/>\n\t<meta property=\"og:image:width\" content=\"600\" \/>\n\t<meta property=\"og:image:height\" content=\"340\" \/>\n\t<meta property=\"og:image:type\" content=\"image\/png\" \/>\n<meta name=\"twitter:label1\" content=\"Dur\u00e9e de lecture estim\u00e9e\" \/>\n\t<meta name=\"twitter:data1\" content=\"1 minute\" \/>\n<script type=\"application\/ld+json\" class=\"yoast-schema-graph\">{\"@context\":\"https:\\\/\\\/schema.org\",\"@graph\":[{\"@type\":\"WebPage\",\"@id\":\"https:\\\/\\\/ultimateplayerhq.com\\\/fr\\\/product\\\/7-day-free-trial\\\/\",\"url\":\"https:\\\/\\\/ultimateplayerhq.com\\\/fr\\\/product\\\/7-day-free-trial\\\/\",\"name\":\"7 day free trial - UltimatePlayerHQ\",\"isPartOf\":{\"@id\":\"https:\\\/\\\/ultimateplayerhq.com\\\/fr\\\/#website\"},\"primaryImageOfPage\":{\"@id\":\"https:\\\/\\\/ultimateplayerhq.com\\\/fr\\\/product\\\/7-day-free-trial\\\/#primaryimage\"},\"image\":{\"@id\":\"https:\\\/\\\/ultimateplayerhq.com\\\/fr\\\/product\\\/7-day-free-trial\\\/#primaryimage\"},\"thumbnailUrl\":\"https:\\\/\\\/ultimatehq.fra1.digitaloceanspaces.com\\\/wp-content\\\/uploads\\\/2022\\\/11\\\/home_banner_new.png\",\"datePublished\":\"2024-02-15T04:40:00+00:00\",\"dateModified\":\"2026-03-10T06:56:31+00:00\",\"breadcrumb\":{\"@id\":\"https:\\\/\\\/ultimateplayerhq.com\\\/fr\\\/product\\\/7-day-free-trial\\\/#breadcrumb\"},\"inLanguage\":\"fr-FR\",\"potentialAction\":[{\"@type\":\"ReadAction\",\"target\":[\"https:\\\/\\\/ultimateplayerhq.com\\\/fr\\\/product\\\/7-day-free-trial\\\/\"]}]},{\"@type\":\"ImageObject\",\"inLanguage\":\"fr-FR\",\"@id\":\"https:\\\/\\\/ultimateplayerhq.com\\\/fr\\\/product\\\/7-day-free-trial\\\/#primaryimage\",\"url\":\"https:\\\/\\\/ultimatehq.fra1.digitaloceanspaces.com\\\/wp-content\\\/uploads\\\/2022\\\/11\\\/home_banner_new.png\",\"contentUrl\":\"https:\\\/\\\/ultimatehq.fra1.digitaloceanspaces.com\\\/wp-content\\\/uploads\\\/2022\\\/11\\\/home_banner_new.png\",\"width\":600,\"height\":340},{\"@type\":\"BreadcrumbList\",\"@id\":\"https:\\\/\\\/ultimateplayerhq.com\\\/fr\\\/product\\\/7-day-free-trial\\\/#breadcrumb\",\"itemListElement\":[{\"@type\":\"ListItem\",\"position\":1,\"name\":\"Home\",\"item\":\"https:\\\/\\\/ultimateplayerhq.com\\\/fr\\\/\"},{\"@type\":\"ListItem\",\"position\":2,\"name\":\"Boutique\",\"item\":\"https:\\\/\\\/ultimateplayerhq.com\\\/fr\\\/boutique\\\/\"},{\"@type\":\"ListItem\",\"position\":3,\"name\":\"7 day free trial\"}]},{\"@type\":\"WebSite\",\"@id\":\"https:\\\/\\\/ultimateplayerhq.com\\\/fr\\\/#website\",\"url\":\"https:\\\/\\\/ultimateplayerhq.com\\\/fr\\\/\",\"name\":\"UltimatePlayerHQ\",\"description\":\"\",\"publisher\":{\"@id\":\"https:\\\/\\\/ultimateplayerhq.com\\\/fr\\\/#organization\"},\"potentialAction\":[{\"@type\":\"SearchAction\",\"target\":{\"@type\":\"EntryPoint\",\"urlTemplate\":\"https:\\\/\\\/ultimateplayerhq.com\\\/fr\\\/?s={search_term_string}\"},\"query-input\":{\"@type\":\"PropertyValueSpecification\",\"valueRequired\":true,\"valueName\":\"search_term_string\"}}],\"inLanguage\":\"fr-FR\"},{\"@type\":\"Organization\",\"@id\":\"https:\\\/\\\/ultimateplayerhq.com\\\/fr\\\/#organization\",\"name\":\"Ultimate PlayerHQ\",\"url\":\"https:\\\/\\\/ultimateplayerhq.com\\\/fr\\\/\",\"logo\":{\"@type\":\"ImageObject\",\"inLanguage\":\"fr-FR\",\"@id\":\"https:\\\/\\\/ultimateplayerhq.com\\\/fr\\\/#\\\/schema\\\/logo\\\/image\\\/\",\"url\":\"https:\\\/\\\/ultimatehq.fra1.digitaloceanspaces.com\\\/wp-content\\\/uploads\\\/2023\\\/11\\\/footer_logo-1.svg\",\"contentUrl\":\"https:\\\/\\\/ultimatehq.fra1.digitaloceanspaces.com\\\/wp-content\\\/uploads\\\/2023\\\/11\\\/footer_logo-1.svg\",\"caption\":\"Ultimate PlayerHQ\"},\"image\":{\"@id\":\"https:\\\/\\\/ultimateplayerhq.com\\\/fr\\\/#\\\/schema\\\/logo\\\/image\\\/\"},\"sameAs\":[\"https:\\\/\\\/www.facebook.com\\\/UltimatePlayerHQ\\\/\",\"https:\\\/\\\/x.com\\\/playersessionhq\"]}]}<\/script>\n<!-- \/ Yoast SEO plugin. -->","yoast_head_json":{"title":"7 day free trial - UltimatePlayerHQ","robots":{"index":"index","follow":"follow","max-snippet":"max-snippet:-1","max-image-preview":"max-image-preview:large","max-video-preview":"max-video-preview:-1"},"canonical":"https:\/\/ultimateplayerhq.com\/fr\/product\/7-day-free-trial\/","og_locale":"fr_FR","og_type":"article","og_title":"7 day free trial - UltimatePlayerHQ","og_description":"Acc\u00e8s \u00e0 des milliers de sessions de formation anim\u00e9es et en direct cat\u00e9goris\u00e9es Acc\u00e8s \u00e0 l&rsquo;application mobile disponible dans l&rsquo;App Store d&rsquo;Apple et Google Play Nouvelles sessions ajout\u00e9es chaque semaine R\u00e9ductions r\u00e9serv\u00e9es aux membres aupr\u00e8s d&rsquo;un nombre croissant de partenaires, dont TacticalPad et QuickplaySport Nouveau\u00a0: Ar\u00e8ne d&rsquo;entra\u00eenement avec des d\u00e9fis de coachs professionnels, des sessions [&hellip;]","og_url":"https:\/\/ultimateplayerhq.com\/fr\/product\/7-day-free-trial\/","og_site_name":"UltimatePlayerHQ","article_publisher":"https:\/\/www.facebook.com\/UltimatePlayerHQ\/","article_modified_time":"2026-03-10T06:56:31+00:00","og_image":[{"width":600,"height":340,"url":"https:\/\/ultimatehq.fra1.digitaloceanspaces.com\/wp-content\/uploads\/2022\/11\/home_banner_new.png","type":"image\/png"}],"twitter_misc":{"Dur\u00e9e de lecture estim\u00e9e":"1 minute"},"schema":{"@context":"https:\/\/schema.org","@graph":[{"@type":"WebPage","@id":"https:\/\/ultimateplayerhq.com\/fr\/product\/7-day-free-trial\/","url":"https:\/\/ultimateplayerhq.com\/fr\/product\/7-day-free-trial\/","name":"7 day free trial - UltimatePlayerHQ","isPartOf":{"@id":"https:\/\/ultimateplayerhq.com\/fr\/#website"},"primaryImageOfPage":{"@id":"https:\/\/ultimateplayerhq.com\/fr\/product\/7-day-free-trial\/#primaryimage"},"image":{"@id":"https:\/\/ultimateplayerhq.com\/fr\/product\/7-day-free-trial\/#primaryimage"},"thumbnailUrl":"https:\/\/ultimatehq.fra1.digitaloceanspaces.com\/wp-content\/uploads\/2022\/11\/home_banner_new.png","datePublished":"2024-02-15T04:40:00+00:00","dateModified":"2026-03-10T06:56:31+00:00","breadcrumb":{"@id":"https:\/\/ultimateplayerhq.com\/fr\/product\/7-day-free-trial\/#breadcrumb"},"inLanguage":"fr-FR","potentialAction":[{"@type":"ReadAction","target":["https:\/\/ultimateplayerhq.com\/fr\/product\/7-day-free-trial\/"]}]},{"@type":"ImageObject","inLanguage":"fr-FR","@id":"https:\/\/ultimateplayerhq.com\/fr\/product\/7-day-free-trial\/#primaryimage","url":"https:\/\/ultimatehq.fra1.digitaloceanspaces.com\/wp-content\/uploads\/2022\/11\/home_banner_new.png","contentUrl":"https:\/\/ultimatehq.fra1.digitaloceanspaces.com\/wp-content\/uploads\/2022\/11\/home_banner_new.png","width":600,"height":340},{"@type":"BreadcrumbList","@id":"https:\/\/ultimateplayerhq.com\/fr\/product\/7-day-free-trial\/#breadcrumb","itemListElement":[{"@type":"ListItem","position":1,"name":"Home","item":"https:\/\/ultimateplayerhq.com\/fr\/"},{"@type":"ListItem","position":2,"name":"Boutique","item":"https:\/\/ultimateplayerhq.com\/fr\/boutique\/"},{"@type":"ListItem","position":3,"name":"7 day free trial"}]},{"@type":"WebSite","@id":"https:\/\/ultimateplayerhq.com\/fr\/#website","url":"https:\/\/ultimateplayerhq.com\/fr\/","name":"UltimatePlayerHQ","description":"","publisher":{"@id":"https:\/\/ultimateplayerhq.com\/fr\/#organization"},"potentialAction":[{"@type":"SearchAction","target":{"@type":"EntryPoint","urlTemplate":"https:\/\/ultimateplayerhq.com\/fr\/?s={search_term_string}"},"query-input":{"@type":"PropertyValueSpecification","valueRequired":true,"valueName":"search_term_string"}}],"inLanguage":"fr-FR"},{"@type":"Organization","@id":"https:\/\/ultimateplayerhq.com\/fr\/#organization","name":"Ultimate PlayerHQ","url":"https:\/\/ultimateplayerhq.com\/fr\/","logo":{"@type":"ImageObject","inLanguage":"fr-FR","@id":"https:\/\/ultimateplayerhq.com\/fr\/#\/schema\/logo\/image\/","url":"https:\/\/ultimatehq.fra1.digitaloceanspaces.com\/wp-content\/uploads\/2023\/11\/footer_logo-1.svg","contentUrl":"https:\/\/ultimatehq.fra1.digitaloceanspaces.com\/wp-content\/uploads\/2023\/11\/footer_logo-1.svg","caption":"Ultimate PlayerHQ"},"image":{"@id":"https:\/\/ultimateplayerhq.com\/fr\/#\/schema\/logo\/image\/"},"sameAs":["https:\/\/www.facebook.com\/UltimatePlayerHQ\/","https:\/\/x.com\/playersessionhq"]}]}},"_links":{"self":[{"href":"https:\/\/ultimateplayerhq.com\/fr\/wp-json\/wp\/v2\/product\/128595","targetHints":{"allow":["GET"]}}],"collection":[{"href":"https:\/\/ultimateplayerhq.com\/fr\/wp-json\/wp\/v2\/product"}],"about":[{"href":"https:\/\/ultimateplayerhq.com\/fr\/wp-json\/wp\/v2\/types\/product"}],"replies":[{"embeddable":true,"href":"https:\/\/ultimateplayerhq.com\/fr\/wp-json\/wp\/v2\/comments?post=128595"}],"wp:featuredmedia":[{"embeddable":true,"href":"https:\/\/ultimateplayerhq.com\/fr\/wp-json\/wp\/v2\/media\/252616"}],"wp:attachment":[{"href":"https:\/\/ultimateplayerhq.com\/fr\/wp-json\/wp\/v2\/media?parent=128595"}],"wp:term":[{"taxonomy":"product_brand","embeddable":true,"href":"https:\/\/ultimateplayerhq.com\/fr\/wp-json\/wp\/v2\/product_brand?post=128595"},{"taxonomy":"product_cat","embeddable":true,"href":"https:\/\/ultimateplayerhq.com\/fr\/wp-json\/wp\/v2\/product_cat?post=128595"},{"taxonomy":"product_tag","embeddable":true,"href":"https:\/\/ultimateplayerhq.com\/fr\/wp-json\/wp\/v2\/product_tag?post=128595"}],"curies":[{"name":"wp","href":"https:\/\/api.w.org\/{rel}","templated":true}]}}