{"id":256137,"date":"2026-04-03T13:34:49","date_gmt":"2026-04-03T13:34:49","guid":{"rendered":"https:\/\/ultimateplayerhq.com\/product\/club-or\/"},"modified":"2026-04-03T13:34:49","modified_gmt":"2026-04-03T13:34:49","slug":"club-or","status":"publish","type":"product","link":"https:\/\/ultimateplayerhq.com\/fr\/product\/club-or\/","title":{"rendered":"Club Or"},"content":{"rendered":"<ul>\n<li>Acc\u00e8s pour 1 \u00e0 20 entra\u00eeneurs<\/li>\n<li>Acc\u00e8s complet \u00e0 la biblioth\u00e8que de s\u00e9ances d&rsquo;Ultimate Player HQ<\/li>\n<li>UPHQ Create \u2013 concevez et personnalisez vos s\u00e9ances d&rsquo;entra\u00eenement<\/li>\n<li>UPHQ Watch \u2013 application mobile pour consulter les s\u00e9ances directement sur le terrain<\/li>\n<li>Cr\u00e9ez, enregistrez et partagez vos s\u00e9ances<\/li>\n<li>Page de destination d\u00e9di\u00e9e au club<\/li>\n<li>Biblioth\u00e8que de s\u00e9ances partag\u00e9e au sein du club<\/li>\n<li>Compatible sur ordinateur, tablette et mobile<\/li>\n<\/ul>\n<div style=\"margin: 20px 0;\"><div class=\"qrcswholewtapper\" style=\"text-align:left;\"><div class=\"qrcprowrapper\"  id=\"qrcwraa2leds\"><div class=\"qrc_canvass\" id=\"qrc_cuttenpages_2\" style=\"display:inline-block\" data-text=\"https:\/\/ultimateplayerhq.com\/fr\/product\/club-or\/\"><\/div><\/div><\/div><\/div>","protected":false},"excerpt":{"rendered":"<p>Acc\u00e8s pour 1 \u00e0 20 entra\u00eeneurs Acc\u00e8s complet \u00e0 la biblioth\u00e8que de s\u00e9ances d&rsquo;Ultimate Player HQ UPHQ Create \u2013 concevez et personnalisez vos s\u00e9ances d&rsquo;entra\u00eenement UPHQ Watch \u2013 application mobile pour consulter les s\u00e9ances directement sur le terrain Cr\u00e9ez, enregistrez et partagez vos s\u00e9ances Page de destination d\u00e9di\u00e9e au club Biblioth\u00e8que de s\u00e9ances partag\u00e9e au [&hellip;]<\/p>\n","protected":false},"featured_media":255039,"comment_status":"open","ping_status":"closed","template":"","meta":{"_acf_changed":false,"pmpro_default_level":""},"product_brand":[],"product_cat":[2667,4768],"product_tag":[],"class_list":{"0":"post-256137","1":"product","2":"type-product","3":"status-publish","4":"has-post-thumbnail","6":"product_cat-adhesion","7":"product_cat-club-des-membres","8":"pmpro-has-access","10":"first","11":"instock","12":"sale","13":"virtual","14":"purchasable","15":"product-type-subscription"},"acf":[],"yoast_head":"<!-- This site is optimized with the Yoast SEO plugin v27.4 - https:\/\/yoast.com\/product\/yoast-seo-wordpress\/ -->\n<title>Club Or - UltimatePlayerHQ<\/title>\n<meta name=\"robots\" content=\"index, follow, max-snippet:-1, max-image-preview:large, max-video-preview:-1\" \/>\n<link rel=\"canonical\" href=\"https:\/\/ultimateplayerhq.com\/fr\/product\/club-or\/\" \/>\n<meta property=\"og:locale\" content=\"fr_FR\" \/>\n<meta property=\"og:type\" content=\"article\" \/>\n<meta property=\"og:title\" content=\"Club Or - UltimatePlayerHQ\" \/>\n<meta property=\"og:description\" content=\"Acc\u00e8s pour 1 \u00e0 20 entra\u00eeneurs Acc\u00e8s complet \u00e0 la biblioth\u00e8que de s\u00e9ances d&rsquo;Ultimate Player HQ UPHQ Create \u2013 concevez et personnalisez vos s\u00e9ances d&rsquo;entra\u00eenement UPHQ Watch \u2013 application mobile pour consulter les s\u00e9ances directement sur le terrain Cr\u00e9ez, enregistrez et partagez vos s\u00e9ances Page de destination d\u00e9di\u00e9e au club Biblioth\u00e8que de s\u00e9ances partag\u00e9e au [&hellip;]\" \/>\n<meta property=\"og:url\" content=\"https:\/\/ultimateplayerhq.com\/fr\/product\/club-or\/\" \/>\n<meta property=\"og:site_name\" content=\"UltimatePlayerHQ\" \/>\n<meta property=\"article:publisher\" content=\"https:\/\/www.facebook.com\/UltimatePlayerHQ\/\" \/>\n<meta property=\"og:image\" content=\"https:\/\/ultimatehq.fra1.digitaloceanspaces.com\/wp-content\/uploads\/2026\/04\/image-11280.png\" \/>\n\t<meta property=\"og:image:width\" content=\"538\" \/>\n\t<meta property=\"og:image:height\" content=\"536\" \/>\n\t<meta property=\"og:image:type\" content=\"image\/png\" \/>\n<script type=\"application\/ld+json\" class=\"yoast-schema-graph\">{\"@context\":\"https:\\\/\\\/schema.org\",\"@graph\":[{\"@type\":\"WebPage\",\"@id\":\"https:\\\/\\\/ultimateplayerhq.com\\\/fr\\\/product\\\/club-or\\\/\",\"url\":\"https:\\\/\\\/ultimateplayerhq.com\\\/fr\\\/product\\\/club-or\\\/\",\"name\":\"Club Or - UltimatePlayerHQ\",\"isPartOf\":{\"@id\":\"https:\\\/\\\/ultimateplayerhq.com\\\/fr\\\/#website\"},\"primaryImageOfPage\":{\"@id\":\"https:\\\/\\\/ultimateplayerhq.com\\\/fr\\\/product\\\/club-or\\\/#primaryimage\"},\"image\":{\"@id\":\"https:\\\/\\\/ultimateplayerhq.com\\\/fr\\\/product\\\/club-or\\\/#primaryimage\"},\"thumbnailUrl\":\"https:\\\/\\\/ultimatehq.fra1.digitaloceanspaces.com\\\/wp-content\\\/uploads\\\/2026\\\/04\\\/image-11280.png\",\"datePublished\":\"2026-04-03T13:34:49+00:00\",\"breadcrumb\":{\"@id\":\"https:\\\/\\\/ultimateplayerhq.com\\\/fr\\\/product\\\/club-or\\\/#breadcrumb\"},\"inLanguage\":\"fr-FR\",\"potentialAction\":[{\"@type\":\"ReadAction\",\"target\":[\"https:\\\/\\\/ultimateplayerhq.com\\\/fr\\\/product\\\/club-or\\\/\"]}]},{\"@type\":\"ImageObject\",\"inLanguage\":\"fr-FR\",\"@id\":\"https:\\\/\\\/ultimateplayerhq.com\\\/fr\\\/product\\\/club-or\\\/#primaryimage\",\"url\":\"https:\\\/\\\/ultimatehq.fra1.digitaloceanspaces.com\\\/wp-content\\\/uploads\\\/2026\\\/04\\\/image-11280.png\",\"contentUrl\":\"https:\\\/\\\/ultimatehq.fra1.digitaloceanspaces.com\\\/wp-content\\\/uploads\\\/2026\\\/04\\\/image-11280.png\",\"width\":538,\"height\":536},{\"@type\":\"BreadcrumbList\",\"@id\":\"https:\\\/\\\/ultimateplayerhq.com\\\/fr\\\/product\\\/club-or\\\/#breadcrumb\",\"itemListElement\":[{\"@type\":\"ListItem\",\"position\":1,\"name\":\"Home\",\"item\":\"https:\\\/\\\/ultimateplayerhq.com\\\/fr\\\/\"},{\"@type\":\"ListItem\",\"position\":2,\"name\":\"Boutique\",\"item\":\"https:\\\/\\\/ultimateplayerhq.com\\\/fr\\\/boutique\\\/\"},{\"@type\":\"ListItem\",\"position\":3,\"name\":\"Club Or\"}]},{\"@type\":\"WebSite\",\"@id\":\"https:\\\/\\\/ultimateplayerhq.com\\\/fr\\\/#website\",\"url\":\"https:\\\/\\\/ultimateplayerhq.com\\\/fr\\\/\",\"name\":\"UltimatePlayerHQ\",\"description\":\"\",\"publisher\":{\"@id\":\"https:\\\/\\\/ultimateplayerhq.com\\\/fr\\\/#organization\"},\"potentialAction\":[{\"@type\":\"SearchAction\",\"target\":{\"@type\":\"EntryPoint\",\"urlTemplate\":\"https:\\\/\\\/ultimateplayerhq.com\\\/fr\\\/?s={search_term_string}\"},\"query-input\":{\"@type\":\"PropertyValueSpecification\",\"valueRequired\":true,\"valueName\":\"search_term_string\"}}],\"inLanguage\":\"fr-FR\"},{\"@type\":\"Organization\",\"@id\":\"https:\\\/\\\/ultimateplayerhq.com\\\/fr\\\/#organization\",\"name\":\"Ultimate PlayerHQ\",\"url\":\"https:\\\/\\\/ultimateplayerhq.com\\\/fr\\\/\",\"logo\":{\"@type\":\"ImageObject\",\"inLanguage\":\"fr-FR\",\"@id\":\"https:\\\/\\\/ultimateplayerhq.com\\\/fr\\\/#\\\/schema\\\/logo\\\/image\\\/\",\"url\":\"https:\\\/\\\/ultimatehq.fra1.digitaloceanspaces.com\\\/wp-content\\\/uploads\\\/2023\\\/11\\\/footer_logo-1.svg\",\"contentUrl\":\"https:\\\/\\\/ultimatehq.fra1.digitaloceanspaces.com\\\/wp-content\\\/uploads\\\/2023\\\/11\\\/footer_logo-1.svg\",\"caption\":\"Ultimate PlayerHQ\"},\"image\":{\"@id\":\"https:\\\/\\\/ultimateplayerhq.com\\\/fr\\\/#\\\/schema\\\/logo\\\/image\\\/\"},\"sameAs\":[\"https:\\\/\\\/www.facebook.com\\\/UltimatePlayerHQ\\\/\",\"https:\\\/\\\/x.com\\\/playersessionhq\"]}]}<\/script>\n<!-- \/ Yoast SEO plugin. -->","yoast_head_json":{"title":"Club Or - UltimatePlayerHQ","robots":{"index":"index","follow":"follow","max-snippet":"max-snippet:-1","max-image-preview":"max-image-preview:large","max-video-preview":"max-video-preview:-1"},"canonical":"https:\/\/ultimateplayerhq.com\/fr\/product\/club-or\/","og_locale":"fr_FR","og_type":"article","og_title":"Club Or - UltimatePlayerHQ","og_description":"Acc\u00e8s pour 1 \u00e0 20 entra\u00eeneurs Acc\u00e8s complet \u00e0 la biblioth\u00e8que de s\u00e9ances d&rsquo;Ultimate Player HQ UPHQ Create \u2013 concevez et personnalisez vos s\u00e9ances d&rsquo;entra\u00eenement UPHQ Watch \u2013 application mobile pour consulter les s\u00e9ances directement sur le terrain Cr\u00e9ez, enregistrez et partagez vos s\u00e9ances Page de destination d\u00e9di\u00e9e au club Biblioth\u00e8que de s\u00e9ances partag\u00e9e au [&hellip;]","og_url":"https:\/\/ultimateplayerhq.com\/fr\/product\/club-or\/","og_site_name":"UltimatePlayerHQ","article_publisher":"https:\/\/www.facebook.com\/UltimatePlayerHQ\/","og_image":[{"width":538,"height":536,"url":"https:\/\/ultimatehq.fra1.digitaloceanspaces.com\/wp-content\/uploads\/2026\/04\/image-11280.png","type":"image\/png"}],"schema":{"@context":"https:\/\/schema.org","@graph":[{"@type":"WebPage","@id":"https:\/\/ultimateplayerhq.com\/fr\/product\/club-or\/","url":"https:\/\/ultimateplayerhq.com\/fr\/product\/club-or\/","name":"Club Or - UltimatePlayerHQ","isPartOf":{"@id":"https:\/\/ultimateplayerhq.com\/fr\/#website"},"primaryImageOfPage":{"@id":"https:\/\/ultimateplayerhq.com\/fr\/product\/club-or\/#primaryimage"},"image":{"@id":"https:\/\/ultimateplayerhq.com\/fr\/product\/club-or\/#primaryimage"},"thumbnailUrl":"https:\/\/ultimatehq.fra1.digitaloceanspaces.com\/wp-content\/uploads\/2026\/04\/image-11280.png","datePublished":"2026-04-03T13:34:49+00:00","breadcrumb":{"@id":"https:\/\/ultimateplayerhq.com\/fr\/product\/club-or\/#breadcrumb"},"inLanguage":"fr-FR","potentialAction":[{"@type":"ReadAction","target":["https:\/\/ultimateplayerhq.com\/fr\/product\/club-or\/"]}]},{"@type":"ImageObject","inLanguage":"fr-FR","@id":"https:\/\/ultimateplayerhq.com\/fr\/product\/club-or\/#primaryimage","url":"https:\/\/ultimatehq.fra1.digitaloceanspaces.com\/wp-content\/uploads\/2026\/04\/image-11280.png","contentUrl":"https:\/\/ultimatehq.fra1.digitaloceanspaces.com\/wp-content\/uploads\/2026\/04\/image-11280.png","width":538,"height":536},{"@type":"BreadcrumbList","@id":"https:\/\/ultimateplayerhq.com\/fr\/product\/club-or\/#breadcrumb","itemListElement":[{"@type":"ListItem","position":1,"name":"Home","item":"https:\/\/ultimateplayerhq.com\/fr\/"},{"@type":"ListItem","position":2,"name":"Boutique","item":"https:\/\/ultimateplayerhq.com\/fr\/boutique\/"},{"@type":"ListItem","position":3,"name":"Club Or"}]},{"@type":"WebSite","@id":"https:\/\/ultimateplayerhq.com\/fr\/#website","url":"https:\/\/ultimateplayerhq.com\/fr\/","name":"UltimatePlayerHQ","description":"","publisher":{"@id":"https:\/\/ultimateplayerhq.com\/fr\/#organization"},"potentialAction":[{"@type":"SearchAction","target":{"@type":"EntryPoint","urlTemplate":"https:\/\/ultimateplayerhq.com\/fr\/?s={search_term_string}"},"query-input":{"@type":"PropertyValueSpecification","valueRequired":true,"valueName":"search_term_string"}}],"inLanguage":"fr-FR"},{"@type":"Organization","@id":"https:\/\/ultimateplayerhq.com\/fr\/#organization","name":"Ultimate PlayerHQ","url":"https:\/\/ultimateplayerhq.com\/fr\/","logo":{"@type":"ImageObject","inLanguage":"fr-FR","@id":"https:\/\/ultimateplayerhq.com\/fr\/#\/schema\/logo\/image\/","url":"https:\/\/ultimatehq.fra1.digitaloceanspaces.com\/wp-content\/uploads\/2023\/11\/footer_logo-1.svg","contentUrl":"https:\/\/ultimatehq.fra1.digitaloceanspaces.com\/wp-content\/uploads\/2023\/11\/footer_logo-1.svg","caption":"Ultimate PlayerHQ"},"image":{"@id":"https:\/\/ultimateplayerhq.com\/fr\/#\/schema\/logo\/image\/"},"sameAs":["https:\/\/www.facebook.com\/UltimatePlayerHQ\/","https:\/\/x.com\/playersessionhq"]}]}},"_links":{"self":[{"href":"https:\/\/ultimateplayerhq.com\/fr\/wp-json\/wp\/v2\/product\/256137","targetHints":{"allow":["GET"]}}],"collection":[{"href":"https:\/\/ultimateplayerhq.com\/fr\/wp-json\/wp\/v2\/product"}],"about":[{"href":"https:\/\/ultimateplayerhq.com\/fr\/wp-json\/wp\/v2\/types\/product"}],"replies":[{"embeddable":true,"href":"https:\/\/ultimateplayerhq.com\/fr\/wp-json\/wp\/v2\/comments?post=256137"}],"wp:featuredmedia":[{"embeddable":true,"href":"https:\/\/ultimateplayerhq.com\/fr\/wp-json\/wp\/v2\/media\/255039"}],"wp:attachment":[{"href":"https:\/\/ultimateplayerhq.com\/fr\/wp-json\/wp\/v2\/media?parent=256137"}],"wp:term":[{"taxonomy":"product_brand","embeddable":true,"href":"https:\/\/ultimateplayerhq.com\/fr\/wp-json\/wp\/v2\/product_brand?post=256137"},{"taxonomy":"product_cat","embeddable":true,"href":"https:\/\/ultimateplayerhq.com\/fr\/wp-json\/wp\/v2\/product_cat?post=256137"},{"taxonomy":"product_tag","embeddable":true,"href":"https:\/\/ultimateplayerhq.com\/fr\/wp-json\/wp\/v2\/product_tag?post=256137"}],"curies":[{"name":"wp","href":"https:\/\/api.w.org\/{rel}","templated":true}]}}