{"id":83424,"date":"2020-11-02T14:14:58","date_gmt":"2020-11-02T14:14:58","guid":{"rendered":"https:\/\/ultimateplayerhq.com\/shop\/adhesion-au-club\/"},"modified":"2025-08-26T06:51:19","modified_gmt":"2025-08-26T06:51:19","slug":"adhesion-au-club","status":"publish","type":"product","link":"https:\/\/ultimateplayerhq.com\/fr\/product\/adhesion-au-club\/","title":{"rendered":"Adh\u00e9sion au club"},"content":{"rendered":"<div class=\"main_club_member_description\">\n<div class=\"club_member_description\">Un pack d&rsquo;adh\u00e9sion au club est un ensemble de membres coachs qui sont li\u00e9s entre eux et g\u00e9r\u00e9s par l&rsquo;un de leurs membres &#8211; l&rsquo;administrateur du pack. Les membres du bundle partagent la m\u00eame date de renouvellement, le m\u00eame statut et le m\u00eame niveau d&rsquo;acc\u00e8s. L&rsquo;ensemble du forfait d&rsquo;adh\u00e9sion est factur\u00e9 une seule cotisation, qui est pay\u00e9e par l&rsquo;administrateur du forfait.<\/div>\n<p><strong>Offrez des abonnements \u00e0 vos coachs pour\u00a0:<\/strong><\/p>\n<ul>\n<li>Augmenter la satisfaction au travail des entra\u00eeneurs et am\u00e9liorer la r\u00e9tention<\/li>\n<li>Apportez de nouvelles approches et id\u00e9es \u00e0 vos formations<\/li>\n<li>Augmenter la productivit\u00e9 du club<\/li>\n<\/ul>\n<p><strong>BONUS\u00a0:<\/strong> Les clubs rejoignant dix entra\u00eeneurs ou plus peuvent avoir une page de destination personnalis\u00e9e sur UltimateplayerHQ pour leur club. La page du club comprendra le logo du club, un lien vers le site Web, vos sessions pr\u00e9f\u00e9r\u00e9es que vous souhaitez que vos entra\u00eeneurs voient (peut \u00eatre modifi\u00e9e chaque mois) et tout texte suppl\u00e9mentaire que vous souhaitez ajouter.<\/p>\n<p>Mettez \u00e0 jour vos adh\u00e9sions \u00e0 tout moment. Le roulement dans un club se produit afin que nous puissions changer qui obtient une adh\u00e9sion chaque fois que vous en avez besoin. Remarque : Seuls les administrateurs de bundle ont la possibilit\u00e9 d&rsquo;ajouter ou de supprimer des membres.<\/p>\n<\/div>\n<div style=\"margin: 20px 0;\"><div class=\"qrcswholewtapper\" style=\"text-align:left;\"><div class=\"qrcprowrapper\"  id=\"qrcwraa2leds\"><div class=\"qrc_canvass\" id=\"qrc_cuttenpages_2\" style=\"display:inline-block\" data-text=\"https:\/\/ultimateplayerhq.com\/fr\/product\/adhesion-au-club\/\"><\/div><\/div><\/div><\/div>","protected":false},"excerpt":{"rendered":"<p class=\"\" style=\"white-space: pre-wrap;\">L&rsquo;adh\u00e9sion de groupe UltimatePlayerHQ permet aux clubs et aux organisations d&rsquo;offrir tous les avantages UltimatePlayerHQ \u00e0 leurs entra\u00eeneurs pendant un an \u00e0 un tarif r\u00e9duit.<\/p>\n<p class=\"\" style=\"white-space: pre-wrap;\"><strong>\u00c9CONOMISEZ\u00a0!<\/strong><\/p>\n<p class=\"\" style=\"white-space: pre-wrap;\">5 abonnements = 160\u00a0\u00a3 (\u00e9conomisez 40\u00a0\u00a3)<\/p>\n<p class=\"\" style=\"white-space: pre-wrap;\">10\u00a0abonnements = 320\u00a0\u00a3 (\u00e9conomisez 80\u00a0\u00a3)<\/p>\n<p class=\"\" style=\"white-space: pre-wrap;\">15\u00a0abonnements = 480\u00a0\u00a3 (\u00e9conomisez 120\u00a0\u00a3)<\/p>\n<p class=\"\" style=\"white-space: pre-wrap;\">20\u00a0adh\u00e9sions=\u00a3640 (\u00e9conomisez 160\u00a0\u00a3)<\/p>\n<p class=\"\" style=\"white-space: pre-wrap;\">Besoin de plus\u00a0? Contactez-nous pour une tarification personnalis\u00e9e<\/p>\n<p class=\"\" style=\"white-space: pre-wrap;\">D\u00e8s r\u00e9ception du paiement, un repr\u00e9sentant vous contactera pour obtenir les noms et e-mails de toutes les adh\u00e9sions individuelles de votre forfait club.<\/p>\n<p class=\"\" style=\"white-space: pre-wrap;\">FLEXIBLE\u00a0: Tous les abonnements sont valables un an. Besoin de changer qui a acc\u00e8s? Aucun probl\u00e8me. Faites-le nous savoir et nous pourrons effectuer le changement \u00e0 tout moment.<\/p>\n<p class=\"\" style=\"white-space: pre-wrap;\">Choisissez votre nombre d&rsquo;adh\u00e9sions ci-dessous (d\u00e9finissez la quantit\u00e9 sur 1).<\/p>\n","protected":false},"featured_media":44163,"comment_status":"open","ping_status":"closed","template":"","meta":{"_acf_changed":false,"pmpro_default_level":""},"product_brand":[],"product_cat":[2667,2700],"product_tag":[2706],"class_list":{"0":"post-83424","1":"product","2":"type-product","3":"status-publish","4":"has-post-thumbnail","6":"product_cat-adhesion","7":"product_cat-planificateur","8":"product_tag-adhesion-au-club","9":"pmpro-has-access","11":"first","12":"instock","13":"sale","14":"purchasable","15":"product-type-variable"},"acf":[],"yoast_head":"<!-- This site is optimized with the Yoast SEO plugin v27.4 - https:\/\/yoast.com\/product\/yoast-seo-wordpress\/ -->\n<title>Adh\u00e9sion au club - UltimatePlayerHQ<\/title>\n<meta name=\"robots\" content=\"index, follow, max-snippet:-1, max-image-preview:large, max-video-preview:-1\" \/>\n<link rel=\"canonical\" href=\"https:\/\/ultimateplayerhq.com\/fr\/product\/adhesion-au-club\/\" \/>\n<meta property=\"og:locale\" content=\"fr_FR\" \/>\n<meta property=\"og:type\" content=\"article\" \/>\n<meta property=\"og:title\" content=\"Adh\u00e9sion au club - UltimatePlayerHQ\" \/>\n<meta property=\"og:description\" content=\"L&#039;adh\u00e9sion de groupe UltimatePlayerHQ permet aux clubs et aux organisations d&#039;offrir tous les avantages UltimatePlayerHQ \u00e0 leurs entra\u00eeneurs pendant un an \u00e0 un tarif r\u00e9duit. \u00c9CONOMISEZ\u00a0! 5 abonnements = 160\u00a0\u00a3 (\u00e9conomisez 40\u00a0\u00a3) 10\u00a0abonnements = 320\u00a0\u00a3 (\u00e9conomisez 80\u00a0\u00a3) 15\u00a0abonnements = 480\u00a0\u00a3 (\u00e9conomisez 120\u00a0\u00a3) 20\u00a0adh\u00e9sions=\u00a3640 (\u00e9conomisez 160\u00a0\u00a3) Besoin de plus\u00a0? Contactez-nous pour une tarification personnalis\u00e9e D\u00e8s r\u00e9ception du paiement, un repr\u00e9sentant vous contactera pour obtenir les noms et e-mails de toutes les adh\u00e9sions individuelles de votre forfait club. FLEXIBLE\u00a0: Tous les abonnements sont valables un an. Besoin de changer qui a acc\u00e8s? Aucun probl\u00e8me. Faites-le nous savoir et nous pourrons effectuer le changement \u00e0 tout moment. Choisissez votre nombre d&#039;adh\u00e9sions ci-dessous (d\u00e9finissez la quantit\u00e9 sur 1).\" \/>\n<meta property=\"og:url\" content=\"https:\/\/ultimateplayerhq.com\/fr\/product\/adhesion-au-club\/\" \/>\n<meta property=\"og:site_name\" content=\"UltimatePlayerHQ\" \/>\n<meta property=\"article:publisher\" content=\"https:\/\/www.facebook.com\/UltimatePlayerHQ\/\" \/>\n<meta property=\"article:modified_time\" content=\"2025-08-26T06:51:19+00:00\" \/>\n<meta property=\"og:image\" content=\"https:\/\/ultimatehq.fra1.digitaloceanspaces.com\/wp-content\/uploads\/2020\/11\/UltimatePlayerHQlogo_2nd.jpg\" \/>\n\t<meta property=\"og:image:width\" content=\"390\" \/>\n\t<meta property=\"og:image:height\" content=\"206\" \/>\n\t<meta property=\"og:image:type\" content=\"image\/jpeg\" \/>\n<meta name=\"twitter:label1\" content=\"Dur\u00e9e de lecture estim\u00e9e\" \/>\n\t<meta name=\"twitter:data1\" content=\"1 minute\" \/>\n<script type=\"application\/ld+json\" class=\"yoast-schema-graph\">{\"@context\":\"https:\\\/\\\/schema.org\",\"@graph\":[{\"@type\":\"WebPage\",\"@id\":\"https:\\\/\\\/ultimateplayerhq.com\\\/fr\\\/product\\\/adhesion-au-club\\\/\",\"url\":\"https:\\\/\\\/ultimateplayerhq.com\\\/fr\\\/product\\\/adhesion-au-club\\\/\",\"name\":\"Adh\u00e9sion au club - UltimatePlayerHQ\",\"isPartOf\":{\"@id\":\"https:\\\/\\\/ultimateplayerhq.com\\\/fr\\\/#website\"},\"primaryImageOfPage\":{\"@id\":\"https:\\\/\\\/ultimateplayerhq.com\\\/fr\\\/product\\\/adhesion-au-club\\\/#primaryimage\"},\"image\":{\"@id\":\"https:\\\/\\\/ultimateplayerhq.com\\\/fr\\\/product\\\/adhesion-au-club\\\/#primaryimage\"},\"thumbnailUrl\":\"https:\\\/\\\/ultimatehq.fra1.digitaloceanspaces.com\\\/wp-content\\\/uploads\\\/2020\\\/11\\\/UltimatePlayerHQlogo_2nd.jpg\",\"datePublished\":\"2020-11-02T14:14:58+00:00\",\"dateModified\":\"2025-08-26T06:51:19+00:00\",\"breadcrumb\":{\"@id\":\"https:\\\/\\\/ultimateplayerhq.com\\\/fr\\\/product\\\/adhesion-au-club\\\/#breadcrumb\"},\"inLanguage\":\"fr-FR\",\"potentialAction\":[{\"@type\":\"ReadAction\",\"target\":[\"https:\\\/\\\/ultimateplayerhq.com\\\/fr\\\/product\\\/adhesion-au-club\\\/\"]}]},{\"@type\":\"ImageObject\",\"inLanguage\":\"fr-FR\",\"@id\":\"https:\\\/\\\/ultimateplayerhq.com\\\/fr\\\/product\\\/adhesion-au-club\\\/#primaryimage\",\"url\":\"https:\\\/\\\/ultimatehq.fra1.digitaloceanspaces.com\\\/wp-content\\\/uploads\\\/2020\\\/11\\\/UltimatePlayerHQlogo_2nd.jpg\",\"contentUrl\":\"https:\\\/\\\/ultimatehq.fra1.digitaloceanspaces.com\\\/wp-content\\\/uploads\\\/2020\\\/11\\\/UltimatePlayerHQlogo_2nd.jpg\",\"width\":390,\"height\":206},{\"@type\":\"BreadcrumbList\",\"@id\":\"https:\\\/\\\/ultimateplayerhq.com\\\/fr\\\/product\\\/adhesion-au-club\\\/#breadcrumb\",\"itemListElement\":[{\"@type\":\"ListItem\",\"position\":1,\"name\":\"Home\",\"item\":\"https:\\\/\\\/ultimateplayerhq.com\\\/fr\\\/\"},{\"@type\":\"ListItem\",\"position\":2,\"name\":\"Boutique\",\"item\":\"https:\\\/\\\/ultimateplayerhq.com\\\/fr\\\/boutique\\\/\"},{\"@type\":\"ListItem\",\"position\":3,\"name\":\"Adh\u00e9sion au club\"}]},{\"@type\":\"WebSite\",\"@id\":\"https:\\\/\\\/ultimateplayerhq.com\\\/fr\\\/#website\",\"url\":\"https:\\\/\\\/ultimateplayerhq.com\\\/fr\\\/\",\"name\":\"UltimatePlayerHQ\",\"description\":\"\",\"publisher\":{\"@id\":\"https:\\\/\\\/ultimateplayerhq.com\\\/fr\\\/#organization\"},\"potentialAction\":[{\"@type\":\"SearchAction\",\"target\":{\"@type\":\"EntryPoint\",\"urlTemplate\":\"https:\\\/\\\/ultimateplayerhq.com\\\/fr\\\/?s={search_term_string}\"},\"query-input\":{\"@type\":\"PropertyValueSpecification\",\"valueRequired\":true,\"valueName\":\"search_term_string\"}}],\"inLanguage\":\"fr-FR\"},{\"@type\":\"Organization\",\"@id\":\"https:\\\/\\\/ultimateplayerhq.com\\\/fr\\\/#organization\",\"name\":\"Ultimate PlayerHQ\",\"url\":\"https:\\\/\\\/ultimateplayerhq.com\\\/fr\\\/\",\"logo\":{\"@type\":\"ImageObject\",\"inLanguage\":\"fr-FR\",\"@id\":\"https:\\\/\\\/ultimateplayerhq.com\\\/fr\\\/#\\\/schema\\\/logo\\\/image\\\/\",\"url\":\"https:\\\/\\\/ultimatehq.fra1.digitaloceanspaces.com\\\/wp-content\\\/uploads\\\/2023\\\/11\\\/footer_logo-1.svg\",\"contentUrl\":\"https:\\\/\\\/ultimatehq.fra1.digitaloceanspaces.com\\\/wp-content\\\/uploads\\\/2023\\\/11\\\/footer_logo-1.svg\",\"caption\":\"Ultimate PlayerHQ\"},\"image\":{\"@id\":\"https:\\\/\\\/ultimateplayerhq.com\\\/fr\\\/#\\\/schema\\\/logo\\\/image\\\/\"},\"sameAs\":[\"https:\\\/\\\/www.facebook.com\\\/UltimatePlayerHQ\\\/\",\"https:\\\/\\\/x.com\\\/playersessionhq\"]}]}<\/script>\n<!-- \/ Yoast SEO plugin. -->","yoast_head_json":{"title":"Adh\u00e9sion au club - UltimatePlayerHQ","robots":{"index":"index","follow":"follow","max-snippet":"max-snippet:-1","max-image-preview":"max-image-preview:large","max-video-preview":"max-video-preview:-1"},"canonical":"https:\/\/ultimateplayerhq.com\/fr\/product\/adhesion-au-club\/","og_locale":"fr_FR","og_type":"article","og_title":"Adh\u00e9sion au club - UltimatePlayerHQ","og_description":"L'adh\u00e9sion de groupe UltimatePlayerHQ permet aux clubs et aux organisations d'offrir tous les avantages UltimatePlayerHQ \u00e0 leurs entra\u00eeneurs pendant un an \u00e0 un tarif r\u00e9duit. \u00c9CONOMISEZ\u00a0! 5 abonnements = 160\u00a0\u00a3 (\u00e9conomisez 40\u00a0\u00a3) 10\u00a0abonnements = 320\u00a0\u00a3 (\u00e9conomisez 80\u00a0\u00a3) 15\u00a0abonnements = 480\u00a0\u00a3 (\u00e9conomisez 120\u00a0\u00a3) 20\u00a0adh\u00e9sions=\u00a3640 (\u00e9conomisez 160\u00a0\u00a3) Besoin de plus\u00a0? Contactez-nous pour une tarification personnalis\u00e9e D\u00e8s r\u00e9ception du paiement, un repr\u00e9sentant vous contactera pour obtenir les noms et e-mails de toutes les adh\u00e9sions individuelles de votre forfait club. FLEXIBLE\u00a0: Tous les abonnements sont valables un an. Besoin de changer qui a acc\u00e8s? Aucun probl\u00e8me. Faites-le nous savoir et nous pourrons effectuer le changement \u00e0 tout moment. Choisissez votre nombre d'adh\u00e9sions ci-dessous (d\u00e9finissez la quantit\u00e9 sur 1).","og_url":"https:\/\/ultimateplayerhq.com\/fr\/product\/adhesion-au-club\/","og_site_name":"UltimatePlayerHQ","article_publisher":"https:\/\/www.facebook.com\/UltimatePlayerHQ\/","article_modified_time":"2025-08-26T06:51:19+00:00","og_image":[{"width":390,"height":206,"url":"https:\/\/ultimatehq.fra1.digitaloceanspaces.com\/wp-content\/uploads\/2020\/11\/UltimatePlayerHQlogo_2nd.jpg","type":"image\/jpeg"}],"twitter_misc":{"Dur\u00e9e de lecture estim\u00e9e":"1 minute"},"schema":{"@context":"https:\/\/schema.org","@graph":[{"@type":"WebPage","@id":"https:\/\/ultimateplayerhq.com\/fr\/product\/adhesion-au-club\/","url":"https:\/\/ultimateplayerhq.com\/fr\/product\/adhesion-au-club\/","name":"Adh\u00e9sion au club - UltimatePlayerHQ","isPartOf":{"@id":"https:\/\/ultimateplayerhq.com\/fr\/#website"},"primaryImageOfPage":{"@id":"https:\/\/ultimateplayerhq.com\/fr\/product\/adhesion-au-club\/#primaryimage"},"image":{"@id":"https:\/\/ultimateplayerhq.com\/fr\/product\/adhesion-au-club\/#primaryimage"},"thumbnailUrl":"https:\/\/ultimatehq.fra1.digitaloceanspaces.com\/wp-content\/uploads\/2020\/11\/UltimatePlayerHQlogo_2nd.jpg","datePublished":"2020-11-02T14:14:58+00:00","dateModified":"2025-08-26T06:51:19+00:00","breadcrumb":{"@id":"https:\/\/ultimateplayerhq.com\/fr\/product\/adhesion-au-club\/#breadcrumb"},"inLanguage":"fr-FR","potentialAction":[{"@type":"ReadAction","target":["https:\/\/ultimateplayerhq.com\/fr\/product\/adhesion-au-club\/"]}]},{"@type":"ImageObject","inLanguage":"fr-FR","@id":"https:\/\/ultimateplayerhq.com\/fr\/product\/adhesion-au-club\/#primaryimage","url":"https:\/\/ultimatehq.fra1.digitaloceanspaces.com\/wp-content\/uploads\/2020\/11\/UltimatePlayerHQlogo_2nd.jpg","contentUrl":"https:\/\/ultimatehq.fra1.digitaloceanspaces.com\/wp-content\/uploads\/2020\/11\/UltimatePlayerHQlogo_2nd.jpg","width":390,"height":206},{"@type":"BreadcrumbList","@id":"https:\/\/ultimateplayerhq.com\/fr\/product\/adhesion-au-club\/#breadcrumb","itemListElement":[{"@type":"ListItem","position":1,"name":"Home","item":"https:\/\/ultimateplayerhq.com\/fr\/"},{"@type":"ListItem","position":2,"name":"Boutique","item":"https:\/\/ultimateplayerhq.com\/fr\/boutique\/"},{"@type":"ListItem","position":3,"name":"Adh\u00e9sion au club"}]},{"@type":"WebSite","@id":"https:\/\/ultimateplayerhq.com\/fr\/#website","url":"https:\/\/ultimateplayerhq.com\/fr\/","name":"UltimatePlayerHQ","description":"","publisher":{"@id":"https:\/\/ultimateplayerhq.com\/fr\/#organization"},"potentialAction":[{"@type":"SearchAction","target":{"@type":"EntryPoint","urlTemplate":"https:\/\/ultimateplayerhq.com\/fr\/?s={search_term_string}"},"query-input":{"@type":"PropertyValueSpecification","valueRequired":true,"valueName":"search_term_string"}}],"inLanguage":"fr-FR"},{"@type":"Organization","@id":"https:\/\/ultimateplayerhq.com\/fr\/#organization","name":"Ultimate PlayerHQ","url":"https:\/\/ultimateplayerhq.com\/fr\/","logo":{"@type":"ImageObject","inLanguage":"fr-FR","@id":"https:\/\/ultimateplayerhq.com\/fr\/#\/schema\/logo\/image\/","url":"https:\/\/ultimatehq.fra1.digitaloceanspaces.com\/wp-content\/uploads\/2023\/11\/footer_logo-1.svg","contentUrl":"https:\/\/ultimatehq.fra1.digitaloceanspaces.com\/wp-content\/uploads\/2023\/11\/footer_logo-1.svg","caption":"Ultimate PlayerHQ"},"image":{"@id":"https:\/\/ultimateplayerhq.com\/fr\/#\/schema\/logo\/image\/"},"sameAs":["https:\/\/www.facebook.com\/UltimatePlayerHQ\/","https:\/\/x.com\/playersessionhq"]}]}},"_links":{"self":[{"href":"https:\/\/ultimateplayerhq.com\/fr\/wp-json\/wp\/v2\/product\/83424","targetHints":{"allow":["GET"]}}],"collection":[{"href":"https:\/\/ultimateplayerhq.com\/fr\/wp-json\/wp\/v2\/product"}],"about":[{"href":"https:\/\/ultimateplayerhq.com\/fr\/wp-json\/wp\/v2\/types\/product"}],"replies":[{"embeddable":true,"href":"https:\/\/ultimateplayerhq.com\/fr\/wp-json\/wp\/v2\/comments?post=83424"}],"wp:featuredmedia":[{"embeddable":true,"href":"https:\/\/ultimateplayerhq.com\/fr\/wp-json\/wp\/v2\/media\/44163"}],"wp:attachment":[{"href":"https:\/\/ultimateplayerhq.com\/fr\/wp-json\/wp\/v2\/media?parent=83424"}],"wp:term":[{"taxonomy":"product_brand","embeddable":true,"href":"https:\/\/ultimateplayerhq.com\/fr\/wp-json\/wp\/v2\/product_brand?post=83424"},{"taxonomy":"product_cat","embeddable":true,"href":"https:\/\/ultimateplayerhq.com\/fr\/wp-json\/wp\/v2\/product_cat?post=83424"},{"taxonomy":"product_tag","embeddable":true,"href":"https:\/\/ultimateplayerhq.com\/fr\/wp-json\/wp\/v2\/product_tag?post=83424"}],"curies":[{"name":"wp","href":"https:\/\/api.w.org\/{rel}","templated":true}]}}