{"id":107340,"date":"2020-10-05T05:11:21","date_gmt":"2020-10-05T05:11:21","guid":{"rendered":"https:\/\/ultimateplayerhq.com\/conta-de-membro\/check-out-da-associacao\/"},"modified":"2023-06-06T09:19:50","modified_gmt":"2023-06-06T09:19:50","slug":"check-out-da-associacao","status":"publish","type":"page","link":"https:\/\/ultimateplayerhq.com\/pt-pt\/conta-de-membro\/check-out-da-associacao\/","title":{"rendered":"Check-out da associa\u00e7\u00e3o"},"content":{"rendered":"\t\t<div data-elementor-type=\"wp-page\" data-elementor-id=\"107340\" class=\"elementor elementor-107340 elementor-1552\" data-elementor-post-type=\"page\">\n\t\t\t\t\t\t<section class=\"elementor-section elementor-top-section elementor-element elementor-element-593d5aef elementor-section-boxed elementor-section-height-default elementor-section-height-default\" data-id=\"593d5aef\" data-element_type=\"section\" data-e-type=\"section\">\n\t\t\t\t\t\t<div class=\"elementor-container elementor-column-gap-default\">\n\t\t\t\t\t<div class=\"elementor-column elementor-col-100 elementor-top-column elementor-element elementor-element-4a1fe1c2\" data-id=\"4a1fe1c2\" data-element_type=\"column\" data-e-type=\"column\">\n\t\t\t<div class=\"elementor-widget-wrap elementor-element-populated\">\n\t\t\t\t\t\t<div class=\"elementor-element elementor-element-e7dfd2b elementor-widget elementor-widget-heading\" data-id=\"e7dfd2b\" data-element_type=\"widget\" data-e-type=\"widget\" data-widget_type=\"heading.default\">\n\t\t\t\t<div class=\"elementor-widget-container\">\n\t\t\t\t\t<h1 class=\"elementor-heading-title elementor-size-default\">Check-out da associa\u00e7\u00e3o<\/h1>\t\t\t\t<\/div>\n\t\t\t\t<\/div>\n\t\t\t\t\t<\/div>\n\t\t<\/div>\n\t\t\t\t\t<\/div>\n\t\t<\/section>\n\t\t\t\t<section class=\"elementor-section elementor-top-section elementor-element elementor-element-c265e3b elementor-section-boxed elementor-section-height-default elementor-section-height-default\" data-id=\"c265e3b\" data-element_type=\"section\" data-e-type=\"section\">\n\t\t\t\t\t\t<div class=\"elementor-container elementor-column-gap-default\">\n\t\t\t\t\t<div class=\"elementor-column elementor-col-25 elementor-top-column elementor-element elementor-element-c7265a3\" data-id=\"c7265a3\" data-element_type=\"column\" data-e-type=\"column\">\n\t\t\t<div class=\"elementor-widget-wrap\">\n\t\t\t\t\t\t\t<\/div>\n\t\t<\/div>\n\t\t\t\t<div class=\"elementor-column elementor-col-50 elementor-top-column elementor-element elementor-element-dc38d7b\" data-id=\"dc38d7b\" data-element_type=\"column\" data-e-type=\"column\">\n\t\t\t<div class=\"elementor-widget-wrap elementor-element-populated\">\n\t\t\t\t\t\t<div class=\"elementor-element elementor-element-3e7cacc9 custom_mandatory_stars_section elementor-widget elementor-widget-text-editor\" data-id=\"3e7cacc9\" data-element_type=\"widget\" data-e-type=\"widget\" data-widget_type=\"text-editor.default\">\n\t\t\t\t<div class=\"elementor-widget-container\">\n\t\t\t\t\t\t\t\t\t<p>[pmpro_checkout]<\/p>\n\t\t\t\t\t\t\t\t<\/div>\n\t\t\t\t<\/div>\n\t\t\t\t\t<\/div>\n\t\t<\/div>\n\t\t\t\t<div class=\"elementor-column elementor-col-25 elementor-top-column elementor-element elementor-element-d8ca718\" data-id=\"d8ca718\" data-element_type=\"column\" data-e-type=\"column\">\n\t\t\t<div class=\"elementor-widget-wrap\">\n\t\t\t\t\t\t\t<\/div>\n\t\t<\/div>\n\t\t\t\t\t<\/div>\n\t\t<\/section>\n\t\t\t\t<\/div>\n\t\t<div style=\"margin: 20px 0;\"><div class=\"qrcswholewtapper\" style=\"text-align:left;\"><div class=\"qrcprowrapper\"  id=\"qrcwraa2leds\"><div class=\"qrc_canvass\" id=\"qrc_cuttenpages_2\" style=\"display:inline-block\" data-text=\"https:\/\/ultimateplayerhq.com\/pt-pt\/conta-de-membro\/check-out-da-associacao\/\"><\/div><\/div><\/div><\/div>","protected":false},"excerpt":{"rendered":"<p>Check-out da associa\u00e7\u00e3o [pmpro_checkout]<\/p>\n","protected":false},"author":1,"featured_media":0,"parent":106053,"menu_order":0,"comment_status":"closed","ping_status":"closed","template":"","meta":{"_acf_changed":false,"pmpro_default_level":"","footnotes":""},"class_list":["post-107340","page","type-page","status-publish","hentry","pmpro-has-access"],"acf":[],"yoast_head":"<!-- This site is optimized with the Yoast SEO plugin v27.4 - https:\/\/yoast.com\/product\/yoast-seo-wordpress\/ -->\n<title>Check-out da associa\u00e7\u00e3o - UltimatePlayerHQ<\/title>\n<meta name=\"robots\" content=\"index, follow, max-snippet:-1, max-image-preview:large, max-video-preview:-1\" \/>\n<link rel=\"canonical\" href=\"https:\/\/ultimateplayerhq.com\/pt-pt\/conta-de-membro\/check-out-da-associacao\/\" \/>\n<meta property=\"og:locale\" content=\"pt_PT\" \/>\n<meta property=\"og:type\" content=\"article\" \/>\n<meta property=\"og:title\" content=\"Check-out da associa\u00e7\u00e3o - UltimatePlayerHQ\" \/>\n<meta property=\"og:description\" content=\"Check-out da associa\u00e7\u00e3o [pmpro_checkout]\" \/>\n<meta property=\"og:url\" content=\"https:\/\/ultimateplayerhq.com\/pt-pt\/conta-de-membro\/check-out-da-associacao\/\" \/>\n<meta property=\"og:site_name\" content=\"UltimatePlayerHQ\" \/>\n<meta property=\"article:publisher\" content=\"https:\/\/www.facebook.com\/UltimatePlayerHQ\/\" \/>\n<meta property=\"article:modified_time\" content=\"2023-06-06T09:19:50+00:00\" \/>\n<meta property=\"og:image\" content=\"https:\/\/ultimatehq.fra1.digitaloceanspaces.com\/wp-content\/uploads\/2020\/11\/UltimatePlayerHQlogo.jpg\" \/>\n\t<meta property=\"og:image:width\" content=\"390\" \/>\n\t<meta property=\"og:image:height\" content=\"206\" \/>\n\t<meta property=\"og:image:type\" content=\"image\/jpeg\" \/>\n<meta name=\"twitter:label1\" content=\"Tempo estimado de leitura\" \/>\n\t<meta name=\"twitter:data1\" content=\"1 minuto\" \/>\n<script type=\"application\/ld+json\" class=\"yoast-schema-graph\">{\"@context\":\"https:\\\/\\\/schema.org\",\"@graph\":[{\"@type\":\"WebPage\",\"@id\":\"https:\\\/\\\/ultimateplayerhq.com\\\/pt-pt\\\/conta-de-membro\\\/check-out-da-associacao\\\/\",\"url\":\"https:\\\/\\\/ultimateplayerhq.com\\\/pt-pt\\\/conta-de-membro\\\/check-out-da-associacao\\\/\",\"name\":\"Check-out da associa\u00e7\u00e3o - UltimatePlayerHQ\",\"isPartOf\":{\"@id\":\"https:\\\/\\\/ultimateplayerhq.com\\\/pt-pt\\\/#website\"},\"datePublished\":\"2020-10-05T05:11:21+00:00\",\"dateModified\":\"2023-06-06T09:19:50+00:00\",\"breadcrumb\":{\"@id\":\"https:\\\/\\\/ultimateplayerhq.com\\\/pt-pt\\\/conta-de-membro\\\/check-out-da-associacao\\\/#breadcrumb\"},\"inLanguage\":\"pt-PT\",\"potentialAction\":[{\"@type\":\"ReadAction\",\"target\":[\"https:\\\/\\\/ultimateplayerhq.com\\\/pt-pt\\\/conta-de-membro\\\/check-out-da-associacao\\\/\"]}]},{\"@type\":\"BreadcrumbList\",\"@id\":\"https:\\\/\\\/ultimateplayerhq.com\\\/pt-pt\\\/conta-de-membro\\\/check-out-da-associacao\\\/#breadcrumb\",\"itemListElement\":[{\"@type\":\"ListItem\",\"position\":1,\"name\":\"Home\",\"item\":\"https:\\\/\\\/ultimateplayerhq.com\\\/pt-pt\\\/\"},{\"@type\":\"ListItem\",\"position\":2,\"name\":\"Conta de membro\",\"item\":\"https:\\\/\\\/ultimateplayerhq.com\\\/pt-pt\\\/conta-de-membro\\\/\"},{\"@type\":\"ListItem\",\"position\":3,\"name\":\"Check-out da associa\u00e7\u00e3o\"}]},{\"@type\":\"WebSite\",\"@id\":\"https:\\\/\\\/ultimateplayerhq.com\\\/pt-pt\\\/#website\",\"url\":\"https:\\\/\\\/ultimateplayerhq.com\\\/pt-pt\\\/\",\"name\":\"UltimatePlayerHQ\",\"description\":\"\",\"publisher\":{\"@id\":\"https:\\\/\\\/ultimateplayerhq.com\\\/pt-pt\\\/#organization\"},\"potentialAction\":[{\"@type\":\"SearchAction\",\"target\":{\"@type\":\"EntryPoint\",\"urlTemplate\":\"https:\\\/\\\/ultimateplayerhq.com\\\/pt-pt\\\/?s={search_term_string}\"},\"query-input\":{\"@type\":\"PropertyValueSpecification\",\"valueRequired\":true,\"valueName\":\"search_term_string\"}}],\"inLanguage\":\"pt-PT\"},{\"@type\":\"Organization\",\"@id\":\"https:\\\/\\\/ultimateplayerhq.com\\\/pt-pt\\\/#organization\",\"name\":\"Ultimate PlayerHQ\",\"url\":\"https:\\\/\\\/ultimateplayerhq.com\\\/pt-pt\\\/\",\"logo\":{\"@type\":\"ImageObject\",\"inLanguage\":\"pt-PT\",\"@id\":\"https:\\\/\\\/ultimateplayerhq.com\\\/pt-pt\\\/#\\\/schema\\\/logo\\\/image\\\/\",\"url\":\"https:\\\/\\\/ultimatehq.fra1.digitaloceanspaces.com\\\/wp-content\\\/uploads\\\/2023\\\/11\\\/footer_logo-1.svg\",\"contentUrl\":\"https:\\\/\\\/ultimatehq.fra1.digitaloceanspaces.com\\\/wp-content\\\/uploads\\\/2023\\\/11\\\/footer_logo-1.svg\",\"caption\":\"Ultimate PlayerHQ\"},\"image\":{\"@id\":\"https:\\\/\\\/ultimateplayerhq.com\\\/pt-pt\\\/#\\\/schema\\\/logo\\\/image\\\/\"},\"sameAs\":[\"https:\\\/\\\/www.facebook.com\\\/UltimatePlayerHQ\\\/\",\"https:\\\/\\\/x.com\\\/playersessionhq\"]}]}<\/script>\n<!-- \/ Yoast SEO plugin. -->","yoast_head_json":{"title":"Check-out da associa\u00e7\u00e3o - UltimatePlayerHQ","robots":{"index":"index","follow":"follow","max-snippet":"max-snippet:-1","max-image-preview":"max-image-preview:large","max-video-preview":"max-video-preview:-1"},"canonical":"https:\/\/ultimateplayerhq.com\/pt-pt\/conta-de-membro\/check-out-da-associacao\/","og_locale":"pt_PT","og_type":"article","og_title":"Check-out da associa\u00e7\u00e3o - UltimatePlayerHQ","og_description":"Check-out da associa\u00e7\u00e3o [pmpro_checkout]","og_url":"https:\/\/ultimateplayerhq.com\/pt-pt\/conta-de-membro\/check-out-da-associacao\/","og_site_name":"UltimatePlayerHQ","article_publisher":"https:\/\/www.facebook.com\/UltimatePlayerHQ\/","article_modified_time":"2023-06-06T09:19:50+00:00","og_image":[{"width":390,"height":206,"url":"https:\/\/ultimatehq.fra1.digitaloceanspaces.com\/wp-content\/uploads\/2020\/11\/UltimatePlayerHQlogo.jpg","type":"image\/jpeg"}],"twitter_misc":{"Tempo estimado de leitura":"1 minuto"},"schema":{"@context":"https:\/\/schema.org","@graph":[{"@type":"WebPage","@id":"https:\/\/ultimateplayerhq.com\/pt-pt\/conta-de-membro\/check-out-da-associacao\/","url":"https:\/\/ultimateplayerhq.com\/pt-pt\/conta-de-membro\/check-out-da-associacao\/","name":"Check-out da associa\u00e7\u00e3o - UltimatePlayerHQ","isPartOf":{"@id":"https:\/\/ultimateplayerhq.com\/pt-pt\/#website"},"datePublished":"2020-10-05T05:11:21+00:00","dateModified":"2023-06-06T09:19:50+00:00","breadcrumb":{"@id":"https:\/\/ultimateplayerhq.com\/pt-pt\/conta-de-membro\/check-out-da-associacao\/#breadcrumb"},"inLanguage":"pt-PT","potentialAction":[{"@type":"ReadAction","target":["https:\/\/ultimateplayerhq.com\/pt-pt\/conta-de-membro\/check-out-da-associacao\/"]}]},{"@type":"BreadcrumbList","@id":"https:\/\/ultimateplayerhq.com\/pt-pt\/conta-de-membro\/check-out-da-associacao\/#breadcrumb","itemListElement":[{"@type":"ListItem","position":1,"name":"Home","item":"https:\/\/ultimateplayerhq.com\/pt-pt\/"},{"@type":"ListItem","position":2,"name":"Conta de membro","item":"https:\/\/ultimateplayerhq.com\/pt-pt\/conta-de-membro\/"},{"@type":"ListItem","position":3,"name":"Check-out da associa\u00e7\u00e3o"}]},{"@type":"WebSite","@id":"https:\/\/ultimateplayerhq.com\/pt-pt\/#website","url":"https:\/\/ultimateplayerhq.com\/pt-pt\/","name":"UltimatePlayerHQ","description":"","publisher":{"@id":"https:\/\/ultimateplayerhq.com\/pt-pt\/#organization"},"potentialAction":[{"@type":"SearchAction","target":{"@type":"EntryPoint","urlTemplate":"https:\/\/ultimateplayerhq.com\/pt-pt\/?s={search_term_string}"},"query-input":{"@type":"PropertyValueSpecification","valueRequired":true,"valueName":"search_term_string"}}],"inLanguage":"pt-PT"},{"@type":"Organization","@id":"https:\/\/ultimateplayerhq.com\/pt-pt\/#organization","name":"Ultimate PlayerHQ","url":"https:\/\/ultimateplayerhq.com\/pt-pt\/","logo":{"@type":"ImageObject","inLanguage":"pt-PT","@id":"https:\/\/ultimateplayerhq.com\/pt-pt\/#\/schema\/logo\/image\/","url":"https:\/\/ultimatehq.fra1.digitaloceanspaces.com\/wp-content\/uploads\/2023\/11\/footer_logo-1.svg","contentUrl":"https:\/\/ultimatehq.fra1.digitaloceanspaces.com\/wp-content\/uploads\/2023\/11\/footer_logo-1.svg","caption":"Ultimate PlayerHQ"},"image":{"@id":"https:\/\/ultimateplayerhq.com\/pt-pt\/#\/schema\/logo\/image\/"},"sameAs":["https:\/\/www.facebook.com\/UltimatePlayerHQ\/","https:\/\/x.com\/playersessionhq"]}]}},"_links":{"self":[{"href":"https:\/\/ultimateplayerhq.com\/pt-pt\/wp-json\/wp\/v2\/pages\/107340","targetHints":{"allow":["GET"]}}],"collection":[{"href":"https:\/\/ultimateplayerhq.com\/pt-pt\/wp-json\/wp\/v2\/pages"}],"about":[{"href":"https:\/\/ultimateplayerhq.com\/pt-pt\/wp-json\/wp\/v2\/types\/page"}],"author":[{"embeddable":true,"href":"https:\/\/ultimateplayerhq.com\/pt-pt\/wp-json\/wp\/v2\/users\/1"}],"replies":[{"embeddable":true,"href":"https:\/\/ultimateplayerhq.com\/pt-pt\/wp-json\/wp\/v2\/comments?post=107340"}],"version-history":[{"count":0,"href":"https:\/\/ultimateplayerhq.com\/pt-pt\/wp-json\/wp\/v2\/pages\/107340\/revisions"}],"up":[{"embeddable":true,"href":"https:\/\/ultimateplayerhq.com\/pt-pt\/wp-json\/wp\/v2\/pages\/106053"}],"wp:attachment":[{"href":"https:\/\/ultimateplayerhq.com\/pt-pt\/wp-json\/wp\/v2\/media?parent=107340"}],"curies":[{"name":"wp","href":"https:\/\/api.w.org\/{rel}","templated":true}]}}