{"id":107643,"date":"2020-10-05T05:11:21","date_gmt":"2020-10-05T05:11:21","guid":{"rendered":"https:\/\/ultimateplayerhq.com\/conta-de-membro\/niveis-de-associacao\/"},"modified":"2024-01-04T06:25:40","modified_gmt":"2024-01-04T06:25:40","slug":"niveis-de-associacao","status":"publish","type":"page","link":"https:\/\/ultimateplayerhq.com\/pt-pt\/conta-de-membro\/niveis-de-associacao\/","title":{"rendered":"N\u00edveis de associa\u00e7\u00e3o"},"content":{"rendered":"\t\t<div data-elementor-type=\"wp-page\" data-elementor-id=\"107643\" class=\"elementor elementor-107643 elementor-1555\" data-elementor-post-type=\"page\">\n\t\t\t\t\t\t<section class=\"elementor-section elementor-top-section elementor-element elementor-element-3b42697a elementor-section-boxed elementor-section-height-default elementor-section-height-default\" data-id=\"3b42697a\" data-element_type=\"section\" data-e-type=\"section\">\n\t\t\t\t\t\t<div class=\"elementor-container elementor-column-gap-default\">\n\t\t\t\t\t<div class=\"elementor-column elementor-col-100 elementor-top-column elementor-element elementor-element-7c103a12\" data-id=\"7c103a12\" data-element_type=\"column\" data-e-type=\"column\">\n\t\t\t<div class=\"elementor-widget-wrap elementor-element-populated\">\n\t\t\t\t\t\t<div class=\"elementor-element elementor-element-ff7ebd9 elementor-widget elementor-widget-heading\" data-id=\"ff7ebd9\" data-element_type=\"widget\" data-e-type=\"widget\" data-widget_type=\"heading.default\">\n\t\t\t\t<div class=\"elementor-widget-container\">\n\t\t\t\t\t<h1 class=\"elementor-heading-title elementor-size-default\">N\u00edveis de associa\u00e7\u00e3o<\/h1>\t\t\t\t<\/div>\n\t\t\t\t<\/div>\n\t\t\t\t\t<\/div>\n\t\t<\/div>\n\t\t\t\t\t<\/div>\n\t\t<\/section>\n\t\t\t\t<section class=\"elementor-section elementor-top-section elementor-element elementor-element-a55f823 elementor-section-boxed elementor-section-height-default elementor-section-height-default\" data-id=\"a55f823\" data-element_type=\"section\" data-e-type=\"section\">\n\t\t\t\t\t\t<div class=\"elementor-container elementor-column-gap-default\">\n\t\t\t\t\t<div class=\"elementor-column elementor-col-25 elementor-top-column elementor-element elementor-element-01c06ca\" data-id=\"01c06ca\" data-element_type=\"column\" data-e-type=\"column\">\n\t\t\t<div class=\"elementor-widget-wrap\">\n\t\t\t\t\t\t\t<\/div>\n\t\t<\/div>\n\t\t\t\t<div class=\"elementor-column elementor-col-50 elementor-top-column elementor-element elementor-element-b2ede02\" data-id=\"b2ede02\" data-element_type=\"column\" data-e-type=\"column\">\n\t\t\t<div class=\"elementor-widget-wrap elementor-element-populated\">\n\t\t\t\t\t\t<div class=\"elementor-element elementor-element-26923ecf elementor-widget elementor-widget-text-editor\" data-id=\"26923ecf\" data-element_type=\"widget\" data-e-type=\"widget\" data-widget_type=\"text-editor.default\">\n\t\t\t\t<div class=\"elementor-widget-container\">\n\t\t\t\t\t\t\t\t\t<p>[pmpro_levels]<\/p>\n\t\t\t\t\t\t\t\t<\/div>\n\t\t\t\t<\/div>\n\t\t\t\t\t<\/div>\n\t\t<\/div>\n\t\t\t\t<div class=\"elementor-column elementor-col-25 elementor-top-column elementor-element elementor-element-c7a1cee\" data-id=\"c7a1cee\" data-element_type=\"column\" data-e-type=\"column\">\n\t\t\t<div class=\"elementor-widget-wrap\">\n\t\t\t\t\t\t\t<\/div>\n\t\t<\/div>\n\t\t\t\t\t<\/div>\n\t\t<\/section>\n\t\t\t\t<section class=\"elementor-section elementor-top-section elementor-element elementor-element-68152f8 elementor-section-boxed elementor-section-height-default elementor-section-height-default\" data-id=\"68152f8\" data-element_type=\"section\" data-e-type=\"section\">\n\t\t\t\t\t\t<div class=\"elementor-container elementor-column-gap-default\">\n\t\t\t\t\t<div class=\"elementor-column elementor-col-100 elementor-top-column elementor-element elementor-element-46b1aad\" data-id=\"46b1aad\" data-element_type=\"column\" data-e-type=\"column\">\n\t\t\t<div class=\"elementor-widget-wrap elementor-element-populated\">\n\t\t\t\t\t\t<div class=\"elementor-element elementor-element-7a28a2a elementor-widget elementor-widget-image\" data-id=\"7a28a2a\" data-element_type=\"widget\" data-e-type=\"widget\" data-widget_type=\"image.default\">\n\t\t\t\t<div class=\"elementor-widget-container\">\n\t\t\t\t\t\t\t\t\t\t\t\t\t\t\t<img fetchpriority=\"high\" decoding=\"async\" width=\"768\" height=\"432\" src=\"https:\/\/ultimatehq.fra1.digitaloceanspaces.com\/wp-content\/uploads\/2021\/02\/Image-from-iOS-5.jpg\" class=\"attachment-medium_large size-medium_large wp-image-98433\" alt=\"\" srcset=\"https:\/\/ultimatehq.fra1.digitaloceanspaces.com\/wp-content\/uploads\/2021\/02\/Image-from-iOS-5.jpg 768w, https:\/\/ultimatehq.fra1.digitaloceanspaces.com\/wp-content\/uploads\/2021\/02\/Image-from-iOS-5-700x394.jpg 700w, https:\/\/ultimatehq.fra1.digitaloceanspaces.com\/wp-content\/uploads\/2021\/02\/Image-from-iOS-5-800x450.jpg 800w, https:\/\/ultimatehq.fra1.digitaloceanspaces.com\/wp-content\/uploads\/2021\/02\/Image-from-iOS-5.jpg 300w, https:\/\/ultimatehq.fra1.digitaloceanspaces.com\/wp-content\/uploads\/2021\/02\/Image-from-iOS-5.jpg 500w, https:\/\/ultimatehq.fra1.digitaloceanspaces.com\/wp-content\/uploads\/2021\/02\/Image-from-iOS-5.jpg 600w, https:\/\/ultimatehq.fra1.digitaloceanspaces.com\/wp-content\/uploads\/2021\/02\/Image-from-iOS-5.jpg 1024w\" sizes=\"(max-width: 768px) 100vw, 768px\" \/>\t\t\t\t\t\t\t\t\t\t\t\t\t\t\t<\/div>\n\t\t\t\t<\/div>\n\t\t\t\t\t<\/div>\n\t\t<\/div>\n\t\t\t\t\t<\/div>\n\t\t<\/section>\n\t\t\t\t<\/div>\n\t\t<div style=\"margin: 20px 0;\"><div class=\"qrcswholewtapper\" style=\"text-align:left;\"><div class=\"qrcprowrapper\"  id=\"qrcwraa2leds\"><div class=\"qrc_canvass\" id=\"qrc_cuttenpages_2\" style=\"display:inline-block\" data-text=\"https:\/\/ultimateplayerhq.com\/pt-pt\/conta-de-membro\/niveis-de-associacao\/\"><\/div><\/div><\/div><\/div>","protected":false},"excerpt":{"rendered":"<p>N\u00edveis de associa\u00e7\u00e3o [pmpro_levels]<\/p>\n","protected":false},"author":1,"featured_media":0,"parent":106053,"menu_order":0,"comment_status":"closed","ping_status":"closed","template":"","meta":{"_acf_changed":false,"pmpro_default_level":"","footnotes":""},"class_list":["post-107643","page","type-page","status-publish","hentry","pmpro-has-access"],"acf":[],"yoast_head":"<!-- This site is optimized with the Yoast SEO plugin v27.3 - https:\/\/yoast.com\/product\/yoast-seo-wordpress\/ -->\n<title>N\u00edveis de associa\u00e7\u00e3o - UltimatePlayerHQ<\/title>\n<meta name=\"robots\" content=\"index, follow, max-snippet:-1, max-image-preview:large, max-video-preview:-1\" \/>\n<link rel=\"canonical\" href=\"https:\/\/ultimateplayerhq.com\/pt-pt\/conta-de-membro\/niveis-de-associacao\/\" \/>\n<meta property=\"og:locale\" content=\"pt_PT\" \/>\n<meta property=\"og:type\" content=\"article\" \/>\n<meta property=\"og:title\" content=\"N\u00edveis de associa\u00e7\u00e3o - UltimatePlayerHQ\" \/>\n<meta property=\"og:description\" content=\"N\u00edveis de associa\u00e7\u00e3o [pmpro_levels]\" \/>\n<meta property=\"og:url\" content=\"https:\/\/ultimateplayerhq.com\/pt-pt\/conta-de-membro\/niveis-de-associacao\/\" \/>\n<meta property=\"og:site_name\" content=\"UltimatePlayerHQ\" \/>\n<meta property=\"article:publisher\" content=\"https:\/\/www.facebook.com\/UltimatePlayerHQ\/\" \/>\n<meta property=\"article:modified_time\" content=\"2024-01-04T06:25:40+00:00\" \/>\n<meta property=\"og:image\" content=\"https:\/\/ultimateplayerhq.com\/wp-content\/uploads\/2021\/02\/Image-from-iOS-5-768x432.jpg\" \/>\n<meta name=\"twitter:label1\" content=\"Tempo estimado de leitura\" \/>\n\t<meta name=\"twitter:data1\" content=\"1 minuto\" \/>\n<script type=\"application\/ld+json\" class=\"yoast-schema-graph\">{\"@context\":\"https:\\\/\\\/schema.org\",\"@graph\":[{\"@type\":\"WebPage\",\"@id\":\"https:\\\/\\\/ultimateplayerhq.com\\\/pt-pt\\\/conta-de-membro\\\/niveis-de-associacao\\\/\",\"url\":\"https:\\\/\\\/ultimateplayerhq.com\\\/pt-pt\\\/conta-de-membro\\\/niveis-de-associacao\\\/\",\"name\":\"N\u00edveis de associa\u00e7\u00e3o - UltimatePlayerHQ\",\"isPartOf\":{\"@id\":\"https:\\\/\\\/ultimateplayerhq.com\\\/pt-pt\\\/#website\"},\"primaryImageOfPage\":{\"@id\":\"https:\\\/\\\/ultimateplayerhq.com\\\/pt-pt\\\/conta-de-membro\\\/niveis-de-associacao\\\/#primaryimage\"},\"image\":{\"@id\":\"https:\\\/\\\/ultimateplayerhq.com\\\/pt-pt\\\/conta-de-membro\\\/niveis-de-associacao\\\/#primaryimage\"},\"thumbnailUrl\":\"https:\\\/\\\/ultimateplayerhq.com\\\/wp-content\\\/uploads\\\/2021\\\/02\\\/Image-from-iOS-5-768x432.jpg\",\"datePublished\":\"2020-10-05T05:11:21+00:00\",\"dateModified\":\"2024-01-04T06:25:40+00:00\",\"breadcrumb\":{\"@id\":\"https:\\\/\\\/ultimateplayerhq.com\\\/pt-pt\\\/conta-de-membro\\\/niveis-de-associacao\\\/#breadcrumb\"},\"inLanguage\":\"pt-PT\",\"potentialAction\":[{\"@type\":\"ReadAction\",\"target\":[\"https:\\\/\\\/ultimateplayerhq.com\\\/pt-pt\\\/conta-de-membro\\\/niveis-de-associacao\\\/\"]}]},{\"@type\":\"ImageObject\",\"inLanguage\":\"pt-PT\",\"@id\":\"https:\\\/\\\/ultimateplayerhq.com\\\/pt-pt\\\/conta-de-membro\\\/niveis-de-associacao\\\/#primaryimage\",\"url\":\"https:\\\/\\\/ultimateplayerhq.com\\\/wp-content\\\/uploads\\\/2021\\\/02\\\/Image-from-iOS-5-768x432.jpg\",\"contentUrl\":\"https:\\\/\\\/ultimateplayerhq.com\\\/wp-content\\\/uploads\\\/2021\\\/02\\\/Image-from-iOS-5-768x432.jpg\"},{\"@type\":\"BreadcrumbList\",\"@id\":\"https:\\\/\\\/ultimateplayerhq.com\\\/pt-pt\\\/conta-de-membro\\\/niveis-de-associacao\\\/#breadcrumb\",\"itemListElement\":[{\"@type\":\"ListItem\",\"position\":1,\"name\":\"Home\",\"item\":\"https:\\\/\\\/ultimateplayerhq.com\\\/pt-pt\\\/\"},{\"@type\":\"ListItem\",\"position\":2,\"name\":\"Conta de membro\",\"item\":\"https:\\\/\\\/ultimateplayerhq.com\\\/pt-pt\\\/conta-de-membro\\\/\"},{\"@type\":\"ListItem\",\"position\":3,\"name\":\"N\u00edveis de associa\u00e7\u00e3o\"}]},{\"@type\":\"WebSite\",\"@id\":\"https:\\\/\\\/ultimateplayerhq.com\\\/pt-pt\\\/#website\",\"url\":\"https:\\\/\\\/ultimateplayerhq.com\\\/pt-pt\\\/\",\"name\":\"UltimatePlayerHQ\",\"description\":\"\",\"publisher\":{\"@id\":\"https:\\\/\\\/ultimateplayerhq.com\\\/pt-pt\\\/#organization\"},\"potentialAction\":[{\"@type\":\"SearchAction\",\"target\":{\"@type\":\"EntryPoint\",\"urlTemplate\":\"https:\\\/\\\/ultimateplayerhq.com\\\/pt-pt\\\/?s={search_term_string}\"},\"query-input\":{\"@type\":\"PropertyValueSpecification\",\"valueRequired\":true,\"valueName\":\"search_term_string\"}}],\"inLanguage\":\"pt-PT\"},{\"@type\":\"Organization\",\"@id\":\"https:\\\/\\\/ultimateplayerhq.com\\\/pt-pt\\\/#organization\",\"name\":\"Ultimate PlayerHQ\",\"url\":\"https:\\\/\\\/ultimateplayerhq.com\\\/pt-pt\\\/\",\"logo\":{\"@type\":\"ImageObject\",\"inLanguage\":\"pt-PT\",\"@id\":\"https:\\\/\\\/ultimateplayerhq.com\\\/pt-pt\\\/#\\\/schema\\\/logo\\\/image\\\/\",\"url\":\"https:\\\/\\\/ultimatehq.fra1.digitaloceanspaces.com\\\/wp-content\\\/uploads\\\/2023\\\/11\\\/footer_logo-1.svg\",\"contentUrl\":\"https:\\\/\\\/ultimatehq.fra1.digitaloceanspaces.com\\\/wp-content\\\/uploads\\\/2023\\\/11\\\/footer_logo-1.svg\",\"caption\":\"Ultimate PlayerHQ\"},\"image\":{\"@id\":\"https:\\\/\\\/ultimateplayerhq.com\\\/pt-pt\\\/#\\\/schema\\\/logo\\\/image\\\/\"},\"sameAs\":[\"https:\\\/\\\/www.facebook.com\\\/UltimatePlayerHQ\\\/\",\"https:\\\/\\\/x.com\\\/playersessionhq\"]}]}<\/script>\n<!-- \/ Yoast SEO plugin. -->","yoast_head_json":{"title":"N\u00edveis de associa\u00e7\u00e3o - UltimatePlayerHQ","robots":{"index":"index","follow":"follow","max-snippet":"max-snippet:-1","max-image-preview":"max-image-preview:large","max-video-preview":"max-video-preview:-1"},"canonical":"https:\/\/ultimateplayerhq.com\/pt-pt\/conta-de-membro\/niveis-de-associacao\/","og_locale":"pt_PT","og_type":"article","og_title":"N\u00edveis de associa\u00e7\u00e3o - UltimatePlayerHQ","og_description":"N\u00edveis de associa\u00e7\u00e3o [pmpro_levels]","og_url":"https:\/\/ultimateplayerhq.com\/pt-pt\/conta-de-membro\/niveis-de-associacao\/","og_site_name":"UltimatePlayerHQ","article_publisher":"https:\/\/www.facebook.com\/UltimatePlayerHQ\/","article_modified_time":"2024-01-04T06:25:40+00:00","og_image":[{"url":"https:\/\/ultimateplayerhq.com\/wp-content\/uploads\/2021\/02\/Image-from-iOS-5-768x432.jpg","type":"","width":"","height":""}],"twitter_misc":{"Tempo estimado de leitura":"1 minuto"},"schema":{"@context":"https:\/\/schema.org","@graph":[{"@type":"WebPage","@id":"https:\/\/ultimateplayerhq.com\/pt-pt\/conta-de-membro\/niveis-de-associacao\/","url":"https:\/\/ultimateplayerhq.com\/pt-pt\/conta-de-membro\/niveis-de-associacao\/","name":"N\u00edveis de associa\u00e7\u00e3o - UltimatePlayerHQ","isPartOf":{"@id":"https:\/\/ultimateplayerhq.com\/pt-pt\/#website"},"primaryImageOfPage":{"@id":"https:\/\/ultimateplayerhq.com\/pt-pt\/conta-de-membro\/niveis-de-associacao\/#primaryimage"},"image":{"@id":"https:\/\/ultimateplayerhq.com\/pt-pt\/conta-de-membro\/niveis-de-associacao\/#primaryimage"},"thumbnailUrl":"https:\/\/ultimateplayerhq.com\/wp-content\/uploads\/2021\/02\/Image-from-iOS-5-768x432.jpg","datePublished":"2020-10-05T05:11:21+00:00","dateModified":"2024-01-04T06:25:40+00:00","breadcrumb":{"@id":"https:\/\/ultimateplayerhq.com\/pt-pt\/conta-de-membro\/niveis-de-associacao\/#breadcrumb"},"inLanguage":"pt-PT","potentialAction":[{"@type":"ReadAction","target":["https:\/\/ultimateplayerhq.com\/pt-pt\/conta-de-membro\/niveis-de-associacao\/"]}]},{"@type":"ImageObject","inLanguage":"pt-PT","@id":"https:\/\/ultimateplayerhq.com\/pt-pt\/conta-de-membro\/niveis-de-associacao\/#primaryimage","url":"https:\/\/ultimateplayerhq.com\/wp-content\/uploads\/2021\/02\/Image-from-iOS-5-768x432.jpg","contentUrl":"https:\/\/ultimateplayerhq.com\/wp-content\/uploads\/2021\/02\/Image-from-iOS-5-768x432.jpg"},{"@type":"BreadcrumbList","@id":"https:\/\/ultimateplayerhq.com\/pt-pt\/conta-de-membro\/niveis-de-associacao\/#breadcrumb","itemListElement":[{"@type":"ListItem","position":1,"name":"Home","item":"https:\/\/ultimateplayerhq.com\/pt-pt\/"},{"@type":"ListItem","position":2,"name":"Conta de membro","item":"https:\/\/ultimateplayerhq.com\/pt-pt\/conta-de-membro\/"},{"@type":"ListItem","position":3,"name":"N\u00edveis de associa\u00e7\u00e3o"}]},{"@type":"WebSite","@id":"https:\/\/ultimateplayerhq.com\/pt-pt\/#website","url":"https:\/\/ultimateplayerhq.com\/pt-pt\/","name":"UltimatePlayerHQ","description":"","publisher":{"@id":"https:\/\/ultimateplayerhq.com\/pt-pt\/#organization"},"potentialAction":[{"@type":"SearchAction","target":{"@type":"EntryPoint","urlTemplate":"https:\/\/ultimateplayerhq.com\/pt-pt\/?s={search_term_string}"},"query-input":{"@type":"PropertyValueSpecification","valueRequired":true,"valueName":"search_term_string"}}],"inLanguage":"pt-PT"},{"@type":"Organization","@id":"https:\/\/ultimateplayerhq.com\/pt-pt\/#organization","name":"Ultimate PlayerHQ","url":"https:\/\/ultimateplayerhq.com\/pt-pt\/","logo":{"@type":"ImageObject","inLanguage":"pt-PT","@id":"https:\/\/ultimateplayerhq.com\/pt-pt\/#\/schema\/logo\/image\/","url":"https:\/\/ultimatehq.fra1.digitaloceanspaces.com\/wp-content\/uploads\/2023\/11\/footer_logo-1.svg","contentUrl":"https:\/\/ultimatehq.fra1.digitaloceanspaces.com\/wp-content\/uploads\/2023\/11\/footer_logo-1.svg","caption":"Ultimate PlayerHQ"},"image":{"@id":"https:\/\/ultimateplayerhq.com\/pt-pt\/#\/schema\/logo\/image\/"},"sameAs":["https:\/\/www.facebook.com\/UltimatePlayerHQ\/","https:\/\/x.com\/playersessionhq"]}]}},"_links":{"self":[{"href":"https:\/\/ultimateplayerhq.com\/pt-pt\/wp-json\/wp\/v2\/pages\/107643","targetHints":{"allow":["GET"]}}],"collection":[{"href":"https:\/\/ultimateplayerhq.com\/pt-pt\/wp-json\/wp\/v2\/pages"}],"about":[{"href":"https:\/\/ultimateplayerhq.com\/pt-pt\/wp-json\/wp\/v2\/types\/page"}],"author":[{"embeddable":true,"href":"https:\/\/ultimateplayerhq.com\/pt-pt\/wp-json\/wp\/v2\/users\/1"}],"replies":[{"embeddable":true,"href":"https:\/\/ultimateplayerhq.com\/pt-pt\/wp-json\/wp\/v2\/comments?post=107643"}],"version-history":[{"count":0,"href":"https:\/\/ultimateplayerhq.com\/pt-pt\/wp-json\/wp\/v2\/pages\/107643\/revisions"}],"up":[{"embeddable":true,"href":"https:\/\/ultimateplayerhq.com\/pt-pt\/wp-json\/wp\/v2\/pages\/106053"}],"wp:attachment":[{"href":"https:\/\/ultimateplayerhq.com\/pt-pt\/wp-json\/wp\/v2\/media?parent=107643"}],"curies":[{"name":"wp","href":"https:\/\/api.w.org\/{rel}","templated":true}]}}