{"id":108180,"date":"2021-11-22T20:25:50","date_gmt":"2021-11-22T20:25:50","guid":{"rendered":"https:\/\/ultimateplayerhq.com\/u5-u8-saq\/"},"modified":"2024-05-02T07:29:35","modified_gmt":"2024-05-02T07:29:35","slug":"u5-u8-saq","status":"publish","type":"page","link":"https:\/\/ultimateplayerhq.com\/pt-pt\/u5-u8-saq\/","title":{"rendered":"U5-U8 SAQ"},"content":{"rendered":"\t\t<div data-elementor-type=\"wp-page\" data-elementor-id=\"108180\" class=\"elementor elementor-108180 elementor-23825\" data-elementor-post-type=\"page\">\n\t\t\t\t\t\t<section class=\"elementor-section elementor-top-section elementor-element elementor-element-2b56329 elementor-section-height-min-height elementor-section-boxed elementor-section-height-default elementor-section-items-middle\" data-id=\"2b56329\" data-element_type=\"section\" data-e-type=\"section\" data-settings=\"{&quot;background_background&quot;:&quot;classic&quot;}\">\n\t\t\t\t\t\t\t<div class=\"elementor-background-overlay\"><\/div>\n\t\t\t\t\t\t\t<div class=\"elementor-container elementor-column-gap-default\">\n\t\t\t\t\t<div class=\"elementor-column elementor-col-100 elementor-top-column elementor-element elementor-element-4812892\" data-id=\"4812892\" data-element_type=\"column\" data-e-type=\"column\">\n\t\t\t<div class=\"elementor-widget-wrap elementor-element-populated\">\n\t\t\t\t\t\t\t<\/div>\n\t\t<\/div>\n\t\t\t\t\t<\/div>\n\t\t<\/section>\n\t\t\t\t<section class=\"elementor-section elementor-top-section elementor-element elementor-element-a57c0c7 stax-condition-yes stax-user_role_enabled-yes elementor-section-boxed elementor-section-height-default elementor-section-height-default\" data-id=\"a57c0c7\" data-element_type=\"section\" data-e-type=\"section\">\n\t\t\t\t\t\t<div class=\"elementor-container elementor-column-gap-default\">\n\t\t\t\t\t<div class=\"elementor-column elementor-col-100 elementor-top-column elementor-element elementor-element-3fc32034\" data-id=\"3fc32034\" data-element_type=\"column\" data-e-type=\"column\">\n\t\t\t<div class=\"elementor-widget-wrap elementor-element-populated\">\n\t\t\t\t\t\t<div class=\"elementor-element elementor-element-61c6b1a7 elementor-widget elementor-widget-template\" data-id=\"61c6b1a7\" data-element_type=\"widget\" data-e-type=\"widget\" data-widget_type=\"template.default\">\n\t\t\t\t<div class=\"elementor-widget-container\">\n\t\t\t\t\t\t\t<div class=\"elementor-template\">\n\t\t\t\t\t<div data-elementor-type=\"section\" data-elementor-id=\"110247\" class=\"elementor elementor-110247 elementor-1619 elementor-1619\" data-elementor-post-type=\"elementor_library\">\n\t\t\t\t\t<section class=\"elementor-section elementor-top-section elementor-element elementor-element-f20d55a elementor-hidden-desktop elementor-hidden-tablet elementor-hidden-mobile elementor-section-boxed elementor-section-height-default elementor-section-height-default\" data-id=\"f20d55a\" data-element_type=\"section\" data-e-type=\"section\">\n\t\t\t\t\t\t<div class=\"elementor-container elementor-column-gap-default\">\n\t\t\t\t\t<div class=\"elementor-column elementor-col-100 elementor-top-column elementor-element elementor-element-64b717c\" data-id=\"64b717c\" data-element_type=\"column\" data-e-type=\"column\">\n\t\t\t<div class=\"elementor-widget-wrap elementor-element-populated\">\n\t\t\t\t\t\t<div class=\"elementor-element elementor-element-c5a9782 elementor-widget elementor-widget-heading\" data-id=\"c5a9782\" data-element_type=\"widget\" data-e-type=\"widget\" data-widget_type=\"heading.default\">\n\t\t\t\t<div class=\"elementor-widget-container\">\n\t\t\t\t\t<h2 class=\"elementor-heading-title elementor-size-default\">Op\u00e7\u00f5es de associa\u00e7\u00e3o<\/h2>\t\t\t\t<\/div>\n\t\t\t\t<\/div>\n\t\t\t\t\t<\/div>\n\t\t<\/div>\n\t\t\t\t\t<\/div>\n\t\t<\/section>\n\t\t\t\t<section class=\"elementor-section elementor-top-section elementor-element elementor-element-64a272c elementor-section-boxed elementor-section-height-default elementor-section-height-default\" data-id=\"64a272c\" data-element_type=\"section\" data-e-type=\"section\" data-settings=\"{&quot;background_background&quot;:&quot;gradient&quot;}\">\n\t\t\t\t\t\t<div class=\"elementor-container elementor-column-gap-default\">\n\t\t\t\t\t<div class=\"elementor-column elementor-col-50 elementor-top-column elementor-element elementor-element-21d3a00 monthly-plan-sec\" data-id=\"21d3a00\" data-element_type=\"column\" data-e-type=\"column\" data-settings=\"{&quot;background_background&quot;:&quot;classic&quot;}\">\n\t\t\t<div class=\"elementor-widget-wrap elementor-element-populated\">\n\t\t\t\t\t\t<section class=\"elementor-section elementor-inner-section elementor-element elementor-element-96894ba elementor-section-content-middle elementor-section-full_width elementor-section-height-default elementor-section-height-default\" data-id=\"96894ba\" data-element_type=\"section\" data-e-type=\"section\">\n\t\t\t\t\t\t<div class=\"elementor-container elementor-column-gap-default\">\n\t\t\t\t\t<div class=\"elementor-column elementor-col-100 elementor-inner-column elementor-element elementor-element-9df2ba9\" data-id=\"9df2ba9\" data-element_type=\"column\" data-e-type=\"column\">\n\t\t\t<div class=\"elementor-widget-wrap elementor-element-populated\">\n\t\t\t\t\t\t<div class=\"elementor-element elementor-element-cda27f3 elementor-widget-mobile__width-inherit head-1 elementor-widget elementor-widget-heading\" data-id=\"cda27f3\" data-element_type=\"widget\" data-e-type=\"widget\" data-widget_type=\"heading.default\">\n\t\t\t\t<div class=\"elementor-widget-container\">\n\t\t\t\t\t<h5 class=\"elementor-heading-title elementor-size-default\">PLANO MENSAL<\/h5>\t\t\t\t<\/div>\n\t\t\t\t<\/div>\n\t\t\t\t<div class=\"elementor-element elementor-element-343c00c elementor-widget elementor-widget-text-editor\" data-id=\"343c00c\" data-element_type=\"widget\" data-e-type=\"widget\" data-widget_type=\"text-editor.default\">\n\t\t\t\t<div class=\"elementor-widget-container\">\n\t\t\t\t\t\t\t\t\t<p><span class=\"woocommerce-Price-amount amount\"><bdi><span class=\"woocommerce-Price-currencySymbol\">&euro;<\/span>8.02<\/bdi><\/span> <span class=\"subscription-details\"> \/ month<\/span><\/p>\n\t\t\t\t\t\t\t\t<\/div>\n\t\t\t\t<\/div>\n\t\t\t\t<div class=\"elementor-element elementor-element-6251fb3 elementor-widget elementor-widget-text-editor\" data-id=\"6251fb3\" data-element_type=\"widget\" data-e-type=\"widget\" data-widget_type=\"text-editor.default\">\n\t\t\t\t<div class=\"elementor-widget-container\">\n\t\t\t\t\t\t\t\t\t<p><strong>Liberte todo o seu potencial com o UltimatePlayerHQ!<\/strong><\/p>\n<p>Ao registar-se connosco, ter\u00e1 acesso instant\u00e2neo a um mundo de recursos de treino concebidos para melhorar o seu jogo de futebol. Veja o que vai desfrutar como membro:<\/p>\n<ul>\n<li><b>Crie e Monte as Suas Pr\u00f3prias Sess\u00f5es de Anima\u00e7\u00e3o Personalizadas<\/b> \u2013 Crie exerc\u00edcios personalizados com o nosso planeador de anima\u00e7\u00e3o f\u00e1cil de utilizar.<\/li>\n<p><\/p>\n<li><strong>Acesso a Milhares de Sess\u00f5es Animadas Categorizadas<\/strong> \u2013 Do principiante ao profissional, temos exerc\u00edcios para todos os n\u00edveis de habilidade.<\/li>\n<p><\/p>\n<li><strong>Acesso \u00e0 Aplica\u00e7\u00e3o M\u00f3vel<\/strong> \u2013 Treine em qualquer lugar com a nossa aplica\u00e7\u00e3o m\u00f3vel dispon\u00edvel na Apple App Store e no Google Play.<\/li>\n<p><\/p>\n<li><strong>Descontos Exclusivos para Membros<\/strong> \u2013 Poupe muito com ofertas especiais de parceiros importantes como BazookaGoal, FootballCareers e muitos outros.<\/li>\n<p><\/p>\n<li><strong>Todas as Caracter\u00edsticas do UPHQ<\/strong> \u2013 Tenha acesso total ao nosso quadro t\u00e1tico ao vivo, exerc\u00edcios de n\u00edvel profissional e uma variedade de ferramentas de treino para o ajudar a ter sucesso.<\/li>\n<p><\/ul>\n<p>N\u00e3o perca \u2013 inscreva-se hoje mesmo e leve o seu treino para o pr\u00f3ximo n\u00edvel com o UltimatePlayerHQ!<\/p>\n\t\t\t\t\t\t\t\t<\/div>\n\t\t\t\t<\/div>\n\t\t\t\t<div class=\"elementor-element elementor-element-749d5a0 elementor-widget__width-initial elementor-hidden-desktop elementor-hidden-tablet elementor-hidden-mobile elementor-widget elementor-widget-button\" data-id=\"749d5a0\" data-element_type=\"widget\" data-e-type=\"widget\" data-widget_type=\"button.default\">\n\t\t\t\t<div class=\"elementor-widget-container\">\n\t\t\t\t\t\t\t\t\t<div class=\"elementor-button-wrapper\">\n\t\t\t\t\t<a class=\"elementor-button elementor-button-link elementor-size-sm\" href=\"\/shop\/monthly-individual-plan\">\n\t\t\t\t\t\t<span class=\"elementor-button-content-wrapper\">\n\t\t\t\t\t\t\t\t\t<span class=\"elementor-button-text\">Ver detalhes<\/span>\n\t\t\t\t\t<\/span>\n\t\t\t\t\t<\/a>\n\t\t\t\t<\/div>\n\t\t\t\t\t\t\t\t<\/div>\n\t\t\t\t<\/div>\n\t\t\t\t<div class=\"elementor-element elementor-element-e41a050 plan_select_btn elementor-widget__width-initial elementor-widget elementor-widget-text-editor\" data-id=\"e41a050\" data-element_type=\"widget\" data-e-type=\"widget\" data-widget_type=\"text-editor.default\">\n\t\t\t\t<div class=\"elementor-widget-container\">\n\t\t\t\t\t\t\t\t\t<form class=\"cart\" action=\"\/shop\/monthly-individual-plan\" enctype=\"multipart\/form-data\" method=\"post\"><button class=\"single_add_to_cart_button button alt\" name=\"add-to-cart\" type=\"submit\" value=\"35502\">Select Plan<\/button><\/form>\n\t\t\t\t\t\t\t\t<\/div>\n\t\t\t\t<\/div>\n\t\t\t\t\t<\/div>\n\t\t<\/div>\n\t\t\t\t\t<\/div>\n\t\t<\/section>\n\t\t\t\t\t<\/div>\n\t\t<\/div>\n\t\t\t\t<div class=\"elementor-column elementor-col-50 elementor-top-column elementor-element elementor-element-9e2d225\" data-id=\"9e2d225\" data-element_type=\"column\" data-e-type=\"column\" data-settings=\"{&quot;background_background&quot;:&quot;classic&quot;}\">\n\t\t\t<div class=\"elementor-widget-wrap elementor-element-populated\">\n\t\t\t\t\t\t<section class=\"elementor-section elementor-inner-section elementor-element elementor-element-ca6405b elementor-section-content-middle elementor-section-boxed elementor-section-height-default elementor-section-height-default\" data-id=\"ca6405b\" data-element_type=\"section\" data-e-type=\"section\">\n\t\t\t\t\t\t<div class=\"elementor-container elementor-column-gap-default\">\n\t\t\t\t\t<div class=\"elementor-column elementor-col-100 elementor-inner-column elementor-element elementor-element-1ff2ce6\" data-id=\"1ff2ce6\" data-element_type=\"column\" data-e-type=\"column\">\n\t\t\t<div class=\"elementor-widget-wrap elementor-element-populated\">\n\t\t\t\t\t\t<div class=\"elementor-element elementor-element-0290654 elementor-widget__width-initial elementor-absolute elementor-widget elementor-widget-heading\" data-id=\"0290654\" data-element_type=\"widget\" data-e-type=\"widget\" data-settings=\"{&quot;_position&quot;:&quot;absolute&quot;}\" data-widget_type=\"heading.default\">\n\t\t\t\t<div class=\"elementor-widget-container\">\n\t\t\t\t\t<h5 class=\"elementor-heading-title elementor-size-default\">POUPE 30%<\/h5>\t\t\t\t<\/div>\n\t\t\t\t<\/div>\n\t\t\t\t<div class=\"elementor-element elementor-element-92ca5d1 elementor-widget-mobile__width-inherit head-1 elementor-widget elementor-widget-heading\" data-id=\"92ca5d1\" data-element_type=\"widget\" data-e-type=\"widget\" data-widget_type=\"heading.default\">\n\t\t\t\t<div class=\"elementor-widget-container\">\n\t\t\t\t\t<h5 class=\"elementor-heading-title elementor-size-default\">PLANO ANUAL<\/h5>\t\t\t\t<\/div>\n\t\t\t\t<\/div>\n\t\t\t\t<div class=\"elementor-element elementor-element-24edf36 elementor-widget elementor-widget-text-editor\" data-id=\"24edf36\" data-element_type=\"widget\" data-e-type=\"widget\" data-widget_type=\"text-editor.default\">\n\t\t\t\t<div class=\"elementor-widget-container\">\n\t\t\t\t\t\t\t\t\t<p><span class=\"woocommerce-Price-amount amount\"><bdi><span class=\"woocommerce-Price-currencySymbol\">&euro;<\/span>57.34<\/bdi><\/span> <span class=\"subscription-details\"> \/ year<\/span> (30% Savings!)<\/p>\n\t\t\t\t\t\t\t\t<\/div>\n\t\t\t\t<\/div>\n\t\t\t\t<div class=\"elementor-element elementor-element-766ceb8 elementor-widget elementor-widget-text-editor\" data-id=\"766ceb8\" data-element_type=\"widget\" data-e-type=\"widget\" data-widget_type=\"text-editor.default\">\n\t\t\t\t<div class=\"elementor-widget-container\">\n\t\t\t\t\t\t\t\t\t<p><strong>Liberte todo o seu potencial com o UltimatePlayerHQ!<\/strong><\/p>\n<p>Ao registar-se connosco, ter\u00e1 acesso instant\u00e2neo a um mundo de recursos de treino concebidos para melhorar o seu jogo de futebol. Veja o que vai desfrutar como membro:<\/p>\n<ul>\n<li><b>Crie e Monte as Suas Pr\u00f3prias Sess\u00f5es de Anima\u00e7\u00e3o Personalizadas<\/b> \u2013 Crie exerc\u00edcios personalizados com o nosso planeador de anima\u00e7\u00e3o f\u00e1cil de utilizar.<\/li>\n<p> \t<\/p>\n<li><strong>Acesso a Milhares de Sess\u00f5es Animadas Categorizadas<\/strong> \u2013 Do principiante ao profissional, temos exerc\u00edcios para todos os n\u00edveis de habilidade.<\/li>\n<p> \t<\/p>\n<li><strong>Acesso \u00e0 Aplica\u00e7\u00e3o M\u00f3vel<\/strong> \u2013 Treine em qualquer lugar com a nossa aplica\u00e7\u00e3o m\u00f3vel dispon\u00edvel na Apple App Store e no Google Play.<\/li>\n<p> \t<\/p>\n<li><strong>Descontos Exclusivos para Membros<\/strong> \u2013 Poupe muito com ofertas especiais de parceiros importantes como BazookaGoal, FootballCareers e muitos outros.<\/li>\n<p> \t<\/p>\n<li><strong>Todas as Caracter\u00edsticas do UPHQ<\/strong> \u2013 Tenha acesso total ao nosso quadro t\u00e1tico ao vivo, exerc\u00edcios de n\u00edvel profissional e uma variedade de ferramentas de treino para o ajudar a ter sucesso.<\/li>\n<p><\/ul>\n<p>N\u00e3o perca \u2013 inscreva-se hoje mesmo e leve o seu treino para o pr\u00f3ximo n\u00edvel com o UltimatePlayerHQ!<\/p>\n\t\t\t\t\t\t\t\t<\/div>\n\t\t\t\t<\/div>\n\t\t\t\t<div class=\"elementor-element elementor-element-f1e2d18 elementor-widget__width-initial elementor-hidden-desktop elementor-hidden-tablet elementor-hidden-mobile elementor-widget elementor-widget-button\" data-id=\"f1e2d18\" data-element_type=\"widget\" data-e-type=\"widget\" data-widget_type=\"button.default\">\n\t\t\t\t<div class=\"elementor-widget-container\">\n\t\t\t\t\t\t\t\t\t<div class=\"elementor-button-wrapper\">\n\t\t\t\t\t<a class=\"elementor-button elementor-button-link elementor-size-sm\" href=\"\/shop\/annual-individual-plan\">\n\t\t\t\t\t\t<span class=\"elementor-button-content-wrapper\">\n\t\t\t\t\t\t\t\t\t<span class=\"elementor-button-text\">Ver detalhes<\/span>\n\t\t\t\t\t<\/span>\n\t\t\t\t\t<\/a>\n\t\t\t\t<\/div>\n\t\t\t\t\t\t\t\t<\/div>\n\t\t\t\t<\/div>\n\t\t\t\t<div class=\"elementor-element elementor-element-398dbb1 plan_select_btn elementor-widget__width-initial elementor-widget elementor-widget-text-editor\" data-id=\"398dbb1\" data-element_type=\"widget\" data-e-type=\"widget\" data-widget_type=\"text-editor.default\">\n\t\t\t\t<div class=\"elementor-widget-container\">\n\t\t\t\t\t\t\t\t\t<form class=\"cart\" action=\"\/shop\/annual-individual-plan\" enctype=\"multipart\/form-data\" method=\"post\"><button class=\"single_add_to_cart_button button alt\" name=\"add-to-cart\" type=\"submit\" value=\"35496\">Select Plan<\/button><\/form>\n\t\t\t\t\t\t\t\t<\/div>\n\t\t\t\t<\/div>\n\t\t\t\t\t<\/div>\n\t\t<\/div>\n\t\t\t\t\t<\/div>\n\t\t<\/section>\n\t\t\t\t\t<\/div>\n\t\t<\/div>\n\t\t\t\t\t<\/div>\n\t\t<\/section>\n\t\t\t\t<\/div>\n\t\t\t\t<\/div>\n\t\t\t\t\t\t<\/div>\n\t\t\t\t<\/div>\n\t\t\t\t\t<\/div>\n\t\t<\/div>\n\t\t\t\t\t<\/div>\n\t\t<\/section>\n\t\t\t\t<\/div>\n\t\t<div style=\"margin: 20px 0;\"><div class=\"qrcswholewtapper\" style=\"text-align:left;\"><div class=\"qrcprowrapper\"  id=\"qrcwraa2leds\"><div class=\"qrc_canvass\" id=\"qrc_cuttenpages_2\" style=\"display:inline-block\" data-text=\"https:\/\/ultimateplayerhq.com\/pt-pt\/drill-library\/jogo-saq-do-west-brom\/\"><\/div><\/div><\/div><\/div>","protected":false},"excerpt":{"rendered":"","protected":false},"author":1,"featured_media":0,"parent":0,"menu_order":0,"comment_status":"closed","ping_status":"closed","template":"","meta":{"_acf_changed":false,"pmpro_default_level":"","footnotes":""},"class_list":["post-108180","page","type-page","status-publish","hentry","pmpro-has-access"],"acf":[],"yoast_head":"<!-- This site is optimized with the Yoast SEO plugin v27.3 - https:\/\/yoast.com\/product\/yoast-seo-wordpress\/ -->\n<title>U5-U8 SAQ - UltimatePlayerHQ<\/title>\n<meta name=\"robots\" content=\"index, follow, max-snippet:-1, max-image-preview:large, max-video-preview:-1\" \/>\n<link rel=\"canonical\" href=\"https:\/\/ultimateplayerhq.com\/pt-pt\/u5-u8-saq\/\" \/>\n<meta property=\"og:locale\" content=\"pt_PT\" \/>\n<meta property=\"og:type\" content=\"article\" \/>\n<meta property=\"og:title\" content=\"U5-U8 SAQ - UltimatePlayerHQ\" \/>\n<meta property=\"og:url\" content=\"https:\/\/ultimateplayerhq.com\/pt-pt\/u5-u8-saq\/\" \/>\n<meta property=\"og:site_name\" content=\"UltimatePlayerHQ\" \/>\n<meta property=\"article:publisher\" content=\"https:\/\/www.facebook.com\/UltimatePlayerHQ\/\" \/>\n<meta property=\"article:modified_time\" content=\"2024-05-02T07:29:35+00:00\" \/>\n<meta property=\"og:image\" content=\"https:\/\/ultimatehq.fra1.digitaloceanspaces.com\/wp-content\/uploads\/2020\/11\/UltimatePlayerHQlogo.jpg\" \/>\n\t<meta property=\"og:image:width\" content=\"390\" \/>\n\t<meta property=\"og:image:height\" content=\"206\" \/>\n\t<meta property=\"og:image:type\" content=\"image\/jpeg\" \/>\n<meta name=\"twitter:label1\" content=\"Tempo estimado de leitura\" \/>\n\t<meta name=\"twitter:data1\" content=\"6 minutos\" \/>\n<script type=\"application\/ld+json\" class=\"yoast-schema-graph\">{\"@context\":\"https:\\\/\\\/schema.org\",\"@graph\":[{\"@type\":\"WebPage\",\"@id\":\"https:\\\/\\\/ultimateplayerhq.com\\\/pt-pt\\\/u5-u8-saq\\\/\",\"url\":\"https:\\\/\\\/ultimateplayerhq.com\\\/pt-pt\\\/u5-u8-saq\\\/\",\"name\":\"U5-U8 SAQ - UltimatePlayerHQ\",\"isPartOf\":{\"@id\":\"https:\\\/\\\/ultimateplayerhq.com\\\/pt-pt\\\/#website\"},\"datePublished\":\"2021-11-22T20:25:50+00:00\",\"dateModified\":\"2024-05-02T07:29:35+00:00\",\"breadcrumb\":{\"@id\":\"https:\\\/\\\/ultimateplayerhq.com\\\/pt-pt\\\/u5-u8-saq\\\/#breadcrumb\"},\"inLanguage\":\"pt-PT\",\"potentialAction\":[{\"@type\":\"ReadAction\",\"target\":[\"https:\\\/\\\/ultimateplayerhq.com\\\/pt-pt\\\/u5-u8-saq\\\/\"]}]},{\"@type\":\"BreadcrumbList\",\"@id\":\"https:\\\/\\\/ultimateplayerhq.com\\\/pt-pt\\\/u5-u8-saq\\\/#breadcrumb\",\"itemListElement\":[{\"@type\":\"ListItem\",\"position\":1,\"name\":\"Home\",\"item\":\"https:\\\/\\\/ultimateplayerhq.com\\\/pt-pt\\\/\"},{\"@type\":\"ListItem\",\"position\":2,\"name\":\"U5-U8 SAQ\"}]},{\"@type\":\"WebSite\",\"@id\":\"https:\\\/\\\/ultimateplayerhq.com\\\/pt-pt\\\/#website\",\"url\":\"https:\\\/\\\/ultimateplayerhq.com\\\/pt-pt\\\/\",\"name\":\"UltimatePlayerHQ\",\"description\":\"\",\"publisher\":{\"@id\":\"https:\\\/\\\/ultimateplayerhq.com\\\/pt-pt\\\/#organization\"},\"potentialAction\":[{\"@type\":\"SearchAction\",\"target\":{\"@type\":\"EntryPoint\",\"urlTemplate\":\"https:\\\/\\\/ultimateplayerhq.com\\\/pt-pt\\\/?s={search_term_string}\"},\"query-input\":{\"@type\":\"PropertyValueSpecification\",\"valueRequired\":true,\"valueName\":\"search_term_string\"}}],\"inLanguage\":\"pt-PT\"},{\"@type\":\"Organization\",\"@id\":\"https:\\\/\\\/ultimateplayerhq.com\\\/pt-pt\\\/#organization\",\"name\":\"Ultimate PlayerHQ\",\"url\":\"https:\\\/\\\/ultimateplayerhq.com\\\/pt-pt\\\/\",\"logo\":{\"@type\":\"ImageObject\",\"inLanguage\":\"pt-PT\",\"@id\":\"https:\\\/\\\/ultimateplayerhq.com\\\/pt-pt\\\/#\\\/schema\\\/logo\\\/image\\\/\",\"url\":\"https:\\\/\\\/ultimatehq.fra1.digitaloceanspaces.com\\\/wp-content\\\/uploads\\\/2023\\\/11\\\/footer_logo-1.svg\",\"contentUrl\":\"https:\\\/\\\/ultimatehq.fra1.digitaloceanspaces.com\\\/wp-content\\\/uploads\\\/2023\\\/11\\\/footer_logo-1.svg\",\"caption\":\"Ultimate PlayerHQ\"},\"image\":{\"@id\":\"https:\\\/\\\/ultimateplayerhq.com\\\/pt-pt\\\/#\\\/schema\\\/logo\\\/image\\\/\"},\"sameAs\":[\"https:\\\/\\\/www.facebook.com\\\/UltimatePlayerHQ\\\/\",\"https:\\\/\\\/x.com\\\/playersessionhq\"]}]}<\/script>\n<!-- \/ Yoast SEO plugin. -->","yoast_head_json":{"title":"U5-U8 SAQ - UltimatePlayerHQ","robots":{"index":"index","follow":"follow","max-snippet":"max-snippet:-1","max-image-preview":"max-image-preview:large","max-video-preview":"max-video-preview:-1"},"canonical":"https:\/\/ultimateplayerhq.com\/pt-pt\/u5-u8-saq\/","og_locale":"pt_PT","og_type":"article","og_title":"U5-U8 SAQ - UltimatePlayerHQ","og_url":"https:\/\/ultimateplayerhq.com\/pt-pt\/u5-u8-saq\/","og_site_name":"UltimatePlayerHQ","article_publisher":"https:\/\/www.facebook.com\/UltimatePlayerHQ\/","article_modified_time":"2024-05-02T07:29:35+00:00","og_image":[{"width":390,"height":206,"url":"https:\/\/ultimatehq.fra1.digitaloceanspaces.com\/wp-content\/uploads\/2020\/11\/UltimatePlayerHQlogo.jpg","type":"image\/jpeg"}],"twitter_misc":{"Tempo estimado de leitura":"6 minutos"},"schema":{"@context":"https:\/\/schema.org","@graph":[{"@type":"WebPage","@id":"https:\/\/ultimateplayerhq.com\/pt-pt\/u5-u8-saq\/","url":"https:\/\/ultimateplayerhq.com\/pt-pt\/u5-u8-saq\/","name":"U5-U8 SAQ - UltimatePlayerHQ","isPartOf":{"@id":"https:\/\/ultimateplayerhq.com\/pt-pt\/#website"},"datePublished":"2021-11-22T20:25:50+00:00","dateModified":"2024-05-02T07:29:35+00:00","breadcrumb":{"@id":"https:\/\/ultimateplayerhq.com\/pt-pt\/u5-u8-saq\/#breadcrumb"},"inLanguage":"pt-PT","potentialAction":[{"@type":"ReadAction","target":["https:\/\/ultimateplayerhq.com\/pt-pt\/u5-u8-saq\/"]}]},{"@type":"BreadcrumbList","@id":"https:\/\/ultimateplayerhq.com\/pt-pt\/u5-u8-saq\/#breadcrumb","itemListElement":[{"@type":"ListItem","position":1,"name":"Home","item":"https:\/\/ultimateplayerhq.com\/pt-pt\/"},{"@type":"ListItem","position":2,"name":"U5-U8 SAQ"}]},{"@type":"WebSite","@id":"https:\/\/ultimateplayerhq.com\/pt-pt\/#website","url":"https:\/\/ultimateplayerhq.com\/pt-pt\/","name":"UltimatePlayerHQ","description":"","publisher":{"@id":"https:\/\/ultimateplayerhq.com\/pt-pt\/#organization"},"potentialAction":[{"@type":"SearchAction","target":{"@type":"EntryPoint","urlTemplate":"https:\/\/ultimateplayerhq.com\/pt-pt\/?s={search_term_string}"},"query-input":{"@type":"PropertyValueSpecification","valueRequired":true,"valueName":"search_term_string"}}],"inLanguage":"pt-PT"},{"@type":"Organization","@id":"https:\/\/ultimateplayerhq.com\/pt-pt\/#organization","name":"Ultimate PlayerHQ","url":"https:\/\/ultimateplayerhq.com\/pt-pt\/","logo":{"@type":"ImageObject","inLanguage":"pt-PT","@id":"https:\/\/ultimateplayerhq.com\/pt-pt\/#\/schema\/logo\/image\/","url":"https:\/\/ultimatehq.fra1.digitaloceanspaces.com\/wp-content\/uploads\/2023\/11\/footer_logo-1.svg","contentUrl":"https:\/\/ultimatehq.fra1.digitaloceanspaces.com\/wp-content\/uploads\/2023\/11\/footer_logo-1.svg","caption":"Ultimate PlayerHQ"},"image":{"@id":"https:\/\/ultimateplayerhq.com\/pt-pt\/#\/schema\/logo\/image\/"},"sameAs":["https:\/\/www.facebook.com\/UltimatePlayerHQ\/","https:\/\/x.com\/playersessionhq"]}]}},"_links":{"self":[{"href":"https:\/\/ultimateplayerhq.com\/pt-pt\/wp-json\/wp\/v2\/pages\/108180","targetHints":{"allow":["GET"]}}],"collection":[{"href":"https:\/\/ultimateplayerhq.com\/pt-pt\/wp-json\/wp\/v2\/pages"}],"about":[{"href":"https:\/\/ultimateplayerhq.com\/pt-pt\/wp-json\/wp\/v2\/types\/page"}],"author":[{"embeddable":true,"href":"https:\/\/ultimateplayerhq.com\/pt-pt\/wp-json\/wp\/v2\/users\/1"}],"replies":[{"embeddable":true,"href":"https:\/\/ultimateplayerhq.com\/pt-pt\/wp-json\/wp\/v2\/comments?post=108180"}],"version-history":[{"count":0,"href":"https:\/\/ultimateplayerhq.com\/pt-pt\/wp-json\/wp\/v2\/pages\/108180\/revisions"}],"wp:attachment":[{"href":"https:\/\/ultimateplayerhq.com\/pt-pt\/wp-json\/wp\/v2\/media?parent=108180"}],"curies":[{"name":"wp","href":"https:\/\/api.w.org\/{rel}","templated":true}]}}