{"id":123317,"date":"2023-11-29T04:49:03","date_gmt":"2023-11-29T04:49:03","guid":{"rendered":"https:\/\/ultimateplayerhq.com\/minha-conta-2\/"},"modified":"2025-10-10T06:39:51","modified_gmt":"2025-10-10T06:39:51","slug":"minha-conta","status":"publish","type":"page","link":"https:\/\/ultimateplayerhq.com\/pt-pt\/minha-conta\/","title":{"rendered":"Minha conta"},"content":{"rendered":"\t\t<div data-elementor-type=\"wp-page\" data-elementor-id=\"123317\" class=\"elementor elementor-123317 elementor-119548\" data-elementor-post-type=\"page\">\n\t\t\t\t\t\t<section class=\"elementor-section elementor-top-section elementor-element elementor-element-73e80517 elementor-section-height-min-height elementor-section-boxed elementor-section-height-default elementor-section-items-middle\" data-id=\"73e80517\" data-element_type=\"section\" data-e-type=\"section\" data-settings=\"{&quot;background_background&quot;:&quot;classic&quot;}\">\n\t\t\t\t\t\t\t<div class=\"elementor-background-overlay\"><\/div>\n\t\t\t\t\t\t\t<div class=\"elementor-container elementor-column-gap-default\">\n\t\t\t\t\t<div class=\"elementor-column elementor-col-100 elementor-top-column elementor-element elementor-element-43b4ca15\" data-id=\"43b4ca15\" data-element_type=\"column\" data-e-type=\"column\">\n\t\t\t<div class=\"elementor-widget-wrap elementor-element-populated\">\n\t\t\t\t\t\t<div class=\"elementor-element elementor-element-52676521 elementor-widget-mobile__width-inherit elementor-widget__width-initial elementor-widget elementor-widget-heading\" data-id=\"52676521\" data-element_type=\"widget\" data-e-type=\"widget\" data-widget_type=\"heading.default\">\n\t\t\t\t<div class=\"elementor-widget-container\">\n\t\t\t\t\t<h1 class=\"elementor-heading-title elementor-size-default\">Sua conta<\/h1>\t\t\t\t<\/div>\n\t\t\t\t<\/div>\n\t\t\t\t\t<\/div>\n\t\t<\/div>\n\t\t\t\t\t<\/div>\n\t\t<\/section>\n\t\t\t\t<section class=\"elementor-section elementor-top-section elementor-element elementor-element-4df842e8 elementor-section-boxed elementor-section-height-default elementor-section-height-default\" data-id=\"4df842e8\" data-element_type=\"section\" data-e-type=\"section\" id=\"woo-account-sec\" data-settings=\"{&quot;background_background&quot;:&quot;classic&quot;}\">\n\t\t\t\t\t\t\t<div class=\"elementor-background-overlay\"><\/div>\n\t\t\t\t\t\t\t<div class=\"elementor-container elementor-column-gap-default\">\n\t\t\t\t\t<div class=\"elementor-column elementor-col-100 elementor-top-column elementor-element elementor-element-6ea94c0\" data-id=\"6ea94c0\" data-element_type=\"column\" data-e-type=\"column\">\n\t\t\t<div class=\"elementor-widget-wrap elementor-element-populated\">\n\t\t\t\t\t\t<div class=\"elementor-element elementor-element-3c66ea84 e-my-account-tabs-horizontal account-login-sec elementor-widget elementor-widget-woocommerce-my-account\" data-id=\"3c66ea84\" data-element_type=\"widget\" data-e-type=\"widget\" data-widget_type=\"woocommerce-my-account.default\">\n\t\t\t\t<div class=\"elementor-widget-container\">\n\t\t\t\t\t<div class=\"e-my-account-tab e-my-account-tab__ \">\t\t\t<div class=\"woocommerce\"><\/div>\t\t<\/div>\n\t\t\t\t\t\t<\/div>\n\t\t\t\t<\/div>\n\t\t\t\t\t<\/div>\n\t\t<\/div>\n\t\t\t\t\t<\/div>\n\t\t<\/section>\n\t\t<div class=\"elementor-element elementor-element-b667c2d stax-condition-yes stax-user_role_enabled-yes e-flex e-con-boxed e-con e-parent\" data-id=\"b667c2d\" data-element_type=\"container\" data-e-type=\"container\">\n\t\t\t\t\t<div class=\"e-con-inner\">\n\t\t\t\t<div class=\"elementor-element elementor-element-46dc8d8 account-login-sec elementor-widget elementor-widget-html\" data-id=\"46dc8d8\" data-element_type=\"widget\" data-e-type=\"widget\" data-widget_type=\"html.default\">\n\t\t\t\t<div class=\"elementor-widget-container\">\n\t\t\t\t\t<div class=\"newto-hq\">\r\n<div class=\"hq-top-section\">\r\n<h3 class=\"hq-heading\">NOVO NO UPHQ?<\/h3>\r\n<div class=\"newto-hq-text\"><p>Sess\u00f5es ilimitadas.<\/p><p>Veja em qualquer lugar. Cancele a qualquer momento.<\/p>\r\n<div class=\"join-btn\">\r\n<a class=\"join-now-btn elementor-button-link elementor-size-sm\" href=\"https:\/\/ultimateplayerhq.com\/pt-pt\/junte-se-ao-novo\/\">Registe-se agora<\/a>\r\n<\/div><br><\/div><br><\/div><br><br><\/div>\t\t\t\t<\/div>\n\t\t\t\t<\/div>\n\t\t\t\t\t<\/div>\n\t\t\t\t<\/div>\n\t\t\t\t<\/div>\n\t\t<div style=\"margin: 20px 0;\"><div class=\"qrcswholewtapper\" style=\"text-align:left;\"><div class=\"qrcprowrapper\"  id=\"qrcwraa2leds\"><div class=\"qrc_canvass\" id=\"qrc_cuttenpages_2\" style=\"display:inline-block\" data-text=\"https:\/\/ultimateplayerhq.com\/pt-pt\/minha-conta\/\"><\/div><\/div><\/div><\/div>","protected":false},"excerpt":{"rendered":"<p>Sua conta Painel Pedidos Transfer\u00eancias Endere\u00e7os Payment methods Detalhes da conta Sair Painel Pedidos Transfer\u00eancias Endere\u00e7os Payment methods Detalhes da conta Sair Painel Pedidos Transfer\u00eancias Endere\u00e7os Payment methods Detalhes da conta Sair Painel Pedidos Transfer\u00eancias Endere\u00e7os Payment methods Detalhes da conta Sair Painel Pedidos Transfer\u00eancias Endere\u00e7os Payment methods Detalhes da conta Sair Painel Pedidos Transfer\u00eancias [&hellip;]<\/p>\n","protected":false},"author":1,"featured_media":0,"parent":0,"menu_order":0,"comment_status":"closed","ping_status":"closed","template":"","meta":{"_acf_changed":false,"pmpro_default_level":"","footnotes":""},"class_list":["post-123317","page","type-page","status-publish","hentry","pmpro-has-access"],"acf":[],"yoast_head":"<!-- This site is optimized with the Yoast SEO plugin v27.3 - https:\/\/yoast.com\/product\/yoast-seo-wordpress\/ -->\n<title>A Minha Conta \u2013 Painel do Ultimate Player HQ<\/title>\n<meta name=\"description\" content=\"Aceda ao painel da sua conta Ultimate Player HQ. Gira as suas subscri\u00e7\u00f5es, sess\u00f5es guardadas e recursos de coaching, tudo num s\u00f3 lugar.\" \/>\n<meta name=\"robots\" content=\"index, follow, max-snippet:-1, max-image-preview:large, max-video-preview:-1\" \/>\n<link rel=\"canonical\" href=\"https:\/\/ultimateplayerhq.com\/pt-pt\/minha-conta\/\" \/>\n<meta property=\"og:locale\" content=\"pt_PT\" \/>\n<meta property=\"og:type\" content=\"article\" \/>\n<meta property=\"og:title\" content=\"A Minha Conta \u2013 Painel do Ultimate Player HQ\" \/>\n<meta property=\"og:description\" content=\"Aceda ao painel da sua conta Ultimate Player HQ. Gira as suas subscri\u00e7\u00f5es, sess\u00f5es guardadas e recursos de coaching, tudo num s\u00f3 lugar.\" \/>\n<meta property=\"og:url\" content=\"https:\/\/ultimateplayerhq.com\/pt-pt\/minha-conta\/\" \/>\n<meta property=\"og:site_name\" content=\"UltimatePlayerHQ\" \/>\n<meta property=\"article:publisher\" content=\"https:\/\/www.facebook.com\/UltimatePlayerHQ\/\" \/>\n<meta property=\"article:modified_time\" content=\"2025-10-10T06:39:51+00:00\" \/>\n<meta property=\"og:image\" content=\"https:\/\/ultimateplayerhq.com\/wp-content\/uploads\/2024\/02\/Logo_1_BAZOOKAGOAL_TM_Black_onTransparent-CROPPED-1024x141.png\" \/>\n<meta name=\"twitter:label1\" content=\"Tempo estimado de leitura\" \/>\n\t<meta name=\"twitter:data1\" content=\"2 minutos\" \/>\n<script type=\"application\/ld+json\" class=\"yoast-schema-graph\">{\"@context\":\"https:\\\/\\\/schema.org\",\"@graph\":[{\"@type\":\"WebPage\",\"@id\":\"https:\\\/\\\/ultimateplayerhq.com\\\/pt-pt\\\/minha-conta\\\/\",\"url\":\"https:\\\/\\\/ultimateplayerhq.com\\\/pt-pt\\\/minha-conta\\\/\",\"name\":\"A Minha Conta \u2013 Painel do Ultimate Player HQ\",\"isPartOf\":{\"@id\":\"https:\\\/\\\/ultimateplayerhq.com\\\/pt-pt\\\/#website\"},\"primaryImageOfPage\":{\"@id\":\"https:\\\/\\\/ultimateplayerhq.com\\\/pt-pt\\\/minha-conta\\\/#primaryimage\"},\"image\":{\"@id\":\"https:\\\/\\\/ultimateplayerhq.com\\\/pt-pt\\\/minha-conta\\\/#primaryimage\"},\"thumbnailUrl\":\"https:\\\/\\\/ultimateplayerhq.com\\\/wp-content\\\/uploads\\\/2024\\\/02\\\/Logo_1_BAZOOKAGOAL_TM_Black_onTransparent-CROPPED-1024x141.png\",\"datePublished\":\"2023-11-29T04:49:03+00:00\",\"dateModified\":\"2025-10-10T06:39:51+00:00\",\"description\":\"Aceda ao painel da sua conta Ultimate Player HQ. Gira as suas subscri\u00e7\u00f5es, sess\u00f5es guardadas e recursos de coaching, tudo num s\u00f3 lugar.\",\"breadcrumb\":{\"@id\":\"https:\\\/\\\/ultimateplayerhq.com\\\/pt-pt\\\/minha-conta\\\/#breadcrumb\"},\"inLanguage\":\"pt-PT\",\"potentialAction\":[{\"@type\":\"ReadAction\",\"target\":[\"https:\\\/\\\/ultimateplayerhq.com\\\/pt-pt\\\/minha-conta\\\/\"]}]},{\"@type\":\"ImageObject\",\"inLanguage\":\"pt-PT\",\"@id\":\"https:\\\/\\\/ultimateplayerhq.com\\\/pt-pt\\\/minha-conta\\\/#primaryimage\",\"url\":\"https:\\\/\\\/ultimateplayerhq.com\\\/wp-content\\\/uploads\\\/2024\\\/02\\\/Logo_1_BAZOOKAGOAL_TM_Black_onTransparent-CROPPED-1024x141.png\",\"contentUrl\":\"https:\\\/\\\/ultimateplayerhq.com\\\/wp-content\\\/uploads\\\/2024\\\/02\\\/Logo_1_BAZOOKAGOAL_TM_Black_onTransparent-CROPPED-1024x141.png\"},{\"@type\":\"BreadcrumbList\",\"@id\":\"https:\\\/\\\/ultimateplayerhq.com\\\/pt-pt\\\/minha-conta\\\/#breadcrumb\",\"itemListElement\":[{\"@type\":\"ListItem\",\"position\":1,\"name\":\"Home\",\"item\":\"https:\\\/\\\/ultimateplayerhq.com\\\/pt-pt\\\/\"},{\"@type\":\"ListItem\",\"position\":2,\"name\":\"Minha conta\"}]},{\"@type\":\"WebSite\",\"@id\":\"https:\\\/\\\/ultimateplayerhq.com\\\/pt-pt\\\/#website\",\"url\":\"https:\\\/\\\/ultimateplayerhq.com\\\/pt-pt\\\/\",\"name\":\"UltimatePlayerHQ\",\"description\":\"\",\"publisher\":{\"@id\":\"https:\\\/\\\/ultimateplayerhq.com\\\/pt-pt\\\/#organization\"},\"potentialAction\":[{\"@type\":\"SearchAction\",\"target\":{\"@type\":\"EntryPoint\",\"urlTemplate\":\"https:\\\/\\\/ultimateplayerhq.com\\\/pt-pt\\\/?s={search_term_string}\"},\"query-input\":{\"@type\":\"PropertyValueSpecification\",\"valueRequired\":true,\"valueName\":\"search_term_string\"}}],\"inLanguage\":\"pt-PT\"},{\"@type\":\"Organization\",\"@id\":\"https:\\\/\\\/ultimateplayerhq.com\\\/pt-pt\\\/#organization\",\"name\":\"Ultimate PlayerHQ\",\"url\":\"https:\\\/\\\/ultimateplayerhq.com\\\/pt-pt\\\/\",\"logo\":{\"@type\":\"ImageObject\",\"inLanguage\":\"pt-PT\",\"@id\":\"https:\\\/\\\/ultimateplayerhq.com\\\/pt-pt\\\/#\\\/schema\\\/logo\\\/image\\\/\",\"url\":\"https:\\\/\\\/ultimatehq.fra1.digitaloceanspaces.com\\\/wp-content\\\/uploads\\\/2023\\\/11\\\/footer_logo-1.svg\",\"contentUrl\":\"https:\\\/\\\/ultimatehq.fra1.digitaloceanspaces.com\\\/wp-content\\\/uploads\\\/2023\\\/11\\\/footer_logo-1.svg\",\"caption\":\"Ultimate PlayerHQ\"},\"image\":{\"@id\":\"https:\\\/\\\/ultimateplayerhq.com\\\/pt-pt\\\/#\\\/schema\\\/logo\\\/image\\\/\"},\"sameAs\":[\"https:\\\/\\\/www.facebook.com\\\/UltimatePlayerHQ\\\/\",\"https:\\\/\\\/x.com\\\/playersessionhq\"]}]}<\/script>\n<!-- \/ Yoast SEO plugin. -->","yoast_head_json":{"title":"A Minha Conta \u2013 Painel do Ultimate Player HQ","description":"Aceda ao painel da sua conta Ultimate Player HQ. Gira as suas subscri\u00e7\u00f5es, sess\u00f5es guardadas e recursos de coaching, tudo num s\u00f3 lugar.","robots":{"index":"index","follow":"follow","max-snippet":"max-snippet:-1","max-image-preview":"max-image-preview:large","max-video-preview":"max-video-preview:-1"},"canonical":"https:\/\/ultimateplayerhq.com\/pt-pt\/minha-conta\/","og_locale":"pt_PT","og_type":"article","og_title":"A Minha Conta \u2013 Painel do Ultimate Player HQ","og_description":"Aceda ao painel da sua conta Ultimate Player HQ. Gira as suas subscri\u00e7\u00f5es, sess\u00f5es guardadas e recursos de coaching, tudo num s\u00f3 lugar.","og_url":"https:\/\/ultimateplayerhq.com\/pt-pt\/minha-conta\/","og_site_name":"UltimatePlayerHQ","article_publisher":"https:\/\/www.facebook.com\/UltimatePlayerHQ\/","article_modified_time":"2025-10-10T06:39:51+00:00","og_image":[{"url":"https:\/\/ultimateplayerhq.com\/wp-content\/uploads\/2024\/02\/Logo_1_BAZOOKAGOAL_TM_Black_onTransparent-CROPPED-1024x141.png","type":"","width":"","height":""}],"twitter_misc":{"Tempo estimado de leitura":"2 minutos"},"schema":{"@context":"https:\/\/schema.org","@graph":[{"@type":"WebPage","@id":"https:\/\/ultimateplayerhq.com\/pt-pt\/minha-conta\/","url":"https:\/\/ultimateplayerhq.com\/pt-pt\/minha-conta\/","name":"A Minha Conta \u2013 Painel do Ultimate Player HQ","isPartOf":{"@id":"https:\/\/ultimateplayerhq.com\/pt-pt\/#website"},"primaryImageOfPage":{"@id":"https:\/\/ultimateplayerhq.com\/pt-pt\/minha-conta\/#primaryimage"},"image":{"@id":"https:\/\/ultimateplayerhq.com\/pt-pt\/minha-conta\/#primaryimage"},"thumbnailUrl":"https:\/\/ultimateplayerhq.com\/wp-content\/uploads\/2024\/02\/Logo_1_BAZOOKAGOAL_TM_Black_onTransparent-CROPPED-1024x141.png","datePublished":"2023-11-29T04:49:03+00:00","dateModified":"2025-10-10T06:39:51+00:00","description":"Aceda ao painel da sua conta Ultimate Player HQ. Gira as suas subscri\u00e7\u00f5es, sess\u00f5es guardadas e recursos de coaching, tudo num s\u00f3 lugar.","breadcrumb":{"@id":"https:\/\/ultimateplayerhq.com\/pt-pt\/minha-conta\/#breadcrumb"},"inLanguage":"pt-PT","potentialAction":[{"@type":"ReadAction","target":["https:\/\/ultimateplayerhq.com\/pt-pt\/minha-conta\/"]}]},{"@type":"ImageObject","inLanguage":"pt-PT","@id":"https:\/\/ultimateplayerhq.com\/pt-pt\/minha-conta\/#primaryimage","url":"https:\/\/ultimateplayerhq.com\/wp-content\/uploads\/2024\/02\/Logo_1_BAZOOKAGOAL_TM_Black_onTransparent-CROPPED-1024x141.png","contentUrl":"https:\/\/ultimateplayerhq.com\/wp-content\/uploads\/2024\/02\/Logo_1_BAZOOKAGOAL_TM_Black_onTransparent-CROPPED-1024x141.png"},{"@type":"BreadcrumbList","@id":"https:\/\/ultimateplayerhq.com\/pt-pt\/minha-conta\/#breadcrumb","itemListElement":[{"@type":"ListItem","position":1,"name":"Home","item":"https:\/\/ultimateplayerhq.com\/pt-pt\/"},{"@type":"ListItem","position":2,"name":"Minha conta"}]},{"@type":"WebSite","@id":"https:\/\/ultimateplayerhq.com\/pt-pt\/#website","url":"https:\/\/ultimateplayerhq.com\/pt-pt\/","name":"UltimatePlayerHQ","description":"","publisher":{"@id":"https:\/\/ultimateplayerhq.com\/pt-pt\/#organization"},"potentialAction":[{"@type":"SearchAction","target":{"@type":"EntryPoint","urlTemplate":"https:\/\/ultimateplayerhq.com\/pt-pt\/?s={search_term_string}"},"query-input":{"@type":"PropertyValueSpecification","valueRequired":true,"valueName":"search_term_string"}}],"inLanguage":"pt-PT"},{"@type":"Organization","@id":"https:\/\/ultimateplayerhq.com\/pt-pt\/#organization","name":"Ultimate PlayerHQ","url":"https:\/\/ultimateplayerhq.com\/pt-pt\/","logo":{"@type":"ImageObject","inLanguage":"pt-PT","@id":"https:\/\/ultimateplayerhq.com\/pt-pt\/#\/schema\/logo\/image\/","url":"https:\/\/ultimatehq.fra1.digitaloceanspaces.com\/wp-content\/uploads\/2023\/11\/footer_logo-1.svg","contentUrl":"https:\/\/ultimatehq.fra1.digitaloceanspaces.com\/wp-content\/uploads\/2023\/11\/footer_logo-1.svg","caption":"Ultimate PlayerHQ"},"image":{"@id":"https:\/\/ultimateplayerhq.com\/pt-pt\/#\/schema\/logo\/image\/"},"sameAs":["https:\/\/www.facebook.com\/UltimatePlayerHQ\/","https:\/\/x.com\/playersessionhq"]}]}},"_links":{"self":[{"href":"https:\/\/ultimateplayerhq.com\/pt-pt\/wp-json\/wp\/v2\/pages\/123317","targetHints":{"allow":["GET"]}}],"collection":[{"href":"https:\/\/ultimateplayerhq.com\/pt-pt\/wp-json\/wp\/v2\/pages"}],"about":[{"href":"https:\/\/ultimateplayerhq.com\/pt-pt\/wp-json\/wp\/v2\/types\/page"}],"author":[{"embeddable":true,"href":"https:\/\/ultimateplayerhq.com\/pt-pt\/wp-json\/wp\/v2\/users\/1"}],"replies":[{"embeddable":true,"href":"https:\/\/ultimateplayerhq.com\/pt-pt\/wp-json\/wp\/v2\/comments?post=123317"}],"version-history":[{"count":5,"href":"https:\/\/ultimateplayerhq.com\/pt-pt\/wp-json\/wp\/v2\/pages\/123317\/revisions"}],"predecessor-version":[{"id":247144,"href":"https:\/\/ultimateplayerhq.com\/pt-pt\/wp-json\/wp\/v2\/pages\/123317\/revisions\/247144"}],"wp:attachment":[{"href":"https:\/\/ultimateplayerhq.com\/pt-pt\/wp-json\/wp\/v2\/media?parent=123317"}],"curies":[{"name":"wp","href":"https:\/\/api.w.org\/{rel}","templated":true}]}}