{"id":243082,"date":"2024-04-12T19:21:45","date_gmt":"2024-04-12T19:21:45","guid":{"rendered":"https:\/\/ultimateplayerhq.com\/bazooka\/"},"modified":"2026-04-14T12:07:59","modified_gmt":"2026-04-14T12:07:59","slug":"bazooka","status":"publish","type":"page","link":"https:\/\/ultimateplayerhq.com\/pt-pt\/bazooka\/","title":{"rendered":"Bazooka"},"content":{"rendered":"\t\t<div data-elementor-type=\"wp-page\" data-elementor-id=\"243082\" class=\"elementor elementor-243082 elementor-130659\" data-elementor-post-type=\"page\">\n\t\t\t\t\t\t<section class=\"elementor-section elementor-top-section elementor-element elementor-element-1d152278 elementor-section-boxed elementor-section-height-default elementor-section-height-default\" data-id=\"1d152278\" data-element_type=\"section\" data-e-type=\"section\">\n\t\t\t\t\t\t<div class=\"elementor-container elementor-column-gap-default\">\n\t\t\t\t\t<div class=\"elementor-column elementor-col-100 elementor-top-column elementor-element elementor-element-44c8b710\" data-id=\"44c8b710\" data-element_type=\"column\" data-e-type=\"column\">\n\t\t\t<div class=\"elementor-widget-wrap elementor-element-populated\">\n\t\t\t\t\t\t<div class=\"elementor-element elementor-element-755b52f4 elementor-widget elementor-widget-template\" data-id=\"755b52f4\" data-element_type=\"widget\" data-e-type=\"widget\" data-widget_type=\"template.default\">\n\t\t\t\t<div class=\"elementor-widget-container\">\n\t\t\t\t\t\t\t<div class=\"elementor-template\">\n\t\t\t\t\t<div data-elementor-type=\"section\" data-elementor-id=\"110247\" class=\"elementor elementor-110247 elementor-1619 elementor-1619\" data-elementor-post-type=\"elementor_library\">\n\t\t\t\t\t<section class=\"elementor-section elementor-top-section elementor-element elementor-element-f20d55a elementor-hidden-desktop elementor-hidden-tablet elementor-hidden-mobile elementor-section-boxed elementor-section-height-default elementor-section-height-default\" data-id=\"f20d55a\" data-element_type=\"section\" data-e-type=\"section\">\n\t\t\t\t\t\t<div class=\"elementor-container elementor-column-gap-default\">\n\t\t\t\t\t<div class=\"elementor-column elementor-col-100 elementor-top-column elementor-element elementor-element-64b717c\" data-id=\"64b717c\" data-element_type=\"column\" data-e-type=\"column\">\n\t\t\t<div class=\"elementor-widget-wrap elementor-element-populated\">\n\t\t\t\t\t\t<div class=\"elementor-element elementor-element-c5a9782 elementor-widget elementor-widget-heading\" data-id=\"c5a9782\" data-element_type=\"widget\" data-e-type=\"widget\" data-widget_type=\"heading.default\">\n\t\t\t\t<div class=\"elementor-widget-container\">\n\t\t\t\t\t<h2 class=\"elementor-heading-title elementor-size-default\">Op\u00e7\u00f5es de associa\u00e7\u00e3o<\/h2>\t\t\t\t<\/div>\n\t\t\t\t<\/div>\n\t\t\t\t\t<\/div>\n\t\t<\/div>\n\t\t\t\t\t<\/div>\n\t\t<\/section>\n\t\t\t\t<section class=\"elementor-section elementor-top-section elementor-element elementor-element-64a272c elementor-section-boxed elementor-section-height-default elementor-section-height-default\" data-id=\"64a272c\" data-element_type=\"section\" data-e-type=\"section\" data-settings=\"{&quot;background_background&quot;:&quot;gradient&quot;}\">\n\t\t\t\t\t\t<div class=\"elementor-container elementor-column-gap-default\">\n\t\t\t\t\t<div class=\"elementor-column elementor-col-50 elementor-top-column elementor-element elementor-element-21d3a00 monthly-plan-sec\" data-id=\"21d3a00\" data-element_type=\"column\" data-e-type=\"column\" data-settings=\"{&quot;background_background&quot;:&quot;classic&quot;}\">\n\t\t\t<div class=\"elementor-widget-wrap elementor-element-populated\">\n\t\t\t\t\t\t<section class=\"elementor-section elementor-inner-section elementor-element elementor-element-96894ba elementor-section-content-middle elementor-section-full_width elementor-section-height-default elementor-section-height-default\" data-id=\"96894ba\" data-element_type=\"section\" data-e-type=\"section\">\n\t\t\t\t\t\t<div class=\"elementor-container elementor-column-gap-default\">\n\t\t\t\t\t<div class=\"elementor-column elementor-col-100 elementor-inner-column elementor-element elementor-element-9df2ba9\" data-id=\"9df2ba9\" data-element_type=\"column\" data-e-type=\"column\">\n\t\t\t<div class=\"elementor-widget-wrap elementor-element-populated\">\n\t\t\t\t\t\t<div class=\"elementor-element elementor-element-cda27f3 elementor-widget-mobile__width-inherit head-1 elementor-widget elementor-widget-heading\" data-id=\"cda27f3\" data-element_type=\"widget\" data-e-type=\"widget\" data-widget_type=\"heading.default\">\n\t\t\t\t<div class=\"elementor-widget-container\">\n\t\t\t\t\t<h5 class=\"elementor-heading-title elementor-size-default\">PLANO MENSAL<\/h5>\t\t\t\t<\/div>\n\t\t\t\t<\/div>\n\t\t\t\t<div class=\"elementor-element elementor-element-343c00c elementor-widget elementor-widget-text-editor\" data-id=\"343c00c\" data-element_type=\"widget\" data-e-type=\"widget\" data-widget_type=\"text-editor.default\">\n\t\t\t\t<div class=\"elementor-widget-container\">\n\t\t\t\t\t\t\t\t\t<p><span class=\"woocommerce-Price-amount amount\"><bdi><span class=\"woocommerce-Price-currencySymbol\">&euro;<\/span>8.03<\/bdi><\/span> <span class=\"subscription-details\"> \/ month<\/span><\/p>\n\t\t\t\t\t\t\t\t<\/div>\n\t\t\t\t<\/div>\n\t\t\t\t<div class=\"elementor-element elementor-element-6251fb3 elementor-widget elementor-widget-text-editor\" data-id=\"6251fb3\" data-element_type=\"widget\" data-e-type=\"widget\" data-widget_type=\"text-editor.default\">\n\t\t\t\t<div class=\"elementor-widget-container\">\n\t\t\t\t\t\t\t\t\t<p><strong>Liberte todo o seu potencial com o UltimatePlayerHQ!<\/strong><\/p>\n<p>Ao registar-se connosco, ter\u00e1 acesso instant\u00e2neo a um mundo de recursos de treino concebidos para melhorar o seu jogo de futebol. Veja o que vai desfrutar como membro:<\/p>\n<ul>\n<li><b>Crie e Monte as Suas Pr\u00f3prias Sess\u00f5es de Anima\u00e7\u00e3o Personalizadas<\/b> \u2013 Crie exerc\u00edcios personalizados com o nosso planeador de anima\u00e7\u00e3o f\u00e1cil de utilizar.<\/li>\n<p><\/p>\n<li><strong>Acesso a Milhares de Sess\u00f5es Animadas Categorizadas<\/strong> \u2013 Do principiante ao profissional, temos exerc\u00edcios para todos os n\u00edveis de habilidade.<\/li>\n<p><\/p>\n<li><strong>Acesso \u00e0 Aplica\u00e7\u00e3o M\u00f3vel<\/strong> \u2013 Treine em qualquer lugar com a nossa aplica\u00e7\u00e3o m\u00f3vel dispon\u00edvel na Apple App Store e no Google Play.<\/li>\n<p><\/p>\n<li><strong>Descontos Exclusivos para Membros<\/strong> \u2013 Poupe muito com ofertas especiais de parceiros importantes como BazookaGoal, FootballCareers e muitos outros.<\/li>\n<p><\/p>\n<li><strong>Todas as Caracter\u00edsticas do UPHQ<\/strong> \u2013 Tenha acesso total ao nosso quadro t\u00e1tico ao vivo, exerc\u00edcios de n\u00edvel profissional e uma variedade de ferramentas de treino para o ajudar a ter sucesso.<\/li>\n<p><\/ul>\n<p>N\u00e3o perca \u2013 inscreva-se hoje mesmo e leve o seu treino para o pr\u00f3ximo n\u00edvel com o UltimatePlayerHQ!<\/p>\n\t\t\t\t\t\t\t\t<\/div>\n\t\t\t\t<\/div>\n\t\t\t\t<div class=\"elementor-element elementor-element-749d5a0 elementor-widget__width-initial elementor-hidden-desktop elementor-hidden-tablet elementor-hidden-mobile elementor-widget elementor-widget-button\" data-id=\"749d5a0\" data-element_type=\"widget\" data-e-type=\"widget\" data-widget_type=\"button.default\">\n\t\t\t\t<div class=\"elementor-widget-container\">\n\t\t\t\t\t\t\t\t\t<div class=\"elementor-button-wrapper\">\n\t\t\t\t\t<a class=\"elementor-button elementor-button-link elementor-size-sm\" href=\"\/shop\/monthly-individual-plan\">\n\t\t\t\t\t\t<span class=\"elementor-button-content-wrapper\">\n\t\t\t\t\t\t\t\t\t<span class=\"elementor-button-text\">Ver detalhes<\/span>\n\t\t\t\t\t<\/span>\n\t\t\t\t\t<\/a>\n\t\t\t\t<\/div>\n\t\t\t\t\t\t\t\t<\/div>\n\t\t\t\t<\/div>\n\t\t\t\t<div class=\"elementor-element elementor-element-e41a050 plan_select_btn elementor-widget__width-initial elementor-widget elementor-widget-text-editor\" data-id=\"e41a050\" data-element_type=\"widget\" data-e-type=\"widget\" data-widget_type=\"text-editor.default\">\n\t\t\t\t<div class=\"elementor-widget-container\">\n\t\t\t\t\t\t\t\t\t<form class=\"cart\" action=\"\/shop\/monthly-individual-plan\" enctype=\"multipart\/form-data\" method=\"post\"><button class=\"single_add_to_cart_button button alt\" name=\"add-to-cart\" type=\"submit\" value=\"35502\">Select Plan<\/button><\/form>\n\t\t\t\t\t\t\t\t<\/div>\n\t\t\t\t<\/div>\n\t\t\t\t\t<\/div>\n\t\t<\/div>\n\t\t\t\t\t<\/div>\n\t\t<\/section>\n\t\t\t\t\t<\/div>\n\t\t<\/div>\n\t\t\t\t<div class=\"elementor-column elementor-col-50 elementor-top-column elementor-element elementor-element-9e2d225\" data-id=\"9e2d225\" data-element_type=\"column\" data-e-type=\"column\" data-settings=\"{&quot;background_background&quot;:&quot;classic&quot;}\">\n\t\t\t<div class=\"elementor-widget-wrap elementor-element-populated\">\n\t\t\t\t\t\t<section class=\"elementor-section elementor-inner-section elementor-element elementor-element-ca6405b elementor-section-content-middle elementor-section-boxed elementor-section-height-default elementor-section-height-default\" data-id=\"ca6405b\" data-element_type=\"section\" data-e-type=\"section\">\n\t\t\t\t\t\t<div class=\"elementor-container elementor-column-gap-default\">\n\t\t\t\t\t<div class=\"elementor-column elementor-col-100 elementor-inner-column elementor-element elementor-element-1ff2ce6\" data-id=\"1ff2ce6\" data-element_type=\"column\" data-e-type=\"column\">\n\t\t\t<div class=\"elementor-widget-wrap elementor-element-populated\">\n\t\t\t\t\t\t<div class=\"elementor-element elementor-element-0290654 elementor-widget__width-initial elementor-absolute elementor-widget elementor-widget-heading\" data-id=\"0290654\" data-element_type=\"widget\" data-e-type=\"widget\" data-settings=\"{&quot;_position&quot;:&quot;absolute&quot;}\" data-widget_type=\"heading.default\">\n\t\t\t\t<div class=\"elementor-widget-container\">\n\t\t\t\t\t<h5 class=\"elementor-heading-title elementor-size-default\">POUPE 30%<\/h5>\t\t\t\t<\/div>\n\t\t\t\t<\/div>\n\t\t\t\t<div class=\"elementor-element elementor-element-92ca5d1 elementor-widget-mobile__width-inherit head-1 elementor-widget elementor-widget-heading\" data-id=\"92ca5d1\" data-element_type=\"widget\" data-e-type=\"widget\" data-widget_type=\"heading.default\">\n\t\t\t\t<div class=\"elementor-widget-container\">\n\t\t\t\t\t<h5 class=\"elementor-heading-title elementor-size-default\">PLANO ANUAL<\/h5>\t\t\t\t<\/div>\n\t\t\t\t<\/div>\n\t\t\t\t<div class=\"elementor-element elementor-element-24edf36 elementor-widget elementor-widget-text-editor\" data-id=\"24edf36\" data-element_type=\"widget\" data-e-type=\"widget\" data-widget_type=\"text-editor.default\">\n\t\t\t\t<div class=\"elementor-widget-container\">\n\t\t\t\t\t\t\t\t\t<p><span class=\"woocommerce-Price-amount amount\"><bdi><span class=\"woocommerce-Price-currencySymbol\">&euro;<\/span>57.41<\/bdi><\/span> <span class=\"subscription-details\"> \/ year<\/span> (30% Savings!)<\/p>\n\t\t\t\t\t\t\t\t<\/div>\n\t\t\t\t<\/div>\n\t\t\t\t<div class=\"elementor-element elementor-element-766ceb8 elementor-widget elementor-widget-text-editor\" data-id=\"766ceb8\" data-element_type=\"widget\" data-e-type=\"widget\" data-widget_type=\"text-editor.default\">\n\t\t\t\t<div class=\"elementor-widget-container\">\n\t\t\t\t\t\t\t\t\t<p><strong>Liberte todo o seu potencial com o UltimatePlayerHQ!<\/strong><\/p>\n<p>Ao registar-se connosco, ter\u00e1 acesso instant\u00e2neo a um mundo de recursos de treino concebidos para melhorar o seu jogo de futebol. Veja o que vai desfrutar como membro:<\/p>\n<ul>\n<li><b>Crie e Monte as Suas Pr\u00f3prias Sess\u00f5es de Anima\u00e7\u00e3o Personalizadas<\/b> \u2013 Crie exerc\u00edcios personalizados com o nosso planeador de anima\u00e7\u00e3o f\u00e1cil de utilizar.<\/li>\n<p> \t<\/p>\n<li><strong>Acesso a Milhares de Sess\u00f5es Animadas Categorizadas<\/strong> \u2013 Do principiante ao profissional, temos exerc\u00edcios para todos os n\u00edveis de habilidade.<\/li>\n<p> \t<\/p>\n<li><strong>Acesso \u00e0 Aplica\u00e7\u00e3o M\u00f3vel<\/strong> \u2013 Treine em qualquer lugar com a nossa aplica\u00e7\u00e3o m\u00f3vel dispon\u00edvel na Apple App Store e no Google Play.<\/li>\n<p> \t<\/p>\n<li><strong>Descontos Exclusivos para Membros<\/strong> \u2013 Poupe muito com ofertas especiais de parceiros importantes como BazookaGoal, FootballCareers e muitos outros.<\/li>\n<p> \t<\/p>\n<li><strong>Todas as Caracter\u00edsticas do UPHQ<\/strong> \u2013 Tenha acesso total ao nosso quadro t\u00e1tico ao vivo, exerc\u00edcios de n\u00edvel profissional e uma variedade de ferramentas de treino para o ajudar a ter sucesso.<\/li>\n<p><\/ul>\n<p>N\u00e3o perca \u2013 inscreva-se hoje mesmo e leve o seu treino para o pr\u00f3ximo n\u00edvel com o UltimatePlayerHQ!<\/p>\n\t\t\t\t\t\t\t\t<\/div>\n\t\t\t\t<\/div>\n\t\t\t\t<div class=\"elementor-element elementor-element-f1e2d18 elementor-widget__width-initial elementor-hidden-desktop elementor-hidden-tablet elementor-hidden-mobile elementor-widget elementor-widget-button\" data-id=\"f1e2d18\" data-element_type=\"widget\" data-e-type=\"widget\" data-widget_type=\"button.default\">\n\t\t\t\t<div class=\"elementor-widget-container\">\n\t\t\t\t\t\t\t\t\t<div class=\"elementor-button-wrapper\">\n\t\t\t\t\t<a class=\"elementor-button elementor-button-link elementor-size-sm\" href=\"\/shop\/annual-individual-plan\">\n\t\t\t\t\t\t<span class=\"elementor-button-content-wrapper\">\n\t\t\t\t\t\t\t\t\t<span class=\"elementor-button-text\">Ver detalhes<\/span>\n\t\t\t\t\t<\/span>\n\t\t\t\t\t<\/a>\n\t\t\t\t<\/div>\n\t\t\t\t\t\t\t\t<\/div>\n\t\t\t\t<\/div>\n\t\t\t\t<div class=\"elementor-element elementor-element-398dbb1 plan_select_btn elementor-widget__width-initial elementor-widget elementor-widget-text-editor\" data-id=\"398dbb1\" data-element_type=\"widget\" data-e-type=\"widget\" data-widget_type=\"text-editor.default\">\n\t\t\t\t<div class=\"elementor-widget-container\">\n\t\t\t\t\t\t\t\t\t<form class=\"cart\" action=\"\/shop\/annual-individual-plan\" enctype=\"multipart\/form-data\" method=\"post\"><button class=\"single_add_to_cart_button button alt\" name=\"add-to-cart\" type=\"submit\" value=\"35496\">Select Plan<\/button><\/form>\n\t\t\t\t\t\t\t\t<\/div>\n\t\t\t\t<\/div>\n\t\t\t\t\t<\/div>\n\t\t<\/div>\n\t\t\t\t\t<\/div>\n\t\t<\/section>\n\t\t\t\t\t<\/div>\n\t\t<\/div>\n\t\t\t\t\t<\/div>\n\t\t<\/section>\n\t\t\t\t<\/div>\n\t\t\t\t<\/div>\n\t\t\t\t\t\t<\/div>\n\t\t\t\t<\/div>\n\t\t\t\t\t<\/div>\n\t\t<\/div>\n\t\t\t\t\t<\/div>\n\t\t<\/section>\n\t\t\t\t<\/div>\n\t\t<div style=\"margin: 20px 0;\"><div class=\"qrcswholewtapper\" style=\"text-align:left;\"><div class=\"qrcprowrapper\"  id=\"qrcwraa2leds\"><div class=\"qrc_canvass\" id=\"qrc_cuttenpages_2\" style=\"display:inline-block\" data-text=\"https:\/\/ultimateplayerhq.com\/pt-pt\/bazooka\/\"><\/div><\/div><\/div><\/div>","protected":false},"excerpt":{"rendered":"<p>A BazookaGoal e a UltimatePlayerHQ juntaram-se para te oferecer um desconto especial em todas as balizas de treino, equipamento e acess\u00f3rios!Usa o c\u00f3digo de desconto &#8220;UPHQ&#8221; para teres 20% de desconto durante a tua compra em bazookagoal.com Lista de reprodu\u00e7\u00e3o 17 Videos Correr com a bola 1-2-1 Atividade Jogo de rea\u00e7\u00e3o ao primeiro toque do [&hellip;]<\/p>\n","protected":false},"author":1,"featured_media":0,"parent":0,"menu_order":0,"comment_status":"closed","ping_status":"closed","template":"","meta":{"_acf_changed":false,"pmpro_default_level":"","footnotes":""},"class_list":["post-243082","page","type-page","status-publish","hentry","pmpro-has-access"],"acf":[],"yoast_head":"<!-- This site is optimized with the Yoast SEO plugin v27.4 - https:\/\/yoast.com\/product\/yoast-seo-wordpress\/ -->\n<title>Bazooka Goal - Golos de treino de futebol inovadores | Ultimate Player HQ<\/title>\n<meta name=\"description\" content=\"Melhora as tuas sess\u00f5es de futebol com as balizas de treino port\u00e1teis Bazooka Goal. Perfeitas para jogos com equipas pequenas e exerc\u00edcios din\u00e2micos no Ultimate Player HQ.\" \/>\n<meta name=\"robots\" content=\"index, follow, max-snippet:-1, max-image-preview:large, max-video-preview:-1\" \/>\n<link rel=\"canonical\" href=\"https:\/\/ultimateplayerhq.com\/pt-pt\/bazooka\/\" \/>\n<meta property=\"og:locale\" content=\"pt_PT\" \/>\n<meta property=\"og:type\" content=\"article\" \/>\n<meta property=\"og:title\" content=\"Bazooka Goal - Golos de treino de futebol inovadores | Ultimate Player HQ\" \/>\n<meta property=\"og:description\" content=\"Melhora as tuas sess\u00f5es de futebol com as balizas de treino port\u00e1teis Bazooka Goal. Perfeitas para jogos com equipas pequenas e exerc\u00edcios din\u00e2micos no Ultimate Player HQ.\" \/>\n<meta property=\"og:url\" content=\"https:\/\/ultimateplayerhq.com\/pt-pt\/bazooka\/\" \/>\n<meta property=\"og:site_name\" content=\"UltimatePlayerHQ\" \/>\n<meta property=\"article:publisher\" content=\"https:\/\/www.facebook.com\/UltimatePlayerHQ\/\" \/>\n<meta property=\"article:modified_time\" content=\"2026-04-14T12:07:59+00:00\" \/>\n<meta property=\"og:image\" content=\"https:\/\/ultimateplayerhq.com\/wp-content\/uploads\/2026\/02\/UPHQ-700x467-1.jpg\" \/>\n<meta name=\"twitter:label1\" content=\"Tempo estimado de leitura\" \/>\n\t<meta name=\"twitter:data1\" content=\"5 minutos\" \/>\n<script type=\"application\/ld+json\" class=\"yoast-schema-graph\">{\"@context\":\"https:\\\/\\\/schema.org\",\"@graph\":[{\"@type\":\"WebPage\",\"@id\":\"https:\\\/\\\/ultimateplayerhq.com\\\/pt-pt\\\/bazooka\\\/\",\"url\":\"https:\\\/\\\/ultimateplayerhq.com\\\/pt-pt\\\/bazooka\\\/\",\"name\":\"Bazooka Goal - Golos de treino de futebol inovadores | Ultimate Player HQ\",\"isPartOf\":{\"@id\":\"https:\\\/\\\/ultimateplayerhq.com\\\/pt-pt\\\/#website\"},\"primaryImageOfPage\":{\"@id\":\"https:\\\/\\\/ultimateplayerhq.com\\\/pt-pt\\\/bazooka\\\/#primaryimage\"},\"image\":{\"@id\":\"https:\\\/\\\/ultimateplayerhq.com\\\/pt-pt\\\/bazooka\\\/#primaryimage\"},\"thumbnailUrl\":\"https:\\\/\\\/ultimateplayerhq.com\\\/wp-content\\\/uploads\\\/2026\\\/02\\\/UPHQ-700x467-1.jpg\",\"datePublished\":\"2024-04-12T19:21:45+00:00\",\"dateModified\":\"2026-04-14T12:07:59+00:00\",\"description\":\"Melhora as tuas sess\u00f5es de futebol com as balizas de treino port\u00e1teis Bazooka Goal. Perfeitas para jogos com equipas pequenas e exerc\u00edcios din\u00e2micos no Ultimate Player HQ.\",\"breadcrumb\":{\"@id\":\"https:\\\/\\\/ultimateplayerhq.com\\\/pt-pt\\\/bazooka\\\/#breadcrumb\"},\"inLanguage\":\"pt-PT\",\"potentialAction\":[{\"@type\":\"ReadAction\",\"target\":[\"https:\\\/\\\/ultimateplayerhq.com\\\/pt-pt\\\/bazooka\\\/\"]}]},{\"@type\":\"ImageObject\",\"inLanguage\":\"pt-PT\",\"@id\":\"https:\\\/\\\/ultimateplayerhq.com\\\/pt-pt\\\/bazooka\\\/#primaryimage\",\"url\":\"https:\\\/\\\/ultimateplayerhq.com\\\/wp-content\\\/uploads\\\/2026\\\/02\\\/UPHQ-700x467-1.jpg\",\"contentUrl\":\"https:\\\/\\\/ultimateplayerhq.com\\\/wp-content\\\/uploads\\\/2026\\\/02\\\/UPHQ-700x467-1.jpg\"},{\"@type\":\"BreadcrumbList\",\"@id\":\"https:\\\/\\\/ultimateplayerhq.com\\\/pt-pt\\\/bazooka\\\/#breadcrumb\",\"itemListElement\":[{\"@type\":\"ListItem\",\"position\":1,\"name\":\"Home\",\"item\":\"https:\\\/\\\/ultimateplayerhq.com\\\/pt-pt\\\/\"},{\"@type\":\"ListItem\",\"position\":2,\"name\":\"Bazooka\"}]},{\"@type\":\"WebSite\",\"@id\":\"https:\\\/\\\/ultimateplayerhq.com\\\/pt-pt\\\/#website\",\"url\":\"https:\\\/\\\/ultimateplayerhq.com\\\/pt-pt\\\/\",\"name\":\"UltimatePlayerHQ\",\"description\":\"\",\"publisher\":{\"@id\":\"https:\\\/\\\/ultimateplayerhq.com\\\/pt-pt\\\/#organization\"},\"potentialAction\":[{\"@type\":\"SearchAction\",\"target\":{\"@type\":\"EntryPoint\",\"urlTemplate\":\"https:\\\/\\\/ultimateplayerhq.com\\\/pt-pt\\\/?s={search_term_string}\"},\"query-input\":{\"@type\":\"PropertyValueSpecification\",\"valueRequired\":true,\"valueName\":\"search_term_string\"}}],\"inLanguage\":\"pt-PT\"},{\"@type\":\"Organization\",\"@id\":\"https:\\\/\\\/ultimateplayerhq.com\\\/pt-pt\\\/#organization\",\"name\":\"Ultimate PlayerHQ\",\"url\":\"https:\\\/\\\/ultimateplayerhq.com\\\/pt-pt\\\/\",\"logo\":{\"@type\":\"ImageObject\",\"inLanguage\":\"pt-PT\",\"@id\":\"https:\\\/\\\/ultimateplayerhq.com\\\/pt-pt\\\/#\\\/schema\\\/logo\\\/image\\\/\",\"url\":\"https:\\\/\\\/ultimatehq.fra1.digitaloceanspaces.com\\\/wp-content\\\/uploads\\\/2023\\\/11\\\/footer_logo-1.svg\",\"contentUrl\":\"https:\\\/\\\/ultimatehq.fra1.digitaloceanspaces.com\\\/wp-content\\\/uploads\\\/2023\\\/11\\\/footer_logo-1.svg\",\"caption\":\"Ultimate PlayerHQ\"},\"image\":{\"@id\":\"https:\\\/\\\/ultimateplayerhq.com\\\/pt-pt\\\/#\\\/schema\\\/logo\\\/image\\\/\"},\"sameAs\":[\"https:\\\/\\\/www.facebook.com\\\/UltimatePlayerHQ\\\/\",\"https:\\\/\\\/x.com\\\/playersessionhq\"]}]}<\/script>\n<!-- \/ Yoast SEO plugin. -->","yoast_head_json":{"title":"Bazooka Goal - Golos de treino de futebol inovadores | Ultimate Player HQ","description":"Melhora as tuas sess\u00f5es de futebol com as balizas de treino port\u00e1teis Bazooka Goal. Perfeitas para jogos com equipas pequenas e exerc\u00edcios din\u00e2micos no Ultimate Player HQ.","robots":{"index":"index","follow":"follow","max-snippet":"max-snippet:-1","max-image-preview":"max-image-preview:large","max-video-preview":"max-video-preview:-1"},"canonical":"https:\/\/ultimateplayerhq.com\/pt-pt\/bazooka\/","og_locale":"pt_PT","og_type":"article","og_title":"Bazooka Goal - Golos de treino de futebol inovadores | Ultimate Player HQ","og_description":"Melhora as tuas sess\u00f5es de futebol com as balizas de treino port\u00e1teis Bazooka Goal. Perfeitas para jogos com equipas pequenas e exerc\u00edcios din\u00e2micos no Ultimate Player HQ.","og_url":"https:\/\/ultimateplayerhq.com\/pt-pt\/bazooka\/","og_site_name":"UltimatePlayerHQ","article_publisher":"https:\/\/www.facebook.com\/UltimatePlayerHQ\/","article_modified_time":"2026-04-14T12:07:59+00:00","og_image":[{"url":"https:\/\/ultimateplayerhq.com\/wp-content\/uploads\/2026\/02\/UPHQ-700x467-1.jpg","type":"","width":"","height":""}],"twitter_misc":{"Tempo estimado de leitura":"5 minutos"},"schema":{"@context":"https:\/\/schema.org","@graph":[{"@type":"WebPage","@id":"https:\/\/ultimateplayerhq.com\/pt-pt\/bazooka\/","url":"https:\/\/ultimateplayerhq.com\/pt-pt\/bazooka\/","name":"Bazooka Goal - Golos de treino de futebol inovadores | Ultimate Player HQ","isPartOf":{"@id":"https:\/\/ultimateplayerhq.com\/pt-pt\/#website"},"primaryImageOfPage":{"@id":"https:\/\/ultimateplayerhq.com\/pt-pt\/bazooka\/#primaryimage"},"image":{"@id":"https:\/\/ultimateplayerhq.com\/pt-pt\/bazooka\/#primaryimage"},"thumbnailUrl":"https:\/\/ultimateplayerhq.com\/wp-content\/uploads\/2026\/02\/UPHQ-700x467-1.jpg","datePublished":"2024-04-12T19:21:45+00:00","dateModified":"2026-04-14T12:07:59+00:00","description":"Melhora as tuas sess\u00f5es de futebol com as balizas de treino port\u00e1teis Bazooka Goal. Perfeitas para jogos com equipas pequenas e exerc\u00edcios din\u00e2micos no Ultimate Player HQ.","breadcrumb":{"@id":"https:\/\/ultimateplayerhq.com\/pt-pt\/bazooka\/#breadcrumb"},"inLanguage":"pt-PT","potentialAction":[{"@type":"ReadAction","target":["https:\/\/ultimateplayerhq.com\/pt-pt\/bazooka\/"]}]},{"@type":"ImageObject","inLanguage":"pt-PT","@id":"https:\/\/ultimateplayerhq.com\/pt-pt\/bazooka\/#primaryimage","url":"https:\/\/ultimateplayerhq.com\/wp-content\/uploads\/2026\/02\/UPHQ-700x467-1.jpg","contentUrl":"https:\/\/ultimateplayerhq.com\/wp-content\/uploads\/2026\/02\/UPHQ-700x467-1.jpg"},{"@type":"BreadcrumbList","@id":"https:\/\/ultimateplayerhq.com\/pt-pt\/bazooka\/#breadcrumb","itemListElement":[{"@type":"ListItem","position":1,"name":"Home","item":"https:\/\/ultimateplayerhq.com\/pt-pt\/"},{"@type":"ListItem","position":2,"name":"Bazooka"}]},{"@type":"WebSite","@id":"https:\/\/ultimateplayerhq.com\/pt-pt\/#website","url":"https:\/\/ultimateplayerhq.com\/pt-pt\/","name":"UltimatePlayerHQ","description":"","publisher":{"@id":"https:\/\/ultimateplayerhq.com\/pt-pt\/#organization"},"potentialAction":[{"@type":"SearchAction","target":{"@type":"EntryPoint","urlTemplate":"https:\/\/ultimateplayerhq.com\/pt-pt\/?s={search_term_string}"},"query-input":{"@type":"PropertyValueSpecification","valueRequired":true,"valueName":"search_term_string"}}],"inLanguage":"pt-PT"},{"@type":"Organization","@id":"https:\/\/ultimateplayerhq.com\/pt-pt\/#organization","name":"Ultimate PlayerHQ","url":"https:\/\/ultimateplayerhq.com\/pt-pt\/","logo":{"@type":"ImageObject","inLanguage":"pt-PT","@id":"https:\/\/ultimateplayerhq.com\/pt-pt\/#\/schema\/logo\/image\/","url":"https:\/\/ultimatehq.fra1.digitaloceanspaces.com\/wp-content\/uploads\/2023\/11\/footer_logo-1.svg","contentUrl":"https:\/\/ultimatehq.fra1.digitaloceanspaces.com\/wp-content\/uploads\/2023\/11\/footer_logo-1.svg","caption":"Ultimate PlayerHQ"},"image":{"@id":"https:\/\/ultimateplayerhq.com\/pt-pt\/#\/schema\/logo\/image\/"},"sameAs":["https:\/\/www.facebook.com\/UltimatePlayerHQ\/","https:\/\/x.com\/playersessionhq"]}]}},"_links":{"self":[{"href":"https:\/\/ultimateplayerhq.com\/pt-pt\/wp-json\/wp\/v2\/pages\/243082","targetHints":{"allow":["GET"]}}],"collection":[{"href":"https:\/\/ultimateplayerhq.com\/pt-pt\/wp-json\/wp\/v2\/pages"}],"about":[{"href":"https:\/\/ultimateplayerhq.com\/pt-pt\/wp-json\/wp\/v2\/types\/page"}],"author":[{"embeddable":true,"href":"https:\/\/ultimateplayerhq.com\/pt-pt\/wp-json\/wp\/v2\/users\/1"}],"replies":[{"embeddable":true,"href":"https:\/\/ultimateplayerhq.com\/pt-pt\/wp-json\/wp\/v2\/comments?post=243082"}],"version-history":[{"count":4,"href":"https:\/\/ultimateplayerhq.com\/pt-pt\/wp-json\/wp\/v2\/pages\/243082\/revisions"}],"predecessor-version":[{"id":255925,"href":"https:\/\/ultimateplayerhq.com\/pt-pt\/wp-json\/wp\/v2\/pages\/243082\/revisions\/255925"}],"wp:attachment":[{"href":"https:\/\/ultimateplayerhq.com\/pt-pt\/wp-json\/wp\/v2\/media?parent=243082"}],"curies":[{"name":"wp","href":"https:\/\/api.w.org\/{rel}","templated":true}]}}