{"id":106242,"date":"2020-11-02T14:14:58","date_gmt":"2020-11-02T14:14:58","guid":{"rendered":"https:\/\/ultimateplayerhq.com\/shop\/associacao-do-clube\/"},"modified":"2023-06-06T05:47:53","modified_gmt":"2023-06-06T05:47:53","slug":"associacao-do-clube","status":"publish","type":"product","link":"https:\/\/ultimateplayerhq.com\/pt-pt\/product\/associacao-do-clube\/","title":{"rendered":"Associa\u00e7\u00e3o do clube"},"content":{"rendered":"<div class=\"main_club_member_description\">\n<div class=\"club_member_description\">Um pacote de associa\u00e7\u00e3o de clube \u00e9 um conjunto de membros coach vinculados e gerenciados por um de seus membros \u2013 o administrador do pacote. Os membros do pacote compartilham a mesma data de renova\u00e7\u00e3o, status e n\u00edvel de acesso. Todo o pacote de assinatura \u00e9 cobrado uma \u00fanica taxa de assinatura, que \u00e9 paga pelo administrador do pacote.<\/div>\n<p><strong>Forne\u00e7a associa\u00e7\u00f5es aos seus treinadores para:<\/strong><\/p>\n<ul>\n<li>Aumente a satisfa\u00e7\u00e3o no trabalho do coach e melhore a reten\u00e7\u00e3o<\/li>\n<li>Traga novas abordagens e ideias para seus treinamentos<\/li>\n<li>Aumentar a produtividade do clube<\/li>\n<\/ul>\n<p><strong>B\u00d4NUS:<\/strong>Clubes que ingressam em dez ou mais treinadores podem ter uma p\u00e1gina de destino personalizada no UltimateplayerHQ para seu clube. A p\u00e1gina do clube incluir\u00e1 o logotipo do clube, o link do site, suas sess\u00f5es favoritas que voc\u00ea deseja que seus treinadores vejam (podem ser alteradas mensalmente) e qualquer texto adicional que voc\u00ea gostaria de adicionar.<\/p>\n<p>Atualize suas assinaturas a qualquer momento. A rotatividade em um clube acontece para que possamos trocar quem se torna membro sempre que voc\u00ea precisar. Observa\u00e7\u00e3o: somente os administradores do bundle podem adicionar ou remover membros.<\/p>\n<\/div>\n<div style=\"margin: 20px 0;\"><div class=\"qrcswholewtapper\" style=\"text-align:left;\"><div class=\"qrcprowrapper\"  id=\"qrcwraa2leds\"><div class=\"qrc_canvass\" id=\"qrc_cuttenpages_2\" style=\"display:inline-block\" data-text=\"https:\/\/ultimateplayerhq.com\/pt-pt\/product\/associacao-do-clube\/\"><\/div><\/div><\/div><\/div>","protected":false},"excerpt":{"rendered":"<p class=\"\" style=\"white-space: pre-wrap;\">A associa\u00e7\u00e3o ao grupo UltimatePlayerHQ permite que clubes e organiza\u00e7\u00f5es ofere\u00e7am todos os benef\u00edcios do UltimatePlayerHQ a seus treinadores por um ano com desconto.<\/p>\n<p class=\"\" style=\"white-space: pre-wrap;\"><strong>SALVE!<\/strong><\/p>\n<p class=\"\" style=\"white-space: pre-wrap;\">5 assinaturas = \u00a3 160 (economizando \u00a3 40)<\/p>\n<p class=\"\" style=\"white-space: pre-wrap;\">10 assinaturas = \u00a3 320 (economizando \u00a3 80)<\/p>\n<p class=\"\" style=\"white-space: pre-wrap;\">15 assinaturas = \u00a3 480 (economizando \u00a3 120)<\/p>\n<p class=\"\" style=\"white-space: pre-wrap;\">20 assinaturas=\u00a3 640 (economizando \u00a3 160)<\/p>\n<p class=\"\" style=\"white-space: pre-wrap;\">Precisa de mais? Entre em contato conosco para pre\u00e7os personalizados<\/p>\n<p class=\"\" style=\"white-space: pre-wrap;\">Ap\u00f3s o recebimento do pagamento, um representante entrar\u00e1 em contato com voc\u00ea para obter os nomes e e-mails de todas as associa\u00e7\u00f5es individuais em seu pacote de clube.<\/p>\n<p class=\"\" style=\"white-space: pre-wrap;\">FLEX\u00cdVEL: Todas as assinaturas s\u00e3o v\u00e1lidas por um ano. Precisa alterar quem tem acesso? Sem problemas. Informe-nos e podemos fazer a altera\u00e7\u00e3o a qualquer momento.<\/p>\n<p class=\"\" style=\"white-space: pre-wrap;\">Escolha o n\u00famero de assinaturas abaixo (defina a quantidade como 1).<\/p>\n","protected":false},"featured_media":97626,"comment_status":"open","ping_status":"closed","template":"","meta":{"_acf_changed":false,"pmpro_default_level":""},"product_brand":[],"product_cat":[3018,3072],"product_tag":[3123],"class_list":{"0":"post-106242","1":"product","2":"type-product","3":"status-publish","4":"has-post-thumbnail","6":"product_cat-filiacao","7":"product_cat-planejador","8":"product_tag-associacao-ao-clube","9":"pmpro-has-access","11":"first","12":"instock","13":"sale","14":"purchasable","15":"product-type-variable"},"acf":[],"yoast_head":"<!-- This site is optimized with the Yoast SEO plugin v27.5 - https:\/\/yoast.com\/product\/yoast-seo-wordpress\/ -->\n<title>Associa\u00e7\u00e3o do clube - UltimatePlayerHQ<\/title>\n<meta name=\"robots\" content=\"index, follow, max-snippet:-1, max-image-preview:large, max-video-preview:-1\" \/>\n<link rel=\"canonical\" href=\"https:\/\/ultimateplayerhq.com\/pt-pt\/product\/associacao-do-clube\/\" \/>\n<meta property=\"og:locale\" content=\"pt_PT\" \/>\n<meta property=\"og:type\" content=\"article\" \/>\n<meta property=\"og:title\" content=\"Associa\u00e7\u00e3o do clube - UltimatePlayerHQ\" \/>\n<meta property=\"og:description\" content=\"A associa\u00e7\u00e3o ao grupo UltimatePlayerHQ permite que clubes e organiza\u00e7\u00f5es ofere\u00e7am todos os benef\u00edcios do UltimatePlayerHQ a seus treinadores por um ano com desconto. SALVE! 5 assinaturas = \u00a3 160 (economizando \u00a3 40) 10 assinaturas = \u00a3 320 (economizando \u00a3 80) 15 assinaturas = \u00a3 480 (economizando \u00a3 120) 20 assinaturas=\u00a3 640 (economizando \u00a3 160) Precisa de mais? Entre em contato conosco para pre\u00e7os personalizados Ap\u00f3s o recebimento do pagamento, um representante entrar\u00e1 em contato com voc\u00ea para obter os nomes e e-mails de todas as associa\u00e7\u00f5es individuais em seu pacote de clube. FLEX\u00cdVEL: Todas as assinaturas s\u00e3o v\u00e1lidas por um ano. Precisa alterar quem tem acesso? Sem problemas. Informe-nos e podemos fazer a altera\u00e7\u00e3o a qualquer momento. Escolha o n\u00famero de assinaturas abaixo (defina a quantidade como 1).\" \/>\n<meta property=\"og:url\" content=\"https:\/\/ultimateplayerhq.com\/pt-pt\/product\/associacao-do-clube\/\" \/>\n<meta property=\"og:site_name\" content=\"UltimatePlayerHQ\" \/>\n<meta property=\"article:publisher\" content=\"https:\/\/www.facebook.com\/UltimatePlayerHQ\/\" \/>\n<meta property=\"article:modified_time\" content=\"2023-06-06T05:47:53+00:00\" \/>\n<meta property=\"og:image\" content=\"https:\/\/ultimatehq.fra1.digitaloceanspaces.com\/wp-content\/uploads\/2020\/11\/UltimatePlayerHQlogo_2nd.jpg\" \/>\n\t<meta property=\"og:image:width\" content=\"390\" \/>\n\t<meta property=\"og:image:height\" content=\"206\" \/>\n\t<meta property=\"og:image:type\" content=\"image\/jpeg\" \/>\n<meta name=\"twitter:label1\" content=\"Tempo estimado de leitura\" \/>\n\t<meta name=\"twitter:data1\" content=\"1 minuto\" \/>\n<script type=\"application\/ld+json\" class=\"yoast-schema-graph\">{\"@context\":\"https:\\\/\\\/schema.org\",\"@graph\":[{\"@type\":\"WebPage\",\"@id\":\"https:\\\/\\\/ultimateplayerhq.com\\\/pt-pt\\\/product\\\/associacao-do-clube\\\/\",\"url\":\"https:\\\/\\\/ultimateplayerhq.com\\\/pt-pt\\\/product\\\/associacao-do-clube\\\/\",\"name\":\"Associa\u00e7\u00e3o do clube - UltimatePlayerHQ\",\"isPartOf\":{\"@id\":\"https:\\\/\\\/ultimateplayerhq.com\\\/pt-pt\\\/#website\"},\"primaryImageOfPage\":{\"@id\":\"https:\\\/\\\/ultimateplayerhq.com\\\/pt-pt\\\/product\\\/associacao-do-clube\\\/#primaryimage\"},\"image\":{\"@id\":\"https:\\\/\\\/ultimateplayerhq.com\\\/pt-pt\\\/product\\\/associacao-do-clube\\\/#primaryimage\"},\"thumbnailUrl\":\"https:\\\/\\\/ultimatehq.fra1.digitaloceanspaces.com\\\/wp-content\\\/uploads\\\/2020\\\/11\\\/UltimatePlayerHQlogo_2nd.jpg\",\"datePublished\":\"2020-11-02T14:14:58+00:00\",\"dateModified\":\"2023-06-06T05:47:53+00:00\",\"breadcrumb\":{\"@id\":\"https:\\\/\\\/ultimateplayerhq.com\\\/pt-pt\\\/product\\\/associacao-do-clube\\\/#breadcrumb\"},\"inLanguage\":\"pt-PT\",\"potentialAction\":[{\"@type\":\"ReadAction\",\"target\":[\"https:\\\/\\\/ultimateplayerhq.com\\\/pt-pt\\\/product\\\/associacao-do-clube\\\/\"]}]},{\"@type\":\"ImageObject\",\"inLanguage\":\"pt-PT\",\"@id\":\"https:\\\/\\\/ultimateplayerhq.com\\\/pt-pt\\\/product\\\/associacao-do-clube\\\/#primaryimage\",\"url\":\"https:\\\/\\\/ultimatehq.fra1.digitaloceanspaces.com\\\/wp-content\\\/uploads\\\/2020\\\/11\\\/UltimatePlayerHQlogo_2nd.jpg\",\"contentUrl\":\"https:\\\/\\\/ultimatehq.fra1.digitaloceanspaces.com\\\/wp-content\\\/uploads\\\/2020\\\/11\\\/UltimatePlayerHQlogo_2nd.jpg\",\"width\":390,\"height\":206},{\"@type\":\"BreadcrumbList\",\"@id\":\"https:\\\/\\\/ultimateplayerhq.com\\\/pt-pt\\\/product\\\/associacao-do-clube\\\/#breadcrumb\",\"itemListElement\":[{\"@type\":\"ListItem\",\"position\":1,\"name\":\"Home\",\"item\":\"https:\\\/\\\/ultimateplayerhq.com\\\/pt-pt\\\/\"},{\"@type\":\"ListItem\",\"position\":2,\"name\":\"Comprar\",\"item\":\"https:\\\/\\\/ultimateplayerhq.com\\\/pt-pt\\\/comprar\\\/\"},{\"@type\":\"ListItem\",\"position\":3,\"name\":\"Associa\u00e7\u00e3o do clube\"}]},{\"@type\":\"WebSite\",\"@id\":\"https:\\\/\\\/ultimateplayerhq.com\\\/pt-pt\\\/#website\",\"url\":\"https:\\\/\\\/ultimateplayerhq.com\\\/pt-pt\\\/\",\"name\":\"UltimatePlayerHQ\",\"description\":\"\",\"publisher\":{\"@id\":\"https:\\\/\\\/ultimateplayerhq.com\\\/pt-pt\\\/#organization\"},\"potentialAction\":[{\"@type\":\"SearchAction\",\"target\":{\"@type\":\"EntryPoint\",\"urlTemplate\":\"https:\\\/\\\/ultimateplayerhq.com\\\/pt-pt\\\/?s={search_term_string}\"},\"query-input\":{\"@type\":\"PropertyValueSpecification\",\"valueRequired\":true,\"valueName\":\"search_term_string\"}}],\"inLanguage\":\"pt-PT\"},{\"@type\":\"Organization\",\"@id\":\"https:\\\/\\\/ultimateplayerhq.com\\\/pt-pt\\\/#organization\",\"name\":\"Ultimate PlayerHQ\",\"url\":\"https:\\\/\\\/ultimateplayerhq.com\\\/pt-pt\\\/\",\"logo\":{\"@type\":\"ImageObject\",\"inLanguage\":\"pt-PT\",\"@id\":\"https:\\\/\\\/ultimateplayerhq.com\\\/pt-pt\\\/#\\\/schema\\\/logo\\\/image\\\/\",\"url\":\"https:\\\/\\\/ultimatehq.fra1.digitaloceanspaces.com\\\/wp-content\\\/uploads\\\/2023\\\/11\\\/footer_logo-1.svg\",\"contentUrl\":\"https:\\\/\\\/ultimatehq.fra1.digitaloceanspaces.com\\\/wp-content\\\/uploads\\\/2023\\\/11\\\/footer_logo-1.svg\",\"caption\":\"Ultimate PlayerHQ\"},\"image\":{\"@id\":\"https:\\\/\\\/ultimateplayerhq.com\\\/pt-pt\\\/#\\\/schema\\\/logo\\\/image\\\/\"},\"sameAs\":[\"https:\\\/\\\/www.facebook.com\\\/UltimatePlayerHQ\\\/\",\"https:\\\/\\\/x.com\\\/playersessionhq\"]}]}<\/script>\n<!-- \/ Yoast SEO plugin. -->","yoast_head_json":{"title":"Associa\u00e7\u00e3o do clube - UltimatePlayerHQ","robots":{"index":"index","follow":"follow","max-snippet":"max-snippet:-1","max-image-preview":"max-image-preview:large","max-video-preview":"max-video-preview:-1"},"canonical":"https:\/\/ultimateplayerhq.com\/pt-pt\/product\/associacao-do-clube\/","og_locale":"pt_PT","og_type":"article","og_title":"Associa\u00e7\u00e3o do clube - UltimatePlayerHQ","og_description":"A associa\u00e7\u00e3o ao grupo UltimatePlayerHQ permite que clubes e organiza\u00e7\u00f5es ofere\u00e7am todos os benef\u00edcios do UltimatePlayerHQ a seus treinadores por um ano com desconto. SALVE! 5 assinaturas = \u00a3 160 (economizando \u00a3 40) 10 assinaturas = \u00a3 320 (economizando \u00a3 80) 15 assinaturas = \u00a3 480 (economizando \u00a3 120) 20 assinaturas=\u00a3 640 (economizando \u00a3 160) Precisa de mais? Entre em contato conosco para pre\u00e7os personalizados Ap\u00f3s o recebimento do pagamento, um representante entrar\u00e1 em contato com voc\u00ea para obter os nomes e e-mails de todas as associa\u00e7\u00f5es individuais em seu pacote de clube. FLEX\u00cdVEL: Todas as assinaturas s\u00e3o v\u00e1lidas por um ano. Precisa alterar quem tem acesso? Sem problemas. Informe-nos e podemos fazer a altera\u00e7\u00e3o a qualquer momento. Escolha o n\u00famero de assinaturas abaixo (defina a quantidade como 1).","og_url":"https:\/\/ultimateplayerhq.com\/pt-pt\/product\/associacao-do-clube\/","og_site_name":"UltimatePlayerHQ","article_publisher":"https:\/\/www.facebook.com\/UltimatePlayerHQ\/","article_modified_time":"2023-06-06T05:47:53+00:00","og_image":[{"width":390,"height":206,"url":"https:\/\/ultimatehq.fra1.digitaloceanspaces.com\/wp-content\/uploads\/2020\/11\/UltimatePlayerHQlogo_2nd.jpg","type":"image\/jpeg"}],"twitter_misc":{"Tempo estimado de leitura":"1 minuto"},"schema":{"@context":"https:\/\/schema.org","@graph":[{"@type":"WebPage","@id":"https:\/\/ultimateplayerhq.com\/pt-pt\/product\/associacao-do-clube\/","url":"https:\/\/ultimateplayerhq.com\/pt-pt\/product\/associacao-do-clube\/","name":"Associa\u00e7\u00e3o do clube - UltimatePlayerHQ","isPartOf":{"@id":"https:\/\/ultimateplayerhq.com\/pt-pt\/#website"},"primaryImageOfPage":{"@id":"https:\/\/ultimateplayerhq.com\/pt-pt\/product\/associacao-do-clube\/#primaryimage"},"image":{"@id":"https:\/\/ultimateplayerhq.com\/pt-pt\/product\/associacao-do-clube\/#primaryimage"},"thumbnailUrl":"https:\/\/ultimatehq.fra1.digitaloceanspaces.com\/wp-content\/uploads\/2020\/11\/UltimatePlayerHQlogo_2nd.jpg","datePublished":"2020-11-02T14:14:58+00:00","dateModified":"2023-06-06T05:47:53+00:00","breadcrumb":{"@id":"https:\/\/ultimateplayerhq.com\/pt-pt\/product\/associacao-do-clube\/#breadcrumb"},"inLanguage":"pt-PT","potentialAction":[{"@type":"ReadAction","target":["https:\/\/ultimateplayerhq.com\/pt-pt\/product\/associacao-do-clube\/"]}]},{"@type":"ImageObject","inLanguage":"pt-PT","@id":"https:\/\/ultimateplayerhq.com\/pt-pt\/product\/associacao-do-clube\/#primaryimage","url":"https:\/\/ultimatehq.fra1.digitaloceanspaces.com\/wp-content\/uploads\/2020\/11\/UltimatePlayerHQlogo_2nd.jpg","contentUrl":"https:\/\/ultimatehq.fra1.digitaloceanspaces.com\/wp-content\/uploads\/2020\/11\/UltimatePlayerHQlogo_2nd.jpg","width":390,"height":206},{"@type":"BreadcrumbList","@id":"https:\/\/ultimateplayerhq.com\/pt-pt\/product\/associacao-do-clube\/#breadcrumb","itemListElement":[{"@type":"ListItem","position":1,"name":"Home","item":"https:\/\/ultimateplayerhq.com\/pt-pt\/"},{"@type":"ListItem","position":2,"name":"Comprar","item":"https:\/\/ultimateplayerhq.com\/pt-pt\/comprar\/"},{"@type":"ListItem","position":3,"name":"Associa\u00e7\u00e3o do clube"}]},{"@type":"WebSite","@id":"https:\/\/ultimateplayerhq.com\/pt-pt\/#website","url":"https:\/\/ultimateplayerhq.com\/pt-pt\/","name":"UltimatePlayerHQ","description":"","publisher":{"@id":"https:\/\/ultimateplayerhq.com\/pt-pt\/#organization"},"potentialAction":[{"@type":"SearchAction","target":{"@type":"EntryPoint","urlTemplate":"https:\/\/ultimateplayerhq.com\/pt-pt\/?s={search_term_string}"},"query-input":{"@type":"PropertyValueSpecification","valueRequired":true,"valueName":"search_term_string"}}],"inLanguage":"pt-PT"},{"@type":"Organization","@id":"https:\/\/ultimateplayerhq.com\/pt-pt\/#organization","name":"Ultimate PlayerHQ","url":"https:\/\/ultimateplayerhq.com\/pt-pt\/","logo":{"@type":"ImageObject","inLanguage":"pt-PT","@id":"https:\/\/ultimateplayerhq.com\/pt-pt\/#\/schema\/logo\/image\/","url":"https:\/\/ultimatehq.fra1.digitaloceanspaces.com\/wp-content\/uploads\/2023\/11\/footer_logo-1.svg","contentUrl":"https:\/\/ultimatehq.fra1.digitaloceanspaces.com\/wp-content\/uploads\/2023\/11\/footer_logo-1.svg","caption":"Ultimate PlayerHQ"},"image":{"@id":"https:\/\/ultimateplayerhq.com\/pt-pt\/#\/schema\/logo\/image\/"},"sameAs":["https:\/\/www.facebook.com\/UltimatePlayerHQ\/","https:\/\/x.com\/playersessionhq"]}]}},"_links":{"self":[{"href":"https:\/\/ultimateplayerhq.com\/pt-pt\/wp-json\/wp\/v2\/product\/106242","targetHints":{"allow":["GET"]}}],"collection":[{"href":"https:\/\/ultimateplayerhq.com\/pt-pt\/wp-json\/wp\/v2\/product"}],"about":[{"href":"https:\/\/ultimateplayerhq.com\/pt-pt\/wp-json\/wp\/v2\/types\/product"}],"replies":[{"embeddable":true,"href":"https:\/\/ultimateplayerhq.com\/pt-pt\/wp-json\/wp\/v2\/comments?post=106242"}],"wp:featuredmedia":[{"embeddable":true,"href":"https:\/\/ultimateplayerhq.com\/pt-pt\/wp-json\/wp\/v2\/media\/97626"}],"wp:attachment":[{"href":"https:\/\/ultimateplayerhq.com\/pt-pt\/wp-json\/wp\/v2\/media?parent=106242"}],"wp:term":[{"taxonomy":"product_brand","embeddable":true,"href":"https:\/\/ultimateplayerhq.com\/pt-pt\/wp-json\/wp\/v2\/product_brand?post=106242"},{"taxonomy":"product_cat","embeddable":true,"href":"https:\/\/ultimateplayerhq.com\/pt-pt\/wp-json\/wp\/v2\/product_cat?post=106242"},{"taxonomy":"product_tag","embeddable":true,"href":"https:\/\/ultimateplayerhq.com\/pt-pt\/wp-json\/wp\/v2\/product_tag?post=106242"}],"curies":[{"name":"wp","href":"https:\/\/api.w.org\/{rel}","templated":true}]}}