{"id":120247,"date":"2023-12-05T11:24:04","date_gmt":"2023-12-05T11:24:04","guid":{"rendered":"https:\/\/ultimateplayerhq.com\/?post_type=product&#038;p=120247"},"modified":"2024-01-18T06:15:00","modified_gmt":"2024-01-18T06:15:00","slug":"pacote-de-clube-intermediario","status":"publish","type":"product","link":"https:\/\/ultimateplayerhq.com\/pt-pt\/product\/pacote-de-clube-intermediario\/","title":{"rendered":"PACOTE DE CLUBE INTERMEDI\u00c1RIO"},"content":{"rendered":"<p>Inclui assinaturas para <span style=\"text-decoration: underline;\">at\u00e9 50 treinadores<\/span> por ano, o que lhes d\u00e1 acesso a mais de milhares sess\u00f5es de treinamento animadas, modelos de propostas de treinamento para download, vesti\u00e1rios individuais para treinadores e muito mais !<\/p>\n<p>Voc\u00ea receber\u00e1 um c\u00f3digo de desconto especial para fornecer aos seus treinadores para criarem sua associa\u00e7\u00e3o.<\/p>\n<p>Centro de contato administrativo para suporte e altera\u00e7\u00e3o de quem recebe assinaturas.<\/p>\n<p><strong>MAIS:<\/strong> p\u00e1gina de destino personalizada do clube no UltimateplayerHQ com marca do clube em destaque e sess\u00f5es favoritas<\/p>\n<p><strong>MAIS<\/strong>: C\u00f3pia digital do Manual de Sess\u00e3o 1 e 2 do UltimateplayerHQ para todos os treinadores<\/p>\n<div style=\"margin: 20px 0;\"><div class=\"qrcswholewtapper\" style=\"text-align:left;\"><div class=\"qrcprowrapper\"  id=\"qrcwraa2leds\"><div class=\"qrc_canvass\" id=\"qrc_cuttenpages_2\" style=\"display:inline-block\" data-text=\"https:\/\/ultimateplayerhq.com\/pt-pt\/product\/pacote-de-clube-intermediario\/\"><\/div><\/div><\/div><\/div>","protected":false},"excerpt":{"rendered":"<p>Inclui assinaturas para at\u00e9 50 treinadores por ano, o que lhes d\u00e1 acesso a mais de milhares sess\u00f5es de treinamento animadas, modelos de propostas de treinamento para download, vesti\u00e1rios individuais para treinadores e muito mais ! Voc\u00ea receber\u00e1 um c\u00f3digo de desconto especial para fornecer aos seus treinadores para criarem sua associa\u00e7\u00e3o. Centro de contato [&hellip;]<\/p>\n","protected":false},"featured_media":252601,"comment_status":"closed","ping_status":"closed","template":"","meta":{"_acf_changed":false,"pmpro_default_level":""},"product_brand":[],"product_cat":[3018],"product_tag":[],"class_list":{"0":"post-120247","1":"product","2":"type-product","3":"status-publish","4":"has-post-thumbnail","6":"product_cat-filiacao","7":"pmpro-has-access","9":"first","10":"instock","11":"virtual","12":"sold-individually","13":"purchasable","14":"product-type-subscription"},"acf":[],"yoast_head":"<!-- This site is optimized with the Yoast SEO plugin v27.3 - https:\/\/yoast.com\/product\/yoast-seo-wordpress\/ -->\n<title>PACOTE DE CLUBE INTERMEDI\u00c1RIO - UltimatePlayerHQ<\/title>\n<meta name=\"robots\" content=\"index, follow, max-snippet:-1, max-image-preview:large, max-video-preview:-1\" \/>\n<link rel=\"canonical\" href=\"https:\/\/ultimateplayerhq.com\/pt-pt\/product\/pacote-de-clube-intermediario\/\" \/>\n<meta property=\"og:locale\" content=\"pt_PT\" \/>\n<meta property=\"og:type\" content=\"article\" \/>\n<meta property=\"og:title\" content=\"PACOTE DE CLUBE INTERMEDI\u00c1RIO - UltimatePlayerHQ\" \/>\n<meta property=\"og:description\" content=\"Inclui assinaturas para at\u00e9 50 treinadores por ano, o que lhes d\u00e1 acesso a mais de milhares sess\u00f5es de treinamento animadas, modelos de propostas de treinamento para download, vesti\u00e1rios individuais para treinadores e muito mais ! Voc\u00ea receber\u00e1 um c\u00f3digo de desconto especial para fornecer aos seus treinadores para criarem sua associa\u00e7\u00e3o. Centro de contato [&hellip;]\" \/>\n<meta property=\"og:url\" content=\"https:\/\/ultimateplayerhq.com\/pt-pt\/product\/pacote-de-clube-intermediario\/\" \/>\n<meta property=\"og:site_name\" content=\"UltimatePlayerHQ\" \/>\n<meta property=\"article:publisher\" content=\"https:\/\/www.facebook.com\/UltimatePlayerHQ\/\" \/>\n<meta property=\"article:modified_time\" content=\"2024-01-18T06:15:00+00:00\" \/>\n<meta property=\"og:image\" content=\"https:\/\/ultimatehq.fra1.digitaloceanspaces.com\/wp-content\/uploads\/2023\/12\/intermediate-club-bundle-2.png\" \/>\n\t<meta property=\"og:image:width\" content=\"321\" \/>\n\t<meta property=\"og:image:height\" content=\"265\" \/>\n\t<meta property=\"og:image:type\" content=\"image\/png\" \/>\n<meta name=\"twitter:label1\" content=\"Tempo estimado de leitura\" \/>\n\t<meta name=\"twitter:data1\" content=\"1 minuto\" \/>\n<script type=\"application\/ld+json\" class=\"yoast-schema-graph\">{\"@context\":\"https:\\\/\\\/schema.org\",\"@graph\":[{\"@type\":\"WebPage\",\"@id\":\"https:\\\/\\\/ultimateplayerhq.com\\\/pt-pt\\\/product\\\/pacote-de-clube-intermediario\\\/\",\"url\":\"https:\\\/\\\/ultimateplayerhq.com\\\/pt-pt\\\/product\\\/pacote-de-clube-intermediario\\\/\",\"name\":\"PACOTE DE CLUBE INTERMEDI\u00c1RIO - UltimatePlayerHQ\",\"isPartOf\":{\"@id\":\"https:\\\/\\\/ultimateplayerhq.com\\\/pt-pt\\\/#website\"},\"primaryImageOfPage\":{\"@id\":\"https:\\\/\\\/ultimateplayerhq.com\\\/pt-pt\\\/product\\\/pacote-de-clube-intermediario\\\/#primaryimage\"},\"image\":{\"@id\":\"https:\\\/\\\/ultimateplayerhq.com\\\/pt-pt\\\/product\\\/pacote-de-clube-intermediario\\\/#primaryimage\"},\"thumbnailUrl\":\"https:\\\/\\\/ultimatehq.fra1.digitaloceanspaces.com\\\/wp-content\\\/uploads\\\/2023\\\/12\\\/intermediate-club-bundle-2.png\",\"datePublished\":\"2023-12-05T11:24:04+00:00\",\"dateModified\":\"2024-01-18T06:15:00+00:00\",\"breadcrumb\":{\"@id\":\"https:\\\/\\\/ultimateplayerhq.com\\\/pt-pt\\\/product\\\/pacote-de-clube-intermediario\\\/#breadcrumb\"},\"inLanguage\":\"pt-PT\",\"potentialAction\":[{\"@type\":\"ReadAction\",\"target\":[\"https:\\\/\\\/ultimateplayerhq.com\\\/pt-pt\\\/product\\\/pacote-de-clube-intermediario\\\/\"]}]},{\"@type\":\"ImageObject\",\"inLanguage\":\"pt-PT\",\"@id\":\"https:\\\/\\\/ultimateplayerhq.com\\\/pt-pt\\\/product\\\/pacote-de-clube-intermediario\\\/#primaryimage\",\"url\":\"https:\\\/\\\/ultimatehq.fra1.digitaloceanspaces.com\\\/wp-content\\\/uploads\\\/2023\\\/12\\\/intermediate-club-bundle-2.png\",\"contentUrl\":\"https:\\\/\\\/ultimatehq.fra1.digitaloceanspaces.com\\\/wp-content\\\/uploads\\\/2023\\\/12\\\/intermediate-club-bundle-2.png\",\"width\":321,\"height\":265},{\"@type\":\"BreadcrumbList\",\"@id\":\"https:\\\/\\\/ultimateplayerhq.com\\\/pt-pt\\\/product\\\/pacote-de-clube-intermediario\\\/#breadcrumb\",\"itemListElement\":[{\"@type\":\"ListItem\",\"position\":1,\"name\":\"Home\",\"item\":\"https:\\\/\\\/ultimateplayerhq.com\\\/pt-pt\\\/\"},{\"@type\":\"ListItem\",\"position\":2,\"name\":\"Comprar\",\"item\":\"https:\\\/\\\/ultimateplayerhq.com\\\/pt-pt\\\/comprar\\\/\"},{\"@type\":\"ListItem\",\"position\":3,\"name\":\"PACOTE DE CLUBE INTERMEDI\u00c1RIO\"}]},{\"@type\":\"WebSite\",\"@id\":\"https:\\\/\\\/ultimateplayerhq.com\\\/pt-pt\\\/#website\",\"url\":\"https:\\\/\\\/ultimateplayerhq.com\\\/pt-pt\\\/\",\"name\":\"UltimatePlayerHQ\",\"description\":\"\",\"publisher\":{\"@id\":\"https:\\\/\\\/ultimateplayerhq.com\\\/pt-pt\\\/#organization\"},\"potentialAction\":[{\"@type\":\"SearchAction\",\"target\":{\"@type\":\"EntryPoint\",\"urlTemplate\":\"https:\\\/\\\/ultimateplayerhq.com\\\/pt-pt\\\/?s={search_term_string}\"},\"query-input\":{\"@type\":\"PropertyValueSpecification\",\"valueRequired\":true,\"valueName\":\"search_term_string\"}}],\"inLanguage\":\"pt-PT\"},{\"@type\":\"Organization\",\"@id\":\"https:\\\/\\\/ultimateplayerhq.com\\\/pt-pt\\\/#organization\",\"name\":\"Ultimate PlayerHQ\",\"url\":\"https:\\\/\\\/ultimateplayerhq.com\\\/pt-pt\\\/\",\"logo\":{\"@type\":\"ImageObject\",\"inLanguage\":\"pt-PT\",\"@id\":\"https:\\\/\\\/ultimateplayerhq.com\\\/pt-pt\\\/#\\\/schema\\\/logo\\\/image\\\/\",\"url\":\"https:\\\/\\\/ultimatehq.fra1.digitaloceanspaces.com\\\/wp-content\\\/uploads\\\/2023\\\/11\\\/footer_logo-1.svg\",\"contentUrl\":\"https:\\\/\\\/ultimatehq.fra1.digitaloceanspaces.com\\\/wp-content\\\/uploads\\\/2023\\\/11\\\/footer_logo-1.svg\",\"caption\":\"Ultimate PlayerHQ\"},\"image\":{\"@id\":\"https:\\\/\\\/ultimateplayerhq.com\\\/pt-pt\\\/#\\\/schema\\\/logo\\\/image\\\/\"},\"sameAs\":[\"https:\\\/\\\/www.facebook.com\\\/UltimatePlayerHQ\\\/\",\"https:\\\/\\\/x.com\\\/playersessionhq\"]}]}<\/script>\n<!-- \/ Yoast SEO plugin. -->","yoast_head_json":{"title":"PACOTE DE CLUBE INTERMEDI\u00c1RIO - UltimatePlayerHQ","robots":{"index":"index","follow":"follow","max-snippet":"max-snippet:-1","max-image-preview":"max-image-preview:large","max-video-preview":"max-video-preview:-1"},"canonical":"https:\/\/ultimateplayerhq.com\/pt-pt\/product\/pacote-de-clube-intermediario\/","og_locale":"pt_PT","og_type":"article","og_title":"PACOTE DE CLUBE INTERMEDI\u00c1RIO - UltimatePlayerHQ","og_description":"Inclui assinaturas para at\u00e9 50 treinadores por ano, o que lhes d\u00e1 acesso a mais de milhares sess\u00f5es de treinamento animadas, modelos de propostas de treinamento para download, vesti\u00e1rios individuais para treinadores e muito mais ! Voc\u00ea receber\u00e1 um c\u00f3digo de desconto especial para fornecer aos seus treinadores para criarem sua associa\u00e7\u00e3o. Centro de contato [&hellip;]","og_url":"https:\/\/ultimateplayerhq.com\/pt-pt\/product\/pacote-de-clube-intermediario\/","og_site_name":"UltimatePlayerHQ","article_publisher":"https:\/\/www.facebook.com\/UltimatePlayerHQ\/","article_modified_time":"2024-01-18T06:15:00+00:00","og_image":[{"width":321,"height":265,"url":"https:\/\/ultimatehq.fra1.digitaloceanspaces.com\/wp-content\/uploads\/2023\/12\/intermediate-club-bundle-2.png","type":"image\/png"}],"twitter_misc":{"Tempo estimado de leitura":"1 minuto"},"schema":{"@context":"https:\/\/schema.org","@graph":[{"@type":"WebPage","@id":"https:\/\/ultimateplayerhq.com\/pt-pt\/product\/pacote-de-clube-intermediario\/","url":"https:\/\/ultimateplayerhq.com\/pt-pt\/product\/pacote-de-clube-intermediario\/","name":"PACOTE DE CLUBE INTERMEDI\u00c1RIO - UltimatePlayerHQ","isPartOf":{"@id":"https:\/\/ultimateplayerhq.com\/pt-pt\/#website"},"primaryImageOfPage":{"@id":"https:\/\/ultimateplayerhq.com\/pt-pt\/product\/pacote-de-clube-intermediario\/#primaryimage"},"image":{"@id":"https:\/\/ultimateplayerhq.com\/pt-pt\/product\/pacote-de-clube-intermediario\/#primaryimage"},"thumbnailUrl":"https:\/\/ultimatehq.fra1.digitaloceanspaces.com\/wp-content\/uploads\/2023\/12\/intermediate-club-bundle-2.png","datePublished":"2023-12-05T11:24:04+00:00","dateModified":"2024-01-18T06:15:00+00:00","breadcrumb":{"@id":"https:\/\/ultimateplayerhq.com\/pt-pt\/product\/pacote-de-clube-intermediario\/#breadcrumb"},"inLanguage":"pt-PT","potentialAction":[{"@type":"ReadAction","target":["https:\/\/ultimateplayerhq.com\/pt-pt\/product\/pacote-de-clube-intermediario\/"]}]},{"@type":"ImageObject","inLanguage":"pt-PT","@id":"https:\/\/ultimateplayerhq.com\/pt-pt\/product\/pacote-de-clube-intermediario\/#primaryimage","url":"https:\/\/ultimatehq.fra1.digitaloceanspaces.com\/wp-content\/uploads\/2023\/12\/intermediate-club-bundle-2.png","contentUrl":"https:\/\/ultimatehq.fra1.digitaloceanspaces.com\/wp-content\/uploads\/2023\/12\/intermediate-club-bundle-2.png","width":321,"height":265},{"@type":"BreadcrumbList","@id":"https:\/\/ultimateplayerhq.com\/pt-pt\/product\/pacote-de-clube-intermediario\/#breadcrumb","itemListElement":[{"@type":"ListItem","position":1,"name":"Home","item":"https:\/\/ultimateplayerhq.com\/pt-pt\/"},{"@type":"ListItem","position":2,"name":"Comprar","item":"https:\/\/ultimateplayerhq.com\/pt-pt\/comprar\/"},{"@type":"ListItem","position":3,"name":"PACOTE DE CLUBE INTERMEDI\u00c1RIO"}]},{"@type":"WebSite","@id":"https:\/\/ultimateplayerhq.com\/pt-pt\/#website","url":"https:\/\/ultimateplayerhq.com\/pt-pt\/","name":"UltimatePlayerHQ","description":"","publisher":{"@id":"https:\/\/ultimateplayerhq.com\/pt-pt\/#organization"},"potentialAction":[{"@type":"SearchAction","target":{"@type":"EntryPoint","urlTemplate":"https:\/\/ultimateplayerhq.com\/pt-pt\/?s={search_term_string}"},"query-input":{"@type":"PropertyValueSpecification","valueRequired":true,"valueName":"search_term_string"}}],"inLanguage":"pt-PT"},{"@type":"Organization","@id":"https:\/\/ultimateplayerhq.com\/pt-pt\/#organization","name":"Ultimate PlayerHQ","url":"https:\/\/ultimateplayerhq.com\/pt-pt\/","logo":{"@type":"ImageObject","inLanguage":"pt-PT","@id":"https:\/\/ultimateplayerhq.com\/pt-pt\/#\/schema\/logo\/image\/","url":"https:\/\/ultimatehq.fra1.digitaloceanspaces.com\/wp-content\/uploads\/2023\/11\/footer_logo-1.svg","contentUrl":"https:\/\/ultimatehq.fra1.digitaloceanspaces.com\/wp-content\/uploads\/2023\/11\/footer_logo-1.svg","caption":"Ultimate PlayerHQ"},"image":{"@id":"https:\/\/ultimateplayerhq.com\/pt-pt\/#\/schema\/logo\/image\/"},"sameAs":["https:\/\/www.facebook.com\/UltimatePlayerHQ\/","https:\/\/x.com\/playersessionhq"]}]}},"_links":{"self":[{"href":"https:\/\/ultimateplayerhq.com\/pt-pt\/wp-json\/wp\/v2\/product\/120247","targetHints":{"allow":["GET"]}}],"collection":[{"href":"https:\/\/ultimateplayerhq.com\/pt-pt\/wp-json\/wp\/v2\/product"}],"about":[{"href":"https:\/\/ultimateplayerhq.com\/pt-pt\/wp-json\/wp\/v2\/types\/product"}],"replies":[{"embeddable":true,"href":"https:\/\/ultimateplayerhq.com\/pt-pt\/wp-json\/wp\/v2\/comments?post=120247"}],"wp:featuredmedia":[{"embeddable":true,"href":"https:\/\/ultimateplayerhq.com\/pt-pt\/wp-json\/wp\/v2\/media\/252601"}],"wp:attachment":[{"href":"https:\/\/ultimateplayerhq.com\/pt-pt\/wp-json\/wp\/v2\/media?parent=120247"}],"wp:term":[{"taxonomy":"product_brand","embeddable":true,"href":"https:\/\/ultimateplayerhq.com\/pt-pt\/wp-json\/wp\/v2\/product_brand?post=120247"},{"taxonomy":"product_cat","embeddable":true,"href":"https:\/\/ultimateplayerhq.com\/pt-pt\/wp-json\/wp\/v2\/product_cat?post=120247"},{"taxonomy":"product_tag","embeddable":true,"href":"https:\/\/ultimateplayerhq.com\/pt-pt\/wp-json\/wp\/v2\/product_tag?post=120247"}],"curies":[{"name":"wp","href":"https:\/\/api.w.org\/{rel}","templated":true}]}}